{"id":9436,"date":"2025-11-25T08:26:45","date_gmt":"2025-11-25T11:26:45","guid":{"rendered":"https:\/\/www.vet.una.py\/?page_id=9436"},"modified":"2025-11-26T10:08:17","modified_gmt":"2025-11-26T13:08:17","slug":"marco-legal-uta","status":"publish","type":"page","link":"https:\/\/www.vet.una.py\/?page_id=9436","title":{"rendered":"Marco Legal &#8211; UTA"},"content":{"rendered":"\n<style>\n.table-container {\n    max-width: 900px;\n    margin: 20px auto;\n    padding: 20px;\n    background: #ffffff;\n    border-radius: 12px;\n    box-shadow: 0 4px 15px rgba(0,0,0,0.1);\n    font-family: Arial, sans-serif;\n}\n\n.table-header {\n    font-size: 22px;\n    font-weight: bold;\n    margin-bottom: 15px;\n    color: #921F53;\n}\n\n.doc-count {\n    font-size: 15px;\n    margin-bottom: 15px;\n    padding: 5px 10px;\n    background: #f3f3f3;\n    border-left: 4px solid #921F53;\n}\n\ntable {\n    width: 100%;\n    border-collapse: collapse;\n}\n\nth {\n    background: #921F53;\n    color: white;\n    padding: 10px;\n    font-size: 14px;\n    text-align: left;\n}\n\ntd {\n    padding: 10px;\n    border-bottom: 1px solid #ddd;\n}\n\ntd:nth-child(2) {\n    width: 60%;\n}\n\n.download-btn {\n    background: #921F53;\n    color: white;\n    padding: 6px 12px;\n    border-radius: 6px;\n    text-decoration: none;\n    font-size: 13px;\n}\n\n.download-btn:hover {\n    background: #6f1740;\n}\n<\/style>\n\n<div class=\"table-container\">\n\n    <div class=\"table-header\">Normativas Vigentes<\/div>\n\n    <div class=\"doc-count\">Total de documentos: <strong>9<\/strong><\/div>\n\n    <table>\n        <tbody><tr>\n            <th>N\u00b0 de documento<\/th>\n            <th>Descripci\u00f3n<\/th>\n            <th>Documento<\/th>\n        <\/tr>\n\n        <tr>\n            <td>Ley 7389\/2024<\/td>\n            <td>QUE ESTABLECE EL R\u00c9GIMEN NACIONAL DE INTEGRIDAD TRAN\u00a7PARENCIA Y PREVENCI\u00d3N DE LA CORRUPCI\u00d3N DE LA REP\u00daBLICA DEL PARAGUAY.<\/td>\n            <td><a href=\"https:\/\/www.vet.una.py\/wp-content\/uploads\/2025\/11\/Ley-No-7389-2024-Que-establece-el-Regimen-Nacional-de-Integridad.pdf\" class=\"download-btn\">DESCARGAR<\/a><\/td>\n        <\/tr>\n\n        <tr>\n            <td>Ley N\u00b0 5189\/2024<\/td>\n            <td>QUE ESTABLECE LA OBLIGATORIEDAD DE LA PROVISI\u00d3N DE INFORMACIONES EN EL USO DE LOS RECURSOS P\u00daBLICOS SOBRE REMUNERACIONES Y OTRAS RETRIBUCIONES ASIGNADAS AL SERVIDOR P\u00daBLICO DE LA REP\u00daBLICA DEL PARAGUAY.<\/td>\n            <td><a href=\"https:\/\/www.vet.una.py\/wp-content\/uploads\/2025\/11\/LEY_5189_2014.pdf\" class=\"download-btn\">DESCARGAR<\/a><\/td>\n        <\/tr>\n\n        <tr>\n            <td>Ley N\u00b0 5282\/2014<\/td>\n            <td>QUE ESTABLECE LA OBLIGATORIEDAD DE LA PROVISI\u00d3N DE INFORMACIONES EN EL USO DE LOS RECURSOS P\u00daBLICOS SOBRE REMUNERACIONES Y OTRAS RETRIBUCIONES ASIGNADAS AL SERVIDOR P\u00daBLICO DE LA REP\u00daBLICA DEL PARAGUAY.<\/td>\n            <td><a href=\"https:\/\/www.vet.una.py\/wp-content\/uploads\/2025\/11\/Ley_5282_2014.pdf\" class=\"download-btn\">DESCARGAR<\/a><\/td>\n        <\/tr>\n\n        <tr>\n            <td>Ley N\u00b0 997\/1996<\/td>\n            <td>QUE APRUEBA LA CONVENCI\u00d3N INTERAMERICANA CONTRA LA CORRUPCI\u00d3N.<\/td>\n            <td><a href=\"https:\/\/www.vet.una.py\/wp-content\/uploads\/2025\/11\/Ley-977_1996.pdf\" class=\"download-btn\">DESCARGAR<\/a><\/td>\n        <\/tr>\n\n        <tr>\n            <td>Ley N\u00b0 2535\/20005<\/td>\n            <td>CONVENCI\u00d3N DE LAS NACIONES UNIDAS CONTRA LA CORRUPCI\u00d3N.<\/td>\n            <td><a href=\"https:\/\/www.vet.una.py\/wp-content\/uploads\/2025\/11\/Ley-Nro.-2535_2005.pdf\" class=\"download-btn\">DESCARGAR<\/a><\/td>\n        <\/tr>\n\n        <tr>\n            <td>Decreto N\u00b0 4064\/2015<\/td>\n            <td>POR EL CUAL SE REGLAMENTA LA LEY N\u00b0 52821\/2014 &#8220;DE LIBRE ACCESO CIUDADANO A LA INFORMACI\u00d3N P\u00daBLICA Y TRANSPARENCIA GUBERNAMENTAL&#8221;..<\/td>\n            <td><a href=\"https:\/\/www.vet.una.py\/wp-content\/uploads\/2025\/11\/decreto-4064-2015-reglamento-ley-de-acceso-a-la-informacion-5282-2014.pdf\" class=\"download-btn\">DESCARGAR<\/a><\/td>\n        <\/tr>\n\n        <tr>\n            <td>Resoluci\u00f3n CGR N\u00b0 1306\/2024<\/td>\n            <td>POR LA CUAL SE APRUEBA EL REGLAMENTO DE LA LEY N\u00b0 7389\/24 &#8220;QUE ESTABLECE EL R\u00c9GIMEN NACIONAL DE INTEGRIDAD, TRANSPARENCIA Y PREVENCI\u00d3N DE LA CORRUPCI\u00d3N DE LA REP\u00daBLICA DEL PARAGUAY&#8221;.<\/td>\n            <td><a href=\"https:\/\/www.vet.una.py\/wp-content\/uploads\/2025\/11\/Reglamento-CGR_-1306_2024.pdf\" class=\"download-btn\">DESCARGAR<\/a><\/td>\n        <\/tr>\n\n        <tr>\n            <td>Resoluci\u00f3n CGR N\u00b0 445\/2025<\/td>\n            <td>POR LA CUAL SE APRUEBAN LOS LINEAMIENTOS DEL PLAN ANUAL DE TRNASPARENCIA E INTEGRIDAD P\u00daBLICA. EN CUMPLIMIENTO DE LA LEY N\u00b0 7389\/24, QUE ESTABLECE EL R\u00c9GIMEN NACIONAL DE INTEGRIDAD. TRANSPARENCIA Y PREVENCI\u00d3N DE LA CORRUPCI\u00d3N DE LA REP\u00daBLICA DEL PARAGUAY, Y SU ANEXO.<\/td>\n            <td><a href=\"https:\/\/www.vet.una.py\/wp-content\/uploads\/2025\/11\/RESCGR_-445.pdf\" class=\"download-btn\">DESCARGAR<\/a><\/td>\n        <\/tr>\n\n        <tr>\n            <td>Resoluci\u00f3n N\u00b0 396\/2025 (Responsables Titular y Alterno FCV-UNA)<\/td>\n            <td>POR LA CUAL SE DESIGNA A LA LIC. GENNY ANDREA SCAVONE RODAS CON CIC N\u00b0 2193482 Y A LA LIC. LUZ MARINA AQUINO RAM\u00cdREZ CON CIC N\u00b0 1602051, COMO RESPONSABLES TITULAR Y ALTERNO, RESPECTIVAMENTE, PARA LA ELABORACI\u00d3N Y SEGUIMIENTO DEL PLAN ANUAL DE TRANSPARENCIA E INTEGRIDAD P\u00daBLIC\u0410 (PATIP), DE LA FACULTAD DE CIENCIAS VETERINARIAS DE LA UNIVERSIDAD NACIONAL DE ASUNCI\u00d3N.<\/td>\n            <td><a href=\"https:\/\/www.vet.una.py\/wp-content\/uploads\/2025\/11\/RES-396-2025.pdf\" class=\"download-btn\">DESCARGAR<\/a><\/td>\n        <\/tr>\n\n    <\/tbody><\/table>\n<\/div>\n","protected":false},"excerpt":{"rendered":"<p>Normativas Vigentes Total de documentos: 9 N\u00b0 de documento Descripci\u00f3n Documento Ley 7389\/2024 QUE ESTABLECE [&hellip;]<\/p>\n","protected":false},"author":4,"featured_media":9516,"parent":0,"menu_order":0,"comment_status":"closed","ping_status":"closed","template":"","meta":[],"_links":{"self":[{"href":"https:\/\/www.vet.una.py\/index.php?rest_route=\/wp\/v2\/pages\/9436"}],"collection":[{"href":"https:\/\/www.vet.una.py\/index.php?rest_route=\/wp\/v2\/pages"}],"about":[{"href":"https:\/\/www.vet.una.py\/index.php?rest_route=\/wp\/v2\/types\/page"}],"author":[{"embeddable":true,"href":"https:\/\/www.vet.una.py\/index.php?rest_route=\/wp\/v2\/users\/4"}],"replies":[{"embeddable":true,"href":"https:\/\/www.vet.una.py\/index.php?rest_route=%2Fwp%2Fv2%2Fcomments&post=9436"}],"version-history":[{"count":17,"href":"https:\/\/www.vet.una.py\/index.php?rest_route=\/wp\/v2\/pages\/9436\/revisions"}],"predecessor-version":[{"id":9491,"href":"https:\/\/www.vet.una.py\/index.php?rest_route=\/wp\/v2\/pages\/9436\/revisions\/9491"}],"wp:featuredmedia":[{"embeddable":true,"href":"https:\/\/www.vet.una.py\/index.php?rest_route=\/wp\/v2\/media\/9516"}],"wp:attachment":[{"href":"https:\/\/www.vet.una.py\/index.php?rest_route=%2Fwp%2Fv2%2Fmedia&parent=9436"}],"curies":[{"name":"wp","href":"https:\/\/api.w.org\/{rel}","templated":true}]}}