{"id":8178,"date":"2025-09-03T09:05:45","date_gmt":"2025-09-03T12:05:45","guid":{"rendered":"https:\/\/www.vet.una.py\/?page_id=8178"},"modified":"2025-11-26T13:03:28","modified_gmt":"2025-11-26T16:03:28","slug":"unidad-de-transparencia-y-anticorrupcion","status":"publish","type":"page","link":"https:\/\/www.vet.una.py\/?page_id=8178","title":{"rendered":"Unidad de Transparencia y Anticorrupci\u00f3n"},"content":{"rendered":"\n<div style=\"height:29px\" aria-hidden=\"true\" class=\"wp-block-spacer\"><\/div>\n\n\n\n<p>La Ley N\u00b0 7389 \u201cQue establece el r\u00e9gimen nacional de integridad, que establece el r\u00e9gimen nacional de integridad transparencia y prevenci\u00f3n de la corrupci\u00f3n de la rep\u00fablica del Paraguay\u201d <\/p>\n\n\n\n<p>La Ley N\u00b0 7389 del 03 de diciembre de 2024, se\u00f1ala en su art\u00edculo 9\u00b0, que la Unidad de Transparencia y Anticorrupci\u00f3n, identificada con la sigla UTA, es una instancia operativa, t\u00e9cnica y especializada en la promoci\u00f3n de la integridad, transparencia y prevenci\u00f3n de la corrupci\u00f3n, conforme a los lineamientos fijados por la y prevenci\u00f3n de la corrupci\u00f3n, conforme a los lineamientos fijados por la Contralor\u00eda General de la Rep\u00fablica (GCR). <\/p>\n\n\n\n<p>Resoluci\u00f3n CGR N\u00b0 1306\/2024 del 26 de diciembre de 2024, Por la cual se aprueba el Reglamento de la Ley N\u00b0 7389\/2024 \u201cQue establece el r\u00e9gimen Nacional de Integridad, Transparencia y prevenci\u00f3n de la Corrupci\u00f3n de la Rep\u00fablica del Paraguay\u201d<\/p>\n\n\n\n<h2 style=\"font-size:21px\">Funciones de la Unidad de Transparencia y Anticorrupci\u00f3n (art.6\u00b0 Res. CGR N\u00b0 1306\/2024):<\/h2>\n\n\n\n<ol style=\"font-style:normal;font-weight:200\"><li>Actuar como enlace o punto focal del organismo o entidad al que pertenece ante la Contralor\u00eda General de la Rep\u00fablica en los temas de integridad, transparencia y prevenci\u00f3n de la corrupci\u00f3n.<\/li><li>Orientar y asistir a la ciudadan\u00eda respecto a las medidas establecidas en el r\u00e9gimen nacional de integridad, transparencia y prevenci\u00f3n de la corrupci\u00f3n de manera clara y sencilla.<\/li><li>Fungir de ventanilla \u00fanica de recepci\u00f3n de denuncias para los casos en que estas se realicen de manera presencial o verbal. Registrar las denuncias en el Portal Nacional de Denuncias Ciudadanas, administrado y gestionado por la Contralor\u00eda General de la Rep\u00fablica.<\/li><li>Coordinar y asegurarse de que la informaci\u00f3n m\u00ednima requerida por la Ley en materia de transparencia activa, cumpla con los atributos m\u00ednimos de calidad de la informaci\u00f3n y que se adecue a las normas vigentes en la materia, a fin de brindar informaci\u00f3n oportuna y de calidad a la<br>ciudadan\u00eda.<\/li><li>Coordinar los tr\u00e1mites necesarios para responder, dentro de los plazos establecidos, los informes o pedidos de colaboraci\u00f3n que le sean solicitados por la Contralor\u00eda General de la Rep\u00fablica.<\/li><li>Cumplir con los lineamientos, medidas y protocolos emitidos por la Contralor\u00eda General de la Rep\u00fablica en el marco de su rol de \u00f3rgano de prevenci\u00f3n de la corrupci\u00f3n.<\/li><li>Llevar un registro detallado de las actividades realizadas en el marco de sus funciones de prevenci\u00f3n de la corrupci\u00f3n y promoci\u00f3n de la integridad.<\/li><li>Asistir a las reuniones, mesas de trabajo, capacitaciones o talleres realizados o convocados por la Contralor\u00eda General de la Rep\u00fablica, debiendo justificar en los casos de ausencia.<\/li><li>Proponer la actualizaci\u00f3n de las reglamentaciones administrativas internas en funci\u00f3n de las modificaciones normativas en materia de prevenci\u00f3n de la corrupci\u00f3n.<\/li><li>Las dem\u00e1s que sean establecidas por la Contralor\u00eda General de la Rep\u00fablica para el cumplimento del r\u00e9gimen de integridad, transparencia y prevenci\u00f3n de la corrupci\u00f3n.<\/li><\/ol>\n\n\n\n<div class=\"wp-container-1 is-nowrap wp-block-group\">\n<figure class=\"wp-block-image aligncenter size-full\"><a href=\"https:\/\/www.vet.una.py\/?page_id=9436\"><img loading=\"lazy\" width=\"521\" height=\"280\" src=\"https:\/\/www.vet.una.py\/wp-content\/uploads\/2025\/11\/WhatsApp-Image-2025-11-26-at-10.43.58.jpeg\" alt=\"\" class=\"wp-image-9521\" srcset=\"https:\/\/www.vet.una.py\/wp-content\/uploads\/2025\/11\/WhatsApp-Image-2025-11-26-at-10.43.58.jpeg 521w, https:\/\/www.vet.una.py\/wp-content\/uploads\/2025\/11\/WhatsApp-Image-2025-11-26-at-10.43.58-300x161.jpeg 300w\" sizes=\"(max-width: 521px) 100vw, 521px\" \/><\/a><\/figure>\n\n\n\n<figure class=\"wp-block-image aligncenter size-full\"><a href=\"https:\/\/denuncias.contraloria.gov.py\/\"><img loading=\"lazy\" width=\"521\" height=\"280\" src=\"https:\/\/www.vet.una.py\/wp-content\/uploads\/2025\/11\/WhatsApp-Image-2025-11-26-at-10.43.58-1.jpeg\" alt=\"\" class=\"wp-image-9520\" srcset=\"https:\/\/www.vet.una.py\/wp-content\/uploads\/2025\/11\/WhatsApp-Image-2025-11-26-at-10.43.58-1.jpeg 521w, https:\/\/www.vet.una.py\/wp-content\/uploads\/2025\/11\/WhatsApp-Image-2025-11-26-at-10.43.58-1-300x161.jpeg 300w\" sizes=\"(max-width: 521px) 100vw, 521px\" \/><\/a><\/figure>\n<\/div>\n\n\n\n<div style=\"height:2px\" aria-hidden=\"true\" class=\"wp-block-spacer\"><\/div>\n\n\n\n<h2 class=\"has-text-color\" style=\"color:#921f53;font-size:25px;line-height:0\">CONTACTO<\/h2>\n\n\n\n<h2 class=\"has-foreground-color has-text-color\" style=\"font-size:15px\">Responsable Titular: Lic. Genny A. Scavone Rodas.<br>Responsable Alterno: Luz Marina Aquino Ram\u00edrez.<\/h2>\n\n\n\n<p style=\"font-size:15px;font-style:normal;font-weight:200;margin-top:0;margin-bottom:0\"><strong>Correo electr\u00f3nico:<\/strong> <a rel=\"noreferrer noopener\" href=\"mailto:uta@vet.una.py\" target=\"_blank\">uta@vet.una.py<\/a><\/p>\n\n\n\n<p style=\"font-size:15px;font-style:normal;font-weight:200;margin-top:0;margin-bottom:0\"><strong><strong>Tel\u00e9fono<\/strong>:<\/strong> 021 585 576\/7<\/p>\n\n\n\n<p style=\"font-size:15px;font-style:normal;font-weight:200;margin-top:0;margin-bottom:0\"><strong><strong>Direcci\u00f3n<\/strong>:<\/strong> RUTA PY 02 Mcal. Jos\u00e9 F\u00e9lix Estigarribia<\/p>\n\n\n\n<p style=\"font-size:15px;line-height:0;letter-spacing:0px\"><\/p>\n\n\n\n<div style=\"height:100px\" aria-hidden=\"true\" class=\"wp-block-spacer\"><\/div>\n","protected":false},"excerpt":{"rendered":"<p>La Ley N\u00b0 7389 \u201cQue establece el r\u00e9gimen nacional de integridad, que establece el r\u00e9gimen [&hellip;]<\/p>\n","protected":false},"author":4,"featured_media":9515,"parent":0,"menu_order":0,"comment_status":"closed","ping_status":"closed","template":"","meta":[],"_links":{"self":[{"href":"https:\/\/www.vet.una.py\/index.php?rest_route=\/wp\/v2\/pages\/8178"}],"collection":[{"href":"https:\/\/www.vet.una.py\/index.php?rest_route=\/wp\/v2\/pages"}],"about":[{"href":"https:\/\/www.vet.una.py\/index.php?rest_route=\/wp\/v2\/types\/page"}],"author":[{"embeddable":true,"href":"https:\/\/www.vet.una.py\/index.php?rest_route=\/wp\/v2\/users\/4"}],"replies":[{"embeddable":true,"href":"https:\/\/www.vet.una.py\/index.php?rest_route=%2Fwp%2Fv2%2Fcomments&post=8178"}],"version-history":[{"count":42,"href":"https:\/\/www.vet.una.py\/index.php?rest_route=\/wp\/v2\/pages\/8178\/revisions"}],"predecessor-version":[{"id":9532,"href":"https:\/\/www.vet.una.py\/index.php?rest_route=\/wp\/v2\/pages\/8178\/revisions\/9532"}],"wp:featuredmedia":[{"embeddable":true,"href":"https:\/\/www.vet.una.py\/index.php?rest_route=\/wp\/v2\/media\/9515"}],"wp:attachment":[{"href":"https:\/\/www.vet.una.py\/index.php?rest_route=%2Fwp%2Fv2%2Fmedia&parent=8178"}],"curies":[{"name":"wp","href":"https:\/\/api.w.org\/{rel}","templated":true}]}}