{"id":8142,"date":"2025-09-02T08:26:24","date_gmt":"2025-09-02T11:26:24","guid":{"rendered":"https:\/\/www.vet.una.py\/?page_id=8142"},"modified":"2025-09-02T10:24:46","modified_gmt":"2025-09-02T13:24:46","slug":"fci-convocatoria-plurianual-2025-2026","status":"publish","type":"page","link":"https:\/\/www.vet.una.py\/?page_id=8142","title":{"rendered":"FONDOS CONCURSABLES DE INVESTIGACI\u00d3N"},"content":{"rendered":"\n<p><strong>FCI &#8211; <strong>CONVOCATORIA PLURIANUAL 2025 &#8211; 2026&nbsp;<\/strong><\/strong><\/p>\n\n\n\n<h6><strong>Proponentes elegibles<\/strong><\/h6>\n\n\n\n<p class=\"has-text-align-left\">Ser\u00e1n proponentes elegibles y beneficiarios directos de los recursos adjudicados por esta convocatoria los Docentes de la Facultad de Ciencias Veterinarias de la Universidad Nacional de Asunci\u00f3n (sede San Lorenzo y Filiales).<\/p>\n\n\n\n<p>Tanto el investigador principal como los co-investigadores podr\u00e1n postular s\u00f3lo en una propuesta a esta convocatoria.<\/p>\n\n\n\n<h6><a><strong>Cronograma<\/strong><\/a><\/h6>\n\n\n\n<figure class=\"wp-block-table\"><table><tbody><tr><td><strong>Actividades<\/strong><\/td><td><strong>Fechas<\/strong><\/td><\/tr><tr><td>Conformaci\u00f3n de la Comisi\u00f3n de Evaluaci\u00f3n.<\/td><td>Lunes 18 de agosto al viernes 29 de agosto de 2025.<\/td><\/tr><tr><td>Apertura de la Convocatoria 2025-2026<\/td><td>Lunes 1 de septiembre de 2025<\/td><\/tr><tr><td><strong><em>Cierre de la Convocatoria 2025-2026<\/em><\/strong><\/td><td><strong><em>Viernes 31 de octubre de 2025<\/em><\/strong><\/td><\/tr><tr><td>Verificaci\u00f3n documental y pre-admisi\u00f3n a cargo de la Direcci\u00f3n General de Investigaci\u00f3n cient\u00edfica y tecnol\u00f3gica.&nbsp;<\/td><td>&nbsp; Lunes 03 de noviembre al viernes 14 de noviembre de 2025.&nbsp; &nbsp;<\/td><\/tr><tr><td>Presentaci\u00f3n de la\/las propuesta\/s de investigaci\u00f3n a cargo del\/los Investigador\/es Principal\/es y evaluaci\u00f3n t\u00e9cnica a cargo de la Comisi\u00f3n de evaluaci\u00f3n.<\/td><td>Lunes 17 de noviembre al viernes 28 de noviembre de 2025<\/td><\/tr><tr><td>Presentaci\u00f3n de la\/las propuesta\/s al CEI para an\u00e1lisis, evaluaci\u00f3n y aprobaci\u00f3n<\/td><td>Lunes 1 de diciembre al martes 30 de diciembre de 2025<\/td><\/tr><tr><td>Adjudicaci\u00f3n<\/td><td>Lunes 02 de febrero al viernes 13 de febrero de 2026.<\/td><\/tr><tr><td>Firma de Contratos por Servicios de Investigaci\u00f3n a cargo de la Direcci\u00f3n de Administraci\u00f3n y Finanzas DAF.<\/td><td>Lunes 16 de febrero al viernes 27 de febrero de 2026.<\/td><\/tr><tr><td>Primer desembolso<\/td><td>Marzo de 2026 (*)<\/td><\/tr><tr><td>Ejecuci\u00f3n de la propuesta<\/td><td>Abril&nbsp; &#8211; Julio del 2026<\/td><\/tr><tr><td>Presentaci\u00f3n de Informe Final<\/td><td>Agosto de 2026 (*)<\/td><\/tr><tr><td>Segundo y \u00faltimo desembolso, condicionado al punto anterior<\/td><td>&nbsp;Agosto de 2026 (*)<\/td><\/tr><\/tbody><\/table><figcaption>(*) Sujeto al cronograma de desembolso del Ministerio de Econom\u00eda y Finanzas<\/figcaption><\/figure>\n\n\n\n<p><a href=\"https:\/\/drive.google.com\/file\/d\/1TI7SX5FSo3yQHu6d1iKdYEDbCbOqtSxr\/view?usp=drive_link\" target=\"_blank\" rel=\"noreferrer noopener\"><strong>Gu\u00eda de Bases y Condiciones de la Convocatoria plurianual FCI 2025 -2026<\/strong>  <\/a><\/p>\n\n\n\n<hr class=\"wp-block-separator has-alpha-channel-opacity\"\/>\n\n\n\n<figure class=\"wp-block-image aligncenter size-large\"><img loading=\"lazy\" width=\"724\" height=\"1024\" src=\"https:\/\/www.vet.una.py\/wp-content\/uploads\/2025\/09\/convocatoria_FCI_2025-724x1024.jpg\" alt=\"\" class=\"wp-image-8155\" srcset=\"https:\/\/www.vet.una.py\/wp-content\/uploads\/2025\/09\/convocatoria_FCI_2025-724x1024.jpg 724w, https:\/\/www.vet.una.py\/wp-content\/uploads\/2025\/09\/convocatoria_FCI_2025-212x300.jpg 212w, https:\/\/www.vet.una.py\/wp-content\/uploads\/2025\/09\/convocatoria_FCI_2025-768x1086.jpg 768w, https:\/\/www.vet.una.py\/wp-content\/uploads\/2025\/09\/convocatoria_FCI_2025-1086x1536.jpg 1086w, https:\/\/www.vet.una.py\/wp-content\/uploads\/2025\/09\/convocatoria_FCI_2025.jpg 1131w\" sizes=\"(max-width: 724px) 100vw, 724px\" \/><\/figure>\n\n\n\n<hr class=\"wp-block-separator has-alpha-channel-opacity\"\/>\n","protected":false},"excerpt":{"rendered":"<p>FCI &#8211; CONVOCATORIA PLURIANUAL 2025 &#8211; 2026&nbsp; Proponentes elegibles Ser\u00e1n proponentes elegibles y beneficiarios directos [&hellip;]<\/p>\n","protected":false},"author":8,"featured_media":0,"parent":0,"menu_order":0,"comment_status":"closed","ping_status":"closed","template":"","meta":[],"_links":{"self":[{"href":"https:\/\/www.vet.una.py\/index.php?rest_route=\/wp\/v2\/pages\/8142"}],"collection":[{"href":"https:\/\/www.vet.una.py\/index.php?rest_route=\/wp\/v2\/pages"}],"about":[{"href":"https:\/\/www.vet.una.py\/index.php?rest_route=\/wp\/v2\/types\/page"}],"author":[{"embeddable":true,"href":"https:\/\/www.vet.una.py\/index.php?rest_route=\/wp\/v2\/users\/8"}],"replies":[{"embeddable":true,"href":"https:\/\/www.vet.una.py\/index.php?rest_route=%2Fwp%2Fv2%2Fcomments&post=8142"}],"version-history":[{"count":7,"href":"https:\/\/www.vet.una.py\/index.php?rest_route=\/wp\/v2\/pages\/8142\/revisions"}],"predecessor-version":[{"id":8156,"href":"https:\/\/www.vet.una.py\/index.php?rest_route=\/wp\/v2\/pages\/8142\/revisions\/8156"}],"wp:attachment":[{"href":"https:\/\/www.vet.una.py\/index.php?rest_route=%2Fwp%2Fv2%2Fmedia&parent=8142"}],"curies":[{"name":"wp","href":"https:\/\/api.w.org\/{rel}","templated":true}]}}