{"id":671,"date":"2025-02-25T12:50:27","date_gmt":"2025-02-25T15:50:27","guid":{"rendered":"http:\/\/10.1.5.86\/?page_id=671"},"modified":"2025-07-01T09:52:26","modified_gmt":"2025-07-01T12:52:26","slug":"manual-de-bioseguridad","status":"publish","type":"page","link":"https:\/\/www.vet.una.py\/?page_id=671","title":{"rendered":"Manual de Bioseguridad"},"content":{"rendered":"\n<div style=\"height:6px\" aria-hidden=\"true\" class=\"wp-block-spacer\"><\/div>\n\n\n\n<p>La Facultad de Ciencias Veterinarias de la Universidad Nacional de Asunci\u00f3n (FCV-UNA) promueve un entorno seguro para todas las personas involucradas en actividades acad\u00e9micas, de investigaci\u00f3n y extensi\u00f3n. A trav\u00e9s de su <em>Manual General de Bioseguridad, Seguridad y Buenas Pr\u00e1cticas<\/em>, se establecen directrices fundamentales para prevenir enfermedades zoon\u00f3ticas, minimizar riesgos laborales y proteger el medio ambiente. Este manual es de aplicaci\u00f3n en laboratorios, granjas, cl\u00ednicas y dem\u00e1s espacios de la instituci\u00f3n, y est\u00e1 dirigido a estudiantes, docentes, funcionarios y visitantes. Su implementaci\u00f3n garantiza el cumplimiento de normas de seguridad y salud p\u00fablica, fortaleciendo el compromiso institucional con la excelencia y la responsabilidad social.<\/p>\n\n\n\n<ul><li><a href=\"https:\/\/www.vet.una.py\/wp-content\/uploads\/2025\/07\/Manual-de-Bioseguridad-Seguridad-y-Buenas-Practicas.pdf\" target=\"_blank\" rel=\"noreferrer noopener\">Haga clic aqu\u00ed para acceder al Manual de Bioseguridad, Seguridad y Buenas Pr\u00e1cticas <\/a><\/li><\/ul>\n\n\n\n<div style=\"height:22px\" aria-hidden=\"true\" class=\"wp-block-spacer\"><\/div>\n","protected":false},"excerpt":{"rendered":"<p>La Facultad de Ciencias Veterinarias de la Universidad Nacional de Asunci\u00f3n (FCV-UNA) promueve un entorno [&hellip;]<\/p>\n","protected":false},"author":1,"featured_media":2898,"parent":0,"menu_order":0,"comment_status":"closed","ping_status":"closed","template":"","meta":[],"_links":{"self":[{"href":"https:\/\/www.vet.una.py\/index.php?rest_route=\/wp\/v2\/pages\/671"}],"collection":[{"href":"https:\/\/www.vet.una.py\/index.php?rest_route=\/wp\/v2\/pages"}],"about":[{"href":"https:\/\/www.vet.una.py\/index.php?rest_route=\/wp\/v2\/types\/page"}],"author":[{"embeddable":true,"href":"https:\/\/www.vet.una.py\/index.php?rest_route=\/wp\/v2\/users\/1"}],"replies":[{"embeddable":true,"href":"https:\/\/www.vet.una.py\/index.php?rest_route=%2Fwp%2Fv2%2Fcomments&post=671"}],"version-history":[{"count":9,"href":"https:\/\/www.vet.una.py\/index.php?rest_route=\/wp\/v2\/pages\/671\/revisions"}],"predecessor-version":[{"id":5323,"href":"https:\/\/www.vet.una.py\/index.php?rest_route=\/wp\/v2\/pages\/671\/revisions\/5323"}],"wp:featuredmedia":[{"embeddable":true,"href":"https:\/\/www.vet.una.py\/index.php?rest_route=\/wp\/v2\/media\/2898"}],"wp:attachment":[{"href":"https:\/\/www.vet.una.py\/index.php?rest_route=%2Fwp%2Fv2%2Fmedia&parent=671"}],"curies":[{"name":"wp","href":"https:\/\/api.w.org\/{rel}","templated":true}]}}