{"id":661,"date":"2025-02-25T12:48:47","date_gmt":"2025-02-25T15:48:47","guid":{"rendered":"http:\/\/10.1.5.86\/?page_id=661"},"modified":"2026-04-08T11:49:58","modified_gmt":"2026-04-08T14:49:58","slug":"boletines-fcv-2018","status":"publish","type":"page","link":"https:\/\/www.vet.una.py\/?page_id=661","title":{"rendered":"Boletines digitales de noticias"},"content":{"rendered":"\n<div style=\"height:1px\" aria-hidden=\"true\" class=\"wp-block-spacer\"><\/div>\n\n\n\n<details class=\"wp-block-details has-text-color has-link-color\" style=\"color:#921f53;text-transform:uppercase\">\n  <summary>Bolet\u00edn Trimestral de Noticias 2026<\/summary>\n  <ul style=\"font-style:normal;font-weight:200\" class=\"wp-block-list\">\n    <li class=\"has-secondary-color has-text-color has-link-color\">\n      <a href=\"https:\/\/www.vet.una.py\/wp-content\/uploads\/2026\/04\/BOLETIN-TRIMESTRAL-FCV-UNA-ENERO-FEBRERO-MARZO-1.pdf\" target=\"_blank\" rel=\"noopener\">\n        <span style=\"text-decoration: underline;\">Bolet\u00edn Trimestral Enero Febrero Marzo<\/span>\n      <\/a>\n    <\/li>\n  <\/ul>\n<\/details>\n\n\n\n<details class=\"wp-block-details has-text-color has-link-color\" style=\"color:#921f53;text-transform:uppercase\"><summary>Bolet\u00edn Digital de Noticias 2018<\/summary>\n<ul style=\"font-style:normal;font-weight:200\" class=\"wp-block-list\">\n<li class=\"has-secondary-color has-text-color has-link-color\"><a href=\"https:\/\/drive.google.com\/open?id=1roSjnFVSMGhRluhZGX8Cu9pTFWFDwIZI\"><span style=\"text-decoration: underline;\">Bolet\u00edn Digital de Noticias N\u00b0 08 de la FCV-UNA<\/span><\/a><\/li>\n<li class=\"has-secondary-color has-text-color has-link-color\"><a href=\"https:\/\/drive.google.com\/open?id=1rehYmzwn4J9Td-Bx8MlORJPblP8mrO8U\"><span style=\"text-decoration: underline;\">Bolet\u00edn Digital de Noticias N\u00b0 07 de la FCV-UNA<\/span><\/a><\/li>\n<li class=\"has-secondary-color has-text-color has-link-color\"><a href=\"https:\/\/drive.google.com\/file\/d\/1QVbnqMeLVXCre8Aaeh-mh3w1eOgLLGez\/view?usp=sharing\"><span style=\"text-decoration: underline;\">Bolet\u00edn Digital de Noticias N\u00b0 06 de la FCV-UNA<\/span><\/a><\/li>\n<li class=\"has-secondary-color has-text-color has-link-color\"><a href=\"https:\/\/www.vet.una.py\/web\/wp-content\/uploads\/2018\/Boletines_fcv_una_18\/boletin_fcv_2018_05.pdf\"><span style=\"text-decoration: underline;\">Bolet\u00edn Digital de Noticias N\u00b0 05 de la FCV-UNA<\/span><\/a><\/li>\n<li class=\"has-secondary-color has-text-color has-link-color\"><span style=\"text-decoration: underline;\">Bolet\u00edn Digital de Noticias N\u00b0 04 de la FCV-UNA<\/span><\/li>\n<li class=\"has-secondary-color has-text-color has-link-color\"><span style=\"text-decoration: underline;\">Bolet\u00edn Digital de Noticias N\u00b0 03 de la FCV-UNA<\/span><\/li>\n<li class=\"has-secondary-color has-text-color has-link-color\"><span style=\"text-decoration: underline;\">Bolet\u00edn Digital de Noticias N\u00b0 02 de la FCV-UNA<\/span><\/li>\n<li class=\"has-secondary-color has-text-color has-link-color\"><span style=\"text-decoration: underline;\">Bolet\u00edn Digital de Noticias N\u00b0 01 de la FCV-UNA<\/span><\/li>\n<\/ul>\n<\/details>\n\n\n\n<details class=\"wp-elements-5f882e87b1ed7781102f63b841498717 wp-block-details has-text-color has-link-color\" style=\"color:#921f53;text-transform:uppercase\"><summary>Bolet\u00edn Digital de Noticias 2017<\/summary>\n\n<ul class=\"wp-block-list\">\n\n<li>d<\/li>\n\n<\/ul>\n\n<\/details>\n\n\n\n<details class=\"wp-elements-50ce6929f9d5ebd3607546e06d1865ea wp-block-details has-text-color has-link-color\" style=\"color:#921f53;text-transform:uppercase\"><summary>Bolet\u00edn Digital de Noticias 2016<\/summary>\n\n<ul class=\"wp-block-list\">\n\n<li class=\"wp-elements-215e08f2b24194b93b5f98d8ca29e897 has-secondary-color has-text-color has-link-color\"><span style=\"text-decoration: underline;\">Bolet\u00edn 2016 N\u00b0 15<\/span><\/li>\n\n\n<li class=\"wp-elements-5acf2e64d7ebfde57eef80e5d120a95f has-secondary-color has-text-color has-link-color\"><span style=\"text-decoration: underline;\">Bolet\u00edn 2016 N\u00b0 14<\/span><\/li>\n\n\n<li class=\"wp-elements-8640eaf8ac8af2a5e86b473cc43e4cca has-secondary-color has-text-color has-link-color\"><span style=\"text-decoration: underline;\">Bolet\u00edn 2016 N\u00b0 13<\/span><\/li>\n\n\n<li class=\"wp-elements-b04630a4962ab266986a9be759acaf0e has-secondary-color has-text-color has-link-color\"><span style=\"text-decoration: underline;\"><a href=\"https:\/\/www.vet.una.py\/web\/wp-content\/uploads\/2017\/07\/2016\/boletin_fcv_16\/noticiasFCV_vol_12.pdf\">Bolet\u00edn 2016 N<\/a>\u00b0<a href=\"https:\/\/www.vet.una.py\/web\/wp-content\/uploads\/2017\/07\/2016\/boletin_fcv_16\/noticiasFCV_vol_12.pdf\">&nbsp;12<\/a><\/span><\/li>\n\n\n<li class=\"wp-elements-c8fb68c277c72b9004a45e009372b4b4 has-secondary-color has-text-color has-link-color\"><span style=\"text-decoration: underline;\">Bolet\u00edn 2016 N\u00b0 11<\/span><\/li>\n\n\n<li class=\"wp-elements-59c29aebb3b428bfeb51150e1178a965 has-secondary-color has-text-color has-link-color\"><span style=\"text-decoration: underline;\">Bolet\u00edn 2016 N\u00b0 10<\/span><\/li>\n\n\n<li class=\"wp-elements-5325979a56d5ccddbfedf8634c591e20 has-secondary-color has-text-color has-link-color\"><span style=\"text-decoration: underline;\">Bolet\u00edn 2016 N\u00b0 09<\/span><\/li>\n\n\n<li class=\"wp-elements-7ae5b47df79448148f1d9d684cfc551b has-secondary-color has-text-color has-link-color\"><span style=\"text-decoration: underline;\">Bolet\u00edn 2016 N\u00b0 08<\/span><\/li>\n\n\n<li class=\"wp-elements-caa9cb0fad9a021e7118353ffd02d0c5 has-secondary-color has-text-color has-link-color\"><span style=\"text-decoration: underline;\">Bolet\u00edn 2016 N\u00b0 07<\/span><\/li>\n\n\n<li class=\"wp-elements-ac9f0e779021f24fbdaa3b6c5965cd65 has-secondary-color has-text-color has-link-color\"><span style=\"text-decoration: underline;\">Bolet\u00edn 2016 N\u00b0 06<\/span><\/li>\n\n\n<li class=\"wp-elements-2818a18e9023c7ce82be8899d80bf69e has-secondary-color has-text-color has-link-color\"><span style=\"text-decoration: underline;\">Bolet\u00edn 2016 N\u00b0 05<\/span><\/li>\n\n\n<li class=\"wp-elements-7275e27a245e2c3ac259b21780ddab8a has-secondary-color has-text-color has-link-color\"><span style=\"text-decoration: underline;\">Bolet\u00edn 2016 N\u00b0 04<\/span><\/li>\n\n\n<li class=\"wp-elements-2676b0925f365cb03bed2a0e9d5e91ae has-secondary-color has-text-color has-link-color\"><span style=\"text-decoration: underline;\">Bolet\u00edn 2016 N\u00b0 02<\/span><\/li>\n\n\n<li class=\"wp-elements-0552d6af4cd9af7b461d31c5234de5ed has-secondary-color has-text-color has-link-color\"><span style=\"text-decoration: underline;\">Bolet\u00edn 2016 N\u00b0 01<\/span><\/li>\n\n<\/ul>\n\n<\/details>\n\n\n\n<div style=\"height:30px\" aria-hidden=\"true\" class=\"wp-block-spacer\"><\/div>\n","protected":false},"excerpt":{"rendered":"<p>Bolet\u00edn Trimestral de Noticias 2026 Bolet\u00edn Trimestral Enero Febrero Marzo Bolet\u00edn Digital de Noticias 2018 [&hellip;]<\/p>\n","protected":false},"author":4,"featured_media":1340,"parent":0,"menu_order":0,"comment_status":"closed","ping_status":"closed","template":"","meta":[],"_links":{"self":[{"href":"https:\/\/www.vet.una.py\/index.php?rest_route=\/wp\/v2\/pages\/661"}],"collection":[{"href":"https:\/\/www.vet.una.py\/index.php?rest_route=\/wp\/v2\/pages"}],"about":[{"href":"https:\/\/www.vet.una.py\/index.php?rest_route=\/wp\/v2\/types\/page"}],"author":[{"embeddable":true,"href":"https:\/\/www.vet.una.py\/index.php?rest_route=\/wp\/v2\/users\/4"}],"replies":[{"embeddable":true,"href":"https:\/\/www.vet.una.py\/index.php?rest_route=%2Fwp%2Fv2%2Fcomments&post=661"}],"version-history":[{"count":17,"href":"https:\/\/www.vet.una.py\/index.php?rest_route=\/wp\/v2\/pages\/661\/revisions"}],"predecessor-version":[{"id":10244,"href":"https:\/\/www.vet.una.py\/index.php?rest_route=\/wp\/v2\/pages\/661\/revisions\/10244"}],"wp:featuredmedia":[{"embeddable":true,"href":"https:\/\/www.vet.una.py\/index.php?rest_route=\/wp\/v2\/media\/1340"}],"wp:attachment":[{"href":"https:\/\/www.vet.una.py\/index.php?rest_route=%2Fwp%2Fv2%2Fmedia&parent=661"}],"curies":[{"name":"wp","href":"https:\/\/api.w.org\/{rel}","templated":true}]}}