{"id":581,"date":"2025-02-25T11:03:51","date_gmt":"2025-02-25T14:03:51","guid":{"rendered":"http:\/\/10.1.5.86\/?page_id=581"},"modified":"2025-06-24T09:17:04","modified_gmt":"2025-06-24T12:17:04","slug":"perfil-del-egresado-de-la-carrera-de-ciencias-veterinarias","status":"publish","type":"page","link":"https:\/\/www.vet.una.py\/?page_id=581","title":{"rendered":"Perfil del egresado de la Carrera de Ciencias Veterinarias"},"content":{"rendered":"\n<h2 class=\"wp-elements-4e09e1dcbbf815c7e29b39dc0da69ec6 has-text-align-left wp-block-heading has-work-sans-font-family has-text-color has-link-color\" style=\"color:#912f53;font-size:25px\">&nbsp;PERFIL DEL EGRESADO &#8211; <a><span style=\"text-decoration: underline;\"><em>Plan de Estudio 2018<\/em><\/span><\/a><\/h2>\n\n\n\n<p>Poseer una formaci\u00f3n integral generalista, cient\u00edfica y tecnol\u00f3gica; estar capacitado para ejercer la profesi\u00f3n y seguir programas de educaci\u00f3n continua. Imbuida del esp\u00edritu \u00e9tico y humanista que requiere para comprender y actuar en los diversos \u00e1mbitos de la profesi\u00f3n como salud p\u00fablica, el desarrollo de procesos tecnol\u00f3gicos de elaboraci\u00f3n, protecci\u00f3n, inocuidad y la calidad de los alimentos, as\u00ed como la prevenci\u00f3n y el control de las enfermedades zoon\u00f3ticas y emergentes. Demostrar competencia para resolver situaciones in\u00e9ditas y desarrollar capacidades de integraci\u00f3n, y planificaci\u00f3n, gesti\u00f3n investigaci\u00f3n y transferencia en los diferentes campos de la actividad profesional.<\/p>\n\n\n\n<p>Aplicar conductas orientadas a cautelar las adecuadas interrelaciones entre los animales y el hombre, favoreciendo el desarrollo humano con responsabilidad social, sustentable y en equilibrio con el medio ambiente<\/p>\n\n\n\n<h2 class=\"wp-elements-8b03d986347c76fccd75c2a71263e9ec wp-block-heading has-work-sans-font-family has-text-color has-link-color\" style=\"color:#912f53;font-size:25px;text-transform:none\">PERFIL DEL EGRESADO &#8211; <a><em><span style=\"text-decoration: underline;\">Plan de Estudio 2010<\/span><\/em><\/a><\/h2>\n\n\n\n<p>El veterinario es un profesional universitario del \u00e1rea de la Salud y Producci\u00f3n Pecuaria, con una formaci\u00f3n de car\u00e1cter generalista, cuyo prop\u00f3sito es atender las necesidades de reproducci\u00f3n, nutrici\u00f3n y alimentaci\u00f3n animal, salud p\u00fablica, medicina veterinaria, preservaci\u00f3n del medio ambiente y de toda actividad inherente que promueva el bienestar humano, con capacidades para formarse y especializarse cient\u00edfica y tecnol\u00f3gicamente de acuerdo a su vocaci\u00f3n y a los requerimientos de la poblaci\u00f3n. Posee condiciones de salud f\u00edsica, mental y emocional acordes a los requerimientos de la profesi\u00f3n, adem\u00e1s de actitudes y valores como \u00e9tica, honradez, autoestima, responsabilidad social, amor al trabajo y a los animales.<\/p>\n\n\n\n<div style=\"height:38px\" aria-hidden=\"true\" class=\"wp-block-spacer\"><\/div>\n","protected":false},"excerpt":{"rendered":"<p>&nbsp;PERFIL DEL EGRESADO &#8211; Plan de Estudio 2018 Poseer una formaci\u00f3n integral generalista, cient\u00edfica y [&hellip;]<\/p>\n","protected":false},"author":4,"featured_media":1631,"parent":0,"menu_order":0,"comment_status":"closed","ping_status":"closed","template":"","meta":[],"_links":{"self":[{"href":"https:\/\/www.vet.una.py\/index.php?rest_route=\/wp\/v2\/pages\/581"}],"collection":[{"href":"https:\/\/www.vet.una.py\/index.php?rest_route=\/wp\/v2\/pages"}],"about":[{"href":"https:\/\/www.vet.una.py\/index.php?rest_route=\/wp\/v2\/types\/page"}],"author":[{"embeddable":true,"href":"https:\/\/www.vet.una.py\/index.php?rest_route=\/wp\/v2\/users\/4"}],"replies":[{"embeddable":true,"href":"https:\/\/www.vet.una.py\/index.php?rest_route=%2Fwp%2Fv2%2Fcomments&post=581"}],"version-history":[{"count":10,"href":"https:\/\/www.vet.una.py\/index.php?rest_route=\/wp\/v2\/pages\/581\/revisions"}],"predecessor-version":[{"id":4816,"href":"https:\/\/www.vet.una.py\/index.php?rest_route=\/wp\/v2\/pages\/581\/revisions\/4816"}],"wp:featuredmedia":[{"embeddable":true,"href":"https:\/\/www.vet.una.py\/index.php?rest_route=\/wp\/v2\/media\/1631"}],"wp:attachment":[{"href":"https:\/\/www.vet.una.py\/index.php?rest_route=%2Fwp%2Fv2%2Fmedia&parent=581"}],"curies":[{"name":"wp","href":"https:\/\/api.w.org\/{rel}","templated":true}]}}