{"id":569,"date":"2025-02-25T11:00:51","date_gmt":"2025-02-25T14:00:51","guid":{"rendered":"http:\/\/10.1.5.86\/?page_id=569"},"modified":"2026-04-08T13:18:19","modified_gmt":"2026-04-08T16:18:19","slug":"solicitudes-y-tramites-academicos","status":"publish","type":"page","link":"https:\/\/www.vet.una.py\/?page_id=569","title":{"rendered":"Solicitudes y Tr\u00e1mites Acad\u00e9micos"},"content":{"rendered":"\n<div style=\"height:13px\" aria-hidden=\"true\" class=\"wp-block-spacer\"><\/div>\n\n\n\n<h4 class=\"wp-elements-a2de8946bfa5b57a83d0f134d4bf8416 has-text-align-left wp-block-heading has-work-sans-font-family has-text-color has-link-color\" style=\"color:#912f53;font-size:25px;margin-top:var:preset|spacing|50;margin-bottom:var:preset|spacing|50\">DOCUMENTOS DISPONIBLES PARA DESCARGAR Y POSTERIOR ENV\u00cdO PARA SU PROCESAMIENTO:<\/h4>\n\n\n\n<ul class=\"wp-block-list\" style=\"line-height:0\"><li><a href=\"https:\/\/www.vet.una.py\/wp-content\/uploads\/2026\/04\/Solicitud-de-documentos.doc\">Formulario de Solicitud de Documentos<\/a><\/li><\/ul>\n\n\n\n<p><strong>Correo electr\u00f3nico:\u00a0<\/strong>tramitesacademicos@vet.una.py<\/p>\n\n\n\n<h2 style=\"font-size:20px\">\ud83d\udcdd Pasos para la solicitud<\/h2>\n\n\n\n<p style=\"line-height:0\"><strong>Para completar tu tr\u00e1mite con \u00e9xito, segu\u00ed estas indicaciones:<\/strong><\/p>\n\n\n\n<ol style=\"line-height:1.5\"><li>Completar e Imprimir el documento.<\/li><li>Firmar el documento y adjunt\u00e1 una fotocopia de tu c\u00e9dula de identidad.<\/li><li>Env\u00eda ambos archivos por correo a:<em> <strong>tramitesacademicos@vet.una.py<\/strong><\/em><\/li><li>Una vez enviado, acercate a la oficina para abonar el arancel correspondiente.<\/li><\/ol>\n\n\n\n<hr class=\"wp-block-separator has-alpha-channel-opacity is-style-wide\"\/>\n\n\n\n<h3 class=\"wp-elements-db916332112d3730c1a4d67220d40788 has-text-align-left wp-block-heading has-work-sans-font-family has-text-color has-link-color\" style=\"color:#912f53;font-size:25px\">PROFORMAS DE TR\u00c1MITES ACAD\u00c9MICOS<\/h3>\n\n\n\n<p class=\"wp-elements-6974794067f1d6164eced772a0e415fb has-secondary-color has-text-color has-link-color\"><span style=\"text-decoration: underline;\"><a href=\"https:\/\/www.vet.una.py\/wp-content\/uploads\/2026\/02\/solicitud-arancel-cero2026fcvuna.pdf\" target=\"_blank\" rel=\"noreferrer noopener\">Solicitud de Gratuidad Arancel Cero 2026 \u2013 Estudiantes<\/a><\/span><\/p>\n\n\n\n<p class=\"wp-elements-1e6ef8d7148653d712e6b8e0ebb2cdaf has-secondary-color has-text-color has-link-color\"><span style=\"text-decoration: underline;\"><a href=\"https:\/\/www.vet.una.py\/wp-content\/uploads\/2025\/07\/proforma_becagrado-1.docx\">Proforma Beca de Grado<\/a><\/span><\/p>\n\n\n\n<p class=\"wp-elements-1db3e08c5d437c2e8566e711fb119219 has-secondary-color has-text-color has-link-color\"><a href=\"https:\/\/www.vet.una.py\/wp-content\/uploads\/2025\/07\/decla_insolvencia.docx\"><span style=\"text-decoration: underline;\">Proforma&nbsp;Declaraci\u00f3n de Insolvencia Econ\u00f3mica<\/span><\/a><\/p>\n\n\n\n<p class=\"wp-elements-e653d0e0e06f00e10112bd200573dfc0 has-secondary-color has-text-color has-link-color\"><span style=\"text-decoration: underline;\"><a href=\"https:\/\/www.vet.una.py\/wp-content\/uploads\/2025\/07\/decla_nobeca.docx\">Proforma Declaraci\u00f3n de no Poseer otra Beca<\/a><\/span><\/p>\n\n\n\n<p class=\"wp-elements-32d6943152d40ddb5601db07d5819912 has-secondary-color has-text-color has-link-color\"><span style=\"text-decoration: underline;\"><a href=\"https:\/\/www.vet.una.py\/wp-content\/uploads\/2025\/07\/prorroga_grado-1.docx\">Proforma Solicitud de Prorroga de Matriculaci\u00f3n de Carrera de Grado<\/a><\/span><\/p>\n\n\n\n<p class=\"wp-elements-123839d8c8f5e76d8e866319f45bf22a has-secondary-color has-text-color has-link-color\"><span style=\"text-decoration: underline;\"><a href=\"https:\/\/www.vet.una.py\/wp-content\/uploads\/2025\/07\/proforma_becaposgrado.docx\">Proforma Beca Posgrado<\/a><\/span><\/p>\n\n\n\n<p class=\"wp-elements-701e5dd39acbfa84ddd0914872c7d71d has-secondary-color has-text-color has-link-color\"><span style=\"text-decoration: underline;\"><a href=\"https:\/\/www.vet.una.py\/wp-content\/uploads\/2025\/07\/decla_insolvencia2.docx\">Proforma Declaraci\u00f3n Insolvencia<\/a><\/span><\/p>\n\n\n\n<p class=\"wp-elements-3c55ea69886ee93358967d7539bc5702 has-secondary-color has-text-color has-link-color\"><span style=\"text-decoration: underline;\"><a href=\"https:\/\/www.vet.una.py\/wp-content\/uploads\/2025\/07\/prorroga_posgrado.docx\">Proforma Solicitud de Prorroga de Matriculaci\u00f3n de Posgrado<\/a><\/span><\/p>\n\n\n\n<div style=\"height:39px\" aria-hidden=\"true\" class=\"wp-block-spacer\"><\/div>\n","protected":false},"excerpt":{"rendered":"<p>DOCUMENTOS DISPONIBLES PARA DESCARGAR Y POSTERIOR ENV\u00cdO PARA SU PROCESAMIENTO: Formulario de Solicitud de Documentos [&hellip;]<\/p>\n","protected":false},"author":4,"featured_media":1607,"parent":0,"menu_order":0,"comment_status":"closed","ping_status":"closed","template":"","meta":[],"_links":{"self":[{"href":"https:\/\/www.vet.una.py\/index.php?rest_route=\/wp\/v2\/pages\/569"}],"collection":[{"href":"https:\/\/www.vet.una.py\/index.php?rest_route=\/wp\/v2\/pages"}],"about":[{"href":"https:\/\/www.vet.una.py\/index.php?rest_route=\/wp\/v2\/types\/page"}],"author":[{"embeddable":true,"href":"https:\/\/www.vet.una.py\/index.php?rest_route=\/wp\/v2\/users\/4"}],"replies":[{"embeddable":true,"href":"https:\/\/www.vet.una.py\/index.php?rest_route=%2Fwp%2Fv2%2Fcomments&post=569"}],"version-history":[{"count":39,"href":"https:\/\/www.vet.una.py\/index.php?rest_route=\/wp\/v2\/pages\/569\/revisions"}],"predecessor-version":[{"id":10256,"href":"https:\/\/www.vet.una.py\/index.php?rest_route=\/wp\/v2\/pages\/569\/revisions\/10256"}],"wp:featuredmedia":[{"embeddable":true,"href":"https:\/\/www.vet.una.py\/index.php?rest_route=\/wp\/v2\/media\/1607"}],"wp:attachment":[{"href":"https:\/\/www.vet.una.py\/index.php?rest_route=%2Fwp%2Fv2%2Fmedia&parent=569"}],"curies":[{"name":"wp","href":"https:\/\/api.w.org\/{rel}","templated":true}]}}