{"id":520,"date":"2025-02-25T10:36:02","date_gmt":"2025-02-25T13:36:02","guid":{"rendered":"http:\/\/10.1.5.86\/?page_id=520"},"modified":"2025-07-11T08:44:54","modified_gmt":"2025-07-11T11:44:54","slug":"div-patologia-clinica","status":"publish","type":"page","link":"https:\/\/www.vet.una.py\/?page_id=520","title":{"rendered":"Divisi\u00f3n de Patolog\u00eda Cl\u00ednica"},"content":{"rendered":"\n<figure class=\"wp-container-2 wp-block-gallery-1 wp-block-gallery has-nested-images columns-5 is-cropped\">\n<figure class=\"wp-block-image size-full\"><a href=\"https:\/\/www.vet.una.py\/?page_id=511\"><img loading=\"lazy\" width=\"776\" height=\"279\" data-id=\"1574\"  src=\"https:\/\/www.vet.una.py\/wp-content\/uploads\/2025\/03\/inicio-1.png\" alt=\"\" class=\"wp-image-1574\"\/><\/a><\/figure>\n\n\n\n<figure class=\"wp-block-image size-full\"><a href=\"https:\/\/www.vet.una.py\/?page_id=516\"><img loading=\"lazy\" width=\"777\" height=\"280\" data-id=\"1569\"  src=\"https:\/\/www.vet.una.py\/wp-content\/uploads\/2025\/03\/hospital-2.png\" alt=\"\" class=\"wp-image-1569\"\/><\/a><\/figure>\n\n\n\n<figure class=\"wp-block-image size-full\"><a href=\"https:\/\/www.vet.una.py\/?page_id=524\"><img loading=\"lazy\" width=\"777\" height=\"279\" data-id=\"3063\"  src=\"https:\/\/www.vet.una.py\/wp-content\/uploads\/2025\/04\/biotecnologia-2.png\" alt=\"\" class=\"wp-image-3063\"\/><\/a><\/figure>\n\n\n\n<figure class=\"wp-block-image size-full\"><a href=\"https:\/\/www.vet.una.py\/?page_id=522\"><img loading=\"lazy\" width=\"777\" height=\"279\" data-id=\"3062\"  src=\"https:\/\/www.vet.una.py\/wp-content\/uploads\/2025\/04\/imagenes.png\" alt=\"\" class=\"wp-image-3062\"\/><\/a><\/figure>\n<\/figure>\n\n\n\n<p><\/p>\n\n\n\n<h2 class=\"wp-elements-c079b8515a114616579b67fe37ceb12e has-text-align-left wp-block-heading has-work-sans-font-family has-text-color has-link-color\" style=\"color:#912f53;font-size:25px\">OBJETIVOS<\/h2>\n\n\n\n<ul style=\"font-style:normal;font-weight:200\" class=\"wp-block-list\">\n\n<li>Desarrollar distintos Ex\u00e1menes Laboratoriales relacionados con el \u00e1rea de la Medicina Veterinaria.<\/li>\n\n\n<li>Desarrollar los M\u00e9todos de Diagn\u00f3stico Laboratoriales a manera que los estudiantes desarrollen criterios de identificaci\u00f3n y evaluaci\u00f3n de los mismos.<\/li>\n\n\n<li>Proporcionar asesoramiento T\u00e9cnico Profesional.<\/li>\n\n<\/ul>\n\n\n\n<figure class=\"wp-container-4 wp-block-gallery-3 wp-block-gallery has-nested-images columns-default is-cropped\">\n<figure class=\"wp-block-image size-large\"><img loading=\"lazy\" width=\"1268\" height=\"1600\" data-id=\"6395\"  src=\"https:\/\/www.vet.una.py\/wp-content\/uploads\/2025\/07\/94.png\" alt=\"\" class=\"wp-image-6395\" srcset=\"https:\/\/www.vet.una.py\/wp-content\/uploads\/2025\/07\/94.png 1268w, https:\/\/www.vet.una.py\/wp-content\/uploads\/2025\/07\/94-238x300.png 238w, https:\/\/www.vet.una.py\/wp-content\/uploads\/2025\/07\/94-812x1024.png 812w, https:\/\/www.vet.una.py\/wp-content\/uploads\/2025\/07\/94-768x969.png 768w, https:\/\/www.vet.una.py\/wp-content\/uploads\/2025\/07\/94-1217x1536.png 1217w\" sizes=\"(max-width: 1268px) 100vw, 1268px\" \/><\/figure>\n\n\n\n<figure class=\"wp-block-image size-large\"><img loading=\"lazy\" width=\"1268\" height=\"1600\" data-id=\"6250\"  src=\"https:\/\/www.vet.una.py\/wp-content\/uploads\/2025\/07\/89.png\" alt=\"\" class=\"wp-image-6250\" srcset=\"https:\/\/www.vet.una.py\/wp-content\/uploads\/2025\/07\/89.png 1268w, https:\/\/www.vet.una.py\/wp-content\/uploads\/2025\/07\/89-238x300.png 238w, https:\/\/www.vet.una.py\/wp-content\/uploads\/2025\/07\/89-812x1024.png 812w, https:\/\/www.vet.una.py\/wp-content\/uploads\/2025\/07\/89-768x969.png 768w, https:\/\/www.vet.una.py\/wp-content\/uploads\/2025\/07\/89-1217x1536.png 1217w\" sizes=\"(max-width: 1268px) 100vw, 1268px\" \/><\/figure>\n\n\n\n<figure class=\"wp-block-image size-large\"><img loading=\"lazy\" width=\"1268\" height=\"1600\" data-id=\"5822\"  src=\"https:\/\/www.vet.una.py\/wp-content\/uploads\/2025\/07\/1-10.png\" alt=\"\" class=\"wp-image-5822\" srcset=\"https:\/\/www.vet.una.py\/wp-content\/uploads\/2025\/07\/1-10.png 1268w, https:\/\/www.vet.una.py\/wp-content\/uploads\/2025\/07\/1-10-238x300.png 238w, https:\/\/www.vet.una.py\/wp-content\/uploads\/2025\/07\/1-10-812x1024.png 812w, https:\/\/www.vet.una.py\/wp-content\/uploads\/2025\/07\/1-10-768x969.png 768w, https:\/\/www.vet.una.py\/wp-content\/uploads\/2025\/07\/1-10-1217x1536.png 1217w\" sizes=\"(max-width: 1268px) 100vw, 1268px\" \/><\/figure>\n<\/figure>\n\n\n\n<h2 class=\"wp-elements-b8c6e97d19180e74442eb2dfe1a9737c has-text-align-left wp-block-heading has-work-sans-font-family has-text-color has-link-color\" style=\"color:#912f53;font-size:25px\">ACTIVIDADES<\/h2>\n\n\n\n<ul style=\"font-style:normal;font-weight:200\" class=\"wp-block-list\">\n\n<li>Disponer la infraestructura necesaria en equipos y materiales, como los recursos humanos necesarios para realizar el diagnostico f\u00edsico-qu\u00edmico de las enfermedades de los pacientes atendidos en el Hospital Veterinario o de pacientes externos provenientes de cl\u00ednicas o instituciones privadas.<\/li>\n\n\n<li>Recepcionar las muestras colectadas o remitidas (sangre, orina, etc.) y proceder a su estudio acorde a lo solicitado por el M\u00e9dico Cl\u00ednico responsable del caso.<\/li>\n\n\n<li>Facilitar las normas que permitan la correcta colecci\u00f3n y env\u00edo de las muestras as\u00ed como de su manejo dentro del Laboratorio.<\/li>\n\n\n<li>Disponer los protocolos o formularios necesarios para el llenado de los datos complementarios requeridos para el estudio.<\/li>\n\n\n<li>Orientar al profesional Cl\u00ednico Veterinario tratante en la identificaci\u00f3n del tipo de an\u00e1lisis a realizar y los materiales biol\u00f3gicos a ser recolectados para el estudio.<\/li>\n\n\n<li>Realizar el mantenimiento permanente de los equipos y materiales varios del sector para \u00f3ptimo funcionamiento y facilitar el stock necesario de reactivos utilizados por el mismo.<\/li>\n\n\n<li>Realizar reuniones peri\u00f3dicas de informaci\u00f3n para profesores, t\u00e9cnicos, alumnos e interesados en general a fin de actualizar permanentemente sobre t\u00e9cnicas y m\u00e9todos en el manejo, remisi\u00f3n de las muestras, as\u00ed como la interpretaci\u00f3n adecuada de los resultados.<\/li>\n\n\n<li>Actualizar permanentemente los m\u00e9todos o t\u00e9cnicas de an\u00e1lisis disponibles a nivel nacional e internacional.<\/li>\n\n\n<li>Disponer un registro de todos los trabajos realizados en base a los datos del protocolo utilizado en el sector<\/li>\n\n\n<li>Establecer el sistema de control y seguimiento de los casos diagnosticados, en coordinaci\u00f3n con el cl\u00ednico tratante hasta el alta del enfermo por curaci\u00f3n o fallecimiento del mismo.<\/li>\n\n<\/ul>\n\n\n\n<div style=\"height:39px\" aria-hidden=\"true\" class=\"wp-block-spacer\"><\/div>\n","protected":false},"excerpt":{"rendered":"<p>OBJETIVOS ACTIVIDADES<\/p>\n","protected":false},"author":4,"featured_media":1513,"parent":0,"menu_order":0,"comment_status":"closed","ping_status":"closed","template":"","meta":[],"_links":{"self":[{"href":"https:\/\/www.vet.una.py\/index.php?rest_route=\/wp\/v2\/pages\/520"}],"collection":[{"href":"https:\/\/www.vet.una.py\/index.php?rest_route=\/wp\/v2\/pages"}],"about":[{"href":"https:\/\/www.vet.una.py\/index.php?rest_route=\/wp\/v2\/types\/page"}],"author":[{"embeddable":true,"href":"https:\/\/www.vet.una.py\/index.php?rest_route=\/wp\/v2\/users\/4"}],"replies":[{"embeddable":true,"href":"https:\/\/www.vet.una.py\/index.php?rest_route=%2Fwp%2Fv2%2Fcomments&post=520"}],"version-history":[{"count":24,"href":"https:\/\/www.vet.una.py\/index.php?rest_route=\/wp\/v2\/pages\/520\/revisions"}],"predecessor-version":[{"id":6396,"href":"https:\/\/www.vet.una.py\/index.php?rest_route=\/wp\/v2\/pages\/520\/revisions\/6396"}],"wp:featuredmedia":[{"embeddable":true,"href":"https:\/\/www.vet.una.py\/index.php?rest_route=\/wp\/v2\/media\/1513"}],"wp:attachment":[{"href":"https:\/\/www.vet.una.py\/index.php?rest_route=%2Fwp%2Fv2%2Fmedia&parent=520"}],"curies":[{"name":"wp","href":"https:\/\/api.w.org\/{rel}","templated":true}]}}