{"id":511,"date":"2025-02-25T10:33:40","date_gmt":"2025-02-25T13:33:40","guid":{"rendered":"http:\/\/10.1.5.86\/?page_id=511"},"modified":"2025-07-10T09:46:06","modified_gmt":"2025-07-10T12:46:06","slug":"dpto-patologia-y-clinica","status":"publish","type":"page","link":"https:\/\/www.vet.una.py\/?page_id=511","title":{"rendered":"Departamento de Cl\u00ednicas Veterinarias"},"content":{"rendered":"\n<figure class=\"wp-container-2 wp-block-gallery-1 wp-block-gallery has-nested-images columns-5 is-cropped\">\n<figure class=\"wp-block-image size-full\"><a href=\"#ancla29\"><img loading=\"lazy\" width=\"776\" height=\"279\" data-id=\"1535\"  src=\"https:\/\/www.vet.una.py\/wp-content\/uploads\/2025\/03\/docencia-2.png\" alt=\"\" class=\"wp-image-1535\"\/><\/a><\/figure>\n\n\n\n<figure class=\"wp-block-image size-full\"><a href=\"#ancla31\"><img loading=\"lazy\" width=\"776\" height=\"279\" data-id=\"1537\"  src=\"https:\/\/www.vet.una.py\/wp-content\/uploads\/2025\/03\/investigacion-1.png\" alt=\"\" class=\"wp-image-1537\"\/><\/a><\/figure>\n\n\n\n<figure class=\"wp-block-image size-full\"><a href=\"#ancla30\"><img loading=\"lazy\" width=\"776\" height=\"279\" data-id=\"1538\"  src=\"https:\/\/www.vet.una.py\/wp-content\/uploads\/2025\/03\/extension-1.png\" alt=\"\" class=\"wp-image-1538\"\/><\/a><\/figure>\n\n\n\n<figure class=\"wp-block-image size-full\"><a href=\"#ancla28\"><img loading=\"lazy\" width=\"776\" height=\"279\" data-id=\"1565\"  src=\"https:\/\/www.vet.una.py\/wp-content\/uploads\/2025\/03\/divisiones-1.png\" alt=\"\" class=\"wp-image-1565\"\/><\/a><\/figure>\n\n\n\n<figure class=\"wp-block-image size-full\"><a href=\"#ancla32\"><img loading=\"lazy\" width=\"776\" height=\"279\" data-id=\"1539\"  src=\"https:\/\/www.vet.una.py\/wp-content\/uploads\/2025\/03\/contacto-1.png\" alt=\"\" class=\"wp-image-1539\"\/><\/a><\/figure>\n<\/figure>\n\n\n\n<p><strong>El Departamento de Cl\u00ednicas Veterinarias<\/strong>, habilitado en 1993 y conocido como Hospital Veterinario, cuenta con una infraestructura de 3.180 m\u00b2 que incluye \u00e1reas administrativas, consultorios, quir\u00f3fano, biblioteca, laboratorio de Patolog\u00eda Cl\u00ednica, consultorio para animales silvestres y ex\u00f3ticos, y aulas. Su construcci\u00f3n fue posible mediante el proyecto BID\/UNA.<\/p>\n\n\n\n<p>Brinda servicios veterinarios a la comunidad como parte de su compromiso universitario. Cada a\u00f1o atiende a unos 12.000 pacientes de distintas especies y regiones del pa\u00eds, incluidos animales ex\u00f3ticos, bajo el cuidado de especialistas del Departamento de Recursos Faun\u00edsticos y Medio Natural. Adem\u00e1s, se realizan m\u00e1s de &nbsp;500 cirug\u00edas anualmente.<\/p>\n\n\n\n<figure class=\"wp-container-4 wp-block-gallery-3 wp-block-gallery has-nested-images columns-4 is-cropped\">\n<figure class=\"wp-block-image size-large\"><img loading=\"lazy\" width=\"812\" height=\"1024\" data-id=\"5856\"  src=\"https:\/\/www.vet.una.py\/wp-content\/uploads\/2025\/07\/plantilla-para-web-12-812x1024.png\" alt=\"\" class=\"wp-image-5856\" srcset=\"https:\/\/www.vet.una.py\/wp-content\/uploads\/2025\/07\/plantilla-para-web-12-812x1024.png 812w, https:\/\/www.vet.una.py\/wp-content\/uploads\/2025\/07\/plantilla-para-web-12-238x300.png 238w, https:\/\/www.vet.una.py\/wp-content\/uploads\/2025\/07\/plantilla-para-web-12-768x969.png 768w, https:\/\/www.vet.una.py\/wp-content\/uploads\/2025\/07\/plantilla-para-web-12-1217x1536.png 1217w, https:\/\/www.vet.una.py\/wp-content\/uploads\/2025\/07\/plantilla-para-web-12.png 1268w\" sizes=\"(max-width: 812px) 100vw, 812px\" \/><\/figure>\n\n\n\n<figure class=\"wp-block-image size-large\"><img loading=\"lazy\" width=\"812\" height=\"1024\" data-id=\"5857\"  src=\"https:\/\/www.vet.una.py\/wp-content\/uploads\/2025\/07\/plantilla-para-web-11-812x1024.png\" alt=\"\" class=\"wp-image-5857\" srcset=\"https:\/\/www.vet.una.py\/wp-content\/uploads\/2025\/07\/plantilla-para-web-11-812x1024.png 812w, https:\/\/www.vet.una.py\/wp-content\/uploads\/2025\/07\/plantilla-para-web-11-238x300.png 238w, https:\/\/www.vet.una.py\/wp-content\/uploads\/2025\/07\/plantilla-para-web-11-768x969.png 768w, https:\/\/www.vet.una.py\/wp-content\/uploads\/2025\/07\/plantilla-para-web-11-1217x1536.png 1217w, https:\/\/www.vet.una.py\/wp-content\/uploads\/2025\/07\/plantilla-para-web-11.png 1268w\" sizes=\"(max-width: 812px) 100vw, 812px\" \/><\/figure>\n\n\n\n<figure class=\"wp-block-image size-large\"><img loading=\"lazy\" width=\"812\" height=\"1024\" data-id=\"5858\"  src=\"https:\/\/www.vet.una.py\/wp-content\/uploads\/2025\/07\/plantilla-para-web-13-812x1024.png\" alt=\"\" class=\"wp-image-5858\" srcset=\"https:\/\/www.vet.una.py\/wp-content\/uploads\/2025\/07\/plantilla-para-web-13-812x1024.png 812w, https:\/\/www.vet.una.py\/wp-content\/uploads\/2025\/07\/plantilla-para-web-13-238x300.png 238w, https:\/\/www.vet.una.py\/wp-content\/uploads\/2025\/07\/plantilla-para-web-13-768x969.png 768w, https:\/\/www.vet.una.py\/wp-content\/uploads\/2025\/07\/plantilla-para-web-13-1217x1536.png 1217w, https:\/\/www.vet.una.py\/wp-content\/uploads\/2025\/07\/plantilla-para-web-13.png 1268w\" sizes=\"(max-width: 812px) 100vw, 812px\" \/><\/figure>\n\n\n\n<figure class=\"wp-block-image size-large\"><img loading=\"lazy\" width=\"812\" height=\"1024\" data-id=\"6250\"  src=\"https:\/\/www.vet.una.py\/wp-content\/uploads\/2025\/07\/89-812x1024.png\" alt=\"\" class=\"wp-image-6250\" srcset=\"https:\/\/www.vet.una.py\/wp-content\/uploads\/2025\/07\/89-812x1024.png 812w, https:\/\/www.vet.una.py\/wp-content\/uploads\/2025\/07\/89-238x300.png 238w, https:\/\/www.vet.una.py\/wp-content\/uploads\/2025\/07\/89-768x969.png 768w, https:\/\/www.vet.una.py\/wp-content\/uploads\/2025\/07\/89-1217x1536.png 1217w, https:\/\/www.vet.una.py\/wp-content\/uploads\/2025\/07\/89.png 1268w\" sizes=\"(max-width: 812px) 100vw, 812px\" \/><\/figure>\n<\/figure>\n\n\n\n<div style=\"height:2px\" aria-hidden=\"true\" class=\"wp-block-spacer\"><\/div>\n\n\n\n<h1 class=\"wp-block-heading has-text-align-left has-text-color has-link-color has-work-sans-font-family\" id=\"ancla29\" style=\"color:#921f53;margin-top:var(--wp--preset--spacing--40);margin-bottom:var(--wp--preset--spacing--40);font-size:25px\">DOCENCIA<\/h1>\n\n\n\n<p>El Departamento de Cl\u00ednicas Veterinarias tiene como objetivo organizar y coordinar las actividades acad\u00e9micas, te\u00f3ricas y pr\u00e1cticas, de las asignaturas vinculadas a las \u00e1reas b\u00e1sica, preprofesional y profesional de la carrera.<\/p>\n\n\n\n<p>Constituye el eje de formaci\u00f3n pr\u00e1ctica del ciclo profesional, brindando soporte a c\u00e1tedras como Cl\u00ednica M\u00e9dica, Cl\u00ednica Quir\u00fargica, T\u00e9cnica Operatoria, Radioimagen, Patolog\u00eda M\u00e9dica, Cl\u00ednica de Rumiantes, Cl\u00ednica Aviar, Porcina y Equina, Industria e Inspecci\u00f3n de Carne y Leche y Derivados, entre otras.<\/p>\n\n\n\n<p>Las clases se desarrollan a partir de casos cl\u00ednicos reales que ingresan al Hospital Escuela, atendidos por estudiantes bajo supervisi\u00f3n docente. Este enfoque permite integrar teor\u00eda y pr\u00e1ctica en un entorno hospitalario. Cada a\u00f1o se atienden alrededor de 12.000 animales, incluyendo especies ex\u00f3ticas, y se realizan unas 500 cirug\u00edas.<\/p>\n\n\n\n<p>El Departamento articula con otros departamentos como Ciencias Patol\u00f3gicas, Microbiolog\u00eda e Inmunolog\u00eda, Parasitolog\u00eda, entre otros, para fortalecer la docencia y los servicios. Para pr\u00e1cticas con grandes animales, se utilizan las instalaciones de la Granja Did\u00e1ctica Experimental del Departamento de Producci\u00f3n Animal.<\/p>\n\n\n\n<p>Asimismo, los estudiantes del \u00faltimo curso desarrollan sus trabajos finales de grado utilizando la infraestructura, equipamiento, registros cl\u00ednicos y quir\u00fargicos del Hospital, adem\u00e1s del acervo bibliogr\u00e1fico disponible en su biblioteca especializada.<\/p>\n\n\n\n<h2 class=\"has-text-color\" id=\"ancla31\" style=\"color:#921f53;font-size:25px\">INVESTIGACI\u00d3N<\/h2>\n\n\n\n<p>El Departamento de Cl\u00ednicas Veterinarias coordina y acompa\u00f1a la realizaci\u00f3n de trabajos finales de grado y posgrado, brindando a los estudiantes las herramientas, datos e infraestructura necesarios para el desarrollo de sus investigaciones. Asimismo, promueve la generaci\u00f3n de conocimiento en todas las \u00e1reas de las ciencias biom\u00e9dicas veterinarias, fomentando la investigaci\u00f3n como parte fundamental de la formaci\u00f3n acad\u00e9mica y profesional.<\/p>\n\n\n\n<p><strong>Actividades de Investigaci\u00f3n del Departamento<\/strong><\/p>\n\n\n\n<p>Desarrolla investigaciones en el marco de las l\u00edneas establecidas por la Facultad de Ciencias Veterinarias, principalmente a trav\u00e9s de trabajos finales de grado y posgrado. Estas investigaciones se llevan a cabo en distintas divisiones del Departamento y abarcan \u00e1reas como medicina interna, cirug\u00eda, etolog\u00eda, dermatolog\u00eda, odontolog\u00eda, oncolog\u00eda, anestesiolog\u00eda, diagn\u00f3stico por im\u00e1genes, patolog\u00eda cl\u00ednica, entre otras.<\/p>\n\n\n\n<p>Los estudios incluyen desde el an\u00e1lisis cl\u00ednico de casos frecuentes hasta la evaluaci\u00f3n de nuevas terapias, f\u00e1rmacos, t\u00e9cnicas quir\u00fargicas y m\u00e9todos diagn\u00f3sticos, tanto en animales de compa\u00f1\u00eda como en especies productivas. Asimismo, se fomenta el trabajo interdisciplinario con \u00e1reas afines como farmacolog\u00eda, parasitolog\u00eda, microbiolog\u00eda, salud p\u00fablica y ciencias patol\u00f3gicas, fortaleciendo la producci\u00f3n cient\u00edfica y el desarrollo del conocimiento en medicina veterinaria.<\/p>\n\n\n\n<h2 class=\"has-text-color\" id=\"ancla30\" style=\"color:#921f53;font-size:25px\">EXTENSI\u00d3N<\/h2>\n\n\n\n<p>El Departamento de Cl\u00ednicas Veterinarias desarrolla su labor de extensi\u00f3n a trav\u00e9s de la organizaci\u00f3n y coordinaci\u00f3n de programas orientados a brindar servicios veterinarios a la comunidad, en colaboraci\u00f3n con entidades p\u00fablicas y privadas. Tambi\u00e9n gestiona la atenci\u00f3n cl\u00ednica y quir\u00fargica especializada del Hospital Veterinario y promueve la integraci\u00f3n efectiva entre las funciones docentes y hospitalarias.<\/p>\n\n\n\n<p>Como parte de sus objetivos, mantiene v\u00ednculos con instituciones nacionales e internacionales del \u00e1rea cl\u00ednica veterinaria, en los \u00e1mbitos acad\u00e9mico, t\u00e9cnico y administrativo. Adem\u00e1s, impulsa actividades de formaci\u00f3n continua como jornadas de capacitaci\u00f3n, seminarios y charlas dirigidas a estudiantes y profesionales. Para garantizar un funcionamiento eficiente, establece calendarios de evaluaci\u00f3n y organiza reuniones peri\u00f3dicas del equipo del Departamento.<\/p>\n\n\n\n<p>En este marco, se desarrollan campa\u00f1as de sanitaci\u00f3n, vacunaci\u00f3n y esterilizaci\u00f3n en barrios de San Lorenzo, as\u00ed como charlas cient\u00edficas organizadas con el sector privado. El Departamento participa activamente en congresos del \u00e1mbito veterinario y en cursos conjuntos con la Sociedad Paraguaya de Cirug\u00eda, como ATLS, DQT, trasplante hep\u00e1tico y videolaparoscop\u00eda. Adem\u00e1s, promueve la capacitaci\u00f3n permanente de sus integrantes mediante pasant\u00edas y actualizaciones en \u00e1reas clave como traumatolog\u00eda, ortopedia, anestesiolog\u00eda y algiolog\u00eda.<\/p>\n\n\n\n<h1 class=\"wp-elements-7b0a375e86fbfad1fb682f3e19a1fdec has-text-align-left wp-block-heading has-work-sans-font-family has-text-color has-link-color\" id=\"ancla28\" style=\"color:#951f53;font-size:25px;margin-top:var:preset|spacing|40;margin-bottom:var:preset|spacing|40\">DIVISIONES<\/h1>\n\n\n\n<figure class=\"wp-container-6 wp-block-gallery-5 wp-block-gallery has-nested-images columns-4 is-cropped\">\n<figure class=\"wp-block-image size-full\"><a href=\"https:\/\/www.vet.una.py\/?page_id=516\"><img loading=\"lazy\" width=\"777\" height=\"280\" data-id=\"1569\"  src=\"https:\/\/www.vet.una.py\/wp-content\/uploads\/2025\/03\/hospital-2.png\" alt=\"\" class=\"wp-image-1569\"\/><\/a><\/figure>\n\n\n\n<figure class=\"wp-block-image size-full\"><a href=\"https:\/\/www.vet.una.py\/?page_id=524\"><img loading=\"lazy\" width=\"777\" height=\"279\" data-id=\"3063\"  src=\"https:\/\/www.vet.una.py\/wp-content\/uploads\/2025\/04\/biotecnologia-2.png\" alt=\"\" class=\"wp-image-3063\"\/><\/a><\/figure>\n\n\n\n<figure class=\"wp-block-image size-full\"><a href=\"https:\/\/www.vet.una.py\/?page_id=522\"><img loading=\"lazy\" width=\"777\" height=\"279\" data-id=\"3062\"  src=\"https:\/\/www.vet.una.py\/wp-content\/uploads\/2025\/04\/imagenes.png\" alt=\"\" class=\"wp-image-3062\"\/><\/a><\/figure>\n\n\n\n<figure class=\"wp-block-image size-full\"><a href=\"https:\/\/www.vet.una.py\/?page_id=520\"><img loading=\"lazy\" width=\"776\" height=\"279\" data-id=\"1572\"  src=\"https:\/\/www.vet.una.py\/wp-content\/uploads\/2025\/03\/patologia-clinica-1.png\" alt=\"\" class=\"wp-image-1572\"\/><\/a><\/figure>\n<\/figure>\n\n\n\n<h4 class=\"wp-block-heading has-foreground-color has-text-color has-link-color has-work-sans-font-family\" style=\"margin-top:var(--wp--preset--spacing--50);margin-bottom:var(--wp--preset--spacing--50);font-size:18px\">Departamento de Cl\u00ednicas Veterinarias est\u00e1 organizado en cuatro divisiones que permiten optimizar la atenci\u00f3n y los servicios brindados, asegurando un enfoque integral en el diagn\u00f3stico, tratamiento y seguimiento de los pacientes.<\/h4>\n\n\n\n<hr class=\"wp-block-separator has-alpha-channel-opacity is-style-wide\"\/>\n\n\n\n<div class=\"wp-container-9 wp-block-columns\">\n<div class=\"wp-container-7 wp-block-column\" style=\"flex-basis:33.33%\">\n<figure class=\"wp-block-embed is-type-wp-embed is-provider-facultad-de-ciencias-veterinarias wp-block-embed-facultad-de-ciencias-veterinarias\"><div class=\"wp-block-embed__wrapper\">\n<blockquote class=\"wp-embedded-content\" data-secret=\"lmIla67xrb\"><a href=\"https:\/\/www.vet.una.py\/?page_id=516\">Divisi\u00f3n Hospital Veterinario<\/a><\/blockquote><iframe class=\"wp-embedded-content\" sandbox=\"allow-scripts\" security=\"restricted\" style=\"position: absolute; clip: rect(1px, 1px, 1px, 1px);\" title=\"&#8220;Divisi\u00f3n Hospital Veterinario&#8221; &#8212; Facultad de Ciencias Veterinarias\" src=\"https:\/\/www.vet.una.py\/?page_id=516&#038;embed=true#?secret=XB7db20dfk#?secret=lmIla67xrb\" data-secret=\"lmIla67xrb\" width=\"500\" height=\"282\" frameborder=\"0\" marginwidth=\"0\" marginheight=\"0\" scrolling=\"no\"><\/iframe>\n<\/div><\/figure>\n<\/div>\n\n\n\n<div class=\"wp-container-8 wp-block-column\" style=\"flex-basis:66.66%\">\n<p><strong>El Hospital Veterinario<\/strong> es el encargado de la atenci\u00f3n cl\u00ednica general y especializada, brindando consultas, diagn\u00f3sticos y tratamientos para diversas especies animales. <\/p>\n\n\n\n<p>Constituye el n\u00facleo operativo del hospital, donde se articula la atenci\u00f3n directa a los pacientes con la formaci\u00f3n pr\u00e1ctica y acad\u00e9mica de los estudiantes.<\/p>\n\n\n\n<p> <\/p>\n<\/div>\n<\/div>\n\n\n\n<hr class=\"wp-block-separator has-alpha-channel-opacity is-style-wide\"\/>\n\n\n\n<div class=\"wp-container-12 wp-block-columns\">\n<div class=\"wp-container-10 wp-block-column\" style=\"flex-basis:33.33%\">\n<figure class=\"wp-block-embed is-type-wp-embed is-provider-facultad-de-ciencias-veterinarias wp-block-embed-facultad-de-ciencias-veterinarias\"><div class=\"wp-block-embed__wrapper\">\n<blockquote class=\"wp-embedded-content\" data-secret=\"QsGfW2oLcr\"><a href=\"https:\/\/www.vet.una.py\/?page_id=524\">Divisi\u00f3n Laboratorio de Biotecnolog\u00eda Animal<\/a><\/blockquote><iframe class=\"wp-embedded-content\" sandbox=\"allow-scripts\" security=\"restricted\" style=\"position: absolute; clip: rect(1px, 1px, 1px, 1px);\" title=\"&#8220;Divisi\u00f3n Laboratorio de Biotecnolog\u00eda Animal&#8221; &#8212; Facultad de Ciencias Veterinarias\" src=\"https:\/\/www.vet.una.py\/?page_id=524&#038;embed=true#?secret=UYbYZawl6B#?secret=QsGfW2oLcr\" data-secret=\"QsGfW2oLcr\" width=\"500\" height=\"282\" frameborder=\"0\" marginwidth=\"0\" marginheight=\"0\" scrolling=\"no\"><\/iframe>\n<\/div><\/figure>\n<\/div>\n\n\n\n<div class=\"wp-container-11 wp-block-column\" style=\"flex-basis:66.66%\">\n<p><strong>La Divisi\u00f3n Laboratorio de Biotecnolog\u00eda Animal<\/strong>, Centro multidisciplinario dedicado al diagn\u00f3stico molecular de enfermedades animales mediante t\u00e9cnicas como la Reacci\u00f3n en Cadena de la Polimerasa (PCR) y pruebas serol\u00f3gicas. Entre los servicios que ofrece se destacan la detecci\u00f3n de agentes pat\u00f3genos como Leishmania spp., Ehrlichia spp., Babesia spp., entre otros; el diagn\u00f3stico de enfermedades aviares como Gumboro, Micoplasmosis y Anemia Aviar; la identificaci\u00f3n de especies animales (bovinas, equinas, ovinas y porcinas); y la determinaci\u00f3n de sexo en aves psit\u00e1cidas, como Amazona aestiva o Ara ararauna.<\/p>\n<\/div>\n<\/div>\n\n\n\n<hr class=\"wp-block-separator has-alpha-channel-opacity is-style-wide\"\/>\n\n\n\n<div class=\"wp-container-15 wp-block-columns\">\n<div class=\"wp-container-13 wp-block-column\" style=\"flex-basis:33.33%\">\n<figure class=\"wp-block-embed is-type-wp-embed is-provider-facultad-de-ciencias-veterinarias wp-block-embed-facultad-de-ciencias-veterinarias\"><div class=\"wp-block-embed__wrapper\">\n<blockquote class=\"wp-embedded-content\" data-secret=\"p1BAow64AH\"><a href=\"https:\/\/www.vet.una.py\/?page_id=522\">Divisi\u00f3n de Diagn\u00f3stico por Im\u00e1genes<\/a><\/blockquote><iframe class=\"wp-embedded-content\" sandbox=\"allow-scripts\" security=\"restricted\" style=\"position: absolute; clip: rect(1px, 1px, 1px, 1px);\" title=\"&#8220;Divisi\u00f3n de Diagn\u00f3stico por Im\u00e1genes&#8221; &#8212; Facultad de Ciencias Veterinarias\" src=\"https:\/\/www.vet.una.py\/?page_id=522&#038;embed=true#?secret=4DxykO2T3T#?secret=p1BAow64AH\" data-secret=\"p1BAow64AH\" width=\"500\" height=\"282\" frameborder=\"0\" marginwidth=\"0\" marginheight=\"0\" scrolling=\"no\"><\/iframe>\n<\/div><\/figure>\n<\/div>\n\n\n\n<div class=\"wp-container-14 wp-block-column\" style=\"flex-basis:66.66%\">\n<p><strong>La Divisi\u00f3n de Diagn\u00f3stico por Im\u00e1genes<\/strong>, dedicada a la obtenci\u00f3n de im\u00e1genes diagn\u00f3sticas avanzadas, como radiograf\u00edas, ecograf\u00edas y otros estudios complementarios. Estas herramientas son fundamentales para la evaluaci\u00f3n interna, el seguimiento cl\u00ednico y la planificaci\u00f3n de procedimientos terap\u00e9uticos y quir\u00fargicos.<\/p>\n<\/div>\n<\/div>\n\n\n\n<hr class=\"wp-block-separator has-alpha-channel-opacity is-style-wide\"\/>\n\n\n\n<div class=\"wp-container-18 wp-block-columns\">\n<div class=\"wp-container-16 wp-block-column\" style=\"flex-basis:33.33%\">\n<figure class=\"wp-block-embed aligncenter is-type-wp-embed is-provider-facultad-de-ciencias-veterinarias wp-block-embed-facultad-de-ciencias-veterinarias\"><div class=\"wp-block-embed__wrapper\">\n<blockquote class=\"wp-embedded-content\" data-secret=\"n1Hx5xR9h3\"><a href=\"https:\/\/www.vet.una.py\/?page_id=520\">Divisi\u00f3n de Patolog\u00eda Cl\u00ednica<\/a><\/blockquote><iframe class=\"wp-embedded-content\" sandbox=\"allow-scripts\" security=\"restricted\" style=\"position: absolute; clip: rect(1px, 1px, 1px, 1px);\" title=\"&#8220;Divisi\u00f3n de Patolog\u00eda Cl\u00ednica&#8221; &#8212; Facultad de Ciencias Veterinarias\" src=\"https:\/\/www.vet.una.py\/?page_id=520&#038;embed=true#?secret=7d9ywfdqBT#?secret=n1Hx5xR9h3\" data-secret=\"n1Hx5xR9h3\" width=\"500\" height=\"282\" frameborder=\"0\" marginwidth=\"0\" marginheight=\"0\" scrolling=\"no\"><\/iframe>\n<\/div><\/figure>\n<\/div>\n\n\n\n<div class=\"wp-container-17 wp-block-column\" style=\"flex-basis:66.66%\">\n<p><strong>La Divisi\u00f3n de Patolog\u00eda Cl\u00ednica<\/strong> es la responsable de la realizaci\u00f3n de an\u00e1lisis laboratoriales que permiten evaluar de forma precisa las condiciones de salud de los pacientes y apoyar el diagn\u00f3stico cl\u00ednico. A trav\u00e9s de pruebas hematol\u00f3gicas, bioqu\u00edmicas, coprol\u00f3gicas y urinarias, esta divisi\u00f3n contribuye a establecer diagn\u00f3sticos certeros y oportunos.<\/p>\n<\/div>\n<\/div>\n\n\n\n<hr class=\"wp-block-separator has-alpha-channel-opacity is-style-wide\"\/>\n\n\n\n<p><strong>Estas divisiones trabajan de manera articulada para garantizar diagn\u00f3sticos precisos, tratamientos efectivos y una atenci\u00f3n veterinaria de excelencia. Al mismo tiempo, fortalecen el rol acad\u00e9mico y de servicio de la Facultad, promoviendo la docencia, la investigaci\u00f3n y la extensi\u00f3n. De esta manera, los estudiantes complementan su formaci\u00f3n te\u00f3rica con experiencia pr\u00e1ctica en un entorno hospitalario real, contribuyendo al desarrollo de profesionales veterinarios altamente capacitados.<\/strong><\/p>\n\n\n\n<div style=\"height:12px\" aria-hidden=\"true\" class=\"wp-block-spacer\"><\/div>\n\n\n\n<h1 class=\"wp-block-heading has-text-align-left has-text-color has-link-color has-work-sans-font-family\" id=\"ancla32\" style=\"color:#951f53;margin-top:var(--wp--preset--spacing--40);margin-bottom:var(--wp--preset--spacing--40);font-size:25px\">CONTACTOS<\/h1>\n\n\n\n<h4 class=\"wp-elements-2319ecbafb5cd62c3ceeba98536d73e5 has-text-align-left wp-block-heading has-work-sans-font-family has-foreground-color has-text-color has-link-color\" style=\"font-size:15px\">Jefa de Departamento: Prof. Dra. Claudia Mart\u00ednez.<\/h4>\n\n\n\n<p><\/p>\n\n\n\n<div style=\"height:33px\" aria-hidden=\"true\" class=\"wp-block-spacer\"><\/div>\n","protected":false},"excerpt":{"rendered":"<p>El Departamento de Cl\u00ednicas Veterinarias, habilitado en 1993 y conocido como Hospital Veterinario, cuenta con [&hellip;]<\/p>\n","protected":false},"author":4,"featured_media":1172,"parent":0,"menu_order":0,"comment_status":"closed","ping_status":"closed","template":"","meta":[],"_links":{"self":[{"href":"https:\/\/www.vet.una.py\/index.php?rest_route=\/wp\/v2\/pages\/511"}],"collection":[{"href":"https:\/\/www.vet.una.py\/index.php?rest_route=\/wp\/v2\/pages"}],"about":[{"href":"https:\/\/www.vet.una.py\/index.php?rest_route=\/wp\/v2\/types\/page"}],"author":[{"embeddable":true,"href":"https:\/\/www.vet.una.py\/index.php?rest_route=\/wp\/v2\/users\/4"}],"replies":[{"embeddable":true,"href":"https:\/\/www.vet.una.py\/index.php?rest_route=%2Fwp%2Fv2%2Fcomments&post=511"}],"version-history":[{"count":74,"href":"https:\/\/www.vet.una.py\/index.php?rest_route=\/wp\/v2\/pages\/511\/revisions"}],"predecessor-version":[{"id":6265,"href":"https:\/\/www.vet.una.py\/index.php?rest_route=\/wp\/v2\/pages\/511\/revisions\/6265"}],"wp:featuredmedia":[{"embeddable":true,"href":"https:\/\/www.vet.una.py\/index.php?rest_route=\/wp\/v2\/media\/1172"}],"wp:attachment":[{"href":"https:\/\/www.vet.una.py\/index.php?rest_route=%2Fwp%2Fv2%2Fmedia&parent=511"}],"curies":[{"name":"wp","href":"https:\/\/api.w.org\/{rel}","templated":true}]}}