{"id":5010,"date":"2025-06-25T09:40:55","date_gmt":"2025-06-25T12:40:55","guid":{"rendered":"https:\/\/www.vet.una.py\/?page_id=5010"},"modified":"2025-06-25T09:48:51","modified_gmt":"2025-06-25T12:48:51","slug":"labo-18-59-inicio","status":"publish","type":"page","link":"https:\/\/www.vet.una.py\/?page_id=5010","title":{"rendered":"LABO 18-59 Inicio"},"content":{"rendered":"\n<h3>Proyecto LABO 18-59: \u201cDeterminaci\u00f3n de Carbono\/Nitr\u00f3geno por Combusti\u00f3n Directa para estimar producci\u00f3n de calor y balance C-N en animales\u201d<\/h3>\n\n\n\n<p>El Consejo Nacional de Ciencia y Tecnolog\u00eda (CONACYT), en el marco del Programa Paraguayo para el Desarrollo de la Ciencia y Tecnolog\u00eda (PROCIENCIA), a trav\u00e9s del Componente 1: <em>Fomento a la Investigaci\u00f3n Cient\u00edfica, que promueve actividades orientadas a estimular la inversi\u00f3n en generaci\u00f3n de conocimiento y a fortalecer la transferencia de los resultados al sector privado y p\u00fablico del Paraguay<\/em>, convoca a entidades que desarrollan actividades de Investigaci\u00f3n Cient\u00edfica a presentar propuestas para la obtenci\u00f3n de Fondos para el Fortalecimiento del Equipamiento Tecnol\u00f3gico de Investigaci\u00f3n.<\/p>\n\n\n\n<p><strong>OBJETIVO DE LA CONVOCATORIA<\/strong>:<\/p>\n\n\n\n<ul><li>Adjudicar recursos para la cofinanciaci\u00f3n de proyectos de adquisici\u00f3n de equipos cient\u00edficos y tecnol\u00f3gicos para actividades de investigaci\u00f3n, de formaci\u00f3n y capacitaci\u00f3n de personas, y el uso compartido del mismo entre instituciones e investigadores.<\/li><\/ul>\n\n\n\n<hr class=\"wp-block-separator has-alpha-channel-opacity\"\/>\n\n\n\n<p><strong>Proyecto Adjudicado:<\/strong> LABO 18-59 para la compra de equipos cient\u00edficos y tecnol\u00f3gicos nuevos, inexistentes en el pa\u00eds o inaccesibles al centro de investigaci\u00f3n Determinaci\u00f3n de C-N m\u00e9todo Dumas, 1\u00ba en el pa\u00eds.<\/p>\n\n\n\n<p><strong>Monto adjudicado en guaran\u00edes: 1.141.035.077 GS<\/strong> (<a rel=\"noreferrer noopener\" href=\"https:\/\/www.conacyt.gov.py\/sites\/default\/files\/upload_editores\/u489\/ResOLUCION-315-2020-Adjudicados-LABO18.pdf\" target=\"_blank\">Res. N\u00ba315\/2020 del CONACYT<\/a>)<\/p>\n\n\n\n<p><strong>Equipo Adquirido:<\/strong> determinador simultaneo de Carbono y Nitr\u00f3geno \/Prote\u00edna para elementos Org\u00e1nicos. LECO CN 828<\/p>\n\n\n\n<p><strong>Lugar: <\/strong><a href=\"https:\/\/goo.gl\/maps\/m5KwT8owXRCeazcQA\" target=\"_blank\" rel=\"noreferrer noopener\">Laboratorio del Departamento de Bromatolog\u00eda Nutrici\u00f3n y Alimentaci\u00f3n Animal \u2013 Facultad de Ciencias Veterinarias de la Universidad Nacional de Asunci\u00f3n.<\/a><\/p>\n\n\n\n<p><strong>Aplicaci\u00f3n: <\/strong>Determinador de C-N en muestras s\u00f3lidas y l\u00edquidas. La serie 828 es ideal para las siguientes aplicaciones: alimentos, alimentos para mascotas, granos y cereales, productos molidos, productos de fermentaci\u00f3n, suero l\u00e1cteo y productos de queso, suelos, etc. Por lo que su uso ser\u00e1 para Nutrici\u00f3n y Alimentaci\u00f3n Animal, Ambiente e Industrias de alimentos.<\/p>\n\n\n\n<p><strong>Tecnolog\u00eda:<\/strong> El sistema utiliza una t\u00e9cnica de combusti\u00f3n con un horno vertical de cuarzo dise\u00f1ado para manejar diversas matrices de muestras con tiempos de an\u00e1lisis r\u00e1pidos y larga duraci\u00f3n de reactivos, ofreciendo productividad junto con un tiempo de funcionamiento superior. En los modelos FP y CN828, los gases de combusti\u00f3n se transportan desde el horno a trav\u00e9s de un enfriador termoel\u00e9ctrico para eliminar la humedad, y se recogen en un recipiente ballast. Dependiendo del modelo del analizador, se lleva el gas al\u00edcuota a una c\u00e9lula infrarroja no dispersiva (NDIR) para la detecci\u00f3n de carbono (como di\u00f3xido de carbono) y una c\u00e9lula de conductividad t\u00e9rmica (TC) para detectar nitr\u00f3geno (N2).<\/p>\n\n\n\n<p><strong>Responsables:<\/strong><br><strong>Representante Legal:<\/strong> Viviana R\u00edos Mor\u00ednigo<br><strong>Director General de Administraci\u00f3n y Finanzas:<\/strong> Patricia Castillo Rivera<br><strong>Director del Proyecto:<\/strong> <a rel=\"noreferrer noopener\" href=\"https:\/\/cvpy.conacyt.gov.py\/publicar\/cv?id=11d0e63f042d2d159be43c16b46e0929\" target=\"_blank\">Ma. Paz Corrales M\u00e1rmol<\/a> \u2013 mpcorrales@vet.una.py<br><strong>Investigador Principal: <\/strong><a href=\"https:\/\/cvpy.conacyt.gov.py\/publicar\/cv?id=47e8c766d46a74d95d3af2eff86961d0\" target=\"_blank\" rel=\"noreferrer noopener\">Patricia Criscioni Ferreira<\/a> \u2013 pcriscioni@vet.una.py<br><strong>Investigadores Asociados:<\/strong> Oscar Valiente\/Rodrigo Mussi \/ Luisa C\u00e1ceres.<br><strong>T\u00e9cnico Operador del Equipo:<\/strong> Cynthia Garay<br><strong>Asesor: <\/strong>Celia Legal<br><strong>Investigador en formaci\u00f3n:<\/strong> Dila Ram\u00edrez \/Lidia Gauna.<\/p>\n\n\n\n<p><strong>Duraci\u00f3n del Proyecto:<\/strong> 5 A\u00f1os<br>Actualmente en fase de Monitoreo.<\/p>\n\n\n\n<p><strong>OBJETIVO PRINCIPAL DEL PROYECTO:<\/strong><\/p>\n\n\n\n<ul><li>Estimar la PC y balance C-N en peque\u00f1os rumiantes mediante calorimetr\u00eda indirecta y composici\u00f3n qu\u00edmica de materias Primas y subproductos para brindar estrategias de alimentaci\u00f3n en animales, adem\u00e1s de promover actividades orientadas a estimular la inversi\u00f3n en generaci\u00f3n de conocimiento y a fortalecer la transferencia de los resultados al sector privado y p\u00fablico del Paraguay.<\/li><li><strong>Instituciones Asociadas y adheridas:<\/strong><ul><li>Facultad de Ciencias Qu\u00edmicas \u2013 UNA.<\/li><li>Facultad de Agronom\u00eda \u2013 UNA.<\/li><\/ul><\/li><\/ul>\n\n\n\n<p><em>Como m\u00ednimo el 10% del tiempo de uso del equipo debe estar disponible para el uso de otras instituciones diferentes a la proponente, promoviendo el acceso al uso compartido de los equipamientos adquiridos. En este punto, se realizaron trabajos de tesis de maestr\u00eda.<\/em><\/p>\n\n\n\n<p><strong>SECTORES DEL PROYECTO<\/strong><\/p>\n\n\n\n<p><strong>Servicios ofrecidos al p\u00fablico en general:<\/strong> Carbono\/ Nitr\u00f3geno y Prote\u00edna Bruta<br><strong>Investigaciones Institucionales:<\/strong><br>*Producci\u00f3n l\u00e1ctea y composici\u00f3n qu\u00edmica de la leche con el uso de Expeller de Ch\u00eda (<em>Salvia hisp\u00e1nica<\/em> L.) en la formulaci\u00f3n de vacas lecheras<br>*Valoraci\u00f3n Nutricional de Pasturas Nativas e Implantadas en dos Ecorregiones de la Regi\u00f3n Occidental (contenido de Carbono, composici\u00f3n qu\u00edmica, digestibilidad in vitro, producci\u00f3n de gases in vitro) <em>En etapa de Postulaci\u00f3n<\/em><br><strong>Investigaciones Interinstitucionales:<\/strong><br>*<em>Tesis de posgrado:<\/em> \u201cProductividad, caracter\u00edstica morfog\u00e9nica y estructural, y calidad nutricional sujeto a cuatro int\u00e9rvalos de corte en Gatton Panic <em>(Panicum maximun<\/em>)\u201d.<\/p>\n\n\n\n<p><strong>PRODUCTOS:<\/strong><\/p>\n\n\n\n<p>*An\u00e1lisis Laboratoriales<br>*Tesis de grado y Post grado<br>*Presentaci\u00f3n en Congreso (Sociedad Cient\u00edfica) y art\u00edculos enviados para evaluaci\u00f3n<\/p>\n\n\n\n<p><strong>NORMATIVAS:<\/strong><br>*<a href=\"https:\/\/www.vet.una.py\/wp-content\/uploads\/2025\/06\/16.03.2023-Manual-Uso-Compartido-LABO-18-59.pdf\" target=\"_blank\" rel=\"noreferrer noopener\">Procedimientos de solicitud de Servicios.<\/a><br>*<a href=\"https:\/\/www.vet.una.py\/wp-content\/uploads\/2025\/06\/Catalogo-de-Servicios-LABO-18-59.pdf\" target=\"_blank\" rel=\"noreferrer noopener\">Catalogo de Servicios LABO 18-59.<\/a><\/p>\n","protected":false},"excerpt":{"rendered":"<p>Proyecto LABO 18-59: \u201cDeterminaci\u00f3n de Carbono\/Nitr\u00f3geno por Combusti\u00f3n Directa para estimar producci\u00f3n de calor y [&hellip;]<\/p>\n","protected":false},"author":8,"featured_media":0,"parent":0,"menu_order":0,"comment_status":"closed","ping_status":"closed","template":"","meta":[],"_links":{"self":[{"href":"https:\/\/www.vet.una.py\/index.php?rest_route=\/wp\/v2\/pages\/5010"}],"collection":[{"href":"https:\/\/www.vet.una.py\/index.php?rest_route=\/wp\/v2\/pages"}],"about":[{"href":"https:\/\/www.vet.una.py\/index.php?rest_route=\/wp\/v2\/types\/page"}],"author":[{"embeddable":true,"href":"https:\/\/www.vet.una.py\/index.php?rest_route=\/wp\/v2\/users\/8"}],"replies":[{"embeddable":true,"href":"https:\/\/www.vet.una.py\/index.php?rest_route=%2Fwp%2Fv2%2Fcomments&post=5010"}],"version-history":[{"count":4,"href":"https:\/\/www.vet.una.py\/index.php?rest_route=\/wp\/v2\/pages\/5010\/revisions"}],"predecessor-version":[{"id":5018,"href":"https:\/\/www.vet.una.py\/index.php?rest_route=\/wp\/v2\/pages\/5010\/revisions\/5018"}],"wp:attachment":[{"href":"https:\/\/www.vet.una.py\/index.php?rest_route=%2Fwp%2Fv2%2Fmedia&parent=5010"}],"curies":[{"name":"wp","href":"https:\/\/api.w.org\/{rel}","templated":true}]}}