{"id":495,"date":"2025-02-25T10:27:43","date_gmt":"2025-02-25T13:27:43","guid":{"rendered":"http:\/\/10.1.5.86\/?page_id=495"},"modified":"2025-07-14T10:41:45","modified_gmt":"2025-07-14T13:41:45","slug":"dpto-reproduccion-animal","status":"publish","type":"page","link":"https:\/\/www.vet.una.py\/?page_id=495","title":{"rendered":"Departamento de Reproducci\u00f3n Animal"},"content":{"rendered":"\n<figure class=\"wp-container-2 wp-block-gallery-1 wp-block-gallery has-nested-images columns-4 is-cropped\">\n<figure class=\"wp-block-image size-large\"><a href=\"#ancla81\"><img loading=\"lazy\" width=\"776\" height=\"279\" data-id=\"1535\"  src=\"https:\/\/www.vet.una.py\/wp-content\/uploads\/2025\/03\/docencia-2.png\" alt=\"\" class=\"wp-image-1535\"\/><\/a><\/figure>\n\n\n\n<figure class=\"wp-block-image size-large\"><a href=\"#ancla82\"><img loading=\"lazy\" width=\"776\" height=\"279\" data-id=\"1537\"  src=\"https:\/\/www.vet.una.py\/wp-content\/uploads\/2025\/03\/investigacion-1.png\" alt=\"\" class=\"wp-image-1537\"\/><\/a><\/figure>\n\n\n\n<figure class=\"wp-block-image size-large\"><a href=\"#ancla83 \"><img loading=\"lazy\" width=\"776\" height=\"279\" data-id=\"1538\"  src=\"https:\/\/www.vet.una.py\/wp-content\/uploads\/2025\/03\/extension-1.png\" alt=\"\" class=\"wp-image-1538\"\/><\/a><\/figure>\n\n\n\n<figure class=\"wp-block-image size-large\"><a href=\"#ancla84\"><img loading=\"lazy\" width=\"776\" height=\"279\" data-id=\"1539\"  src=\"https:\/\/www.vet.una.py\/wp-content\/uploads\/2025\/03\/contacto-1.png\" alt=\"\" class=\"wp-image-1539\"\/><\/a><\/figure>\n<\/figure>\n\n\n\n<p><strong>El Departamento de Reproducci\u00f3n Animal<\/strong> fue habilitado, equipado y dise\u00f1ado para cumplir con los tres pilares fundamentales de la Universidad Nacional de Asunci\u00f3n: Docencia, Investigaci\u00f3n y Extensi\u00f3n. Desde entonces, se ha consolidado como un espacio clave para la formaci\u00f3n y actualizaci\u00f3n en el \u00e1rea reproductiva de los animales dom\u00e9sticos, ofreciendo condiciones adecuadas para pr\u00e1cticas con animales vivos y laboratorios especializados, siempre bajo criterios de bienestar animal y seguridad profesional.<\/p>\n\n\n\n<figure class=\"wp-container-4 wp-block-gallery-3 wp-block-gallery has-nested-images columns-4 is-cropped\">\n<figure class=\"wp-block-image size-large\"><img loading=\"lazy\" width=\"1268\" height=\"1600\" data-id=\"6538\"  src=\"https:\/\/www.vet.una.py\/wp-content\/uploads\/2025\/07\/3-13.png\" alt=\"\" class=\"wp-image-6538\" srcset=\"https:\/\/www.vet.una.py\/wp-content\/uploads\/2025\/07\/3-13.png 1268w, https:\/\/www.vet.una.py\/wp-content\/uploads\/2025\/07\/3-13-238x300.png 238w, https:\/\/www.vet.una.py\/wp-content\/uploads\/2025\/07\/3-13-812x1024.png 812w, https:\/\/www.vet.una.py\/wp-content\/uploads\/2025\/07\/3-13-768x969.png 768w, https:\/\/www.vet.una.py\/wp-content\/uploads\/2025\/07\/3-13-1217x1536.png 1217w\" sizes=\"(max-width: 1268px) 100vw, 1268px\" \/><\/figure>\n\n\n\n<figure class=\"wp-block-image size-large\"><img loading=\"lazy\" width=\"1268\" height=\"1600\" data-id=\"6535\"  src=\"https:\/\/www.vet.una.py\/wp-content\/uploads\/2025\/07\/4-12.png\" alt=\"\" class=\"wp-image-6535\" srcset=\"https:\/\/www.vet.una.py\/wp-content\/uploads\/2025\/07\/4-12.png 1268w, https:\/\/www.vet.una.py\/wp-content\/uploads\/2025\/07\/4-12-238x300.png 238w, https:\/\/www.vet.una.py\/wp-content\/uploads\/2025\/07\/4-12-812x1024.png 812w, https:\/\/www.vet.una.py\/wp-content\/uploads\/2025\/07\/4-12-768x969.png 768w, https:\/\/www.vet.una.py\/wp-content\/uploads\/2025\/07\/4-12-1217x1536.png 1217w\" sizes=\"(max-width: 1268px) 100vw, 1268px\" \/><\/figure>\n\n\n\n<figure class=\"wp-block-image size-large\"><img loading=\"lazy\" width=\"1268\" height=\"1600\" data-id=\"6537\"  src=\"https:\/\/www.vet.una.py\/wp-content\/uploads\/2025\/07\/2-11.png\" alt=\"\" class=\"wp-image-6537\" srcset=\"https:\/\/www.vet.una.py\/wp-content\/uploads\/2025\/07\/2-11.png 1268w, https:\/\/www.vet.una.py\/wp-content\/uploads\/2025\/07\/2-11-238x300.png 238w, https:\/\/www.vet.una.py\/wp-content\/uploads\/2025\/07\/2-11-812x1024.png 812w, https:\/\/www.vet.una.py\/wp-content\/uploads\/2025\/07\/2-11-768x969.png 768w, https:\/\/www.vet.una.py\/wp-content\/uploads\/2025\/07\/2-11-1217x1536.png 1217w\" sizes=\"(max-width: 1268px) 100vw, 1268px\" \/><\/figure>\n\n\n\n<figure class=\"wp-block-image size-large\"><img loading=\"lazy\" width=\"1268\" height=\"1600\" data-id=\"6536\"  src=\"https:\/\/www.vet.una.py\/wp-content\/uploads\/2025\/07\/5-8.png\" alt=\"\" class=\"wp-image-6536\" srcset=\"https:\/\/www.vet.una.py\/wp-content\/uploads\/2025\/07\/5-8.png 1268w, https:\/\/www.vet.una.py\/wp-content\/uploads\/2025\/07\/5-8-238x300.png 238w, https:\/\/www.vet.una.py\/wp-content\/uploads\/2025\/07\/5-8-812x1024.png 812w, https:\/\/www.vet.una.py\/wp-content\/uploads\/2025\/07\/5-8-768x969.png 768w, https:\/\/www.vet.una.py\/wp-content\/uploads\/2025\/07\/5-8-1217x1536.png 1217w\" sizes=\"(max-width: 1268px) 100vw, 1268px\" \/><\/figure>\n<\/figure>\n\n\n\n<h2 class=\"has-text-color\" id=\"ancla81\" style=\"color:#921f53;font-size:25px\">DOCENCIA<\/h2>\n\n\n\n<p>El departamento brinda soporte a las c\u00e1tedras de Ginecolog\u00eda y Obstetricia, y de Androlog\u00eda y Biotecnolog\u00edas Reproductivas, ambas correspondientes al cuarto curso de la carrera de Ciencias Veterinarias.<\/p>\n\n\n\n<p>Cuenta con salas acondicionadas para pr\u00e1cticas acad\u00e9micas que incluyen:<\/p>\n\n\n\n<ul style=\"font-style:normal;font-weight:200\"><li>Estudio de tractos reproductivos obtenidos de frigor\u00edficos<\/li><li>Disecciones<\/li><li>Diagn\u00f3stico de pre\u00f1ez, ecograf\u00edas, evaluaci\u00f3n de ciclicidad, patolog\u00edas<\/li><li>Pr\u00e1cticas de distocia y fetotom\u00eda en nodrizas<\/li><li>Ejercicios pr\u00e1cticos con animales vivos<\/li><\/ul>\n\n\n\n<p>Todo esto se desarrolla con infraestructura pensada para garantizar la calidad formativa y el respeto al bienestar animal.<\/p>\n\n\n\n<h2 class=\"has-text-color\" id=\"ancla82\" style=\"color:#921f53;font-size:25px\">INVESTIGACI\u00d3N<\/h2>\n\n\n\n<p><strong>Las l\u00edneas de investigaci\u00f3n del departamento se centran en diversas \u00e1reas de la reproducci\u00f3n animal, tales como:<\/strong><\/p>\n\n\n\n<ul style=\"font-style:normal;font-weight:200\"><li>Evaluaci\u00f3n y elaboraci\u00f3n de trabajos sobre la calidad seminal del semen sean fresco, refrigerado o congelado.<\/li><li>La inducci\u00f3n, agrupamiento y sincronizaci\u00f3n de celos y ovulaciones en las hembras de producci\u00f3n aplicando diferentes protocolos.<\/li><li>El diagnostico ultrasonogr\u00e1fico para grandes y&nbsp; peque\u00f1os animales en el \u00e1rea de la theriogenolog\u00eda.<\/li><li>La producci\u00f3n de embriones tanto in vivo (MOET) como In Vitro (PIVE) con laboratorio modelo y actual dentro del Departamento.<\/li><\/ul>\n\n\n\n<h2 class=\"has-text-color\" id=\"ancla83\" style=\"color:#921f53;font-size:25px\">EXTENSI\u00d3N<\/h2>\n\n\n\n<p>El Departamento ofrece una serie de servicios de extensi\u00f3n, incluyendo:<\/p>\n\n\n\n<ul style=\"font-style:normal;font-weight:200\"><li>Cursos de postgrado en Androlog\u00eda y Gineco Obstetricia Bovina.<\/li><li>Cursos cortos de actualizaci\u00f3n en Androlog\u00eda, Ginecolog\u00eda y Obstetricia Bovina,<\/li><li>Inseminaci\u00f3n Artificial Bovina y Ovina, manejo reproductivo de especies dom\u00e9sticas.<\/li><\/ul>\n\n\n\n<p>Estos cursos est\u00e1n destinados a profesionales veterinarios, estudiantes del \u00faltimo a\u00f1o de la carrera de Ciencias Veterinarias, profesionales del \u00e1rea agropecuaria y productores.<\/p>\n\n\n\n<p>Adem\u00e1s, brinda asesoramiento en estancias con presentaciones did\u00e1cticas sobre manejo reproductivo, inseminaci\u00f3n artificial a tiempo fijo, enfermedades del \u00e1rea reproductiva y estrategias para reducir la merma en la tasa de servicio de los animales.<\/p>\n\n\n\n<p><strong>Tambi\u00e9n elabora manuales t\u00e9cnicos sobre<\/strong><\/p>\n\n\n\n<ul style=\"font-style:normal;font-weight:200\"><li>Inseminaci\u00f3n Artificial y Transferencia de Embriones en Bovinos<\/li><li>Inducci\u00f3n y Sincronizaci\u00f3n de Celos y Ovulaci\u00f3n en Peque\u00f1os Rumiantes<\/li><li>Fertilizaci\u00f3n in Vitro<\/li><li>T\u00e9cnicas de Inseminaci\u00f3n Artificial en Peque\u00f1os Rumiantes<\/li><\/ul>\n\n\n\n<h2 class=\"wp-elements-c9d8ad5b056e521498f92866b0296bcd wp-block-heading has-work-sans-font-family has-text-color has-link-color\" id=\"ancla84\" style=\"color:#912f53;font-size:25px\">CONTACTOS<\/h2>\n\n\n\n<h6 class=\"wp-block-heading has-work-sans-font-family\" style=\"font-size:15px\">Jefe de Departamento: Prof. Dr. Julio C\u00e9sar Ovelar Rebollo<\/h6>\n\n\n\n<p style=\"font-size:15px;margin-top:0;margin-bottom:0\"><strong>Correo electr\u00f3nico<\/strong>: reproduccion@vet.una.py<\/p>\n\n\n\n<div style=\"height:35px\" aria-hidden=\"true\" class=\"wp-block-spacer\"><\/div>\n","protected":false},"excerpt":{"rendered":"<p>El Departamento de Reproducci\u00f3n Animal fue habilitado, equipado y dise\u00f1ado para cumplir con los tres [&hellip;]<\/p>\n","protected":false},"author":4,"featured_media":1512,"parent":0,"menu_order":0,"comment_status":"closed","ping_status":"closed","template":"","meta":[],"_links":{"self":[{"href":"https:\/\/www.vet.una.py\/index.php?rest_route=\/wp\/v2\/pages\/495"}],"collection":[{"href":"https:\/\/www.vet.una.py\/index.php?rest_route=\/wp\/v2\/pages"}],"about":[{"href":"https:\/\/www.vet.una.py\/index.php?rest_route=\/wp\/v2\/types\/page"}],"author":[{"embeddable":true,"href":"https:\/\/www.vet.una.py\/index.php?rest_route=\/wp\/v2\/users\/4"}],"replies":[{"embeddable":true,"href":"https:\/\/www.vet.una.py\/index.php?rest_route=%2Fwp%2Fv2%2Fcomments&post=495"}],"version-history":[{"count":18,"href":"https:\/\/www.vet.una.py\/index.php?rest_route=\/wp\/v2\/pages\/495\/revisions"}],"predecessor-version":[{"id":6539,"href":"https:\/\/www.vet.una.py\/index.php?rest_route=\/wp\/v2\/pages\/495\/revisions\/6539"}],"wp:featuredmedia":[{"embeddable":true,"href":"https:\/\/www.vet.una.py\/index.php?rest_route=\/wp\/v2\/media\/1512"}],"wp:attachment":[{"href":"https:\/\/www.vet.una.py\/index.php?rest_route=%2Fwp%2Fv2%2Fmedia&parent=495"}],"curies":[{"name":"wp","href":"https:\/\/api.w.org\/{rel}","templated":true}]}}