{"id":493,"date":"2025-02-25T10:27:19","date_gmt":"2025-02-25T13:27:19","guid":{"rendered":"http:\/\/10.1.5.86\/?page_id=493"},"modified":"2025-07-15T12:34:12","modified_gmt":"2025-07-15T15:34:12","slug":"dpto-recursos-faunisticos-y-medios-naturales","status":"publish","type":"page","link":"https:\/\/www.vet.una.py\/?page_id=493","title":{"rendered":"Departamento de Recursos Faun\u00edsticos y Medio Natural"},"content":{"rendered":"\n<figure class=\"wp-container-2 wp-block-gallery-1 wp-block-gallery has-nested-images columns-4 is-cropped\">\n<figure class=\"wp-block-image size-large\"><a href=\"#ancla55\"><img loading=\"lazy\" width=\"776\" height=\"279\" data-id=\"1535\"  src=\"https:\/\/www.vet.una.py\/wp-content\/uploads\/2025\/03\/docencia-2.png\" alt=\"\" class=\"wp-image-1535\"\/><\/a><\/figure>\n\n\n\n<figure class=\"wp-block-image size-large\"><a href=\"#ancla56\"><img loading=\"lazy\" width=\"776\" height=\"279\" data-id=\"1537\"  src=\"https:\/\/www.vet.una.py\/wp-content\/uploads\/2025\/03\/investigacion-1.png\" alt=\"\" class=\"wp-image-1537\"\/><\/a><\/figure>\n\n\n\n<figure class=\"wp-block-image size-large\"><a href=\"#ancla57\"><img loading=\"lazy\" width=\"776\" height=\"279\" data-id=\"1538\"  src=\"https:\/\/www.vet.una.py\/wp-content\/uploads\/2025\/03\/extension-1.png\" alt=\"\" class=\"wp-image-1538\"\/><\/a><\/figure>\n\n\n\n<figure class=\"wp-block-image size-large\"><a href=\"#ancla58\"><img loading=\"lazy\" width=\"776\" height=\"279\" data-id=\"1539\"  src=\"https:\/\/www.vet.una.py\/wp-content\/uploads\/2025\/03\/contacto-1.png\" alt=\"\" class=\"wp-image-1539\"\/><\/a><\/figure>\n<\/figure>\n\n\n\n<p><strong>El Departamento de Recursos Faun\u00edsticos y Medio Natural<\/strong> de la Facultad de Ciencias Veterinarias de la Universidad Nacional de Asunci\u00f3n (FCV-UNA), con sede en San Lorenzo, constituye un pilar fundamental en la formaci\u00f3n acad\u00e9mica, el desarrollo cient\u00edfico y el compromiso social y ambiental de la instituci\u00f3n, sosteni\u00e9ndose sobre tres ejes esenciales: Docencia; Investigaci\u00f3n y Extensi\u00f3n.<\/p>\n\n\n\n<figure class=\"wp-container-4 wp-block-gallery-3 wp-block-gallery has-nested-images columns-4 is-cropped\">\n<figure class=\"wp-block-image size-large\"><img loading=\"lazy\" width=\"1268\" height=\"1600\" data-id=\"6645\"  src=\"https:\/\/www.vet.una.py\/wp-content\/uploads\/2025\/07\/2-14.png\" alt=\"\" class=\"wp-image-6645\" srcset=\"https:\/\/www.vet.una.py\/wp-content\/uploads\/2025\/07\/2-14.png 1268w, https:\/\/www.vet.una.py\/wp-content\/uploads\/2025\/07\/2-14-238x300.png 238w, https:\/\/www.vet.una.py\/wp-content\/uploads\/2025\/07\/2-14-812x1024.png 812w, https:\/\/www.vet.una.py\/wp-content\/uploads\/2025\/07\/2-14-768x969.png 768w, https:\/\/www.vet.una.py\/wp-content\/uploads\/2025\/07\/2-14-1217x1536.png 1217w\" sizes=\"(max-width: 1268px) 100vw, 1268px\" \/><\/figure>\n\n\n\n<figure class=\"wp-block-image size-large\"><img loading=\"lazy\" width=\"1268\" height=\"1600\" data-id=\"6646\"  src=\"https:\/\/www.vet.una.py\/wp-content\/uploads\/2025\/07\/9-4.png\" alt=\"\" class=\"wp-image-6646\" srcset=\"https:\/\/www.vet.una.py\/wp-content\/uploads\/2025\/07\/9-4.png 1268w, https:\/\/www.vet.una.py\/wp-content\/uploads\/2025\/07\/9-4-238x300.png 238w, https:\/\/www.vet.una.py\/wp-content\/uploads\/2025\/07\/9-4-812x1024.png 812w, https:\/\/www.vet.una.py\/wp-content\/uploads\/2025\/07\/9-4-768x969.png 768w, https:\/\/www.vet.una.py\/wp-content\/uploads\/2025\/07\/9-4-1217x1536.png 1217w\" sizes=\"(max-width: 1268px) 100vw, 1268px\" \/><\/figure>\n\n\n\n<figure class=\"wp-block-image size-large\"><img loading=\"lazy\" width=\"1268\" height=\"1600\" data-id=\"6647\"  src=\"https:\/\/www.vet.una.py\/wp-content\/uploads\/2025\/07\/10-4.png\" alt=\"\" class=\"wp-image-6647\" srcset=\"https:\/\/www.vet.una.py\/wp-content\/uploads\/2025\/07\/10-4.png 1268w, https:\/\/www.vet.una.py\/wp-content\/uploads\/2025\/07\/10-4-238x300.png 238w, https:\/\/www.vet.una.py\/wp-content\/uploads\/2025\/07\/10-4-812x1024.png 812w, https:\/\/www.vet.una.py\/wp-content\/uploads\/2025\/07\/10-4-768x969.png 768w, https:\/\/www.vet.una.py\/wp-content\/uploads\/2025\/07\/10-4-1217x1536.png 1217w\" sizes=\"(max-width: 1268px) 100vw, 1268px\" \/><\/figure>\n\n\n\n<figure class=\"wp-block-image size-large\"><img loading=\"lazy\" width=\"1268\" height=\"1600\" data-id=\"6648\"  src=\"https:\/\/www.vet.una.py\/wp-content\/uploads\/2025\/07\/5-11.png\" alt=\"\" class=\"wp-image-6648\" srcset=\"https:\/\/www.vet.una.py\/wp-content\/uploads\/2025\/07\/5-11.png 1268w, https:\/\/www.vet.una.py\/wp-content\/uploads\/2025\/07\/5-11-238x300.png 238w, https:\/\/www.vet.una.py\/wp-content\/uploads\/2025\/07\/5-11-812x1024.png 812w, https:\/\/www.vet.una.py\/wp-content\/uploads\/2025\/07\/5-11-768x969.png 768w, https:\/\/www.vet.una.py\/wp-content\/uploads\/2025\/07\/5-11-1217x1536.png 1217w\" sizes=\"(max-width: 1268px) 100vw, 1268px\" \/><\/figure>\n<\/figure>\n\n\n\n<h2 class=\"has-text-color\" style=\"color:#921f53;font-size:25px\">INFRAESTRUCTURA Y SERVICIOS<\/h2>\n\n\n\n<p>El Departamento cuenta con una infraestructura altamente funcional y equipada, compuesta por:<\/p>\n\n\n\n<p><strong>Consultorio de Animales Silvestres y Ex\u00f3ticos:<\/strong> espacio destinado a la atenci\u00f3n cl\u00ednica de animales silvestres y ex\u00f3ticos. El Consultorio cuenta con los equipos necesarios para una atenci\u00f3n cl\u00ednica completa, como tambi\u00e9n procedimientos b\u00e1sicos. Aqu\u00ed se reciben animales mantenidos en cautiverio al igual que rescates, incautaciones y decomisos realizados por otras instituciones u organizaciones.<\/p>\n\n\n\n<p>En el Consultorio de Animales Silvestres y Ex\u00f3ticos, el equipo de profesionales del Departamento atiende anualmente alrededor de 700 casos de m\u00e1s de 30 especies. Los profesionales cuentan con los permisos legales requeridos por el Ministerio del Ambiente y Desarrollo Sostenible para el manejo y la toma de muestras biol\u00f3gicas de animales silvestres.<\/p>\n\n\n\n<p><strong>Sector Administrativo y de Apoyo:<\/strong> Incluye una oficina de recepci\u00f3n, oficinas para profesionales t\u00e9cnicos y pasantes, biblioteca con textos acad\u00e9micos, y sanitarios exclusivos para los integrantes del Departamento.<\/p>\n\n\n\n<figure class=\"wp-container-6 wp-block-gallery-5 wp-block-gallery has-nested-images columns-4 is-cropped\">\n<figure class=\"wp-block-image size-large\"><img loading=\"lazy\" width=\"812\" height=\"1024\" data-id=\"6671\"  src=\"https:\/\/www.vet.una.py\/wp-content\/uploads\/2025\/07\/4-16-812x1024.png\" alt=\"\" class=\"wp-image-6671\" srcset=\"https:\/\/www.vet.una.py\/wp-content\/uploads\/2025\/07\/4-16-812x1024.png 812w, https:\/\/www.vet.una.py\/wp-content\/uploads\/2025\/07\/4-16-238x300.png 238w, https:\/\/www.vet.una.py\/wp-content\/uploads\/2025\/07\/4-16-768x969.png 768w, https:\/\/www.vet.una.py\/wp-content\/uploads\/2025\/07\/4-16-1217x1536.png 1217w, https:\/\/www.vet.una.py\/wp-content\/uploads\/2025\/07\/4-16.png 1268w\" sizes=\"(max-width: 812px) 100vw, 812px\" \/><\/figure>\n\n\n\n<figure class=\"wp-block-image size-large\"><img loading=\"lazy\" width=\"812\" height=\"1024\" data-id=\"6673\"  src=\"https:\/\/www.vet.una.py\/wp-content\/uploads\/2025\/07\/2-15-812x1024.png\" alt=\"\" class=\"wp-image-6673\" srcset=\"https:\/\/www.vet.una.py\/wp-content\/uploads\/2025\/07\/2-15-812x1024.png 812w, https:\/\/www.vet.una.py\/wp-content\/uploads\/2025\/07\/2-15-238x300.png 238w, https:\/\/www.vet.una.py\/wp-content\/uploads\/2025\/07\/2-15-768x969.png 768w, https:\/\/www.vet.una.py\/wp-content\/uploads\/2025\/07\/2-15-1217x1536.png 1217w, https:\/\/www.vet.una.py\/wp-content\/uploads\/2025\/07\/2-15.png 1268w\" sizes=\"(max-width: 812px) 100vw, 812px\" \/><\/figure>\n\n\n\n<figure class=\"wp-block-image size-large\"><img loading=\"lazy\" width=\"812\" height=\"1024\" data-id=\"6670\"  src=\"https:\/\/www.vet.una.py\/wp-content\/uploads\/2025\/07\/3-17-812x1024.png\" alt=\"\" class=\"wp-image-6670\" srcset=\"https:\/\/www.vet.una.py\/wp-content\/uploads\/2025\/07\/3-17-812x1024.png 812w, https:\/\/www.vet.una.py\/wp-content\/uploads\/2025\/07\/3-17-238x300.png 238w, https:\/\/www.vet.una.py\/wp-content\/uploads\/2025\/07\/3-17-768x969.png 768w, https:\/\/www.vet.una.py\/wp-content\/uploads\/2025\/07\/3-17-1217x1536.png 1217w, https:\/\/www.vet.una.py\/wp-content\/uploads\/2025\/07\/3-17.png 1268w\" sizes=\"(max-width: 812px) 100vw, 812px\" \/><\/figure>\n\n\n\n<figure class=\"wp-block-image size-large\"><img loading=\"lazy\" width=\"812\" height=\"1024\" data-id=\"6672\"  src=\"https:\/\/www.vet.una.py\/wp-content\/uploads\/2025\/07\/1-16-812x1024.png\" alt=\"\" class=\"wp-image-6672\" srcset=\"https:\/\/www.vet.una.py\/wp-content\/uploads\/2025\/07\/1-16-812x1024.png 812w, https:\/\/www.vet.una.py\/wp-content\/uploads\/2025\/07\/1-16-238x300.png 238w, https:\/\/www.vet.una.py\/wp-content\/uploads\/2025\/07\/1-16-768x969.png 768w, https:\/\/www.vet.una.py\/wp-content\/uploads\/2025\/07\/1-16-1217x1536.png 1217w, https:\/\/www.vet.una.py\/wp-content\/uploads\/2025\/07\/1-16.png 1268w\" sizes=\"(max-width: 812px) 100vw, 812px\" \/><\/figure>\n<\/figure>\n\n\n\n<h2 class=\"wp-elements-69e5f9efd26743ed1f4c10953b73b918 wp-block-heading has-work-sans-font-family has-text-color has-link-color\" id=\"ancla55\" style=\"color:#912f53;font-size:25px\">DOCENCIA:<\/h2>\n\n\n\n<p>Del Departamento dependen de forma Directa dos C\u00e1tedras de asignaturas b\u00e1sicas: Fauna Silvestre y Animales de Laboratorio, y Ecolog\u00eda e Higiene Pecuaria, ambas del 2\u00b0 Curso. El equipo docente del Departamento imparte clases en asignaturas fundamentales como Zoolog\u00eda (1\u00ba curso), Fauna Silvestre y Animales de Laboratorio (2\u00ba curso), y Ecolog\u00eda e Higiene Pecuaria (2\u00ba curso), tanto en la sede central (San Lorenzo) como en las filiales de San Estanislao, Caazap\u00e1, Concepci\u00f3n y Misiones. Adem\u00e1s, colabora en la formaci\u00f3n de estudiantes de grado y posgrado.<\/p>\n\n\n\n<p>Los miembros del plantel docente cuentan con t\u00edtulos de <em>posgrado<\/em>, con una constante actualizaci\u00f3n pedag\u00f3gica y acad\u00e9mica, adapt\u00e1ndose a los est\u00e1ndares de calidad educativa exigidos a nivel nacional e internacional.<\/p>\n\n\n\n<figure class=\"wp-container-8 wp-block-gallery-7 wp-block-gallery has-nested-images columns-4 is-cropped\">\n<figure class=\"wp-block-image size-large\"><img loading=\"lazy\" width=\"1268\" height=\"1600\" data-id=\"6653\"  src=\"https:\/\/www.vet.una.py\/wp-content\/uploads\/2025\/07\/3-16.png\" alt=\"\" class=\"wp-image-6653\" srcset=\"https:\/\/www.vet.una.py\/wp-content\/uploads\/2025\/07\/3-16.png 1268w, https:\/\/www.vet.una.py\/wp-content\/uploads\/2025\/07\/3-16-238x300.png 238w, https:\/\/www.vet.una.py\/wp-content\/uploads\/2025\/07\/3-16-812x1024.png 812w, https:\/\/www.vet.una.py\/wp-content\/uploads\/2025\/07\/3-16-768x969.png 768w, https:\/\/www.vet.una.py\/wp-content\/uploads\/2025\/07\/3-16-1217x1536.png 1217w\" sizes=\"(max-width: 1268px) 100vw, 1268px\" \/><\/figure>\n\n\n\n<figure class=\"wp-block-image size-large\"><img loading=\"lazy\" width=\"1268\" height=\"1600\" data-id=\"6650\"  src=\"https:\/\/www.vet.una.py\/wp-content\/uploads\/2025\/07\/4-15.png\" alt=\"\" class=\"wp-image-6650\" srcset=\"https:\/\/www.vet.una.py\/wp-content\/uploads\/2025\/07\/4-15.png 1268w, https:\/\/www.vet.una.py\/wp-content\/uploads\/2025\/07\/4-15-238x300.png 238w, https:\/\/www.vet.una.py\/wp-content\/uploads\/2025\/07\/4-15-812x1024.png 812w, https:\/\/www.vet.una.py\/wp-content\/uploads\/2025\/07\/4-15-768x969.png 768w, https:\/\/www.vet.una.py\/wp-content\/uploads\/2025\/07\/4-15-1217x1536.png 1217w\" sizes=\"(max-width: 1268px) 100vw, 1268px\" \/><\/figure>\n\n\n\n<figure class=\"wp-block-image size-large\"><img loading=\"lazy\" width=\"1268\" height=\"1600\" data-id=\"6654\"  src=\"https:\/\/www.vet.una.py\/wp-content\/uploads\/2025\/07\/1-15.png\" alt=\"\" class=\"wp-image-6654\" srcset=\"https:\/\/www.vet.una.py\/wp-content\/uploads\/2025\/07\/1-15.png 1268w, https:\/\/www.vet.una.py\/wp-content\/uploads\/2025\/07\/1-15-238x300.png 238w, https:\/\/www.vet.una.py\/wp-content\/uploads\/2025\/07\/1-15-812x1024.png 812w, https:\/\/www.vet.una.py\/wp-content\/uploads\/2025\/07\/1-15-768x969.png 768w, https:\/\/www.vet.una.py\/wp-content\/uploads\/2025\/07\/1-15-1217x1536.png 1217w\" sizes=\"(max-width: 1268px) 100vw, 1268px\" \/><\/figure>\n\n\n\n<figure class=\"wp-block-image size-large\"><img loading=\"lazy\" width=\"1268\" height=\"1600\" data-id=\"6652\"  src=\"https:\/\/www.vet.una.py\/wp-content\/uploads\/2025\/07\/7-7.png\" alt=\"\" class=\"wp-image-6652\" srcset=\"https:\/\/www.vet.una.py\/wp-content\/uploads\/2025\/07\/7-7.png 1268w, https:\/\/www.vet.una.py\/wp-content\/uploads\/2025\/07\/7-7-238x300.png 238w, https:\/\/www.vet.una.py\/wp-content\/uploads\/2025\/07\/7-7-812x1024.png 812w, https:\/\/www.vet.una.py\/wp-content\/uploads\/2025\/07\/7-7-768x969.png 768w, https:\/\/www.vet.una.py\/wp-content\/uploads\/2025\/07\/7-7-1217x1536.png 1217w\" sizes=\"(max-width: 1268px) 100vw, 1268px\" \/><\/figure>\n<\/figure>\n\n\n\n<h2 class=\"has-foreground-color has-text-color\" style=\"font-size:20px\">PLANTEL DOCENTE<\/h2>\n\n\n\n<p style=\"line-height:0.2\"><strong>Jefa: Prof. Dra. Adelaida Quintana Ruiz D\u00edaz<\/strong><\/p>\n\n\n\n<p style=\"line-height:0.2\"><strong>Correo electr\u00f3nico:<\/strong> <a href=\"mailto:aquintana@vet.una.py\"><a href=\"mailto:aquintana@vet.una.py\">aquintana@vet.una.py<\/a><\/a><\/p>\n\n\n\n<div style=\"height:1px\" aria-hidden=\"true\" class=\"wp-block-spacer\"><\/div>\n\n\n\n<p style=\"line-height:0.2\"><strong>Dr. J. Richard Vetter<\/strong><\/p>\n\n\n\n<p style=\"line-height:0.2\"><strong>Correo electr\u00f3nico:<\/strong> <a href=\"mailto:jvetter@vet.una.py\">jvetter@vet.una.py<\/a><\/p>\n\n\n\n<div style=\"height:1px\" aria-hidden=\"true\" class=\"wp-block-spacer\"><\/div>\n\n\n\n<p style=\"line-height:0.2\"><strong>Dra. Andrea Flores<\/strong><\/p>\n\n\n\n<p style=\"line-height:0.2\"><strong>Correo electr\u00f3nico<\/strong>: <a href=\"mailto:aflores@vet.una.py\">aflores@vet.una.py<\/a><\/p>\n\n\n\n<div style=\"height:1px\" aria-hidden=\"true\" class=\"wp-block-spacer\"><\/div>\n\n\n\n<p style=\"line-height:0.2\"><strong>Dra. Natalia M\u00e9ndez<\/strong><\/p>\n\n\n\n<p style=\"line-height:0.2\"><strong>Correo electr\u00f3nico:<\/strong> <a href=\"mailto:dmendez@vet.una.py\">dmendez@vet.una.py<\/a><\/p>\n\n\n\n<div style=\"height:1px\" aria-hidden=\"true\" class=\"wp-block-spacer\"><\/div>\n\n\n\n<p style=\"line-height:0.2\"><strong>Dr. Ricardo Ca\u00f1iza<\/strong><\/p>\n\n\n\n<p style=\"line-height:0.2\"><strong>Correo electr\u00f3nico:<\/strong> <a href=\"mailto:rcaniza@vet.una.py\">rcaniza@vet.una.py<\/a><\/p>\n\n\n\n<h2 class=\"has-foreground-color has-text-color\" style=\"font-size:20px\">PLANTEL T\u00c9CNICO<\/h2>\n\n\n\n<p style=\"line-height:0.9\"><strong>MV Oscar Insaurralde<\/strong><\/p>\n\n\n\n<p style=\"line-height:0.9\"><strong>Sr. Ronald Mongel\u00f3s<\/strong><\/p>\n\n\n\n<p style=\"line-height:0.9\"><strong>Sra. Eva Pe\u00f1a<\/strong><\/p>\n\n\n\n<figure class=\"wp-block-image size-large\"><img loading=\"lazy\" width=\"1024\" height=\"768\" src=\"https:\/\/www.vet.una.py\/wp-content\/uploads\/2025\/07\/WhatsApp-Image-2025-07-15-at-9.55.09-AM-1024x768.jpeg\" alt=\"\" class=\"wp-image-6643\" srcset=\"https:\/\/www.vet.una.py\/wp-content\/uploads\/2025\/07\/WhatsApp-Image-2025-07-15-at-9.55.09-AM-1024x768.jpeg 1024w, https:\/\/www.vet.una.py\/wp-content\/uploads\/2025\/07\/WhatsApp-Image-2025-07-15-at-9.55.09-AM-300x225.jpeg 300w, https:\/\/www.vet.una.py\/wp-content\/uploads\/2025\/07\/WhatsApp-Image-2025-07-15-at-9.55.09-AM-768x576.jpeg 768w, https:\/\/www.vet.una.py\/wp-content\/uploads\/2025\/07\/WhatsApp-Image-2025-07-15-at-9.55.09-AM-1536x1152.jpeg 1536w, https:\/\/www.vet.una.py\/wp-content\/uploads\/2025\/07\/WhatsApp-Image-2025-07-15-at-9.55.09-AM-2048x1536.jpeg 2048w\" sizes=\"(max-width: 1024px) 100vw, 1024px\" \/><\/figure>\n\n\n\n<h2 class=\"wp-elements-d8c6fbf0feb92fc25cc3df0170e37327 wp-block-heading has-work-sans-font-family has-text-color has-link-color\" id=\"ancla56\" style=\"color:#912f53;font-size:25px\">INVESTIGACI\u00d3N:<\/h2>\n\n\n\n<p>El Departamento cuenta con investigadores categorizados en el Sistema Nacional de Investigadores (CONACYT), y se encuentra activo en l\u00edneas de investigaci\u00f3n pioneras en el pa\u00eds como: (1) Manejo, conservaci\u00f3n y uso sostenible de animales silvestres; (2) Diagn\u00f3stico de enfermedades y terap\u00e9utica en especies silvestres y animales de compa\u00f1\u00eda no convencionales; y (3) Enfermedades zoon\u00f3ticas y otras enfermedades animales y sus implicancias en la Salud P\u00fablica. A la fecha, ha desarrollado m\u00e1s de 30 trabajos cient\u00edficos en colaboraci\u00f3n con otros departamentos y facultades de la UNA, as\u00ed como con instituciones nacionales e internacionales, con presencia en revistas Q4, Q3, Q2, y Q1, al igual que eventos arbitrados nacionales e internacionales. El Departamento cuenta tambi\u00e9n con proyectos de investigaci\u00f3n en las mencionadas l\u00edneas, obteniendo financiamiento de organizaciones nacionales e internacionales.<\/p>\n\n\n\n<h2 class=\"has-text-color has-normal-font-size\" style=\"color:#912f53\">Trabajos en Eventos Cient\u00edficos <\/h2>\n\n\n\n<ul class=\"has-text-color\" style=\"color:#912f53\"><li><a rel=\"noreferrer noopener\" href=\"https:\/\/drive.google.com\/drive\/u\/0\/mobile\/folders\/1G55sVdf_sFo4Aa3KRBxoKS1acDP1zWXX?usp=drive_link\" target=\"_blank\">Haga clic aqu\u00ed para ver los trabajos de investigaci\u00f3n.<\/a><\/li><\/ul>\n\n\n\n<h2 class=\"has-text-color has-normal-font-size\" style=\"color:#912f53\">Art\u00edculos Publicados en Revistas<\/h2>\n\n\n\n<ul class=\"has-text-color\" style=\"color:#912f53\"><li><a rel=\"noreferrer noopener\" href=\"https:\/\/drive.google.com\/drive\/u\/0\/mobile\/folders\/1lIqjMBpKxV1B7rnaDGKB8pi-fDsgOKf8?usp=drive_link\" target=\"_blank\">Haga clic aqu\u00ed para ver los art\u00edculos publicados.<\/a><\/li><\/ul>\n\n\n\n<h2 class=\"has-text-color has-normal-font-size\" style=\"color:#912f53\">Proyectos en Ejecuci\u00f3n<\/h2>\n\n\n\n<ul><li>Diversidad gen\u00e9tica e identificaci\u00f3n de genes de resistencia antimicrobiana de cepas de Salmonella spp. aisladas de tortugas como potenciales reservorios para la transmisi\u00f3n en humanos.<\/li><li>Digestibilidad aparente de Opuntia spp. en tortugas terrestres <em>Chelonoidis chilensis<\/em>.<\/li><\/ul>\n\n\n\n<h2 class=\"wp-elements-b08b3e22b6421c2b75ff95e7d9c81bf4 wp-block-heading has-work-sans-font-family has-text-color has-link-color\" id=\"ancla57\" style=\"color:#912f53;font-size:25px\">EXTENSI\u00d3N:<\/h2>\n\n\n\n<p>A trav\u00e9s de proyectos de extensi\u00f3n con impacto directo en poblaciones estrat\u00e9gicas, enfocadas en \u00e1reas de interfaz animales silvestres \u2013 animales dom\u00e9sticos &#8211; humanos, el Departamento reafirma su compromiso con el desarrollo social, promoviendo la salud animal y el bienestar colectivo con acciones concretas y sostenidas. El Departamento cumple con proyectos que se enfocan en la mitigaci\u00f3n de conflictos entre seres humanos y animales silvestres principalmente a trav\u00e9s de la educaci\u00f3n y concientizaci\u00f3n de la poblaci\u00f3n, como tambi\u00e9n educaci\u00f3n sobre la conservaci\u00f3n y preservaci\u00f3n del ambiente.<\/p>\n\n\n\n<p>Adem\u00e1s, mantiene convenios de cooperaci\u00f3n con instituciones como: Ministerio del Ambiente y Desarrollo Sostenible; Direcci\u00f3n Nacional de Defensa, Salud y Bienestar Animal; Cuerpo de Bomberos Voluntarios del Paraguay; Refugio Silvestre Urutau; Itaip\u00fa Binacional; Municipalidad de Asunci\u00f3n, brindando soporte t\u00e9cnico cient\u00edfico con un nivel acorde a las exigencias de dichas instituciones.<\/p>\n\n\n\n<p><strong>Capacitaci\u00f3n Continua: <\/strong>El Departamento ofrece opciones de formaci\u00f3n continua a trav\u00e9s de Cursos, Talleres, Simposios, Charlas y Seminarios, con ponentes nacionales y extranjeros.<\/p>\n\n\n\n<h2 class=\"wp-elements-c3ab7ee21837232e57211c2d881c58b5 wp-block-heading has-work-sans-font-family has-text-color has-link-color\" id=\"ancla58\" style=\"color:#912f53;font-size:25px\">CONTACTOS<\/h2>\n\n\n\n<h6 class=\"wp-block-heading has-work-sans-font-family\" style=\"font-size:15px\">Jefa de Departamento: Prof. Dra. Adelaida Quintana Ru\u00edz D\u00edaz<\/h6>\n\n\n\n<p style=\"font-size:15px;margin-top:0;margin-bottom:0\"><strong>Correo electr\u00f3nico:<\/strong> <a href=\"mailto:aquintana@vet.una.py\">aquintana@vet.una.py<\/a><\/p>\n\n\n\n<p style=\"font-size:15px;margin-top:0;margin-bottom:0\"><strong>Correo electr\u00f3nico:<\/strong> <a href=\"mailto:fauna@vet.una.py\">fauna@vet.una.py<\/a><\/p>\n\n\n\n<div style=\"height:36px\" aria-hidden=\"true\" class=\"wp-block-spacer\"><\/div>\n","protected":false},"excerpt":{"rendered":"<p>El Departamento de Recursos Faun\u00edsticos y Medio Natural de la Facultad de Ciencias Veterinarias de [&hellip;]<\/p>\n","protected":false},"author":1,"featured_media":1515,"parent":0,"menu_order":0,"comment_status":"closed","ping_status":"closed","template":"","meta":[],"_links":{"self":[{"href":"https:\/\/www.vet.una.py\/index.php?rest_route=\/wp\/v2\/pages\/493"}],"collection":[{"href":"https:\/\/www.vet.una.py\/index.php?rest_route=\/wp\/v2\/pages"}],"about":[{"href":"https:\/\/www.vet.una.py\/index.php?rest_route=\/wp\/v2\/types\/page"}],"author":[{"embeddable":true,"href":"https:\/\/www.vet.una.py\/index.php?rest_route=\/wp\/v2\/users\/1"}],"replies":[{"embeddable":true,"href":"https:\/\/www.vet.una.py\/index.php?rest_route=%2Fwp%2Fv2%2Fcomments&post=493"}],"version-history":[{"count":55,"href":"https:\/\/www.vet.una.py\/index.php?rest_route=\/wp\/v2\/pages\/493\/revisions"}],"predecessor-version":[{"id":6676,"href":"https:\/\/www.vet.una.py\/index.php?rest_route=\/wp\/v2\/pages\/493\/revisions\/6676"}],"wp:featuredmedia":[{"embeddable":true,"href":"https:\/\/www.vet.una.py\/index.php?rest_route=\/wp\/v2\/media\/1515"}],"wp:attachment":[{"href":"https:\/\/www.vet.una.py\/index.php?rest_route=%2Fwp%2Fv2%2Fmedia&parent=493"}],"curies":[{"name":"wp","href":"https:\/\/api.w.org\/{rel}","templated":true}]}}