{"id":432,"date":"2025-02-21T12:27:59","date_gmt":"2025-02-21T15:27:59","guid":{"rendered":"http:\/\/10.1.5.86\/?page_id=432"},"modified":"2025-07-14T08:37:25","modified_gmt":"2025-07-14T11:37:25","slug":"dpto-industrias-pecuniarias","status":"publish","type":"page","link":"https:\/\/www.vet.una.py\/?page_id=432","title":{"rendered":"Departamento de Industrias Pecuarias"},"content":{"rendered":"\n<figure class=\"wp-container-2 wp-block-gallery-1 wp-block-gallery has-nested-images columns-4 is-cropped\">\n<figure class=\"wp-block-image size-large\"><a href=\"#ancla42\"><img loading=\"lazy\" width=\"776\" height=\"279\" data-id=\"1535\"  src=\"https:\/\/www.vet.una.py\/wp-content\/uploads\/2025\/03\/docencia-2.png\" alt=\"\" class=\"wp-image-1535\"\/><\/a><\/figure>\n\n\n\n<figure class=\"wp-block-image size-large\"><a href=\"#ancla43\"><img loading=\"lazy\" width=\"776\" height=\"279\" data-id=\"1537\"  src=\"https:\/\/www.vet.una.py\/wp-content\/uploads\/2025\/03\/investigacion-1.png\" alt=\"\" class=\"wp-image-1537\"\/><\/a><\/figure>\n\n\n\n<figure class=\"wp-block-image size-large\"><a href=\"#ancla44\"><img loading=\"lazy\" width=\"776\" height=\"279\" data-id=\"1538\"  src=\"https:\/\/www.vet.una.py\/wp-content\/uploads\/2025\/03\/extension-1.png\" alt=\"\" class=\"wp-image-1538\"\/><\/a><\/figure>\n\n\n\n<figure class=\"wp-block-image size-large\"><a href=\"#ancla45\"><img loading=\"lazy\" width=\"776\" height=\"279\" data-id=\"1539\"  src=\"https:\/\/www.vet.una.py\/wp-content\/uploads\/2025\/03\/contacto-1.png\" alt=\"\" class=\"wp-image-1539\"\/><\/a><\/figure>\n<\/figure>\n\n\n\n<p><strong>El Departamento de Industrias Pecuarias<\/strong> es una unidad estrat\u00e9gica de la Facultad de Ciencias Veterinarias de la Universidad Nacional de Asunci\u00f3n, dedicada a la formaci\u00f3n t\u00e9cnica, la investigaci\u00f3n aplicada y la vinculaci\u00f3n directa con el sector productivo.<\/p>\n\n\n\n<p>Su accionar sostiene \u00e1reas fundamentales de la Medicina Veterinaria, brindando soporte t\u00e9cnico a la formaci\u00f3n de profesionales especializados en la transformaci\u00f3n de alimentos de origen animal, con un enfoque prioritario en la calidad, inocuidad y bioseguridad.<\/p>\n\n\n\n<p>Comprometido con la excelencia acad\u00e9mica y el servicio a la comunidad, el Departamento impulsa procesos de ense\u00f1anza pr\u00e1ctica, acompa\u00f1a proyectos de investigaci\u00f3n cient\u00edfica y ofrece asistencia t\u00e9cnica a productores e industrias, contribuyendo al fortalecimiento de la cadena agroalimentaria nacional.<\/p>\n\n\n\n<p>En coherencia con la misi\u00f3n institucional de formar profesionales innovadores, \u00e9ticos y socialmente responsables, y con la visi\u00f3n de consolidar una instituci\u00f3n de referencia en las Ciencias Veterinarias a nivel nacional e internacional, el Departamento de Industrias Pecuarias reafirma su compromiso con la salud p\u00fablica, el bienestar animal y el desarrollo sostenible.<\/p>\n\n\n\n<figure class=\"wp-container-4 wp-block-gallery-3 wp-block-gallery has-nested-images columns-4 is-cropped\">\n<figure class=\"wp-block-image size-large\"><img loading=\"lazy\" width=\"1268\" height=\"1600\" data-id=\"5847\"  src=\"https:\/\/www.vet.una.py\/wp-content\/uploads\/2025\/07\/plantilla-para-web-9.png\" alt=\"\" class=\"wp-image-5847\" srcset=\"https:\/\/www.vet.una.py\/wp-content\/uploads\/2025\/07\/plantilla-para-web-9.png 1268w, https:\/\/www.vet.una.py\/wp-content\/uploads\/2025\/07\/plantilla-para-web-9-238x300.png 238w, https:\/\/www.vet.una.py\/wp-content\/uploads\/2025\/07\/plantilla-para-web-9-812x1024.png 812w, https:\/\/www.vet.una.py\/wp-content\/uploads\/2025\/07\/plantilla-para-web-9-768x969.png 768w, https:\/\/www.vet.una.py\/wp-content\/uploads\/2025\/07\/plantilla-para-web-9-1217x1536.png 1217w\" sizes=\"(max-width: 1268px) 100vw, 1268px\" \/><\/figure>\n\n\n\n<figure class=\"wp-block-image size-large\"><img loading=\"lazy\" width=\"1268\" height=\"1600\" data-id=\"5846\"  src=\"https:\/\/www.vet.una.py\/wp-content\/uploads\/2025\/07\/plantilla-para-web-10.png\" alt=\"\" class=\"wp-image-5846\" srcset=\"https:\/\/www.vet.una.py\/wp-content\/uploads\/2025\/07\/plantilla-para-web-10.png 1268w, https:\/\/www.vet.una.py\/wp-content\/uploads\/2025\/07\/plantilla-para-web-10-238x300.png 238w, https:\/\/www.vet.una.py\/wp-content\/uploads\/2025\/07\/plantilla-para-web-10-812x1024.png 812w, https:\/\/www.vet.una.py\/wp-content\/uploads\/2025\/07\/plantilla-para-web-10-768x969.png 768w, https:\/\/www.vet.una.py\/wp-content\/uploads\/2025\/07\/plantilla-para-web-10-1217x1536.png 1217w\" sizes=\"(max-width: 1268px) 100vw, 1268px\" \/><\/figure>\n\n\n\n<figure class=\"wp-block-image size-large\"><img loading=\"lazy\" width=\"1268\" height=\"1600\" data-id=\"5824\"  src=\"https:\/\/www.vet.una.py\/wp-content\/uploads\/2025\/07\/plantilla-para-web-3.png\" alt=\"\" class=\"wp-image-5824\" srcset=\"https:\/\/www.vet.una.py\/wp-content\/uploads\/2025\/07\/plantilla-para-web-3.png 1268w, https:\/\/www.vet.una.py\/wp-content\/uploads\/2025\/07\/plantilla-para-web-3-238x300.png 238w, https:\/\/www.vet.una.py\/wp-content\/uploads\/2025\/07\/plantilla-para-web-3-812x1024.png 812w, https:\/\/www.vet.una.py\/wp-content\/uploads\/2025\/07\/plantilla-para-web-3-768x969.png 768w, https:\/\/www.vet.una.py\/wp-content\/uploads\/2025\/07\/plantilla-para-web-3-1217x1536.png 1217w\" sizes=\"(max-width: 1268px) 100vw, 1268px\" \/><\/figure>\n\n\n\n<figure class=\"wp-block-image size-large\"><img loading=\"lazy\" width=\"1268\" height=\"1600\" data-id=\"5843\"  src=\"https:\/\/www.vet.una.py\/wp-content\/uploads\/2025\/07\/plantilla-para-web-8.png\" alt=\"\" class=\"wp-image-5843\" srcset=\"https:\/\/www.vet.una.py\/wp-content\/uploads\/2025\/07\/plantilla-para-web-8.png 1268w, https:\/\/www.vet.una.py\/wp-content\/uploads\/2025\/07\/plantilla-para-web-8-238x300.png 238w, https:\/\/www.vet.una.py\/wp-content\/uploads\/2025\/07\/plantilla-para-web-8-812x1024.png 812w, https:\/\/www.vet.una.py\/wp-content\/uploads\/2025\/07\/plantilla-para-web-8-768x969.png 768w, https:\/\/www.vet.una.py\/wp-content\/uploads\/2025\/07\/plantilla-para-web-8-1217x1536.png 1217w\" sizes=\"(max-width: 1268px) 100vw, 1268px\" \/><\/figure>\n<\/figure>\n\n\n\n<h2 class=\"wp-elements-52a74b4d9d2b0807bd30582aeb228d02 wp-block-heading has-work-sans-font-family has-text-color has-link-color\" id=\"ancla42\" style=\"color:#912f53;font-size:25px\">DOCENCIA<\/h2>\n\n\n\n<p>Brinda soporte t\u00e9cnico esencial a las asignaturas de&nbsp;Industria e Inspecci\u00f3n de Carne y Derivados&nbsp;e&nbsp;Industria e Inspecci\u00f3n de Leche y Derivados, correspondientes al quinto curso de la carrera de Medicina Veterinaria. Si bien la conducci\u00f3n te\u00f3rica de estas asignaturas est\u00e1 a cargo de los docentes catedr\u00e1ticos, el Departamento se encarga de la planificaci\u00f3n, preparaci\u00f3n y ejecuci\u00f3n de los&nbsp;trabajos pr\u00e1cticos, que constituyen el n\u00facleo central de su labor.<\/p>\n\n\n\n<p>En el \u00e1rea de&nbsp;carnes, los estudiantes participan activamente en la elaboraci\u00f3n de&nbsp;embutidos artesanales, abordando todas las etapas del procesamiento, la tecnolog\u00eda aplicada y el control microbiol\u00f3gico de los productos.<\/p>\n\n\n\n<p>En el \u00e1rea de&nbsp;leche y derivados, los trabajos pr\u00e1cticos incluyen la elaboraci\u00f3n de&nbsp;quesos y yogures, as\u00ed como la realizaci\u00f3n de&nbsp;an\u00e1lisis f\u00edsico-qu\u00edmicos&nbsp;y&nbsp;microbiol\u00f3gicos&nbsp;de la leche. Para estos an\u00e1lisis, se utilizan actualmente&nbsp;equipos automatizados&nbsp;de alta precisi\u00f3n. Sin embargo, como parte de la formaci\u00f3n integral, los estudiantes tambi\u00e9n aprenden a realizar las&nbsp;pruebas madre&nbsp;\u2014m\u00e9todos tradicionales como la determinaci\u00f3n del porcentaje de grasa\u2014, entendiendo as\u00ed el origen y fundamento de los procesos automatizados modernos.<\/p>\n\n\n\n<p>Todo este enfoque pr\u00e1ctico refuerza los principios de&nbsp;bioseguridad, higiene, calidad e inocuidad alimentaria, proporcionando a los futuros m\u00e9dicos veterinarios una formaci\u00f3n t\u00e9cnica s\u00f3lida, basada tanto en la tecnolog\u00eda contempor\u00e1nea como en el conocimiento tradicional.<\/p>\n\n\n\n<figure class=\"wp-container-6 wp-block-gallery-5 wp-block-gallery has-nested-images columns-4 is-cropped\">\n<figure class=\"wp-block-image size-large\"><img loading=\"lazy\" width=\"1268\" height=\"1600\" data-id=\"5845\"  src=\"https:\/\/www.vet.una.py\/wp-content\/uploads\/2025\/07\/plantilla-para-web-6.png\" alt=\"\" class=\"wp-image-5845\" srcset=\"https:\/\/www.vet.una.py\/wp-content\/uploads\/2025\/07\/plantilla-para-web-6.png 1268w, https:\/\/www.vet.una.py\/wp-content\/uploads\/2025\/07\/plantilla-para-web-6-238x300.png 238w, https:\/\/www.vet.una.py\/wp-content\/uploads\/2025\/07\/plantilla-para-web-6-812x1024.png 812w, https:\/\/www.vet.una.py\/wp-content\/uploads\/2025\/07\/plantilla-para-web-6-768x969.png 768w, https:\/\/www.vet.una.py\/wp-content\/uploads\/2025\/07\/plantilla-para-web-6-1217x1536.png 1217w\" sizes=\"(max-width: 1268px) 100vw, 1268px\" \/><\/figure>\n\n\n\n<figure class=\"wp-block-image size-large\"><img loading=\"lazy\" width=\"1268\" height=\"1600\" data-id=\"6507\"  src=\"https:\/\/www.vet.una.py\/wp-content\/uploads\/2025\/07\/plantilla-para-web-18.png\" alt=\"\" class=\"wp-image-6507\" srcset=\"https:\/\/www.vet.una.py\/wp-content\/uploads\/2025\/07\/plantilla-para-web-18.png 1268w, https:\/\/www.vet.una.py\/wp-content\/uploads\/2025\/07\/plantilla-para-web-18-238x300.png 238w, https:\/\/www.vet.una.py\/wp-content\/uploads\/2025\/07\/plantilla-para-web-18-812x1024.png 812w, https:\/\/www.vet.una.py\/wp-content\/uploads\/2025\/07\/plantilla-para-web-18-768x969.png 768w, https:\/\/www.vet.una.py\/wp-content\/uploads\/2025\/07\/plantilla-para-web-18-1217x1536.png 1217w\" sizes=\"(max-width: 1268px) 100vw, 1268px\" \/><\/figure>\n\n\n\n<figure class=\"wp-block-image size-large\"><img loading=\"lazy\" width=\"1268\" height=\"1600\" data-id=\"6508\"  src=\"https:\/\/www.vet.una.py\/wp-content\/uploads\/2025\/07\/plantilla-para-web-17.png\" alt=\"\" class=\"wp-image-6508\" srcset=\"https:\/\/www.vet.una.py\/wp-content\/uploads\/2025\/07\/plantilla-para-web-17.png 1268w, https:\/\/www.vet.una.py\/wp-content\/uploads\/2025\/07\/plantilla-para-web-17-238x300.png 238w, https:\/\/www.vet.una.py\/wp-content\/uploads\/2025\/07\/plantilla-para-web-17-812x1024.png 812w, https:\/\/www.vet.una.py\/wp-content\/uploads\/2025\/07\/plantilla-para-web-17-768x969.png 768w, https:\/\/www.vet.una.py\/wp-content\/uploads\/2025\/07\/plantilla-para-web-17-1217x1536.png 1217w\" sizes=\"(max-width: 1268px) 100vw, 1268px\" \/><\/figure>\n\n\n\n<figure class=\"wp-block-image size-large\"><img loading=\"lazy\" width=\"1268\" height=\"1600\" data-id=\"5840\"  src=\"https:\/\/www.vet.una.py\/wp-content\/uploads\/2025\/07\/plantilla-para-web-2.png\" alt=\"\" class=\"wp-image-5840\" srcset=\"https:\/\/www.vet.una.py\/wp-content\/uploads\/2025\/07\/plantilla-para-web-2.png 1268w, https:\/\/www.vet.una.py\/wp-content\/uploads\/2025\/07\/plantilla-para-web-2-238x300.png 238w, https:\/\/www.vet.una.py\/wp-content\/uploads\/2025\/07\/plantilla-para-web-2-812x1024.png 812w, https:\/\/www.vet.una.py\/wp-content\/uploads\/2025\/07\/plantilla-para-web-2-768x969.png 768w, https:\/\/www.vet.una.py\/wp-content\/uploads\/2025\/07\/plantilla-para-web-2-1217x1536.png 1217w\" sizes=\"(max-width: 1268px) 100vw, 1268px\" \/><\/figure>\n<\/figure>\n\n\n\n<h2 class=\"wp-elements-8d63c7f38e1bf75154c92c146a17e675 wp-block-heading has-work-sans-font-family has-text-color has-link-color\" id=\"ancla43\" style=\"color:#912f53;font-size:25px\">INVESTIGACI\u00d3N<\/h2>\n\n\n\n<p>El Departamento desarrolla actividades de&nbsp;investigaci\u00f3n aplicada, enfocadas en la calidad e inocuidad de alimentos de origen animal, principalmente carne, leche y sus derivados.<\/p>\n\n\n\n<p>En el \u00e1rea de&nbsp;leche y derivados, se procesan muestras provenientes de productores para realizar&nbsp;an\u00e1lisis f\u00edsico-qu\u00edmicos&nbsp;y&nbsp;microbiol\u00f3gicos, para que los estudiantes comprendan los fundamentos t\u00e9cnicos de los procedimientos.<\/p>\n\n\n\n<p>En&nbsp;carne y derivados, se desarrollan evaluaciones microbiol\u00f3gicas aplicadas a la calidad higi\u00e9nico-sanitaria de los productos procesados, integrando aspectos tecnol\u00f3gicos y normativos.<\/p>\n\n\n\n<p>Asimismo, el Departamento acompa\u00f1a a los estudiantes en el desarrollo de sus&nbsp;trabajos finales de grado, proporcionando soporte t\u00e9cnico, acceso a laboratorios especializados y orientaci\u00f3n en proyectos vinculados a la industria e inspecci\u00f3n de alimentos de origen animal.<\/p>\n\n\n\n<p>Esta combinaci\u00f3n de tecnolog\u00eda de avanzada, rigor t\u00e9cnico y recuperaci\u00f3n de m\u00e9todos tradicionales consolida al Departamento de Industrias Pecuarias como un espacio de referencia acad\u00e9mica y cient\u00edfica dentro de la Facultad.<\/p>\n\n\n\n<ul><li><a href=\"https:\/\/www.vet.una.py\/wp-content\/uploads\/2025\/07\/TRABAJOS-DE-INVESTIGACION.-INDUSTRIAS-LACTEAS.pdf\">Haga clic aqu\u00ed para ver los trabajos de investigaci\u00f3n<\/a><a href=\"http:\/\/Haga clic aqu\u00ed para ver los trabajos de investigaci\u00f3n.\">.<\/a><\/li><\/ul>\n\n\n\n<h2 class=\"wp-elements-928d4b2be50072347542932a4c3d2dd9 wp-block-heading has-work-sans-font-family has-text-color has-link-color\" id=\"ancla44\" style=\"color:#912f53;font-size:25px\">EXTENSI\u00d3N<\/h2>\n\n\n\n<p>Desarrolla una activa labor de&nbsp;extensi\u00f3n universitaria, fortaleciendo el v\u00ednculo entre la Facultad de Ciencias Veterinarias y la comunidad productiva.<\/p>\n\n\n\n<p>Entre sus principales actividades, ofrece&nbsp;orientaci\u00f3n y asesoramiento t\u00e9cnico&nbsp;a productores e industrias procesadoras de leche y carne, especialmente en temas relacionados con el control de calidad, la conservaci\u00f3n de productos y las buenas pr\u00e1cticas de manufactura.<\/p>\n\n\n\n<p>La infraestructura del Departamento, que ocupa una superficie de&nbsp;452 m\u00b2, permite la realizaci\u00f3n de&nbsp;capacitaciones, talleres y cursos pr\u00e1cticos, tanto en el \u00e1rea de productos l\u00e1cteos (como la&nbsp;elaboraci\u00f3n de quesos) como en la de productos c\u00e1rnicos (como la&nbsp;producci\u00f3n de chacinados). Estas actividades est\u00e1n dirigidas a estudiantes, productores, t\u00e9cnicos del sector agroindustrial y p\u00fablico en general interesado en la transformaci\u00f3n de alimentos de origen animal.<\/p>\n\n\n\n<p>Adem\u00e1s, el Departamento recibe&nbsp;visitas t\u00e9cnicas&nbsp;de delegaciones estudiantiles, grupos de productores y representantes de organismos p\u00fablicos y privados, promoviendo la&nbsp;transferencia de conocimientos y tecnolog\u00edas&nbsp;aplicadas a las industrias pecuarias.<\/p>\n\n\n\n<p>A trav\u00e9s de estas acciones de extensi\u00f3n, el Departamento de Industrias Pecuarias contribuye al&nbsp;fortalecimiento de las capacidades t\u00e9cnicas locales&nbsp;y a la mejora de la calidad de los productos alimentarios a nivel regional.<\/p>\n\n\n\n<h2 class=\"wp-elements-5822f16acc8cb2e08ab684b5c495969c has-text-align-left wp-block-heading has-work-sans-font-family has-text-color has-link-color\" id=\"ancla45\" style=\"color:#912f53;font-size:25px;margin-top:var:preset|spacing|50;margin-bottom:var:preset|spacing|50\">PRESTACI\u00d3N DE SERVICIOS<\/h2>\n\n\n\n<p>Ofrece una serie de&nbsp;servicios t\u00e9cnicos especializados&nbsp;dirigidos a productores, industrias y entidades vinculadas a la producci\u00f3n de alimentos de origen animal.<\/p>\n\n\n\n<h6 class=\"wp-block-heading has-work-sans-font-family\" style=\"font-size:18px\">Entre los servicios disponibles se destacan:<\/h6>\n\n\n\n<ul class=\"wp-block-list\" style=\"font-style:normal;font-weight:200\"><li>An\u00e1lisis f\u00edsico-qu\u00edmicos de leche y derivados, mediante equipos automatizados de alta precisi\u00f3n, complementados por la ense\u00f1anza y aplicaci\u00f3n de m\u00e9todos tradicionales en formaci\u00f3n acad\u00e9mica.<\/li><li>An\u00e1lisis microbiol\u00f3gicos de leche, carne y sus derivados, para evaluar la calidad higi\u00e9nico-sanitaria de los productos y garantizar su inocuidad.<\/li><li>Test de inhibidores para detecci\u00f3n de residuos de antibi\u00f3ticos en leche, herramienta fundamental para asegurar el cumplimiento de normativas sanitarias y proteger la salud p\u00fablica.<\/li><\/ul>\n\n\n\n<p>Estos servicios son prestados tanto en apoyo a los procesos formativos de los estudiantes como en respuesta a las necesidades t\u00e9cnicas del sector productivo, contribuyendo al fortalecimiento de la cadena agroalimentaria nacional.<\/p>\n\n\n\n<p>La calidad y confiabilidad de los resultados emitidos consolidan al Departamento como un referente en&nbsp;asistencia t\u00e9cnica y control de calidad&nbsp;dentro de la Facultad de Ciencias Veterinarias.<\/p>\n\n\n\n<h2 class=\"wp-elements-8a045c6252d8650280606f070d1923a5 has-text-align-left wp-block-heading has-work-sans-font-family has-text-color has-link-color\" id=\"ancla45\" style=\"color:#912f53;font-size:25px;margin-top:var:preset|spacing|50;margin-bottom:var:preset|spacing|50\">CONTACTO<\/h2>\n\n\n\n<h2 class=\"wp-block-heading has-poppins-font-family\" style=\"font-size:15px;margin-top:0;margin-bottom:0\">Jefe de Departamento: Dr. Rafael D\u00edaz Pereira<\/h2>\n\n\n\n<p style=\"font-size:15px;margin-top:0;margin-bottom:0\"><strong>Tel\u00e9fono: <\/strong>+595 21 585-576\/7<\/p>\n\n\n\n<p style=\"font-size:15px;margin-top:0;margin-bottom:0\"><strong>Correo electr\u00f3nico:<\/strong> sl_industriaspecuarias@vet.una.py<\/p>\n\n\n\n<div style=\"height:31px\" aria-hidden=\"true\" class=\"wp-block-spacer\"><\/div>\n","protected":false},"excerpt":{"rendered":"<p>El Departamento de Industrias Pecuarias es una unidad estrat\u00e9gica de la Facultad de Ciencias Veterinarias [&hellip;]<\/p>\n","protected":false},"author":1,"featured_media":1516,"parent":0,"menu_order":0,"comment_status":"closed","ping_status":"closed","template":"","meta":[],"_links":{"self":[{"href":"https:\/\/www.vet.una.py\/index.php?rest_route=\/wp\/v2\/pages\/432"}],"collection":[{"href":"https:\/\/www.vet.una.py\/index.php?rest_route=\/wp\/v2\/pages"}],"about":[{"href":"https:\/\/www.vet.una.py\/index.php?rest_route=\/wp\/v2\/types\/page"}],"author":[{"embeddable":true,"href":"https:\/\/www.vet.una.py\/index.php?rest_route=\/wp\/v2\/users\/1"}],"replies":[{"embeddable":true,"href":"https:\/\/www.vet.una.py\/index.php?rest_route=%2Fwp%2Fv2%2Fcomments&post=432"}],"version-history":[{"count":33,"href":"https:\/\/www.vet.una.py\/index.php?rest_route=\/wp\/v2\/pages\/432\/revisions"}],"predecessor-version":[{"id":6509,"href":"https:\/\/www.vet.una.py\/index.php?rest_route=\/wp\/v2\/pages\/432\/revisions\/6509"}],"wp:featuredmedia":[{"embeddable":true,"href":"https:\/\/www.vet.una.py\/index.php?rest_route=\/wp\/v2\/media\/1516"}],"wp:attachment":[{"href":"https:\/\/www.vet.una.py\/index.php?rest_route=%2Fwp%2Fv2%2Fmedia&parent=432"}],"curies":[{"name":"wp","href":"https:\/\/api.w.org\/{rel}","templated":true}]}}