{"id":4230,"date":"2025-06-11T09:48:05","date_gmt":"2025-06-11T12:48:05","guid":{"rendered":"https:\/\/www.vet.una.py\/?page_id=4230"},"modified":"2025-06-27T09:52:32","modified_gmt":"2025-06-27T12:52:32","slug":"division-de-ganado-ovino-y-caprino","status":"publish","type":"page","link":"https:\/\/www.vet.una.py\/?page_id=4230","title":{"rendered":"DIVISI\u00d3N DE GANADO OVINO Y CAPRINO"},"content":{"rendered":"\n<p><strong>La Divisi\u00f3n de Ganado Ovino y Caprino (DGOC)<\/strong> forma parte del Departamento de Producci\u00f3n Animal de la Facultad de Ciencias Veterinarias de la UNA. Est\u00e1 compuesta por dos secciones:<\/p>\n\n\n\n<p><strong>Secci\u00f3n Caprina:<\/strong> orientada a la producci\u00f3n de leche, con ejemplares de las razas Saanen, Toggenburg y Anglonubian.<\/p>\n\n\n\n<p><strong>Secci\u00f3n Ovina:<\/strong> enfocada en la producci\u00f3n de carne, con ovinos de cruza Dorper.<\/p>\n\n\n\n<p>Esta divisi\u00f3n constituye un pilar fundamental en la formaci\u00f3n pr\u00e1ctica de los estudiantes, quienes tienen la oportunidad de adquirir conocimientos aplicados y acompa\u00f1ar procesos productivos reales junto a productores.<\/p>\n\n\n\n<h3 class=\"has-text-color\" style=\"color:#921f53\">DOCENCIA<\/h3>\n\n\n\n<p><strong>La Divisi\u00f3n est\u00e1 vinculada a las siguientes asignaturas:<\/strong><\/p>\n\n\n\n<ul style=\"font-style:normal;font-weight:200\"><li>Producci\u00f3n Ovina y Caprina<\/li><li>Patolog\u00eda&nbsp;&nbsp;&nbsp;&nbsp;&nbsp;<\/li><li>Reproducci\u00f3n Animal<\/li><li>Patolog\u00eda y Cl\u00ednica de Rumiantes<\/li><\/ul>\n\n\n\n<p><strong>Equipo docente:<\/strong><\/p>\n\n\n\n<ul style=\"font-style:normal;font-weight:200\"><li>Dr. C\u00e9sar Morales<\/li><li>Dra. Alexandra Paul<\/li><li>Dra. Miriam Meza<\/li><li>Dr. Daniel Castellani<\/li><li>Dr. Juan Ovelar<\/li><\/ul>\n\n\n\n<figure class=\"wp-container-2 wp-block-gallery-1 wp-block-gallery has-nested-images columns-default is-cropped\">\n<figure class=\"wp-block-image size-large\"><img loading=\"lazy\" width=\"1600\" height=\"900\" data-id=\"1686\"  src=\"https:\/\/www.vet.una.py\/wp-content\/uploads\/2025\/03\/WhatsApp-Image-2025-03-27-at-12.36.03.jpeg\" alt=\"\" class=\"wp-image-1686\"\/><\/figure>\n\n\n\n<figure class=\"wp-block-image size-large\"><img loading=\"lazy\" width=\"1600\" height=\"918\" data-id=\"1685\"  src=\"https:\/\/www.vet.una.py\/wp-content\/uploads\/2025\/03\/WhatsApp-Image-2025-03-27-at-12.36.02-1.jpeg\" alt=\"\" class=\"wp-image-1685\"\/><\/figure>\n\n\n\n<figure class=\"wp-block-image size-large\"><img loading=\"lazy\" width=\"1600\" height=\"901\" data-id=\"1688\"  src=\"https:\/\/www.vet.una.py\/wp-content\/uploads\/2025\/03\/WhatsApp-Image-2025-03-27-at-12.36.01.jpeg\" alt=\"\" class=\"wp-image-1688\"\/><\/figure>\n<\/figure>\n\n\n\n<h3 class=\"has-text-color\" style=\"color:#921f53\">EXTENSI\u00d3N<\/h3>\n\n\n\n<p>La DGOC realiza actividades de extensi\u00f3n orientadas a estudiantes, productores y profesionales del sector:<\/p>\n\n\n\n<ul style=\"font-style:normal;font-weight:200\"><li>Asesoramiento t\u00e9cnico en sanidad y producci\u00f3n.<\/li><li>Charlas educativas, jornadas y cursos de capacitaci\u00f3n.<\/li><\/ul>\n\n\n\n<h3 class=\"has-text-color\" style=\"color:#921f53\">PRESTACI\u00d3N DE SERVICIOS<\/h3>\n\n\n\n<p><strong>La Divisi\u00f3n ofrece:<\/strong><\/p>\n\n\n\n<ul style=\"font-style:normal;font-weight:200\"><li>Asesoramiento especializado a productores.<\/li><li>Capacitaciones t\u00e9cnicas dirigidas a estudiantes, profesionales y productores.<\/li><li>Oportunidades de pasant\u00eda.<\/li><li>Organizaci\u00f3n de eventos de divulgaci\u00f3n cient\u00edfica.<\/li><li>Venta de animales seleccionados.<\/li><\/ul>\n\n\n\n<h3 class=\"has-text-color\" style=\"color:#921f53\">CONTACTO<\/h3>\n\n\n\n<p style=\"line-height:1\"><strong>Jefe de la Divisi\u00f3n: Dr. C\u00e9sar Morales<\/strong><\/p>\n\n\n\n<h6 style=\"line-height:0\">Correo electr\u00f3nico: cmorales@vet.una.py \/ ovicap@vet.una.py<\/h6>\n\n\n\n<p style=\"line-height:1\"><strong>Tel\u00e9fono: <\/strong>(0981) 119 456\u2003<\/p>\n\n\n\n<div style=\"height:52px\" aria-hidden=\"true\" class=\"wp-block-spacer\"><\/div>\n\n\n\n<div style=\"height:31px\" aria-hidden=\"true\" class=\"wp-block-spacer\"><\/div>\n","protected":false},"excerpt":{"rendered":"<p>La Divisi\u00f3n de Ganado Ovino y Caprino (DGOC) forma parte del Departamento de Producci\u00f3n Animal [&hellip;]<\/p>\n","protected":false},"author":4,"featured_media":4350,"parent":0,"menu_order":0,"comment_status":"closed","ping_status":"closed","template":"","meta":[],"_links":{"self":[{"href":"https:\/\/www.vet.una.py\/index.php?rest_route=\/wp\/v2\/pages\/4230"}],"collection":[{"href":"https:\/\/www.vet.una.py\/index.php?rest_route=\/wp\/v2\/pages"}],"about":[{"href":"https:\/\/www.vet.una.py\/index.php?rest_route=\/wp\/v2\/types\/page"}],"author":[{"embeddable":true,"href":"https:\/\/www.vet.una.py\/index.php?rest_route=\/wp\/v2\/users\/4"}],"replies":[{"embeddable":true,"href":"https:\/\/www.vet.una.py\/index.php?rest_route=%2Fwp%2Fv2%2Fcomments&post=4230"}],"version-history":[{"count":15,"href":"https:\/\/www.vet.una.py\/index.php?rest_route=\/wp\/v2\/pages\/4230\/revisions"}],"predecessor-version":[{"id":5200,"href":"https:\/\/www.vet.una.py\/index.php?rest_route=\/wp\/v2\/pages\/4230\/revisions\/5200"}],"wp:featuredmedia":[{"embeddable":true,"href":"https:\/\/www.vet.una.py\/index.php?rest_route=\/wp\/v2\/media\/4350"}],"wp:attachment":[{"href":"https:\/\/www.vet.una.py\/index.php?rest_route=%2Fwp%2Fv2%2Fmedia&parent=4230"}],"curies":[{"name":"wp","href":"https:\/\/api.w.org\/{rel}","templated":true}]}}