{"id":4226,"date":"2025-06-11T09:43:41","date_gmt":"2025-06-11T12:43:41","guid":{"rendered":"https:\/\/www.vet.una.py\/?page_id=4226"},"modified":"2025-06-27T09:51:43","modified_gmt":"2025-06-27T12:51:43","slug":"division-de-cunicultura","status":"publish","type":"page","link":"https:\/\/www.vet.una.py\/?page_id=4226","title":{"rendered":"DIVISI\u00d3N DE CUNICULTURA"},"content":{"rendered":"\n<p><strong>La Divisi\u00f3n de Cunicultura<\/strong> forma parte del Departamento de Producci\u00f3n Animal de la Facultad de Ciencias Veterinarias de la UNA. Su objetivo principal es servir como unidad did\u00e1ctica para la formaci\u00f3n de estudiantes y productores, mediante pr\u00e1cticas, demostraciones y asesoramiento t\u00e9cnico.<\/p>\n\n\n\n<p>Cuenta con dos galpones funcionales: uno de tipo industrial y otro r\u00fastico, destinados a actividades de ense\u00f1anza y extensi\u00f3n. Actualmente se alberga una poblaci\u00f3n permanente de 40 hembras y 8 machos reproductores.<\/p>\n\n\n\n<h3 class=\"has-text-color\" style=\"color:#921f53\">DOCENCIA<\/h3>\n\n\n\n<p>La Divisi\u00f3n es responsable de la asignatura Cunicultura, impartida en la carrera de Ciencias Veterinarias.<\/p>\n\n\n\n<p><strong>Equipo docente:<\/strong><\/p>\n\n\n\n<ul><li>Dr. Manuel Samaniego<\/li><li>Dr. Dar\u00edo Mareco<\/li><li>Dra. MSc. Agustina Garay<\/li><li>Dra. Josefina Acosta<\/li><li>Dra. Liza Lezcano<\/li><li>Dr. Jos\u00e9 Mart\u00ednez<\/li><li>Dr. MSc. Oscar G\u00f3mez Barrios<\/li><\/ul>\n\n\n\n<h3 class=\"has-text-color\" style=\"color:#921f53\">INVESTIGACI\u00d3N<\/h3>\n\n\n\n<p>La Divisi\u00f3n impulsa activamente trabajos de investigaci\u00f3n en colaboraci\u00f3n con estudiantes de grado. En el presente periodo se encuentran aprobados tres trabajos de tesis que est\u00e1n siendo desarrollados bajo la supervisi\u00f3n del equipo docente.<\/p>\n\n\n\n<figure class=\"wp-container-2 wp-block-gallery-1 wp-block-gallery has-nested-images columns-default is-cropped\">\n<figure class=\"wp-block-image size-large\"><img loading=\"lazy\" width=\"1600\" height=\"901\" data-id=\"1682\"  src=\"https:\/\/www.vet.una.py\/wp-content\/uploads\/2025\/03\/WhatsApp-Image-2025-03-27-at-12.38.17.jpeg\" alt=\"\" class=\"wp-image-1682\"\/><\/figure>\n\n\n\n<figure class=\"wp-block-image size-large\"><img loading=\"lazy\" width=\"1600\" height=\"901\" data-id=\"1684\"  src=\"https:\/\/www.vet.una.py\/wp-content\/uploads\/2025\/03\/WhatsApp-Image-2025-03-27-at-12.38.16.jpeg\" alt=\"\" class=\"wp-image-1684\"\/><\/figure>\n\n\n\n<figure class=\"wp-block-image size-large\"><img loading=\"lazy\" width=\"1024\" height=\"576\" data-id=\"4372\"  src=\"https:\/\/www.vet.una.py\/wp-content\/uploads\/2025\/06\/20250212_085953-1024x576.jpg\" alt=\"\" class=\"wp-image-4372\" srcset=\"https:\/\/www.vet.una.py\/wp-content\/uploads\/2025\/06\/20250212_085953-1024x576.jpg 1024w, https:\/\/www.vet.una.py\/wp-content\/uploads\/2025\/06\/20250212_085953-300x169.jpg 300w, https:\/\/www.vet.una.py\/wp-content\/uploads\/2025\/06\/20250212_085953-768x432.jpg 768w, https:\/\/www.vet.una.py\/wp-content\/uploads\/2025\/06\/20250212_085953-1536x864.jpg 1536w, https:\/\/www.vet.una.py\/wp-content\/uploads\/2025\/06\/20250212_085953-2048x1153.jpg 2048w\" sizes=\"(max-width: 1024px) 100vw, 1024px\" \/><\/figure>\n<\/figure>\n\n\n\n<h3 class=\"has-text-color\" style=\"color:#921f53\">EXTENSI\u00d3N<\/h3>\n\n\n\n<p>Adem\u00e1s de sus funciones docentes, la Divisi\u00f3n de Cunicultura lleva adelante diversas actividades de extensi\u00f3n orientadas a la comunidad acad\u00e9mica y al p\u00fablico en general:<\/p>\n\n\n\n<ul style=\"font-style:normal;font-weight:200\"><li>Reproducci\u00f3n y manejo de conejos.<\/li><li>Venta de gazapos y reproductores.<\/li><li>Demostraciones pr\u00e1cticas y asesoramiento a productores.<\/li><li>Realizaci\u00f3n de cursos de capacitaci\u00f3n para estudiantes y productores.<\/li><li>Asistencia t\u00e9cnica a visitantes y grupos educativos.<\/li><\/ul>\n\n\n\n<h3 class=\"has-text-color\" style=\"color:#921f53\">PRESTACI\u00d3N DE SERVICIOS<\/h3>\n\n\n\n<p>La infraestructura de la Divisi\u00f3n est\u00e1 disponible como modelo de cr\u00eda para productores, estudiantes, colegios y escuelas que deseen conocer y aprender sobre la cunicultura. Tambi\u00e9n se ofrece la posibilidad de realizar pasant\u00edas y visitas guiadas.<\/p>\n\n\n\n<h3 class=\"has-text-color\" style=\"color:#921f53\">CONTACTO<\/h3>\n\n\n\n<p>Tel\u00e9fono: (0981) 348 638<\/p>\n\n\n\n<h6 style=\"line-height:0\">Correo electr\u00f3nico: <a href=\"mailto:cunicultura@vet.una.py\">cunicultura@vet.una.py<\/a><\/h6>\n\n\n\n<div style=\"height:54px\" aria-hidden=\"true\" class=\"wp-block-spacer\"><\/div>\n\n\n\n<div style=\"height:37px\" aria-hidden=\"true\" class=\"wp-block-spacer\"><\/div>\n","protected":false},"excerpt":{"rendered":"<p>La Divisi\u00f3n de Cunicultura forma parte del Departamento de Producci\u00f3n Animal de la Facultad de [&hellip;]<\/p>\n","protected":false},"author":4,"featured_media":4349,"parent":0,"menu_order":0,"comment_status":"closed","ping_status":"closed","template":"","meta":[],"_links":{"self":[{"href":"https:\/\/www.vet.una.py\/index.php?rest_route=\/wp\/v2\/pages\/4226"}],"collection":[{"href":"https:\/\/www.vet.una.py\/index.php?rest_route=\/wp\/v2\/pages"}],"about":[{"href":"https:\/\/www.vet.una.py\/index.php?rest_route=\/wp\/v2\/types\/page"}],"author":[{"embeddable":true,"href":"https:\/\/www.vet.una.py\/index.php?rest_route=\/wp\/v2\/users\/4"}],"replies":[{"embeddable":true,"href":"https:\/\/www.vet.una.py\/index.php?rest_route=%2Fwp%2Fv2%2Fcomments&post=4226"}],"version-history":[{"count":8,"href":"https:\/\/www.vet.una.py\/index.php?rest_route=\/wp\/v2\/pages\/4226\/revisions"}],"predecessor-version":[{"id":5199,"href":"https:\/\/www.vet.una.py\/index.php?rest_route=\/wp\/v2\/pages\/4226\/revisions\/5199"}],"wp:featuredmedia":[{"embeddable":true,"href":"https:\/\/www.vet.una.py\/index.php?rest_route=\/wp\/v2\/media\/4349"}],"wp:attachment":[{"href":"https:\/\/www.vet.una.py\/index.php?rest_route=%2Fwp%2Fv2%2Fmedia&parent=4226"}],"curies":[{"name":"wp","href":"https:\/\/api.w.org\/{rel}","templated":true}]}}