{"id":372,"date":"2025-02-20T09:13:46","date_gmt":"2025-02-20T12:13:46","guid":{"rendered":"http:\/\/10.1.5.86\/?page_id=372"},"modified":"2025-07-21T09:06:26","modified_gmt":"2025-07-21T12:06:26","slug":"resoluciones","status":"publish","type":"page","link":"https:\/\/www.vet.una.py\/?page_id=372","title":{"rendered":"Resoluciones"},"content":{"rendered":"\n<div style=\"height:1px\" aria-hidden=\"true\" class=\"wp-block-spacer\"><\/div>\n\n\n\n<p><strong><a href=\"https:\/\/www.vet.una.py\/wp-content\/uploads\/2025\/07\/res_0323-00-2022_becas.pdf\" data-type=\"URL\" data-id=\"https:\/\/www.vet.una.py\/wp-content\/uploads\/2025\/07\/res_0323-00-2022_becas.pdf\">Resoluci\u00f3n N\u00ba 0323-00-2022:<\/a><\/strong><em><a href=\"https:\/\/www.vet.una.py\/wp-content\/uploads\/2025\/07\/res_0323-00-2022_becas.pdf\" data-type=\"URL\" data-id=\"https:\/\/www.vet.una.py\/wp-content\/uploads\/2025\/07\/res_0323-00-2022_becas.pdf\">\u201cPOR LA CUAL SE APRUEBA EL REGLAMENTO GENERAL DE ADJUDICACION Y RENDICION DE CUENTAS DE BECAS DE LA UNIVERSIDAD NACIONAL DE ASUNCION\u201d<\/a><\/em><\/p>\n\n\n\n<p><strong><a href=\"https:\/\/drive.google.com\/file\/d\/10j1fmoYTyVyQHLFYGVwxpBu5z1XsVKU_\/view\">Resoluci\u00f3n N\u00ba 331\/2021:<\/a><\/strong><em><a href=\"https:\/\/drive.google.com\/file\/d\/10j1fmoYTyVyQHLFYGVwxpBu5z1XsVKU_\/view\">\u201cPOR LA CUAL SE ESTABLECEN LOS ARANCELES CORRESPONDIENTES A SERVICIOS OFRECIDOS POR EL DEPARTAMENTO DE CLINICA VETERINARIA DE LA FACULTAD DE CIENCIAS VETERINARIAS DE LA UNIVERSIDAD NACIONAL DE ASUNCION\u201d<\/a><\/em><\/p>\n\n\n\n<p><strong><a href=\"https:\/\/drive.google.com\/file\/d\/13j6CDo4w7tJXrVdw7GIj8cDStplBjXDR\/view\">Resoluci\u00f3n N\u00ba 296\/2021:<\/a><\/strong><em><a href=\"https:\/\/drive.google.com\/file\/d\/13j6CDo4w7tJXrVdw7GIj8cDStplBjXDR\/view\">\u201cPOR LA CUAL SE ESTABLECEN LOS ARANCELES CORRESPONDIENTES A SERVICIOS DE LABORATORIO DE LA FACULTAD DE CIENCIAS VETERINARIAS DE LA UNIVERSIDAD NACIONAL DE ASUNCION\u201d<\/a><\/em><\/p>\n\n\n\n<p><strong><a href=\"https:\/\/drive.google.com\/file\/d\/1OyRCHmY54u6rnnnvm4Qmg1AXi3bc5zH4\/view\">Resoluci\u00f3n N\u00ba 97\/2020:<\/a><\/strong><em><a href=\"https:\/\/drive.google.com\/file\/d\/1OyRCHmY54u6rnnnvm4Qmg1AXi3bc5zH4\/view\">\u201cPOR LA CUAL SE ESTABLECEN LOS SERVICIOS B\u00c1SICOS IMPRESCINDIBLES EN LA FACULTAD DE CIENCIAS VETERINARIAS SEDE SAN LORENZO Y FILIALES, DURANTE LA VIGENCIA DE LA RESOLUCI\u00d3N Nro 0115-00-2020 DEL CONSEJO SUPERIOR UNIVERSITARIO DE LA UNIVERSIDAD NACIONAL DE ASUNCI\u00d3N\u201d<\/a><\/em><\/p>\n\n\n\n<p><strong><a href=\"https:\/\/drive.google.com\/file\/d\/1gyq9Ok6PN_1ct9_klssIKHW0cV6ZFfK4\/view\">Resoluci\u00f3n N\u00b0 0762-00-2019: <\/a><\/strong><em><a href=\"https:\/\/drive.google.com\/file\/d\/1gyq9Ok6PN_1ct9_klssIKHW0cV6ZFfK4\/view\">\u201cPOR LA CUAL SE HOMOLOGA LA RESOLUCION N\u00ba 641-00-19 DE FECHA 08 DE OCTUBRE DE 2019, ACTA 27 DE CONSEJO DIRECTIVO DE LA FCV, REFERENTE A LOS RESULTADOS DE LOS COMICIOS ELECTORALES DE LA ELECCION DE REPRESENTANTES TITULARES Y SUPLENTES DE LOS ESTAMENTOS DOCENTES Y NO GRADUADOS ANTE LA ASAMBLEA UNIVERSITARIA, EL CONSEJO SUPERIOR UNIVERSITARIO, EL CONSEJO DIRECTIVO Y EL TRIBUNAL ELECTORAL INDEPENDIENTE, PERIODO 2019 \u2013 2022\u201d.<\/a><\/em><\/p>\n\n\n\n<p><strong><a href=\"https:\/\/drive.google.com\/file\/d\/1JQQBtqKhYrVOxGhjbzYsp1Mr2rhVtxkW\/view\">Resoluci\u00f3n N\u00b0 757-01-2018: <\/a><\/strong><em><a href=\"https:\/\/drive.google.com\/file\/d\/1JQQBtqKhYrVOxGhjbzYsp1Mr2rhVtxkW\/view\">\u201cPOR LA CUAL SE APRUEBA EL CALENDARIO DE ACTIVIDADES Y REQUISITOS PARA EL CURSO PREPARATORIO DE INGRESO A LA FACULTAD DE CIENCIAS VETERINARIAS DE LA UNIVERSIDAD NACIONAL DE ASUNCION, FILIALES: SAN JUAN BAUTISTA \u2013 MISIONES, CONCEPCI\u00d3N, CAAZAP\u00c1 Y SAN ESTANISLAO, PERIODO 2019\u201d.<\/a><\/em><\/p>\n\n\n\n<p><strong><a href=\"https:\/\/drive.google.com\/file\/d\/1v1OH62DvEb5fyoN3Z1pfK9QaFvNGSC2t\/view\">Resoluci\u00f3n N\u00b0 757-00-2018: <\/a><\/strong><em><a href=\"https:\/\/drive.google.com\/file\/d\/1v1OH62DvEb5fyoN3Z1pfK9QaFvNGSC2t\/view\">\u201cPOR LA CUAL SE APRUEBA EL CALENDARIO DE ACTIVIDADES Y REQUISITOS PARA EL CURSO PREPARATORIO DE INGRESO A LA FACULTAD DE CIENCIAS VETERINARIAS DE LA UNIVERSIDAD NACIONAL DE ASUNCION, SEDE SAN LORENZO, PERIODO 2019\u201d.<\/a><\/em><\/p>\n\n\n\n<p><strong><a href=\"https:\/\/drive.google.com\/file\/d\/1FBCK9ZYjz6r9e0jbqVKj8dn92cb-pUff\/view\">Resoluci\u00f3n N\u00b0 610-00-2018: <\/a><\/strong><em><a href=\"https:\/\/drive.google.com\/file\/d\/1FBCK9ZYjz6r9e0jbqVKj8dn92cb-pUff\/view\">\u201cPOR LA CUAL SE RECTIFICA LA RESOLUCI\u00d3N N\u00b0 527-00-18, ACTA N\u00b0 23\/2018, Y SE READECUA EL PLAN CURRICULAR DE LA CARRERA DE CIENCIAS VETERINARIAS DE LA FACULTAD DE CIENCIAS VETERINARIAS DE LA UNIVERSIDAD NACIONAL DE ASUNCI\u00d3N\u201d.<\/a><\/em><\/p>\n\n\n\n<p><a href=\"https:\/\/drive.google.com\/file\/d\/1OLTRkaaM_fmdKNTRxDc_OLRAzeG8RTqm\/view\"><strong>Resoluci\u00f3n N\u00b0 04-00-2018:<\/strong>&nbsp;<em>\u201cPOR LA CUAL SE APRUEBAN LAS CANDIDATURAS PARA LOS COMICIOS DE ESTUDIANTES DE LA FCV UNA, A LOS EFECTOS DE ELEGIR REPRESENTANTES TITULARES Y SUPLENTES ANTE LA ASAMBLEA UNIVERSITARIA, CONSEJO SUPERIOR UNIVERSITARIO, CONSEJO DIRECTIVO Y TRIBUNAL INDEPENDIENTE, PERIODO 2018 \u2013 2020\u201d.<\/em><\/a><\/p>\n\n\n\n<p><a href=\"https:\/\/www.vet.una.py\/wp-content\/uploads\/2025\/07\/RES_63-01-18_horario_exam_parciales_fcvuna.pdf\"><strong>Resoluci\u00f3n N\u00b0 064-01-18:<\/strong>&nbsp;<em>\u201cPOR LA CUAL SE ESTABLECE EL HORARIO DE EX\u00c1MENES PARCIALES Y REGULARIZACIONES DE LA FCV UNA, SEDE SAN LORENZO, PERIODO 2017\/2018\u201d.<\/em><\/a><\/p>\n\n\n\n<p><a href=\"https:\/\/www.vet.una.py\/wp-content\/uploads\/2025\/07\/RES_53-2018_aranceles_piscicultura-scaled.jpg\"><strong>Resoluci\u00f3n N\u00b0 053\/2018:<\/strong>&nbsp;<em>\u201cPOR LA CUAL SE ESTABLECEN LOS ARANCELES CORRESPONDIENTES A LA VENTA DE PECES Y PRECIOS DE AN\u00c1LISIS REALIZADOS EN EL LABORATORIO DE DIAGN\u00d3STICO DE ENFERMEDADES Y CALIDAD DEL AGUA DEL DPTO. DE PESCA Y ACUICULTURA DE LA FCV UNA, SEDE SAN LORENZO\u201d.<\/em><\/a><\/p>\n\n\n\n<p><a href=\"https:\/\/www.vet.una.py\/wp-content\/uploads\/2025\/07\/Resolucion_685-03-16_Acta_30-2016.pdf\"><strong>Resoluci\u00f3n N\u00b0 685-03-16:<\/strong>&nbsp;<em>\u201cPOR LA CUAL SE APRUEBA EL REGLAMENTO DE CAPACITACI\u00d3N DE FUNCIONARIOS DE LA FCV-UNA\u201d<\/em><\/a><\/p>\n\n\n\n<p><a href=\"https:\/\/www.vet.una.py\/wp-content\/uploads\/2025\/07\/Resolucion_685-02-16_Acta_30-2016.pdf\"><strong>Resoluci\u00f3n N\u00b0 685-02-16:<\/strong>&nbsp;<em>\u201cPOR LA CUAL SE ESTABLECEN LOS PERFILES DE CARGOS DE LA FCV-UNA\u201d<\/em><\/a><\/p>\n\n\n\n<p><a href=\"https:\/\/www.vet.una.py\/wp-content\/uploads\/2025\/07\/Resolucion_685-01-16_Acta_30-2016.pdf\"><strong>Resoluci\u00f3n N\u00b0 685-01-16:<\/strong>&nbsp;<em>\u201cPOR LA CUAL SE APRUEBA EL REGLAMENTO DE BIENESTAR SOCIAL DE FUNCIONARIOS DE LA FCV-UNA\u201d<\/em><\/a><\/p>\n\n\n\n<p><a href=\"https:\/\/www.vet.una.py\/wp-content\/uploads\/2025\/07\/Resolucion_666-01-16_Acta_29-2016.pdf\" data-type=\"URL\" data-id=\"https:\/\/www.vet.una.py\/wp-content\/uploads\/2025\/07\/Resolucion_666-01-16_Acta_29-2016.pdf\"><strong>Resoluci\u00f3n N\u00b0 685-00-16:<\/strong>&nbsp;<em>\u201cPOR LA CUAL SE APRUEBA EL PROTOCOLO DE BUEN GOBIERNO DE LA FCV-UNA\u201d<\/em><\/a><\/p>\n\n\n\n<p><a href=\"https:\/\/www.vet.una.py\/wp-content\/uploads\/2025\/07\/Resolucion_666-01-16_Acta_29-2016.pdf\"><strong>Resoluci\u00f3n N\u00b0 666-01-16:<\/strong>&nbsp;<em>\u201cPOR LA CUAL SE APRUEBA EL C\u00d3DIGO DE \u00c9TICA DE LA FCV-UNA\u201d<\/em><\/a><\/p>\n\n\n\n<p><a href=\"https:\/\/www.vet.una.py\/wp-content\/uploads\/2025\/07\/06-scaled.jpg\"><strong>Resoluci\u00f3n N\u00b0 660-05-16:<\/strong>&nbsp;<em>\u201cPOR LA CUAL SE CONFORMA LA COMISI\u00d3N DE EVALUACI\u00d3N Y SEGUIMIENTO DEL PLAN OPERATIVO ANUAL DEL CONSEJO DIRECTIVO DE LA FCV-UNA, PERIODO ACAD\u00c9MICO 2016-2017\u201d<\/em><\/a><\/p>\n\n\n\n<p><a href=\"https:\/\/www.vet.una.py\/wp-content\/uploads\/2025\/07\/05-scaled.jpg\"><strong>Resoluci\u00f3n N\u00b0 660-04-16:<\/strong>&nbsp;<em>\u201cPOR LA CUAL SE CONFORMA LA COMISI\u00d3N DE ADMISI\u00d3N DEL CONSEJO DIRECTIVO DE LA FCV-UNA, PERIODO ACAD\u00c9MICO 2016-2017\u201d<\/em><\/a><\/p>\n\n\n\n<p><a href=\"https:\/\/www.vet.una.py\/wp-content\/uploads\/2025\/07\/04-scaled.jpg\"><strong>Resoluci\u00f3n N\u00b0 660-03-16:<\/strong>&nbsp;<em>\u201cPOR LA CUAL SE CONFORMA LA COMISI\u00d3N DE BECAS Y EXONERACIONES DEL CONSEJO DIRECTIVO DE LA FCV-UNA, PERIODO ACAD\u00c9MICO 2016-2017\u201d<\/em><\/a><\/p>\n\n\n\n<p><a href=\"https:\/\/www.vet.una.py\/wp-content\/uploads\/2025\/07\/03-scaled.jpg\"><strong>Resoluci\u00f3n N\u00b0 660-02-16:<\/strong>&nbsp;<em>\u201cPOR LA CUAL SE CONFORMA LA COMISI\u00d3N DE ASUNTOS ADMINISTRATIVOS DEL CONSEJO DIRECTIVO DE LA FCV-UNA, PERIODO ACAD\u00c9MICO 2016-2017\u201d<\/em><\/a><\/p>\n\n\n\n<p><a href=\"https:\/\/www.vet.una.py\/wp-content\/uploads\/2025\/07\/02-scaled.jpg\"><strong>Resoluci\u00f3n N\u00b0 660-01-16:<\/strong>&nbsp;<em>\u201cPOR LA CUAL SE CONFORMA LA COMISI\u00d3N DE ASUNTOS LEGALES Y REGLAMENTOS DEL CONSEJO DIRECTIVO DE LA FCV-UNA, PERIODO ACAD\u00c9MICO 2016-2017\u201d<\/em><\/a><\/p>\n\n\n\n<p><a href=\"https:\/\/www.vet.una.py\/wp-content\/uploads\/2025\/07\/01-scaled.jpg\"><strong>Resoluci\u00f3n N\u00b0 660-00-16:<\/strong>&nbsp;<em>\u201cPOR LA CUAL SE CONFORMA LA COMISI\u00d3N ACAD\u00c9MICA DEL CONSEJO DIRECTIVO DE LA FCV-UNA, PERIODO ACAD\u00c9MICO 2016-2017\u201d<\/em><\/a><\/p>\n\n\n\n<p><a href=\"https:\/\/www.vet.una.py\/wp-content\/uploads\/2025\/07\/Resolucion_586-00-16_Acta_24-2016.pdf\"><strong>Resoluci\u00f3n N\u00b0 586-00-16:<\/strong>&nbsp;<em>\u201cPOR LA CUAL SE DESIGNAN LOS MIEMBROS DEL MODELO ESTANDAR DE CONTROL INTERNO DEL PARAGUAY (MECIP), DE LA FCV-UNA, A\u00d1O 2016\u201d<\/em><\/a><\/p>\n\n\n\n<p><a href=\"https:\/\/www.vet.una.py\/wp-content\/uploads\/2025\/07\/RESOLUCION_N5.pdf\"><strong>Resoluci\u00f3n N\u00b0 05\/16:<\/strong>&nbsp;<em>\u201cPOR LA CUAL SE DESIGNAN INTEGRANTES DE LAS MESAS RECEPTORAS DE VOTOS PARA LOS COMICIOS UNIVERSITARIOS 2016 DE LA FCV-UNA, A FIN DE ELEGIR MIEMBROS TITULARES Y SUPLENTES DEL CONSEJO DIRECTIVO, TRIBUNAL ELECTORAL INDEPENDIENTE, ASAMBLEA UNIVERSITARIA Y CONSEJO SUPERIOR UNIVERSITARIO\u201d<\/em><\/a><\/p>\n\n\n\n<p><a href=\"http:\/\/10.1.5.68\/web\/\"><strong>Resoluci\u00f3n N\u00b0 240-00-2015:<\/strong>&nbsp;<em>\u201cPOR LA CUAL SE NOMBRAN PROFESORES DE LA FCV-UNA\u201d<\/em><\/a><\/p>\n\n\n\n<p><a href=\"https:\/\/www.vet.una.py\/wp-content\/uploads\/2025\/07\/Rebollo.pdf\" data-type=\"URL\" data-id=\"https:\/\/www.vet.una.py\/wp-content\/uploads\/2025\/07\/Rebollo.pdf\" target=\"_blank\" rel=\"noreferrer noopener\"><strong>Resoluci\u00f3n N\u00b0 0158-00-2015<\/strong><\/a><strong>:<\/strong><a href=\"https:\/\/www.vet.una.py\/wp-content\/uploads\/2025\/07\/Rebollo.pdf\"><em>\u201cPOR LA CUAL SE REMITE A LA COMISI\u00d3N ASESORA PERMANENTE DE ASUNTOS LEGALES EL RECURSO DE APELACI\u00d3N CONTRA LA RESOLUCI\u00d3N N\u00b0 122-00-15 DEL CONSEJO DIRECTIVO DE LA FCV-UNA DE RESOLUCI\u00d3N, INTERPUESTO POR EL PROF. DR, JULIO CESAR OVELAR REBOLLO\u201d<\/em><\/a><\/p>\n\n\n\n<p><a href=\"https:\/\/www.vet.una.py\/wp-content\/uploads\/2025\/07\/Rebollo.pdf\"><strong>Resoluci\u00f3n N\u00b0 046-00-2015:<\/strong>&nbsp;<em>\u201cPOR LA CUAL SE NOMBRAN PROFESORES DE LA FCV-UNA\u201d<\/em><\/a><\/p>\n\n\n\n<p><a href=\"https:\/\/www.vet.una.py\/wp-content\/uploads\/2025\/07\/Resolucion_405-00-14_Acta_26-2014.pdf\"><strong>Resoluci\u00f3n N\u00b0 405-00-14:<\/strong>&nbsp;<em>\u201cPOR LA CUAL SE APRUEBA EL PLAN ESTRAT\u00c9GICO QUINQUENAL 2015-2019 DE LA FCV-UNA\u201d<\/em><\/a><\/p>\n\n\n\n<p><a href=\"https:\/\/www.vet.una.py\/wp-content\/uploads\/2025\/07\/resol366.pdf\"><strong>Resoluci\u00f3n N\u00b0 366-00-2014:<\/strong>&nbsp;<em>\u201cPOR LA CUAL SE NOMBRAN PROFESORES DE LA FCV-UNA\u201d<\/em><\/a><\/p>\n\n\n\n<p><strong>Resoluci\u00f3n N\u00b0 253-00-2014:<\/strong>&nbsp;<em>\u201cPOR LA CUAL SE NOMBRAN PROFESORES DE LA FCV-UNA\u201d<\/em><\/p>\n\n\n\n<p><a href=\"https:\/\/www.vet.una.py\/wp-content\/uploads\/2025\/07\/elecciones_2013-2016.pdf\"><strong>Resoluci\u00f3n CSU N\u00b0 505-00-2013:<\/strong>&nbsp;<em>\u201cPOR LA CUAL SE APRUEBAN LOS RESULTADOS DE LOS COMICIOS DE DOCENTES (PERIODO 2013-2016) Y DE EGRESADOS NO DOCENTES (PERIODO 2013-2016), REALIZADOS EN LAS FACULTADES DE DERECHO Y CIENCIAS SOCIALES; CIENCIAS MEDICAS; INGENIER\u00cdA; CIENCIAS ECON\u00d3MICAS; ODONTOLOG\u00cdA; CIENCIAS QU\u00cdMICAS; FILOSOF\u00cdA; CIENCIAS AGRARIAS; CIENCIAS VETERINARIAS; ARQUITECTURA; DISE\u00d1O Y ARTE; POLIT\u00c9CNICA Y CIENCIAS EXACTAS Y NATURALES, PARA INTEGRAR LA ASAMBLEA UNIVERSITARIA Y EL CONSEJO SUPERIOR UNIVERSITARIO, Y SE LOS PONE EN POSESI\u00d3N DE CARGO A PARTIR DEL MES DE NOVIEMBRE DE 2013\u201d<\/em><\/a><\/p>\n\n\n\n<p><a href=\"https:\/\/www.vet.una.py\/wp-content\/uploads\/2025\/07\/resol283.pdf\"><strong>Resoluci\u00f3n N\u00b0 283-00-2013:<\/strong>&nbsp;<em>\u201cPOR LA CUAL SE NOMBRAN PROFESORES DE LA FCV-UNA\u201d<\/em><\/a><\/p>\n\n\n\n<p><a href=\"https:\/\/www.vet.una.py\/wp-content\/uploads\/2025\/07\/resol623.pdf\"><strong>Resoluci\u00f3n N\u00b0 623-00-2012:<\/strong>&nbsp;<em>\u201cPOR LA CUAL SE NOMBRAN PROFESORES DE LA FCV-UNA\u201d<\/em><\/a><\/p>\n\n\n\n<p><a href=\"https:\/\/www.vet.una.py\/wp-content\/uploads\/2025\/07\/resol380.pdf\"><strong>Resoluci\u00f3n N\u00b0 380-00-2010:<\/strong>&nbsp;<em>\u201cPOR LA CUAL SE NOMBRAN PROFESORES DE LA FCV-UNA\u201d<\/em><\/a><\/p>\n\n\n\n<p><a href=\"https:\/\/www.vet.una.py\/wp-content\/uploads\/2025\/07\/resol341.pdf\"><strong>Resoluci\u00f3n N\u00b0 341-00-2010:<\/strong>&nbsp;<em>\u201cPOR LA CUAL SE NOMBRAN PROFESORES DE LA FCV-UNA\u201d<\/em><\/a><\/p>\n\n\n\n<p><a href=\"https:\/\/www.vet.una.py\/wp-content\/uploads\/2025\/07\/resol305.pdf\"><strong>Resoluci\u00f3n N\u00b0 305-00-2010:<\/strong>&nbsp;<em>\u201cPOR LA CUAL SE NOMBRAN PROFESORES DE LA FCV-UNA\u201d<\/em><\/a><\/p>\n\n\n\n<p><a href=\"https:\/\/www.vet.una.py\/wp-content\/uploads\/2025\/07\/resol332.pdf\"><strong>Resoluci\u00f3n N\u00b0 332-00-2009:<\/strong>&nbsp;<em>\u201cPOR LA CUAL SE NOMBRAN PROFESORES DE LA FCV-UNA\u201d<\/em><\/a><\/p>\n\n\n\n<p><a href=\"https:\/\/www.vet.una.py\/wp-content\/uploads\/2025\/07\/reglamento_cursos_postgrado.pdf\"><strong>Resoluci\u00f3n CSU N\u00b0 221-00-2009:<\/strong>&nbsp;<em>\u201cPOR LA CUAL SE HOMOLOGA EL REGLAMENTO DE CURSOS DE POSTGRADO DE LA FCV-UNA\u201d<\/em><\/a><\/p>\n\n\n\n<p><a href=\"https:\/\/www.vet.una.py\/wp-content\/uploads\/2025\/07\/resol268.pdf\"><strong>Resoluci\u00f3n N\u00b0 268-00-2008:<\/strong>&nbsp;<em>\u201cPOR LA CUAL SE NOMBRAN PROFESORES DE LA FCV-UNA\u201d<\/em><\/a><\/p>\n\n\n\n<p><a href=\"https:\/\/www.vet.una.py\/wp-content\/uploads\/2025\/07\/resol169.pdf\"><strong>Resoluci\u00f3n N\u00b0 169-00-2008:<\/strong>&nbsp;<em>\u201cPOR LA CUAL SE NOMBRAN PROFESORES DE LA FCV-UNA\u201d<\/em><\/a><\/p>\n\n\n\n<p><a href=\"https:\/\/www.vet.una.py\/wp-content\/uploads\/2025\/07\/resol399.pdf\"><strong>Resoluci\u00f3n N\u00b0 399-00-2007:<\/strong>&nbsp;<em>\u201cPOR LA CUAL SE NOMBRAN PROFESORES DE LA FCV-UNA\u201d<\/em><\/a><\/p>\n\n\n\n<p><a href=\"https:\/\/www.vet.una.py\/wp-content\/uploads\/2025\/07\/resol250.pdf\"><strong>Resoluci\u00f3n N\u00b0 250-00-2007:<\/strong>&nbsp;<em>\u201cPOR LA CUAL SE NOMBRAN PROFESORES DE LA FCV-UNA\u201d<\/em><\/a><\/p>\n\n\n\n<p><a href=\"https:\/\/www.vet.una.py\/wp-content\/uploads\/2025\/07\/resol464.pdf\"><strong>Resoluci\u00f3n N\u00b0 464-00-2006:<\/strong>&nbsp;<em>\u201cPOR LA CUAL SE NOMBRAN PROFESORES DE LA FCV-UNA\u201d<\/em><\/a><\/p>\n\n\n\n<p><a href=\"https:\/\/www.vet.una.py\/wp-content\/uploads\/2025\/07\/resol403.pdf\"><strong>Resoluci\u00f3n N\u00b0 403-00-2006:<\/strong>&nbsp;<em>\u201cPOR LA CUAL SE NOMBRAN PROFESORES DE LA FCV-UNA\u201d<\/em><\/a><\/p>\n\n\n\n<p><a href=\"https:\/\/www.vet.una.py\/wp-content\/uploads\/2025\/07\/resol374.pdf\"><strong>Resoluci\u00f3n N\u00b0 374-00-2006:<\/strong>&nbsp;<em>\u201cPOR LA CUAL SE NOMBRAN PROFESORES DE LA FCV-UNA\u201d<\/em><\/a><\/p>\n\n\n\n<p><a href=\"https:\/\/www.vet.una.py\/wp-content\/uploads\/2025\/07\/resol359.pdf\"><strong>Resoluci\u00f3n N\u00b0 359-00-2006:<\/strong>&nbsp;<em>\u201cPOR LA CUAL SE NOMBRAN PROFESORES DE LA FCV-UNA\u201d<\/em><\/a><\/p>\n\n\n\n<p><a href=\"https:\/\/www.vet.una.py\/wp-content\/uploads\/2025\/07\/resol299.pdf\"><strong>Resoluci\u00f3n N\u00b0 299-00-2006:<\/strong>&nbsp;<em>\u201cPOR LA CUAL SE NOMBRAN PROFESORES DE LA FCV-UNA\u201d<\/em><\/a><\/p>\n\n\n\n<p><a href=\"https:\/\/www.vet.una.py\/wp-content\/uploads\/2025\/07\/reglamento_academico_2005.pdf\"><strong>Resoluci\u00f3n N\u00b0 252-00-2005:<\/strong>&nbsp;<em>\u201cPOR LA CUAL SE HOMOLOGA LA MODIFICACI\u00d3N EL REGLAMENTO ACAD\u00c9MICO DE LA FCV-UNA\u201d<\/em><\/a><\/p>\n\n\n\n<p><a href=\"https:\/\/www.vet.una.py\/wp-content\/uploads\/2025\/07\/resol251.pdf\"><strong>Resoluci\u00f3n N\u00b0 251-00-2006:<\/strong>&nbsp;<em>\u201cPOR LA CUAL SE NOMBRAN PROFESORES DE LA FCV-UNA\u201d<\/em><\/a><\/p>\n\n\n\n<p><a href=\"https:\/\/www.vet.una.py\/wp-content\/uploads\/2025\/07\/resol207.pdf\"><strong>Resoluci\u00f3n N\u00b0 207-00-2006:<\/strong>&nbsp;<em>\u201cPOR LA CUAL SE NOMBRAN PROFESORES DE LA FCV-UNA\u201d<\/em><\/a><\/p>\n\n\n\n<p><a href=\"https:\/\/www.vet.una.py\/wp-content\/uploads\/2025\/07\/reglamento_concurso-profesores_2005.pdf\"><strong>Resoluci\u00f3n CSU N\u00b0 483-00-2005:<\/strong>&nbsp;<em>\u201cPOR LA CUAL SE HOMOLOGA LAS MODIFICACIONES DEL REGLAMENTO DE CONCURSO PARA ESCALAFONAMIENTO DOCENTE DE LA FCV-UNA\u201d<\/em><\/a><\/p>\n\n\n\n<p><a href=\"https:\/\/www.vet.una.py\/wp-content\/uploads\/2025\/07\/reglamento_academico_2005-1.pdf\"><strong>Resoluci\u00f3n N\u00b0 518-00-2005:<\/strong>&nbsp;<em>\u201cPOR LA CUAL SE HOMOLOGA EL REGLAMENTO ACAD\u00c9MICO DE LA FCV-UNA\u201d<\/em><\/a><\/p>\n\n\n\n<p><a href=\"https:\/\/www.vet.una.py\/wp-content\/uploads\/2025\/07\/reglamento_concurso-profesores_2005-1.pdf\"><strong>Resoluci\u00f3n N\u00b0 483-00-2005:<\/strong>&nbsp;<em>\u201cPOR LA CUAL SE HOMOLOGA LAS MODIFICAVIONES DEL REGLAMENTO DE CONCURSO PARA ESCALAFONAMIENTO DOCENTE DE LA FCV-UNA\u201d<\/em><\/a><\/p>\n\n\n\n<p><a href=\"https:\/\/www.vet.una.py\/wp-content\/uploads\/2025\/07\/resol280.pdf\"><strong>Resoluci\u00f3n N\u00b0 280-00-2005:<\/strong>&nbsp;<em>\u201cPOR LA CUAL SE NOMBRAN PROFESORES DE LA FCV-UNA\u201d<\/em><\/a><\/p>\n\n\n\n<p><a href=\"https:\/\/www.vet.una.py\/wp-content\/uploads\/2025\/07\/resol69.pdf\"><strong>Resoluci\u00f3n N\u00b0 69-00-2005:<\/strong>&nbsp;<em>\u201cPOR LA CUAL SE APRUEBAN NOMBRAMIENTOS DE PROFESORES DE LA FCV-UNA\u201d<\/em><\/a><\/p>\n\n\n\n<div style=\"height:29px\" aria-hidden=\"true\" class=\"wp-block-spacer\"><\/div>\n","protected":false},"excerpt":{"rendered":"<p>Resoluci\u00f3n N\u00ba 0323-00-2022:\u201cPOR LA CUAL SE APRUEBA EL REGLAMENTO GENERAL DE ADJUDICACION Y RENDICION DE [&hellip;]<\/p>\n","protected":false},"author":4,"featured_media":1432,"parent":0,"menu_order":0,"comment_status":"closed","ping_status":"closed","template":"","meta":[],"_links":{"self":[{"href":"https:\/\/www.vet.una.py\/index.php?rest_route=\/wp\/v2\/pages\/372"}],"collection":[{"href":"https:\/\/www.vet.una.py\/index.php?rest_route=\/wp\/v2\/pages"}],"about":[{"href":"https:\/\/www.vet.una.py\/index.php?rest_route=\/wp\/v2\/types\/page"}],"author":[{"embeddable":true,"href":"https:\/\/www.vet.una.py\/index.php?rest_route=\/wp\/v2\/users\/4"}],"replies":[{"embeddable":true,"href":"https:\/\/www.vet.una.py\/index.php?rest_route=%2Fwp%2Fv2%2Fcomments&post=372"}],"version-history":[{"count":61,"href":"https:\/\/www.vet.una.py\/index.php?rest_route=\/wp\/v2\/pages\/372\/revisions"}],"predecessor-version":[{"id":7032,"href":"https:\/\/www.vet.una.py\/index.php?rest_route=\/wp\/v2\/pages\/372\/revisions\/7032"}],"wp:featuredmedia":[{"embeddable":true,"href":"https:\/\/www.vet.una.py\/index.php?rest_route=\/wp\/v2\/media\/1432"}],"wp:attachment":[{"href":"https:\/\/www.vet.una.py\/index.php?rest_route=%2Fwp%2Fv2%2Fmedia&parent=372"}],"curies":[{"name":"wp","href":"https:\/\/api.w.org\/{rel}","templated":true}]}}