{"id":332,"date":"2025-02-20T08:59:41","date_gmt":"2025-02-20T11:59:41","guid":{"rendered":"http:\/\/10.1.5.86\/?page_id=332"},"modified":"2026-03-18T13:02:06","modified_gmt":"2026-03-18T16:02:06","slug":"autoridades","status":"publish","type":"page","link":"https:\/\/www.vet.una.py\/?page_id=332","title":{"rendered":"Autoridades"},"content":{"rendered":"\n<h2 class=\"wp-elements-d8553488272dd2e51c62bf3373b05489 has-text-align-center wp-block-heading has-work-sans-font-family has-text-color has-link-color\" style=\"color:#973b65;font-size:25px\">AUTORIDADES<\/h2>\n\n\n\n<figure class=\"wp-block-image aligncenter size-full\"><img loading=\"lazy\" width=\"768\" height=\"307\" src=\"http:\/\/www.vet.una.py\/wp-content\/uploads\/2025\/03\/AUTORIDADES.jpg\" alt=\"\" class=\"wp-image-824\"\/><\/figure>\n\n\n\n<div style=\"height:28px\" aria-hidden=\"true\" class=\"wp-block-spacer\"><\/div>\n\n\n\n<h2 class=\"wp-elements-e6ef5cd5ffd10a33453f94f429579075 has-text-align-center wp-block-heading has-work-sans-font-family has-text-color has-link-color\" style=\"color:#921f53;font-size:25px\">CONSEJO DIRECTIVO FCV UNA<\/h2>\n\n\n\n<h6 class=\"wp-elements-ed4df3d258a7b139dc06cc9d3e50d728 has-text-align-left wp-block-heading has-work-sans-font-family has-text-color has-link-color\" style=\"color:#921f53;font-size:20px\">ESTAMENTO DOCENTE &#8211; PERIODO 2025 &#8211; 2028<\/h6>\n\n\n\n<p class=\"wp-elements-0324d8293629200b284c0ba77c565a06 has-text-align-left has-foreground-color has-text-color has-link-color\"><strong>Miembros Docentes Titulares<\/strong><\/p>\n\n\n\n<p style=\"line-height:0.7\">Prof. Dra. Viviana Mar\u00eda R\u00edos Mor\u00ednigo,&nbsp;<strong>Presidenta del Consejo Directivo y Decana<\/strong><\/p>\n\n\n\n<p style=\"line-height:0.7\">Prof. Dr. Jos\u00e9 Ram\u00f3n Peralta,&nbsp;<strong>Vicedecano<\/strong><\/p>\n\n\n\n<p>Prof. Dra. Adelaida Quintana Ruiz D\u00edaz<\/p>\n\n\n\n<p>Prof. Dra. M\u00f3nica Carolina B\u00e1ez Escalante<\/p>\n\n\n\n<p>Prof. Dra. Mar\u00eda Soledad S\u00e1nchez Duarte<\/p>\n\n\n\n<p>Prof. Dr. Guillermo Gim\u00e9nez Bareiro<\/p>\n\n\n\n<p>Prof. Dra. Cristina Centuri\u00f3n Vda. De Invernizzi <\/p>\n\n\n\n<p>Prof. Dra. Leila Gertrudis Maidana Moreno<\/p>\n\n\n\n<div style=\"height:0px\" aria-hidden=\"true\" class=\"wp-block-spacer\"><\/div>\n\n\n\n<p class=\"wp-elements-1493d0ba251dd1daaa4ba9247fd2c29f has-text-align-left has-foreground-color has-text-color has-link-color\"><strong>Miembros Docentes Suplentes<\/strong><\/p>\n\n\n\n<p>Prof. Dr. Javier Chikayuki Kanazawa Umeyama<\/p>\n\n\n\n<p>Prof. Dr. Blas Ramon Martinez Quintana<\/p>\n\n\n\n<p>Prof.Dra. Laura Andrea Herrera Matiauda<\/p>\n\n\n\n<p>Prof. Dra. Juliana Andrea Rodriguez Peralta<\/p>\n\n\n\n<p>Pro. Dra Laura Teresa Britez Cabral<\/p>\n\n\n\n<p>Prof. Dra. Renee Ozuna Wood De Cattoni<\/p>\n\n\n\n<div style=\"height:4px\" aria-hidden=\"true\" class=\"wp-block-spacer\"><\/div>\n\n\n\n<h6 class=\"wp-elements-0f88521fcea2d8a62cc8754c494e2c5f has-text-align-left wp-block-heading has-work-sans-font-family has-text-color has-link-color\" style=\"color:#921f53;font-size:20px\">ESTAMENTO GRADUADOS \u2013 PERIODO 2025 \u2013 2028<\/h6>\n\n\n\n<p class=\"has-foreground-color has-text-color\" style=\"line-height:0.7\"><strong>Miembros Titulares<\/strong><\/p>\n\n\n\n<p>Dr. Daniel Antonio Omar Ortiz Paranza<\/p>\n\n\n\n<p>Dr. Jos\u00e9 Agust\u00edn Aquino Corrales<\/p>\n\n\n\n<p>Dr. V\u00edctor Dario Maldonado C\u00e1ceres<\/p>\n\n\n\n<p class=\"has-foreground-color has-text-color\" style=\"line-height:0.7\"><strong>Miembros Suplentes<\/strong><\/p>\n\n\n\n<p>Dra. Andrea Mallorquin Leguizamon<\/p>\n\n\n\n<p>Dr. Joel Amado Gonzalez Cardozo<\/p>\n\n\n\n<p>Dr. Sixto Antonio Frutos Acosta<\/p>\n\n\n\n<div style=\"height:13px\" aria-hidden=\"true\" class=\"wp-block-spacer\"><\/div>\n\n\n\n<h6 class=\"wp-elements-658070a4b9f809b6e1ec157e6e684610 has-text-align-left wp-block-heading has-work-sans-font-family has-text-color has-link-color\" style=\"color:#921f53;font-size:20px\">ESTAMENTO ESTUDIANTES<\/h6>\n\n\n\n<p class=\"has-foreground-color has-text-color\" style=\"line-height:0.7\"><strong>Miembros Titulares<\/strong><\/p>\n\n\n\n<p>Est. Enrique Gabriel Barreto Villasboa<\/p>\n\n\n\n<p>Est. Ivanna Fiorella G\u00f3mez Zarza<\/p>\n\n\n\n<p>Est. Prince Aracely Deggeller Aguilera<\/p>\n\n\n\n<p class=\"has-foreground-color has-text-color\" style=\"line-height:0.7\"><strong>Miembros Suplentes<\/strong><\/p>\n\n\n\n<p>Andrea Mercedes Gaona Peralta<\/p>\n\n\n\n<p>Del Rocio Guadalupe Robles Gonzalez<\/p>\n\n\n\n<div style=\"height:100px\" aria-hidden=\"true\" class=\"wp-block-spacer\"><\/div>\n","protected":false},"excerpt":{"rendered":"<p>AUTORIDADES CONSEJO DIRECTIVO FCV UNA ESTAMENTO DOCENTE &#8211; PERIODO 2025 &#8211; 2028 Miembros Docentes Titulares [&hellip;]<\/p>\n","protected":false},"author":4,"featured_media":1405,"parent":0,"menu_order":0,"comment_status":"closed","ping_status":"closed","template":"","meta":[],"_links":{"self":[{"href":"https:\/\/www.vet.una.py\/index.php?rest_route=\/wp\/v2\/pages\/332"}],"collection":[{"href":"https:\/\/www.vet.una.py\/index.php?rest_route=\/wp\/v2\/pages"}],"about":[{"href":"https:\/\/www.vet.una.py\/index.php?rest_route=\/wp\/v2\/types\/page"}],"author":[{"embeddable":true,"href":"https:\/\/www.vet.una.py\/index.php?rest_route=\/wp\/v2\/users\/4"}],"replies":[{"embeddable":true,"href":"https:\/\/www.vet.una.py\/index.php?rest_route=%2Fwp%2Fv2%2Fcomments&post=332"}],"version-history":[{"count":51,"href":"https:\/\/www.vet.una.py\/index.php?rest_route=\/wp\/v2\/pages\/332\/revisions"}],"predecessor-version":[{"id":10030,"href":"https:\/\/www.vet.una.py\/index.php?rest_route=\/wp\/v2\/pages\/332\/revisions\/10030"}],"wp:featuredmedia":[{"embeddable":true,"href":"https:\/\/www.vet.una.py\/index.php?rest_route=\/wp\/v2\/media\/1405"}],"wp:attachment":[{"href":"https:\/\/www.vet.una.py\/index.php?rest_route=%2Fwp%2Fv2%2Fmedia&parent=332"}],"curies":[{"name":"wp","href":"https:\/\/api.w.org\/{rel}","templated":true}]}}