{"id":305,"date":"2025-02-20T08:43:32","date_gmt":"2025-02-20T11:43:32","guid":{"rendered":"http:\/\/10.1.5.86\/?page_id=305"},"modified":"2025-07-21T09:05:04","modified_gmt":"2025-07-21T12:05:04","slug":"vision-y-mision","status":"publish","type":"page","link":"https:\/\/www.vet.una.py\/?page_id=305","title":{"rendered":"Visi\u00f3n y Misi\u00f3n"},"content":{"rendered":"\n<div style=\"height:1px\" aria-hidden=\"true\" class=\"wp-block-spacer\"><\/div>\n\n\n\n<h2 class=\"wp-elements-03750948a8293e9e5177f33c2080bde9 wp-block-heading has-work-sans-font-family has-text-color has-link-color\" style=\"color:#921f53;font-size:25px;text-transform:uppercase\">Visi\u00f3n<\/h2>\n\n\n\n<p>Ser una Instituci\u00f3n de referencia en el \u00e1rea de las Ciencias Veterinarias a nivel nacional, y lograr prestigio internacional a trav\u00e9s de la excelencia acad\u00e9mica, cient\u00edfica y tecnol\u00f3gica, impulsando el desarrollo sostenible, la salud p\u00fablica y el bienestar animal con compromiso social.<strong>&nbsp;<\/strong><\/p>\n\n\n\n<h2 class=\"wp-elements-54265da6023f3e3a2dd9380ba7d5e5b8 wp-block-heading has-work-sans-font-family has-text-color has-link-color\" style=\"color:#921f53;font-size:25px;text-transform:uppercase\">Misi\u00f3n<\/h2>\n\n\n\n<p>Formar profesionales veterinarios, referentes, competentes, innovadores, \u00e9ticos y socialmente responsables a trav\u00e9s de una ense\u00f1anza de calidad en Ciencias Veterinarias, con capacidad de crear, aplicar y difundir conocimientos, orientados al bienestar de la Sociedad.<\/p>\n\n\n\n<h2 class=\"wp-elements-c7cf569ece51259643ef7dcf32bfa84d wp-block-heading has-work-sans-font-family has-text-color has-link-color\" style=\"color:#921f53;font-size:25px;text-transform:uppercase\">Valores<\/h2>\n\n\n\n<ul class=\"wp-block-list\" style=\"font-style:normal;font-weight:200\"><li><strong>COMPROMISO:<\/strong>&nbsp;Orientar nuestras capacidades para asumir los lineamientos estrat\u00e9gicos con sentido de pertenencia y objetividad.<\/li><li><strong>EQUIDAD:&nbsp;<\/strong>Cumplir el principio de la igualdad, considerando las necesidades individuales y las circunstancias de cada persona.<\/li><li><strong>\u00c9TICA:&nbsp;<\/strong>Aplicar el conjunto de est\u00e1ndares sobre conducta, al \u00e1mbito institucional, la sociedad y el individuo, basados en valores que orientan las decisiones, elecciones y acciones.<\/li><li><strong>INTEGRIDAD:<\/strong>&nbsp;Plantear la ecuanimidad y el alto sentido del compromiso y del deber ante las diversas situaciones que se plantean en el ejercicio profesional.<\/li><li><strong>EXCELENCIA:<\/strong>&nbsp;Orientar m\u00e9ritos e innovaci\u00f3n en el cumplimiento eficaz y eficiente de la misi\u00f3n y visi\u00f3n institucional con proyecci\u00f3n social, pertinente y coherente.<\/li><li><strong>INCLUSIVIDAD:<\/strong>&nbsp;Respetar las diferencias y opciones individuales de todas y cada una de las personas, sin privilegios o discriminaci\u00f3n.<\/li><li><strong>TRANSPARENCIA:&nbsp;<\/strong>Hacer visible las actividades desarrolladas en base a un conjunto de normas y procedimientos que aseguran una gesti\u00f3n clara y franca a fin de que la misma sea observada por los grupos de inter\u00e9s.<\/li><li><strong>RESPONSABILIDAD:<\/strong>&nbsp;Cumplir los compromisos adquiridos por la instituci\u00f3n, reconociendo y haci\u00e9ndose cargo de las consecuencias de las propias acciones, haciendo primar el respeto y la preservaci\u00f3n de los derechos de todos los seres vivos y del medio ambiente.<\/li><\/ul>\n\n\n\n<div style=\"height:45px\" aria-hidden=\"true\" class=\"wp-block-spacer\"><\/div>\n","protected":false},"excerpt":{"rendered":"<p>Visi\u00f3n Ser una Instituci\u00f3n de referencia en el \u00e1rea de las Ciencias Veterinarias a nivel [&hellip;]<\/p>\n","protected":false},"author":4,"featured_media":1092,"parent":0,"menu_order":0,"comment_status":"closed","ping_status":"closed","template":"","meta":[],"_links":{"self":[{"href":"https:\/\/www.vet.una.py\/index.php?rest_route=\/wp\/v2\/pages\/305"}],"collection":[{"href":"https:\/\/www.vet.una.py\/index.php?rest_route=\/wp\/v2\/pages"}],"about":[{"href":"https:\/\/www.vet.una.py\/index.php?rest_route=\/wp\/v2\/types\/page"}],"author":[{"embeddable":true,"href":"https:\/\/www.vet.una.py\/index.php?rest_route=\/wp\/v2\/users\/4"}],"replies":[{"embeddable":true,"href":"https:\/\/www.vet.una.py\/index.php?rest_route=%2Fwp%2Fv2%2Fcomments&post=305"}],"version-history":[{"count":13,"href":"https:\/\/www.vet.una.py\/index.php?rest_route=\/wp\/v2\/pages\/305\/revisions"}],"predecessor-version":[{"id":7029,"href":"https:\/\/www.vet.una.py\/index.php?rest_route=\/wp\/v2\/pages\/305\/revisions\/7029"}],"wp:featuredmedia":[{"embeddable":true,"href":"https:\/\/www.vet.una.py\/index.php?rest_route=\/wp\/v2\/media\/1092"}],"wp:attachment":[{"href":"https:\/\/www.vet.una.py\/index.php?rest_route=%2Fwp%2Fv2%2Fmedia&parent=305"}],"curies":[{"name":"wp","href":"https:\/\/api.w.org\/{rel}","templated":true}]}}