{"id":2988,"date":"2025-04-22T12:04:37","date_gmt":"2025-04-22T15:04:37","guid":{"rendered":"http:\/\/10.1.5.86\/?page_id=2988"},"modified":"2026-02-23T10:50:33","modified_gmt":"2026-02-23T13:50:33","slug":"informacion-sobre-la-carrera","status":"publish","type":"page","link":"https:\/\/www.vet.una.py\/?page_id=2988","title":{"rendered":"Informaci\u00f3n sobre la carrera"},"content":{"rendered":"\n<div style=\"height:1px\" aria-hidden=\"true\" class=\"wp-block-spacer\"><\/div>\n\n\n\n<h2 class=\"wp-elements-54a35331930dff0b88c1fb4e2b0caf2e wp-block-heading has-work-sans-font-family has-text-color has-link-color\" style=\"color:#921f53;font-size:20px\">NOMBRE DE LA CARRERA:<\/h2>\n\n\n\n<p class=\"has-medium-font-size\" style=\"margin-top:0;margin-bottom:0\"><strong>Ciencias Veterinarias<\/strong><\/p>\n\n\n\n<h2 class=\"wp-elements-460d40c9a9ad6c5a546322f2a0ac8304 wp-block-heading has-work-sans-font-family has-text-color has-link-color\" style=\"color:#921f53;font-size:20px\">T\u00cdTULO OTORGADO:<\/h2>\n\n\n\n<p class=\"has-medium-font-size\" style=\"margin-top:0;margin-bottom:0\"><strong>M\u00e9dico Veterinario<\/strong><\/p>\n\n\n\n<h2 class=\"wp-elements-7117763e812c5153522f7d0dcf8c479c wp-block-heading has-work-sans-font-family has-text-color has-link-color\" style=\"color:#921f53;font-size:20px\">DURACI\u00d3N:<\/h2>\n\n\n\n<p class=\"has-medium-font-size\" style=\"font-style:normal;font-weight:400;margin-top:0;margin-bottom:0\">6 a\u00f1os y medio<\/p>\n\n\n\n<h2 class=\"wp-elements-e048f92a4dd423cf4131595c96d4fb83 wp-block-heading has-work-sans-font-family has-text-color has-link-color\" style=\"color:#921f53;font-size:20px\">CARGA HORARIA TOTAL:<\/h2>\n\n\n\n<p class=\"has-medium-font-size\" style=\"margin-top:0;margin-bottom:0\"><strong>5.340 horas reloj<\/strong><\/p>\n\n\n\n<p><\/p>\n\n\n\n<p><\/p>\n\n\n\n<h2 class=\"wp-elements-dc4604718ede49f5588df91c2eacbf2d wp-block-heading has-work-sans-font-family has-text-color has-link-color\" style=\"color:#921f53;font-size:25px;text-transform:uppercase\">Descripci\u00f3n General<\/h2>\n\n\n\n<p>La Facultad de Ciencias Veterinarias de la Universidad Nacional de Asunci\u00f3n, creada en el a\u00f1o 1956, es una Unidad Acad\u00e9mica que ofrece formaci\u00f3n profesional de nivel superior en el \u00e1rea de las Ciencias Veterinarias.<\/p>\n\n\n\n<p>Su sede central se encuentra en el Campus Universitario de la UNA, en San Lorenzo, a 10 \u00bd km de Asunci\u00f3n, y cuenta adem\u00e1s con cuatro sedes en el interior del pa\u00eds: Concepci\u00f3n, Misiones, Caazap\u00e1 y San Estanislao.<\/p>\n\n\n\n<h6 class=\"wp-elements-a0d5c2ab9578d53dcca5d0ca15f34f4b has-foreground-color has-text-color has-link-color\" style=\"font-size:18px\">La Facultad desarrolla funciones de:<\/h6>\n\n\n\n<ul class=\"wp-block-list\" style=\"font-style:normal;font-weight:200\"><li>Ense\u00f1anza superior de grado y posgrado<\/li><li>Investigaci\u00f3n cient\u00edfica<\/li><li>Extensi\u00f3n universitaria y servicios a la comunidad<\/li><\/ul>\n\n\n\n<p>Cuenta con un plantel de docentes e investigadores altamente calificados, formados en el pa\u00eds y en el extranjero, con t\u00edtulos de Doctorado, Maestr\u00eda y Especializaci\u00f3n, quienes contribuyen activamente al desarrollo acad\u00e9mico, cient\u00edfico y tecnol\u00f3gico.<\/p>\n\n\n\n<h2 class=\"wp-elements-39c179bd4cd0239288f89b2c2631eaa6 wp-block-heading has-work-sans-font-family has-text-color has-link-color\" style=\"color:#921f53;font-size:25px\">VISI\u00d3N<\/h2>\n\n\n\n<p>Ser una instituci\u00f3n de referencia nacional e internacional en el \u00e1rea de las Ciencias Veterinarias, reconocida por su excelencia acad\u00e9mica, cient\u00edfica y tecnol\u00f3gica, promoviendo el desarrollo sostenible, la salud p\u00fablica y el bienestar animal, con compromiso social.<\/p>\n\n\n\n<p><\/p>\n\n\n\n<h2 class=\"wp-elements-1fef596bc16c3c6d9d8b3c950f3be390 wp-block-heading has-work-sans-font-family has-text-color has-link-color\" style=\"color:#921f53;font-size:25px\">MISI\u00d3N<\/h2>\n\n\n\n<p>Formar profesionales veterinarios competentes, innovadores, \u00e9ticos y socialmente responsables, a trav\u00e9s de una ense\u00f1anza de calidad, orientada al bienestar de la sociedad y con capacidad para crear, aplicar y difundir conocimientos.<\/p>\n\n\n\n<h2 class=\"wp-elements-3dbfe839187a9e032162127e8555375e wp-block-heading has-work-sans-font-family has-text-color has-link-color\" style=\"color:#921f53;font-size:25px\">VALORES INSTITUCIONALES<\/h2>\n\n\n\n<ul style=\"font-style:normal;font-weight:200\"><li>Compromiso<\/li><li>Equidad<\/li><li>\u00c9tica<\/li><li>Integridad<\/li><li>Excelencia<\/li><li>Inclusividad<\/li><li>Transparencia<\/li><li>Responsabilidad<\/li><\/ul>\n\n\n\n<p>Cada uno de estos valores gu\u00eda el accionar institucional y forma parte de la formaci\u00f3n profesional del estudiante.<\/p>\n\n\n\n<h2 class=\"wp-elements-09a9b3c66dfdb25e79d70797e865c5af wp-block-heading has-work-sans-font-family has-text-color has-link-color\" style=\"color:#921f53;font-size:25px\">PERFIL DEL EGRESADO<\/h2>\n\n\n\n<ul class=\"wp-block-list\" style=\"font-style:normal;font-weight:200\"><li>El egresado de la carrera de Ciencias Veterinarias posee una formaci\u00f3n integral, generalista, cient\u00edfica y tecnol\u00f3gica, que lo capacita para:<\/li><li>Ejercer la profesi\u00f3n de manera \u00e9tica y responsable<\/li><li>Continuar estudios de posgrado y formaci\u00f3n continua<\/li><li>Desarrollarse en \u00e1reas como la salud p\u00fablica, sanidad animal, producci\u00f3n, inocuidad alimentaria y medicina veterinaria<\/li><li>Prevenir y controlar enfermedades zoon\u00f3ticas y emergentes<\/li><li>Integrarse en procesos de planificaci\u00f3n, gesti\u00f3n, investigaci\u00f3n y transferencia tecnol\u00f3gica<\/li><li>Promover el bienestar humano y animal en equilibrio con el medio ambiente<\/li><li>Adem\u00e1s, el egresado se caracteriza por su amor al trabajo, respeto por la vida animal, responsabilidad social y compromiso con el desarrollo sustentable.<\/li><\/ul>\n\n\n\n<h2 class=\"wp-elements-40456d5b005c2ff7937a27a9e8989512 wp-block-heading has-work-sans-font-family has-text-color has-link-color\" style=\"color:#921f53;font-size:25px\">CAMPO LABORAL<\/h2>\n\n\n\n<p>El M\u00e9dico Veterinario egresado de la FCV cuenta con un campo laboral amplio y diverso, con posibilidades de inserci\u00f3n en:<\/p>\n\n\n\n<ul class=\"wp-block-list\" style=\"font-style:normal;font-weight:200\"><li>Instituciones acad\u00e9micas (docencia, investigaci\u00f3n, extensi\u00f3n)<\/li><li>Cl\u00ednicas veterinarias<\/li><li>Asesoramiento t\u00e9cnico agropecuario<\/li><li>Plantas de faena, procesamiento y elaboraci\u00f3n de productos animales<\/li><li>Frigor\u00edficos e industrias l\u00e1cteas<\/li><li>F\u00e1bricas de alimentos para consumo humano y animal<\/li><li>Explotaciones pecuarias<\/li><li>Centros acu\u00edcolas, ap\u00edcolas y de otras producciones alternativas<\/li><li>Laboratorios farmacol\u00f3gicos y de productos biol\u00f3gicos<\/li><li>Empresas de comercializaci\u00f3n de productos veterinarios y alimentos<\/li><li>Consultor\u00edas y proyectos de desarrollo rural y transferencia tecnol\u00f3gica<\/li><li>Ministerios de Agricultura y Salud P\u00fablica<\/li><li>Parques zool\u00f3gicos y reservas naturales<\/li><li>Empresas de biotecnolog\u00eda<\/li><li>Organismos internacionales, como:<\/li><li>Organizaci\u00f3n Mundial de Sanidad Animal (OIE)<\/li><li>Organizaci\u00f3n Mundial de la Salud (OMS)<\/li><li>Organizaci\u00f3n de las Naciones Unidas para la Agricultura y la Alimentaci\u00f3n (FAO)<\/li><li>Organizaci\u00f3n Panamericana de la Salud (OPS)<\/li><li>Instituto Interamericano de Cooperaci\u00f3n para la Agricultura (IICA)<\/li><li>Agencia de Cooperaci\u00f3n Internacional del Jap\u00f3n (JICA), entre otros.<\/li><\/ul>\n\n\n\n<h2 class=\"wp-elements-7cb68ab76d0d0f437814cf953ab04758 wp-block-heading has-work-sans-font-family has-text-color has-link-color\" style=\"color:#921f53;font-size:25px\">CONTACTO<\/h2>\n\n\n\n<p style=\"line-height:0\"><strong>Sitio web:<\/strong>&nbsp;www.vet.una.py<\/p>\n\n\n\n<p style=\"line-height:0\"><strong>Correo electr\u00f3nico:<\/strong>&nbsp;veterin@vet.una.py<\/p>\n\n\n\n<p style=\"line-height:0\"><strong>Tel\u00e9fonos:<\/strong>&nbsp;(021) 585 574 \u2013 585 575<\/p>\n\n\n\n<div style=\"height:23px\" aria-hidden=\"true\" class=\"wp-block-spacer\"><\/div>\n","protected":false},"excerpt":{"rendered":"<p>NOMBRE DE LA CARRERA: Ciencias Veterinarias T\u00cdTULO OTORGADO: M\u00e9dico Veterinario DURACI\u00d3N: 6 a\u00f1os y medio [&hellip;]<\/p>\n","protected":false},"author":4,"featured_media":3057,"parent":0,"menu_order":0,"comment_status":"closed","ping_status":"closed","template":"","meta":[],"_links":{"self":[{"href":"https:\/\/www.vet.una.py\/index.php?rest_route=\/wp\/v2\/pages\/2988"}],"collection":[{"href":"https:\/\/www.vet.una.py\/index.php?rest_route=\/wp\/v2\/pages"}],"about":[{"href":"https:\/\/www.vet.una.py\/index.php?rest_route=\/wp\/v2\/types\/page"}],"author":[{"embeddable":true,"href":"https:\/\/www.vet.una.py\/index.php?rest_route=\/wp\/v2\/users\/4"}],"replies":[{"embeddable":true,"href":"https:\/\/www.vet.una.py\/index.php?rest_route=%2Fwp%2Fv2%2Fcomments&post=2988"}],"version-history":[{"count":27,"href":"https:\/\/www.vet.una.py\/index.php?rest_route=\/wp\/v2\/pages\/2988\/revisions"}],"predecessor-version":[{"id":9850,"href":"https:\/\/www.vet.una.py\/index.php?rest_route=\/wp\/v2\/pages\/2988\/revisions\/9850"}],"wp:featuredmedia":[{"embeddable":true,"href":"https:\/\/www.vet.una.py\/index.php?rest_route=\/wp\/v2\/media\/3057"}],"wp:attachment":[{"href":"https:\/\/www.vet.una.py\/index.php?rest_route=%2Fwp%2Fv2%2Fmedia&parent=2988"}],"curies":[{"name":"wp","href":"https:\/\/api.w.org\/{rel}","templated":true}]}}