{"id":2964,"date":"2025-04-22T11:45:02","date_gmt":"2025-04-22T14:45:02","guid":{"rendered":"http:\/\/10.1.5.86\/?page_id=2964"},"modified":"2026-02-27T09:08:38","modified_gmt":"2026-02-27T12:08:38","slug":"servicios-del-hospital-veterinario","status":"publish","type":"page","link":"https:\/\/www.vet.una.py\/?page_id=2964","title":{"rendered":"Servicios del Hospital Veterinario"},"content":{"rendered":"\n<div class=\"wp-block-media-text alignwide has-media-on-the-right is-stacked-on-mobile is-vertically-aligned-center has-border-background-color has-background\"><figure class=\"wp-block-media-text__media\"><img loading=\"lazy\" width=\"1024\" height=\"1024\" src=\"https:\/\/www.vet.una.py\/wp-content\/uploads\/2025\/11\/Hospital-Veterinario-1024x1024.png\" alt=\"\" class=\"wp-image-9325 size-full\" srcset=\"https:\/\/www.vet.una.py\/wp-content\/uploads\/2025\/11\/Hospital-Veterinario-1024x1024.png 1024w, https:\/\/www.vet.una.py\/wp-content\/uploads\/2025\/11\/Hospital-Veterinario-300x300.png 300w, https:\/\/www.vet.una.py\/wp-content\/uploads\/2025\/11\/Hospital-Veterinario-150x150.png 150w, https:\/\/www.vet.una.py\/wp-content\/uploads\/2025\/11\/Hospital-Veterinario-768x768.png 768w, https:\/\/www.vet.una.py\/wp-content\/uploads\/2025\/11\/Hospital-Veterinario-1536x1536.png 1536w, https:\/\/www.vet.una.py\/wp-content\/uploads\/2025\/11\/Hospital-Veterinario.png 2000w\" sizes=\"(max-width: 1024px) 100vw, 1024px\" \/><\/figure><div class=\"wp-block-media-text__content\">\n<p><strong>HORARIO DE ATENCI\u00d3N<\/strong><\/p>\n\n\n\n<p><strong>Lunes a viernes<\/strong>, de 07:30 a 17:00 h, con turnos por orden de llegada.<\/p>\n\n\n\n<p><strong>Excepciones:<\/strong> Pacientes con turno para cirug\u00eda. Pacientes externos con orden para estudios (rayos X, ecograf\u00eda o citolog\u00eda) Turnos para especialidades.<\/p>\n\n\n\n<p style=\"font-size:18px\"><strong>Acompa\u00f1amiento y Permanencia:<\/strong> Los propietarios o responsables deben acompa\u00f1ar a su mascota durante todo el tiempo que dure la atenci\u00f3n. Durante intervenciones quir\u00fargicas, deber\u00e1n permanecer en la sala de espera hasta la finalizaci\u00f3n del procedimiento.<\/p>\n<\/div><\/div>\n\n\n\n<figure class=\"wp-container-2 wp-block-gallery-1 wp-block-gallery has-nested-images columns-default is-cropped\">\n<figure class=\"wp-block-image size-large\"><img loading=\"lazy\" width=\"1024\" height=\"1024\" data-id=\"8391\"  src=\"https:\/\/www.vet.una.py\/wp-content\/uploads\/2025\/09\/castracion-felina-1024x1024.png\" alt=\"\" class=\"wp-image-8391\" srcset=\"https:\/\/www.vet.una.py\/wp-content\/uploads\/2025\/09\/castracion-felina-1024x1024.png 1024w, https:\/\/www.vet.una.py\/wp-content\/uploads\/2025\/09\/castracion-felina-300x300.png 300w, https:\/\/www.vet.una.py\/wp-content\/uploads\/2025\/09\/castracion-felina-150x150.png 150w, https:\/\/www.vet.una.py\/wp-content\/uploads\/2025\/09\/castracion-felina-768x768.png 768w, https:\/\/www.vet.una.py\/wp-content\/uploads\/2025\/09\/castracion-felina-1536x1536.png 1536w, https:\/\/www.vet.una.py\/wp-content\/uploads\/2025\/09\/castracion-felina.png 2000w\" sizes=\"(max-width: 1024px) 100vw, 1024px\" \/><\/figure>\n\n\n\n<figure class=\"wp-block-image size-large\"><img loading=\"lazy\" width=\"1024\" height=\"1024\" data-id=\"8392\"  src=\"https:\/\/www.vet.una.py\/wp-content\/uploads\/2025\/09\/castracion-canina-1024x1024.png\" alt=\"\" class=\"wp-image-8392\" srcset=\"https:\/\/www.vet.una.py\/wp-content\/uploads\/2025\/09\/castracion-canina-1024x1024.png 1024w, https:\/\/www.vet.una.py\/wp-content\/uploads\/2025\/09\/castracion-canina-300x300.png 300w, https:\/\/www.vet.una.py\/wp-content\/uploads\/2025\/09\/castracion-canina-150x150.png 150w, https:\/\/www.vet.una.py\/wp-content\/uploads\/2025\/09\/castracion-canina-768x768.png 768w, https:\/\/www.vet.una.py\/wp-content\/uploads\/2025\/09\/castracion-canina-1536x1536.png 1536w, https:\/\/www.vet.una.py\/wp-content\/uploads\/2025\/09\/castracion-canina.png 2000w\" sizes=\"(max-width: 1024px) 100vw, 1024px\" \/><\/figure>\n<\/figure>\n\n\n\n<figure class=\"wp-container-4 wp-block-gallery-3 wp-block-gallery has-nested-images columns-default is-cropped\">\n<figure class=\"wp-block-image size-full\"><img loading=\"lazy\" width=\"1080\" height=\"1080\" data-id=\"2985\"  src=\"https:\/\/www.vet.una.py\/wp-content\/uploads\/2025\/04\/2-3.png\" alt=\"\" class=\"wp-image-2985\"\/><\/figure>\n\n\n\n<figure class=\"wp-block-image size-full\"><img loading=\"lazy\" width=\"1080\" height=\"1080\" data-id=\"2984\"  src=\"https:\/\/www.vet.una.py\/wp-content\/uploads\/2025\/04\/1-2.png\" alt=\"\" class=\"wp-image-2984\"\/><\/figure>\n<\/figure>\n\n\n\n<figure class=\"wp-container-6 wp-block-gallery-5 wp-block-gallery has-nested-images columns-default is-cropped\">\n<figure class=\"wp-block-image size-large\"><img loading=\"lazy\" width=\"1024\" height=\"1024\" data-id=\"9339\"  src=\"https:\/\/www.vet.una.py\/wp-content\/uploads\/2025\/11\/Hospital-Veterinario-Nutricion-2-1024x1024.png\" alt=\"\" class=\"wp-image-9339\" srcset=\"https:\/\/www.vet.una.py\/wp-content\/uploads\/2025\/11\/Hospital-Veterinario-Nutricion-2-1024x1024.png 1024w, https:\/\/www.vet.una.py\/wp-content\/uploads\/2025\/11\/Hospital-Veterinario-Nutricion-2-300x300.png 300w, https:\/\/www.vet.una.py\/wp-content\/uploads\/2025\/11\/Hospital-Veterinario-Nutricion-2-150x150.png 150w, https:\/\/www.vet.una.py\/wp-content\/uploads\/2025\/11\/Hospital-Veterinario-Nutricion-2-768x768.png 768w, https:\/\/www.vet.una.py\/wp-content\/uploads\/2025\/11\/Hospital-Veterinario-Nutricion-2-1536x1536.png 1536w, https:\/\/www.vet.una.py\/wp-content\/uploads\/2025\/11\/Hospital-Veterinario-Nutricion-2.png 2000w\" sizes=\"(max-width: 1024px) 100vw, 1024px\" \/><\/figure>\n\n\n\n<figure class=\"wp-block-image size-large\"><img loading=\"lazy\" width=\"1024\" height=\"1024\" data-id=\"9340\"  src=\"https:\/\/www.vet.una.py\/wp-content\/uploads\/2025\/11\/Hospital-Veterinario-Nutricion-1024x1024.png\" alt=\"\" class=\"wp-image-9340\" srcset=\"https:\/\/www.vet.una.py\/wp-content\/uploads\/2025\/11\/Hospital-Veterinario-Nutricion-1024x1024.png 1024w, https:\/\/www.vet.una.py\/wp-content\/uploads\/2025\/11\/Hospital-Veterinario-Nutricion-300x300.png 300w, https:\/\/www.vet.una.py\/wp-content\/uploads\/2025\/11\/Hospital-Veterinario-Nutricion-150x150.png 150w, https:\/\/www.vet.una.py\/wp-content\/uploads\/2025\/11\/Hospital-Veterinario-Nutricion-768x768.png 768w, https:\/\/www.vet.una.py\/wp-content\/uploads\/2025\/11\/Hospital-Veterinario-Nutricion-1536x1536.png 1536w, https:\/\/www.vet.una.py\/wp-content\/uploads\/2025\/11\/Hospital-Veterinario-Nutricion.png 2000w\" sizes=\"(max-width: 1024px) 100vw, 1024px\" \/><\/figure>\n<\/figure>\n\n\n\n<figure class=\"wp-container-8 wp-block-gallery-7 wp-block-gallery has-nested-images columns-default is-cropped\">\n<figure class=\"wp-block-image size-large\"><img loading=\"lazy\" width=\"1024\" height=\"1024\" data-id=\"9338\"  src=\"https:\/\/www.vet.una.py\/wp-content\/uploads\/2025\/11\/HOSPITAL-VETERINARIO-NEUROLOGIA-1024x1024.png\" alt=\"\" class=\"wp-image-9338\" srcset=\"https:\/\/www.vet.una.py\/wp-content\/uploads\/2025\/11\/HOSPITAL-VETERINARIO-NEUROLOGIA-1024x1024.png 1024w, https:\/\/www.vet.una.py\/wp-content\/uploads\/2025\/11\/HOSPITAL-VETERINARIO-NEUROLOGIA-300x300.png 300w, https:\/\/www.vet.una.py\/wp-content\/uploads\/2025\/11\/HOSPITAL-VETERINARIO-NEUROLOGIA-150x150.png 150w, https:\/\/www.vet.una.py\/wp-content\/uploads\/2025\/11\/HOSPITAL-VETERINARIO-NEUROLOGIA-768x768.png 768w, https:\/\/www.vet.una.py\/wp-content\/uploads\/2025\/11\/HOSPITAL-VETERINARIO-NEUROLOGIA-1536x1536.png 1536w, https:\/\/www.vet.una.py\/wp-content\/uploads\/2025\/11\/HOSPITAL-VETERINARIO-NEUROLOGIA.png 2000w\" sizes=\"(max-width: 1024px) 100vw, 1024px\" \/><\/figure>\n\n\n\n<figure class=\"wp-block-image size-large\"><img loading=\"lazy\" width=\"1024\" height=\"1024\" data-id=\"9391\"  src=\"https:\/\/www.vet.una.py\/wp-content\/uploads\/2025\/11\/FLYERS-55-1024x1024.png\" alt=\"\" class=\"wp-image-9391\" srcset=\"https:\/\/www.vet.una.py\/wp-content\/uploads\/2025\/11\/FLYERS-55-1024x1024.png 1024w, https:\/\/www.vet.una.py\/wp-content\/uploads\/2025\/11\/FLYERS-55-300x300.png 300w, https:\/\/www.vet.una.py\/wp-content\/uploads\/2025\/11\/FLYERS-55-150x150.png 150w, https:\/\/www.vet.una.py\/wp-content\/uploads\/2025\/11\/FLYERS-55-768x768.png 768w, https:\/\/www.vet.una.py\/wp-content\/uploads\/2025\/11\/FLYERS-55-1536x1536.png 1536w, https:\/\/www.vet.una.py\/wp-content\/uploads\/2025\/11\/FLYERS-55.png 2000w\" sizes=\"(max-width: 1024px) 100vw, 1024px\" \/><\/figure>\n<\/figure>\n\n\n\n<figure class=\"wp-container-10 wp-block-gallery-9 wp-block-gallery has-nested-images columns-default is-cropped\">\n<figure class=\"wp-block-image size-large\"><img loading=\"lazy\" width=\"1024\" height=\"1024\" data-id=\"9336\"  src=\"https:\/\/www.vet.una.py\/wp-content\/uploads\/2025\/11\/Hospital-Veterinario-Endoscopia-2-1024x1024.png\" alt=\"\" class=\"wp-image-9336\" srcset=\"https:\/\/www.vet.una.py\/wp-content\/uploads\/2025\/11\/Hospital-Veterinario-Endoscopia-2-1024x1024.png 1024w, https:\/\/www.vet.una.py\/wp-content\/uploads\/2025\/11\/Hospital-Veterinario-Endoscopia-2-300x300.png 300w, https:\/\/www.vet.una.py\/wp-content\/uploads\/2025\/11\/Hospital-Veterinario-Endoscopia-2-150x150.png 150w, https:\/\/www.vet.una.py\/wp-content\/uploads\/2025\/11\/Hospital-Veterinario-Endoscopia-2-768x768.png 768w, https:\/\/www.vet.una.py\/wp-content\/uploads\/2025\/11\/Hospital-Veterinario-Endoscopia-2-1536x1536.png 1536w, https:\/\/www.vet.una.py\/wp-content\/uploads\/2025\/11\/Hospital-Veterinario-Endoscopia-2.png 2000w\" sizes=\"(max-width: 1024px) 100vw, 1024px\" \/><\/figure>\n\n\n\n<figure class=\"wp-block-image size-large\"><img loading=\"lazy\" width=\"1024\" height=\"1024\" data-id=\"9337\"  src=\"https:\/\/www.vet.una.py\/wp-content\/uploads\/2025\/11\/Hospital-Veterinario-Endoscopia-1024x1024.png\" alt=\"\" class=\"wp-image-9337\" srcset=\"https:\/\/www.vet.una.py\/wp-content\/uploads\/2025\/11\/Hospital-Veterinario-Endoscopia-1024x1024.png 1024w, https:\/\/www.vet.una.py\/wp-content\/uploads\/2025\/11\/Hospital-Veterinario-Endoscopia-300x300.png 300w, https:\/\/www.vet.una.py\/wp-content\/uploads\/2025\/11\/Hospital-Veterinario-Endoscopia-150x150.png 150w, https:\/\/www.vet.una.py\/wp-content\/uploads\/2025\/11\/Hospital-Veterinario-Endoscopia-768x768.png 768w, https:\/\/www.vet.una.py\/wp-content\/uploads\/2025\/11\/Hospital-Veterinario-Endoscopia-1536x1536.png 1536w, https:\/\/www.vet.una.py\/wp-content\/uploads\/2025\/11\/Hospital-Veterinario-Endoscopia.png 2000w\" sizes=\"(max-width: 1024px) 100vw, 1024px\" \/><\/figure>\n<\/figure>\n\n\n\n<figure class=\"wp-container-12 wp-block-gallery-11 wp-block-gallery has-nested-images columns-default is-cropped\">\n<figure class=\"wp-block-image size-large\"><img loading=\"lazy\" width=\"1024\" height=\"1024\" data-id=\"9341\"  src=\"https:\/\/www.vet.una.py\/wp-content\/uploads\/2025\/11\/HOSPITAL-VETERINARIO-OFTALMOLOGIA-1024x1024.png\" alt=\"\" class=\"wp-image-9341\" srcset=\"https:\/\/www.vet.una.py\/wp-content\/uploads\/2025\/11\/HOSPITAL-VETERINARIO-OFTALMOLOGIA-1024x1024.png 1024w, https:\/\/www.vet.una.py\/wp-content\/uploads\/2025\/11\/HOSPITAL-VETERINARIO-OFTALMOLOGIA-300x300.png 300w, https:\/\/www.vet.una.py\/wp-content\/uploads\/2025\/11\/HOSPITAL-VETERINARIO-OFTALMOLOGIA-150x150.png 150w, https:\/\/www.vet.una.py\/wp-content\/uploads\/2025\/11\/HOSPITAL-VETERINARIO-OFTALMOLOGIA-768x768.png 768w, https:\/\/www.vet.una.py\/wp-content\/uploads\/2025\/11\/HOSPITAL-VETERINARIO-OFTALMOLOGIA-1536x1536.png 1536w, https:\/\/www.vet.una.py\/wp-content\/uploads\/2025\/11\/HOSPITAL-VETERINARIO-OFTALMOLOGIA.png 2000w\" sizes=\"(max-width: 1024px) 100vw, 1024px\" \/><\/figure>\n\n\n\n<figure class=\"wp-block-image size-large\"><img loading=\"lazy\" width=\"1024\" height=\"1024\" data-id=\"9333\"  src=\"https:\/\/www.vet.una.py\/wp-content\/uploads\/2025\/11\/12-1-1024x1024.png\" alt=\"\" class=\"wp-image-9333\" srcset=\"https:\/\/www.vet.una.py\/wp-content\/uploads\/2025\/11\/12-1-1024x1024.png 1024w, https:\/\/www.vet.una.py\/wp-content\/uploads\/2025\/11\/12-1-300x300.png 300w, https:\/\/www.vet.una.py\/wp-content\/uploads\/2025\/11\/12-1-150x150.png 150w, https:\/\/www.vet.una.py\/wp-content\/uploads\/2025\/11\/12-1-768x768.png 768w, https:\/\/www.vet.una.py\/wp-content\/uploads\/2025\/11\/12-1-1536x1536.png 1536w, https:\/\/www.vet.una.py\/wp-content\/uploads\/2025\/11\/12-1.png 2000w\" sizes=\"(max-width: 1024px) 100vw, 1024px\" \/><\/figure>\n<\/figure>\n\n\n\n<figure class=\"wp-container-14 wp-block-gallery-13 wp-block-gallery has-nested-images columns-default is-cropped\">\n<figure class=\"wp-block-image size-large\"><img loading=\"lazy\" width=\"1024\" height=\"1024\" data-id=\"9334\"  src=\"https:\/\/www.vet.una.py\/wp-content\/uploads\/2025\/11\/HOSPITAL-VETERINARIO-CARDIOLOGIA-1024x1024.png\" alt=\"\" class=\"wp-image-9334\" srcset=\"https:\/\/www.vet.una.py\/wp-content\/uploads\/2025\/11\/HOSPITAL-VETERINARIO-CARDIOLOGIA-1024x1024.png 1024w, https:\/\/www.vet.una.py\/wp-content\/uploads\/2025\/11\/HOSPITAL-VETERINARIO-CARDIOLOGIA-300x300.png 300w, https:\/\/www.vet.una.py\/wp-content\/uploads\/2025\/11\/HOSPITAL-VETERINARIO-CARDIOLOGIA-150x150.png 150w, https:\/\/www.vet.una.py\/wp-content\/uploads\/2025\/11\/HOSPITAL-VETERINARIO-CARDIOLOGIA-768x768.png 768w, https:\/\/www.vet.una.py\/wp-content\/uploads\/2025\/11\/HOSPITAL-VETERINARIO-CARDIOLOGIA-1536x1536.png 1536w, https:\/\/www.vet.una.py\/wp-content\/uploads\/2025\/11\/HOSPITAL-VETERINARIO-CARDIOLOGIA.png 2000w\" sizes=\"(max-width: 1024px) 100vw, 1024px\" \/><\/figure>\n\n\n\n<figure class=\"wp-block-image size-large\"><img loading=\"lazy\" width=\"1024\" height=\"1024\" data-id=\"9332\"  src=\"https:\/\/www.vet.una.py\/wp-content\/uploads\/2025\/11\/7-4-1024x1024.png\" alt=\"\" class=\"wp-image-9332\" srcset=\"https:\/\/www.vet.una.py\/wp-content\/uploads\/2025\/11\/7-4-1024x1024.png 1024w, https:\/\/www.vet.una.py\/wp-content\/uploads\/2025\/11\/7-4-300x300.png 300w, https:\/\/www.vet.una.py\/wp-content\/uploads\/2025\/11\/7-4-150x150.png 150w, https:\/\/www.vet.una.py\/wp-content\/uploads\/2025\/11\/7-4-768x768.png 768w, https:\/\/www.vet.una.py\/wp-content\/uploads\/2025\/11\/7-4-1536x1536.png 1536w, https:\/\/www.vet.una.py\/wp-content\/uploads\/2025\/11\/7-4.png 2000w\" sizes=\"(max-width: 1024px) 100vw, 1024px\" \/><\/figure>\n<\/figure>\n\n\n\n<figure class=\"wp-container-16 wp-block-gallery-15 wp-block-gallery has-nested-images columns-default is-cropped\">\n<figure class=\"wp-block-image size-large\"><img loading=\"lazy\" width=\"1080\" height=\"1080\" data-id=\"2966\"  src=\"https:\/\/www.vet.una.py\/wp-content\/uploads\/2025\/04\/7-1.png\" alt=\"\" class=\"wp-image-2966\"\/><\/figure>\n\n\n\n<figure class=\"wp-block-image size-large\"><img loading=\"lazy\" width=\"1024\" height=\"1024\" data-id=\"9327\"  src=\"https:\/\/www.vet.una.py\/wp-content\/uploads\/2025\/11\/FLYERS-51-1024x1024.png\" alt=\"\" class=\"wp-image-9327\" srcset=\"https:\/\/www.vet.una.py\/wp-content\/uploads\/2025\/11\/FLYERS-51-1024x1024.png 1024w, https:\/\/www.vet.una.py\/wp-content\/uploads\/2025\/11\/FLYERS-51-300x300.png 300w, https:\/\/www.vet.una.py\/wp-content\/uploads\/2025\/11\/FLYERS-51-150x150.png 150w, https:\/\/www.vet.una.py\/wp-content\/uploads\/2025\/11\/FLYERS-51-768x768.png 768w, https:\/\/www.vet.una.py\/wp-content\/uploads\/2025\/11\/FLYERS-51-1536x1536.png 1536w, https:\/\/www.vet.una.py\/wp-content\/uploads\/2025\/11\/FLYERS-51.png 2000w\" sizes=\"(max-width: 1024px) 100vw, 1024px\" \/><\/figure>\n<\/figure>\n\n\n\n<figure class=\"wp-container-18 wp-block-gallery-17 wp-block-gallery has-nested-images columns-default is-cropped\">\n<figure class=\"wp-block-image size-large\"><img loading=\"lazy\" width=\"1024\" height=\"1024\" data-id=\"9324\"  src=\"https:\/\/www.vet.una.py\/wp-content\/uploads\/2025\/11\/HOSPITAL-VETERINARIO-TRAUMATOLOGIA-1024x1024.png\" alt=\"\" class=\"wp-image-9324\" srcset=\"https:\/\/www.vet.una.py\/wp-content\/uploads\/2025\/11\/HOSPITAL-VETERINARIO-TRAUMATOLOGIA-1024x1024.png 1024w, https:\/\/www.vet.una.py\/wp-content\/uploads\/2025\/11\/HOSPITAL-VETERINARIO-TRAUMATOLOGIA-300x300.png 300w, https:\/\/www.vet.una.py\/wp-content\/uploads\/2025\/11\/HOSPITAL-VETERINARIO-TRAUMATOLOGIA-150x150.png 150w, https:\/\/www.vet.una.py\/wp-content\/uploads\/2025\/11\/HOSPITAL-VETERINARIO-TRAUMATOLOGIA-768x768.png 768w, https:\/\/www.vet.una.py\/wp-content\/uploads\/2025\/11\/HOSPITAL-VETERINARIO-TRAUMATOLOGIA-1536x1536.png 1536w, https:\/\/www.vet.una.py\/wp-content\/uploads\/2025\/11\/HOSPITAL-VETERINARIO-TRAUMATOLOGIA.png 2000w\" sizes=\"(max-width: 1024px) 100vw, 1024px\" \/><\/figure>\n\n\n\n<figure class=\"wp-block-image size-large\"><img loading=\"lazy\" width=\"1024\" height=\"1024\" data-id=\"9378\"  src=\"https:\/\/www.vet.una.py\/wp-content\/uploads\/2025\/11\/FLYERS-53-1024x1024.png\" alt=\"\" class=\"wp-image-9378\" srcset=\"https:\/\/www.vet.una.py\/wp-content\/uploads\/2025\/11\/FLYERS-53-1024x1024.png 1024w, https:\/\/www.vet.una.py\/wp-content\/uploads\/2025\/11\/FLYERS-53-300x300.png 300w, https:\/\/www.vet.una.py\/wp-content\/uploads\/2025\/11\/FLYERS-53-150x150.png 150w, https:\/\/www.vet.una.py\/wp-content\/uploads\/2025\/11\/FLYERS-53-768x768.png 768w, https:\/\/www.vet.una.py\/wp-content\/uploads\/2025\/11\/FLYERS-53-1536x1536.png 1536w, https:\/\/www.vet.una.py\/wp-content\/uploads\/2025\/11\/FLYERS-53.png 2000w\" sizes=\"(max-width: 1024px) 100vw, 1024px\" \/><\/figure>\n<\/figure>\n\n\n\n<figure class=\"wp-container-20 wp-block-gallery-19 wp-block-gallery has-nested-images columns-default is-cropped\">\n<figure class=\"wp-block-image size-large\"><img loading=\"lazy\" width=\"2000\" height=\"2000\" data-id=\"9331\"  src=\"https:\/\/www.vet.una.py\/wp-content\/uploads\/2025\/11\/2-10.png\" alt=\"\" class=\"wp-image-9331\" srcset=\"https:\/\/www.vet.una.py\/wp-content\/uploads\/2025\/11\/2-10.png 2000w, https:\/\/www.vet.una.py\/wp-content\/uploads\/2025\/11\/2-10-300x300.png 300w, https:\/\/www.vet.una.py\/wp-content\/uploads\/2025\/11\/2-10-1024x1024.png 1024w, https:\/\/www.vet.una.py\/wp-content\/uploads\/2025\/11\/2-10-150x150.png 150w, https:\/\/www.vet.una.py\/wp-content\/uploads\/2025\/11\/2-10-768x768.png 768w, https:\/\/www.vet.una.py\/wp-content\/uploads\/2025\/11\/2-10-1536x1536.png 1536w\" sizes=\"(max-width: 2000px) 100vw, 2000px\" \/><\/figure>\n\n\n\n<figure class=\"wp-block-image size-large\"><img loading=\"lazy\" width=\"2000\" height=\"2000\" data-id=\"9330\"  src=\"https:\/\/www.vet.una.py\/wp-content\/uploads\/2025\/11\/1-11.png\" alt=\"\" class=\"wp-image-9330\" srcset=\"https:\/\/www.vet.una.py\/wp-content\/uploads\/2025\/11\/1-11.png 2000w, https:\/\/www.vet.una.py\/wp-content\/uploads\/2025\/11\/1-11-300x300.png 300w, https:\/\/www.vet.una.py\/wp-content\/uploads\/2025\/11\/1-11-1024x1024.png 1024w, https:\/\/www.vet.una.py\/wp-content\/uploads\/2025\/11\/1-11-150x150.png 150w, https:\/\/www.vet.una.py\/wp-content\/uploads\/2025\/11\/1-11-768x768.png 768w, https:\/\/www.vet.una.py\/wp-content\/uploads\/2025\/11\/1-11-1536x1536.png 1536w\" sizes=\"(max-width: 2000px) 100vw, 2000px\" \/><\/figure>\n<\/figure>\n\n\n\n<figure class=\"wp-container-22 wp-block-gallery-21 wp-block-gallery has-nested-images columns-default is-cropped\">\n<figure class=\"wp-block-image size-large\"><img loading=\"lazy\" width=\"1024\" height=\"1024\" data-id=\"9921\"  src=\"https:\/\/www.vet.una.py\/wp-content\/uploads\/2026\/02\/FLYERS-2026-14-1024x1024.png\" alt=\"\" class=\"wp-image-9921\" srcset=\"https:\/\/www.vet.una.py\/wp-content\/uploads\/2026\/02\/FLYERS-2026-14-1024x1024.png 1024w, https:\/\/www.vet.una.py\/wp-content\/uploads\/2026\/02\/FLYERS-2026-14-300x300.png 300w, https:\/\/www.vet.una.py\/wp-content\/uploads\/2026\/02\/FLYERS-2026-14-150x150.png 150w, https:\/\/www.vet.una.py\/wp-content\/uploads\/2026\/02\/FLYERS-2026-14-768x768.png 768w, https:\/\/www.vet.una.py\/wp-content\/uploads\/2026\/02\/FLYERS-2026-14-1536x1536.png 1536w, https:\/\/www.vet.una.py\/wp-content\/uploads\/2026\/02\/FLYERS-2026-14.png 2000w\" sizes=\"(max-width: 1024px) 100vw, 1024px\" \/><\/figure>\n<\/figure>\n\n\n\n<figure class=\"wp-container-24 wp-block-gallery-23 wp-block-gallery has-nested-images columns-default is-cropped\"><\/figure>\n\n\n\n<figure class=\"wp-block-image\"><img alt=\"\"\/><\/figure>\n\n\n\n<figure class=\"wp-container-26 wp-block-gallery-25 wp-block-gallery has-nested-images columns-default is-cropped\"><\/figure>\n","protected":false},"excerpt":{"rendered":"<p>HORARIO DE ATENCI\u00d3N Lunes a viernes, de 07:30 a 17:00 h, con turnos por orden [&hellip;]<\/p>\n","protected":false},"author":1,"featured_media":3049,"parent":0,"menu_order":0,"comment_status":"closed","ping_status":"closed","template":"","meta":[],"_links":{"self":[{"href":"https:\/\/www.vet.una.py\/index.php?rest_route=\/wp\/v2\/pages\/2964"}],"collection":[{"href":"https:\/\/www.vet.una.py\/index.php?rest_route=\/wp\/v2\/pages"}],"about":[{"href":"https:\/\/www.vet.una.py\/index.php?rest_route=\/wp\/v2\/types\/page"}],"author":[{"embeddable":true,"href":"https:\/\/www.vet.una.py\/index.php?rest_route=\/wp\/v2\/users\/1"}],"replies":[{"embeddable":true,"href":"https:\/\/www.vet.una.py\/index.php?rest_route=%2Fwp%2Fv2%2Fcomments&post=2964"}],"version-history":[{"count":20,"href":"https:\/\/www.vet.una.py\/index.php?rest_route=\/wp\/v2\/pages\/2964\/revisions"}],"predecessor-version":[{"id":9922,"href":"https:\/\/www.vet.una.py\/index.php?rest_route=\/wp\/v2\/pages\/2964\/revisions\/9922"}],"wp:featuredmedia":[{"embeddable":true,"href":"https:\/\/www.vet.una.py\/index.php?rest_route=\/wp\/v2\/media\/3049"}],"wp:attachment":[{"href":"https:\/\/www.vet.una.py\/index.php?rest_route=%2Fwp%2Fv2%2Fmedia&parent=2964"}],"curies":[{"name":"wp","href":"https:\/\/api.w.org\/{rel}","templated":true}]}}