{"id":293,"date":"2025-02-20T08:40:17","date_gmt":"2025-02-20T11:40:17","guid":{"rendered":"http:\/\/10.1.5.86\/?page_id=293"},"modified":"2025-07-21T09:05:43","modified_gmt":"2025-07-21T12:05:43","slug":"historia","status":"publish","type":"page","link":"https:\/\/www.vet.una.py\/?page_id=293","title":{"rendered":"Historia"},"content":{"rendered":"\n<div style=\"height:1px\" aria-hidden=\"true\" class=\"wp-block-spacer\"><\/div>\n\n\n\n<h1 class=\"wp-elements-fe032262457e9a8091b8057177e14a79 has-text-align-left wp-block-heading has-work-sans-font-family has-text-color has-link-color\" style=\"color:#912f53;font-size:25px;text-transform:uppercase\">Origen de la Facultad de Ciencias Veterinarias<\/h1>\n\n\n\n<figure class=\"wp-block-image aligncenter\"><img loading=\"lazy\" width=\"750\" height=\"458\" src=\"https:\/\/www.vet.una.py\/wp-content\/uploads\/2025\/02\/WhatsApp-Image-2025-02-27-at-13.22.20.jpeg\" alt=\"\" class=\"wp-image-768\"\/><\/figure>\n\n\n\n<p>A mediados del siglo XX, a pesar de su condici\u00f3n de pa\u00eds esencialmente agr\u00edcola y ganadero, Paraguay a\u00fan no contaba con una Instituci\u00f3n de Ense\u00f1anza Superior en Agronom\u00eda y Veterinaria. La gran mayor\u00eda de agricultores y ganaderos trabajaba sin asistencia ni colaboraci\u00f3n cient\u00edfica, sin m\u00e1s conocimientos que los adquiridos a trav\u00e9s de sus propias experiencias o asesorados por \u201ct\u00e9cnicos rurales\u201d, desvinculados de todos los adelantos modernos y al margen de la gran evoluci\u00f3n que durante los \u00faltimos a\u00f1os caracteriz\u00f3 la producci\u00f3n pecuaria en el continente.<\/p>\n\n\n\n<p>La preparaci\u00f3n en el \u00e1rea agr\u00edcola ganadera se limitaba a la que pod\u00edan brindar algunas escuelas y colegios rurales, entre ellos, la Escuela Nacional de Agricultura, establecida en 1940 y que en 1950 pas\u00f3 a llamarse Colegio Nacional \u201cMariscal Estigarribia\u201d (CONAME). Este colegio estaba ubicado en San Lorenzo del Campo Grande y funcionaba como un internado albergando aproximadamente 450 estudiantes, la mayor\u00eda proveniente del interior. Los egresados del colegio recib\u00edan el t\u00edtulo de Agr\u00f3nomo.<\/p>\n\n\n\n<p>En 1952, debido a que no exist\u00edan suficientes profesionales en relaci\u00f3n a la gran labor agr\u00edcola ganadera que necesitaba realizar el Paraguay, un grupo de j\u00f3venes profesionales veterinarios entusiastas y so\u00f1adores, se reun\u00edan peri\u00f3dicamente, para tratar la creaci\u00f3n de la Facultad de Ciencias Veterinarias en el pa\u00eds, en la Direcci\u00f3n General de Ganader\u00eda, que estaba asentada en una antigua casona ubicada en la calle 25 de Mayo y Antequera y en la estancia \u201cBarrerito\u201d, ubicada en la jurisdicci\u00f3n de Caapuc\u00fa, Departamento de Paraguari.<\/p>\n\n\n\n<p>Dos a\u00f1os despu\u00e9s, por Decreto Ley N\u00ba 29 de fecha 25 de marzo de 1954, se cre\u00f3 la Escuela Superior de Agronom\u00eda y Veterinaria, sobre la estructura del Colegio Nacional de Agronom\u00eda \u201cMariscal Estigarribia\u201d (CONAME), dependiente del Ministerio de Agricultura y Ganader\u00eda. Por resoluci\u00f3n N\u00ba 1424 del 27 de septiembre de 1955, se design\u00f3 una comisi\u00f3n presidida por el Dr. Arsenio Vasconsellos e integrada por el Dr. Luis Alberto Nery Huerta, el Dr. Ra\u00fal Prieto Busto, por la Sociedad de Ciencias Veterinarias del Paraguay y los Ingenieros Agr\u00f3nomos Anastasio Fern\u00e1ndez y Rogelio Ferreira Guerreros, por la Sociedad de Ingenieros Agr\u00f3nomos del Paraguay, para redactar el Reglamento y el Plan de Estudios de la Facultad. Ambos instrumentos fueron aprobados por el Consejo Superior Universitario por Resoluci\u00f3n N\u00ba 1500 del 31 de diciembre de 1955.<\/p>\n\n\n\n<figure class=\"wp-block-image aligncenter\"><img loading=\"lazy\" width=\"768\" height=\"474\" src=\"https:\/\/www.vet.una.py\/wp-content\/uploads\/2025\/02\/WhatsApp-Image-2025-02-27-at-13.22.11.jpeg\" alt=\"\" class=\"wp-image-770\"\/><\/figure>\n\n\n\n<p>Por mandato propio del instrumento jur\u00eddico de su creaci\u00f3n, la Escuela Superior pas\u00f3 a depender de la Universidad Nacional de Asunci\u00f3n a partir del 1\u00ba de enero de 1956, bajo la denominaci\u00f3n de Facultad de Agronom\u00eda y Veterinaria.<\/p>\n\n\n\n<p>Por decreto N\u00ba 17579, de fecha 29 de febrero de 1956, el Colegio Nacional de Agronom\u00eda \u201cMariscal Estigarribia\u201d pas\u00f3 a depender de la Facultad de Agronom\u00eda y Veterinaria, a la que fueron transferidos todos sus bienes: semovientes materiales, veh\u00edculos, tractores, equipos, biblioteca, archivos y todo el patrimonio en uso. A trav\u00e9s de esta medida la Facultad recibi\u00f3 un predio de 300 Has. en San Lorenzo, a las puertas de la capital, sobre la Ruta Mariscal Estigarribia, con cultivos permanentes, plantaciones de \u00e1rboles frutales, ganado, importantes edificios adecuados a las nuevas necesidades, galpones, implementos agr\u00edcolas, etc.<\/p>\n\n\n\n<p>La Facultad de Agronom\u00eda y Veterinaria fue inaugurada el 23 de abril de 1956, siendo Presidente de la Rep\u00fablica, el General de Ej\u00e9rcito Don Alfredo Stroessner; Ministro de Educaci\u00f3n y Culto, Dr. Ra\u00fal Pe\u00f1a; Ministro de Agricultura y Ganader\u00eda, Dr. Favio Da Silva, Rector interventor, Dr. C\u00e9sar Romeo Acosta.<\/p>\n\n\n\n<p>A partir de esta fecha se iniciaron oficialmente las actividades acad\u00e9micas con aproximadamente 50 inscriptos. La mayor\u00eda de ellos estudiantes egresados del CONAME, graduados de Peritos Agr\u00f3nomos (nivel medio) y oficiales veterinarios del Servicio de Remonta y Veterinaria del Ej\u00e9rcito Nacional (nivel medio), quienes previa equiparaci\u00f3n de las asignaturas que correspond\u00edan al Bachillerato en Ciencias y Letras pasaron a ser los primeros estudiantes de la novel instituci\u00f3n. Fue nombrado Decano, durante el periodo 1956 \u2013 1961, el Prof. Dr. Arsenio Vasconsellos L\u00f3pez, principal fundador de la Facultad, en car\u00e1cter de \u201cAd \u2013 honorem\u201d, pionero y uno de los m\u00e1s grandes propulsores del crecimiento de la producci\u00f3n pecuaria a trav\u00e9s de actividades desarrolladas como formador de j\u00f3venes profesionales y como asesor de organismos nacionales e internacionales.<\/p>\n\n\n\n<p>El primer Consejo Directivo de la Facultad de Agronom\u00eda y Veterinaria estuvo integrado por el Prof. Dr. Arsenio Vasconsellos L\u00f3pez, el Prof. Ing. Civil \u00c1ngel Pascual Secchia, el Prof. Dr. Juan Boggino, el Prof. Dr. Juan Gualberto Masulli y el Prof. Dr. Lu\u00eds Alberto Nery Huerta. Contando con una infraestructura m\u00ednima, las clases se desarrollaban por la tarde, a menudo bajo los \u00e1rboles; los textos de consultas eran escasos y se utilizaban apuntes de clases copiados de la escuela francesa. La mayor\u00eda de los profesores eran profesionales paraguayos egresados de la Facultad de Veterinaria del Uruguay, otros del Brasil y de la Argentina; se contrataron adem\u00e1s m\u00e9dicos egresados de la Facultad de Medicina de la Universidad Nacional de Asunci\u00f3n y Veterinarios argentinos y brasileros. El 22 de abril de 1961 egresaron 22 estudiantes de la primera promoci\u00f3n de la Facultad de Agronom\u00eda y Veterinaria con el t\u00edtulo de M\u00e9dicos Veterinarios, siendo el mejor egresado el Dr. Eduardo Ru\u00edz Almada, quien asumi\u00f3 el Decanato durante el periodo 1967\/1989.<\/p>\n\n\n\n<figure class=\"wp-block-image aligncenter\"><img loading=\"lazy\" width=\"768\" height=\"504\" src=\"https:\/\/www.vet.una.py\/wp-content\/uploads\/2025\/02\/WhatsApp-Image-2025-02-27-at-13.22.02.jpeg\" alt=\"\" class=\"wp-image-769\"\/><\/figure>\n\n\n\n<p>En 19 a\u00f1os de funcionamiento la Facultad de Agronom\u00eda y Veterinaria entreg\u00f3 al pa\u00eds, 361 Ingenieros Agr\u00f3nomos y 368 M\u00e9dicos Veterinarios.<\/p>\n\n\n\n<p>Por Resoluci\u00f3n n\u00ba 1142-00-74, Acta N\u00ba 297, de fecha 19 de septiembre de 1974, el Consejo Superior Universitario decidi\u00f3 establecer dos unidades acad\u00e9micas independientes, la Facultad de Ciencias Veterinarias y la Facultad de Ingenier\u00eda Agron\u00f3mica, delimitando el \u00e1rea f\u00edsica en un 50% a cada una de las facultades y distribuyendo equitativamente entre ambas unidades acad\u00e9micas los muebles, \u00fatiles, materiales did\u00e1cticos, animales y semovientes.<\/p>\n\n\n\n<p>Ambas facultades comenzaron a funcionar acad\u00e9mica y administrativamente en forma independiente a partir de enero de 1975; desde aquella fecha la Facultad de Ciencias Veterinarias, ha experimentado sucesivas modificaciones, innovaciones y actualizaciones en relaci\u00f3n al Proyecto Acad\u00e9mico y Administrativo, incluyendo el perfil profesional de sus egresados.<\/p>\n\n\n\n<div style=\"height:53px\" aria-hidden=\"true\" class=\"wp-block-spacer\"><\/div>\n","protected":false},"excerpt":{"rendered":"<p>Origen de la Facultad de Ciencias Veterinarias A mediados del siglo XX, a pesar de [&hellip;]<\/p>\n","protected":false},"author":4,"featured_media":1173,"parent":0,"menu_order":0,"comment_status":"closed","ping_status":"closed","template":"","meta":[],"_links":{"self":[{"href":"https:\/\/www.vet.una.py\/index.php?rest_route=\/wp\/v2\/pages\/293"}],"collection":[{"href":"https:\/\/www.vet.una.py\/index.php?rest_route=\/wp\/v2\/pages"}],"about":[{"href":"https:\/\/www.vet.una.py\/index.php?rest_route=\/wp\/v2\/types\/page"}],"author":[{"embeddable":true,"href":"https:\/\/www.vet.una.py\/index.php?rest_route=\/wp\/v2\/users\/4"}],"replies":[{"embeddable":true,"href":"https:\/\/www.vet.una.py\/index.php?rest_route=%2Fwp%2Fv2%2Fcomments&post=293"}],"version-history":[{"count":45,"href":"https:\/\/www.vet.una.py\/index.php?rest_route=\/wp\/v2\/pages\/293\/revisions"}],"predecessor-version":[{"id":7030,"href":"https:\/\/www.vet.una.py\/index.php?rest_route=\/wp\/v2\/pages\/293\/revisions\/7030"}],"wp:featuredmedia":[{"embeddable":true,"href":"https:\/\/www.vet.una.py\/index.php?rest_route=\/wp\/v2\/media\/1173"}],"wp:attachment":[{"href":"https:\/\/www.vet.una.py\/index.php?rest_route=%2Fwp%2Fv2%2Fmedia&parent=293"}],"curies":[{"name":"wp","href":"https:\/\/api.w.org\/{rel}","templated":true}]}}