{"id":2879,"date":"2025-04-21T13:09:18","date_gmt":"2025-04-21T16:09:18","guid":{"rendered":"http:\/\/10.1.5.86\/?page_id=2879"},"modified":"2025-09-02T08:37:22","modified_gmt":"2025-09-02T11:37:22","slug":"reglementos","status":"publish","type":"page","link":"https:\/\/www.vet.una.py\/?page_id=2879","title":{"rendered":"Reglamentos"},"content":{"rendered":"\n<div style=\"height:51px\" aria-hidden=\"true\" class=\"wp-block-spacer\"><\/div>\n\n\n\n<div class=\"wp-container-39 wp-block-columns alignfull are-vertically-aligned-top\">\n<div class=\"wp-container-3 wp-block-column is-vertically-aligned-top\" style=\"flex-basis:15%\">\n<hr class=\"wp-block-separator has-alpha-channel-opacity is-style-wide\" style=\"margin-top:0;margin-bottom:0\"\/>\n\n\n\n<div class=\"wp-container-2 wp-block-group alignwide gutenify-section-30dc5800-0447-11ee-9f77-078cf27c462b\" style=\"padding-bottom:0px\">\n<div class=\"wp-container-1 is-vertical wp-block-group gutenify-section-30dc09e0-0447-11ee-9f77-078cf27c462b\" style=\"padding-top:0px;padding-right:0px;padding-bottom:0px;padding-left:0px\">\n<h2 class=\"wp-block-heading has-text-color has-link-color\" style=\"border-style:none;border-width:0px;color:#921f53;margin-top:var(--wp--preset--spacing--30);margin-right:0;margin-bottom:var(--wp--preset--spacing--30);margin-left:0;font-size:15px\"><a href=\"https:\/\/www.vet.una.py\/?page_id=2450\">Quienes somos<\/a><\/h2>\n\n\n\n<h2 class=\"wp-block-heading has-text-color has-link-color\" style=\"color:#921f53;margin-top:var(--wp--preset--spacing--30);margin-bottom:var(--wp--preset--spacing--30);font-size:15px\"><a href=\"https:\/\/www.vet.una.py\/?page_id=2452\">Lineas de Investigaci\u00f3n<\/a><\/h2>\n\n\n\n<h2 class=\"wp-block-heading has-text-color has-link-color\" style=\"color:#921f53;margin-top:var(--wp--preset--spacing--30);margin-bottom:var(--wp--preset--spacing--30);font-size:15px\"><a href=\"https:\/\/www.vet.una.py\/?page_id=2454\">Revista<\/a><\/h2>\n\n\n\n<h2 class=\"wp-block-heading has-text-color has-link-color\" style=\"color:#921f53;margin-top:var(--wp--preset--spacing--30);margin-bottom:var(--wp--preset--spacing--30);font-size:15px\"><a href=\"https:\/\/www.vet.una.py\/?page_id=2879\">Reglamentos<\/a><\/h2>\n\n\n\n<h2 class=\"wp-block-heading has-text-color has-link-color\" style=\"color:#921f53;margin-top:var(--wp--preset--spacing--30);margin-right:0;margin-bottom:var(--wp--preset--spacing--30);margin-left:0;font-size:15px\"><a href=\"https:\/\/www.vet.una.py\/?page_id=2456\">Proyectos<\/a><\/h2>\n\n\n\n<h2 class=\"wp-block-heading has-text-color has-link-color\" style=\"color:#921f53;margin-top:var(--wp--preset--spacing--30);margin-bottom:var(--wp--preset--spacing--30);font-size:15px\"><a href=\"https:\/\/www.vet.una.py\/?page_id=2458\">Difusi\u00f3n<\/a><\/h2>\n<\/div>\n<\/div>\n\n\n\n<div style=\"height:12px\" aria-hidden=\"true\" class=\"wp-block-spacer\"><\/div>\n\n\n\n<hr class=\"wp-block-separator has-alpha-channel-opacity is-style-wide\" style=\"margin-top:0;margin-bottom:0\"\/>\n\n\n\n<h6 class=\"wp-elements-47a0d882bc74e78f89efd02131040046 wp-block-heading has-text-color has-link-color\" style=\"color:#921f53\">Acceso a trabajos cient\u00edficos<\/h6>\n\n\n\n<hr class=\"wp-block-separator has-alpha-channel-opacity is-style-wide\" style=\"margin-top:0;margin-bottom:0\"\/>\n\n\n\n<p style=\"font-size:13px;margin-top:var:preset|spacing|20;margin-bottom:var:preset|spacing|20\"><p style=\"margin-top:var(--wp--preset--spacing--20);margin-bottom:var(--wp--preset--spacing--20);font-size:13px\">Aqu\u00ed les presentamos enlaces de inter\u00e9s para realizar b\u00fasquedas de trabajos cient\u00edficos:<\/p><\/p>\n\n\n\n<ul class=\"wp-block-list\">\n\n<li class=\"wp-elements-a2b48db85ffa4b72f5db6aee5c882c14 has-secondary-color has-text-color has-link-color\" style=\"font-size:15px\"><a href=\"https:\/\/scholar.google.es\/\"><span style=\"text-decoration: underline;\">Google Acad\u00e9mico<\/span><\/a><\/li>\n\n\n<li class=\"wp-elements-d5d1d8bb4f6d2c780ca9f4af39e3532b has-secondary-color has-text-color has-link-color\" style=\"font-size:15px\"><a href=\"https:\/\/www.cnc.una.py\/opac\/\" data-type=\"link\" data-id=\"https:\/\/www.cnc.una.py\/opac\/\"><span style=\"text-decoration: underline;\">OPAC\/SGB Cat\u00e1logo bibliogr\u00e1fico de la UNA<\/span><\/a><\/li>\n\n\n<li class=\"wp-elements-86d3bca4cdcb1b1afc2685a955e9453a has-secondary-color has-text-color has-link-color\" style=\"font-size:15px\"><a href=\"https:\/\/scielo.iics.una.py\/cgi-bin\/wxis.exe\/iah\/?IsisScript=iah\/iah.xis&amp;base=article%5Edlibrary&amp;fmt=iso.pft&amp;lang=e\"><span style=\"text-decoration: underline;\">Scielo Paraguay<\/span><\/a><\/li>\n\n\n<li class=\"wp-elements-268896f8e47e2ee827f1dcd4ca45213b has-secondary-color has-text-color has-link-color\" style=\"font-size:15px\"><a href=\"https:\/\/cicco.conacyt.gov.py\/\"><span style=\"text-decoration: underline;\">CICCO Paraguay<\/span><\/a><\/li>\n\n<\/ul>\n\n\n\n<div style=\"height:12px\" aria-hidden=\"true\" class=\"wp-block-spacer\"><\/div>\n\n\n\n<h6 class=\"wp-elements-76bb0e57f33fbe445bd2d81846968906 wp-block-heading has-text-color has-link-color\" style=\"color:#921f53\">Becas<\/h6>\n\n\n\n<hr class=\"wp-block-separator has-alpha-channel-opacity is-style-wide\" style=\"margin-top:0;margin-bottom:0\"\/>\n\n\n\n<figure class=\"wp-block-image size-full\"><a href=\"https:\/\/cooperacion.stp.gov.py\/becas\/\" target=\"_blank\" rel=\"noreferrer noopener\"><img loading=\"lazy\" width=\"651\" height=\"109\" src=\"https:\/\/www.vet.una.py\/wp-content\/uploads\/2025\/04\/WhatsApp-Image-2025-04-21-at-08.56.04.jpeg\" alt=\"\" class=\"wp-image-2772\"\/><\/a><\/figure>\n\n\n\n<div style=\"height:12px\" aria-hidden=\"true\" class=\"wp-block-spacer\"><\/div>\n\n\n\n<h6 class=\"wp-elements-10e64e020133add1852e7ed3ab6fb8ff wp-block-heading has-text-color has-link-color\" style=\"color:#921f53\">CONACYT<\/h6>\n\n\n\n<hr class=\"wp-block-separator has-alpha-channel-opacity is-style-wide\" style=\"margin-top:0;margin-bottom:0\"\/>\n\n\n\n<figure class=\"wp-block-image size-full\"><a href=\"https:\/\/www.conacyt.gov.py\/\"><img loading=\"lazy\" width=\"545\" height=\"108\" src=\"https:\/\/www.vet.una.py\/wp-content\/uploads\/2025\/04\/WhatsApp-Image-2025-04-21-at-09.07.36.jpeg\" alt=\"\" class=\"wp-image-2777\"\/><\/a><\/figure>\n\n\n\n<div style=\"height:12px\" aria-hidden=\"true\" class=\"wp-block-spacer\"><\/div>\n\n\n\n<h6 class=\"wp-elements-9aa53547ece7f1a1cec269a8d4c22cec wp-block-heading has-text-color has-link-color\" style=\"color:#921f53\">Enlaces de Inter\u00e9s<\/h6>\n\n\n\n<hr class=\"wp-block-separator has-alpha-channel-opacity is-style-wide\" style=\"margin-top:0;margin-bottom:0\"\/>\n\n\n\n<ul class=\"wp-block-list\">\n\n<li class=\"wp-elements-ad7783cfd040a79e90cbf43f6177a964 has-secondary-color has-text-color has-link-color\" style=\"font-size:15px\"><a href=\"https:\/\/www.una.py\/\"><span style=\"text-decoration: underline;\">Universidad Nacional de Asunci\u00f3n<\/span><\/a><\/li>\n\n\n<li class=\"wp-elements-0f882c87d143797db9f5dd37c2eedf41 has-secondary-color has-text-color has-link-color\" style=\"font-size:15px\"><a href=\"https:\/\/www.conacyt.gov.py\/\"><span style=\"text-decoration: underline;\">Consejo Nacional de Ciencia y Tecnolog\u00eda<\/span><\/a><\/li>\n\n\n<li class=\"wp-elements-e8e982b513428f9596ac7fd81b7c8f75 has-secondary-color has-text-color has-link-color\" style=\"font-size:15px\"><a href=\"https:\/\/iica.int\/es\/\"><span style=\"text-decoration: underline;\">Instituto Interamericano de Cooperaci\u00f3n para la Agricultura<\/span><\/a><\/li>\n\n\n<li class=\"wp-elements-03f496e7cacd69c84a401f2e3dc6f976 has-secondary-color has-text-color has-link-color\" style=\"font-size:15px\"><a href=\"http:\/\/www.senacsa.gov.py\/\"><span style=\"text-decoration: underline;\">Servicio Nacional de Calidad y Salud Animal<\/span><\/a><\/li>\n\n\n<li class=\"wp-elements-39ced78f743534adc7e8a0e6b418fce6 has-secondary-color has-text-color has-link-color\" style=\"font-size:15px\"><a href=\"https:\/\/www.mag.gov.py\/\"><span style=\"text-decoration: underline;\">Ministerio de Agricultura y Ganader\u00eda<\/span><\/a><\/li>\n\n\n<li class=\"wp-elements-5464c41454f43f30bb7ac6b51cfaaa6d has-secondary-color has-text-color has-link-color\" style=\"font-size:15px\"><a href=\"https:\/\/www.arp.org.py\/\"><span style=\"text-decoration: underline;\">Asociaci\u00f3n Rural del Paraguay<\/span><\/a><\/li>\n\n\n<li class=\"wp-elements-ff8b81af11200aec74b9f460c904d4ff has-secondary-color has-text-color has-link-color\" style=\"font-size:15px\"><a href=\"https:\/\/www.fondogan.gov.py\/\"><span style=\"text-decoration: underline;\">Fondo Ganadero<\/span><\/a><\/li>\n\n<\/ul>\n\n\n\n<div style=\"height:12px\" aria-hidden=\"true\" class=\"wp-block-spacer\"><\/div>\n\n\n\n<h6 class=\"wp-elements-2d5eef91dfd15b25d049b4c72ede6d96 wp-block-heading has-text-color has-link-color\" style=\"color:#921f53\">Horario de Atenci\u00f3n<\/h6>\n\n\n\n<p style=\"font-size:15px;margin-top:0;margin-bottom:0\"><strong>Lunes a Viernes<\/strong><br>7:30 a 18:00 Hrs<\/p>\n<\/div>\n\n\n\n<div class=\"wp-container-38 wp-block-column is-vertically-aligned-top\" style=\"flex-basis:66.66%\">\n<div class=\"wp-container-5 wp-block-columns\" style=\"padding-left:40px\">\n<div class=\"wp-container-4 wp-block-column\" style=\"flex-basis:100%\">\n<h2 class=\"wp-elements-3aa1bf69660eb938e5f46b39e2f098eb wp-block-heading has-work-sans-font-family has-text-color has-link-color\" style=\"color:#921f53;font-size:25px\">REGLAMENTOS DE INVESTIGACI\u00d3N<\/h2>\n<\/div>\n<\/div>\n\n\n\n<div class=\"wp-container-9 wp-block-columns\" style=\"padding-left:40px\">\n<div class=\"wp-container-8 wp-block-column\" style=\"flex-basis:100%\">\n<div class=\"wp-container-7 wp-block-columns\" style=\"margin-top:0px;margin-bottom:0px\">\n<div class=\"wp-container-6 wp-block-column\" style=\"flex-basis:100%\">\n<p class=\"has-foreground-color has-text-color\">La Direcci\u00f3n de Investigaci\u00f3n Cient\u00edfica y Tecnol\u00f3gica, as\u00ed como el proceso de investigaci\u00f3n, esta regido y sistematizado con los siguientes reglamentos, protocolos, manuales, formularios y\/o planillas.<br><\/p>\n<\/div>\n<\/div>\n<\/div>\n<\/div>\n\n\n\n<div class=\"wp-container-11 wp-block-columns\" style=\"margin-top:0px;margin-bottom:0px;padding-left:40px\">\n<div class=\"wp-container-10 wp-block-column\" style=\"flex-basis:100%\">\n<h2 class=\"wp-elements-4bde8398a589dd60e6002ba8b8f0002d wp-block-heading has-work-sans-font-family has-text-color has-link-color\" style=\"color:#921f53;font-size:25px\">ACCESO A LOS DOCUMENTOS<\/h2>\n<\/div>\n<\/div>\n\n\n\n<div class=\"wp-container-13 wp-block-columns\" style=\"margin-top:10px;margin-bottom:0px;padding-left:40px\">\n<div class=\"wp-container-12 wp-block-column\" style=\"flex-basis:100%\">\n<h4 class=\"wp-elements-2500138fb63f4c9d19f1edd3da62aa54 wp-block-heading has-work-sans-font-family has-foreground-color has-text-color has-link-color\" style=\"font-size:20px\">Gesti\u00f3n de Proyectos de Investigaci\u00f3n Institucional<\/h4>\n<\/div>\n<\/div>\n\n\n\n<div class=\"wp-container-15 wp-block-columns\" style=\"padding-left:40px\">\n<div class=\"wp-container-14 wp-block-column\" style=\"flex-basis:100%\">\n<p class=\"wp-elements-3be926a1310188956d8b3ad18ce364c7 has-secondary-color has-text-color has-link-color\"><a href=\"https:\/\/drive.google.com\/file\/d\/1k6dcz9JuqY0-BP-pFxJtFwvgfbUmQzLW\/view?usp=sharing\" target=\"_blank\" rel=\"noreferrer noopener\">Flujograma de revisi\u00f3n de documentaci\u00f3n t\u00e9cnica de proyectos de investigaci\u00f3n.<\/a><\/p>\n<\/div>\n<\/div>\n\n\n\n<div class=\"wp-container-17 wp-block-columns\" style=\"margin-top:40px;margin-bottom:40px;padding-left:40px\">\n<div class=\"wp-container-16 wp-block-column\" style=\"flex-basis:100%\">\n<p>Protocolo de Investigaci\u00f3n Institucional<br><em>Aprobado por&nbsp;<a href=\"https:\/\/drive.google.com\/file\/d\/1GGFHNI0FAiOzHQsyCdq6ww8yPtqlBkjg\/view?usp=sharing\" target=\"_blank\" rel=\"noreferrer noopener\">Resoluci\u00f3n N\u00b0 479-00-2021.<\/a><\/em><a rel=\"noreferrer noopener\" href=\"https:\/\/www.vet.una.py\/investigacion\/res-479-00-2021\/\" target=\"_blank\"><\/a><br><em><strong>Anexos al protocolo favor solicitar al correo: <a href=\"mailto:investigacion@vet.una.py\">investigacion@vet.una.py<\/a><\/strong><\/em><\/p>\n<\/div>\n<\/div>\n\n\n\n<hr class=\"wp-block-separator has-alpha-channel-opacity is-style-wide\"\/>\n\n\n\n<div class=\"wp-container-19 wp-block-columns\" style=\"margin-top:20px;margin-bottom:0px;padding-left:40px\">\n<div class=\"wp-container-18 wp-block-column\" style=\"flex-basis:100%\">\n<h4 class=\"wp-elements-abbd16849eca284462966a3e6674595c wp-block-heading has-work-sans-font-family has-text-color has-link-color\" style=\"color:#921f53;font-size:25px;text-transform:uppercase\"><a href=\"https:\/\/www.vet.una.py\/?page_id=8142\" target=\"_blank\" rel=\"noreferrer noopener\">Fondos concursables de investigaci\u00f3n<\/a><\/h4>\n<\/div>\n<\/div>\n\n\n\n<div class=\"wp-container-21 wp-block-columns\" style=\"margin-top:10px;margin-bottom:0px;padding-left:40px\">\n<div class=\"wp-container-20 wp-block-column\" style=\"flex-basis:100%\">\n<p><strong>Convocatoria 2025:<\/strong>\u00a0<a rel=\"noreferrer noopener\" href=\"https:\/\/drive.google.com\/file\/d\/1TI7SX5FSo3yQHu6d1iKdYEDbCbOqtSxr\/view?usp=drive_link\" target=\"_blank\">Gu\u00eda de Bases y Condiciones para presentaci\u00f3n de proyectos de investigaci\u00f3n, FCV-UNA 2025.\u00a0<em>Resoluci\u00f3n N\u00b0 485\/2025<\/em>.<\/a><\/p>\n\n\n\n<p><strong>Convocatoria 2024:<\/strong>&nbsp;<a href=\"https:\/\/drive.google.com\/file\/d\/1uahSDw2l-J05tRHyoxiZDb29YQRDVJjj\/view?usp=sharing\" target=\"_blank\" rel=\"noreferrer noopener\">Bases y condiciones para presentaci\u00f3n de proyectos de investigaci\u00f3n, FCV-UNA 2024.&nbsp;<em>Resoluci\u00f3n N\u00b0 530\/2024<\/em>.<\/a><\/p>\n<\/div>\n<\/div>\n\n\n\n<div class=\"wp-container-23 wp-block-columns\" style=\"margin-top:10px;padding-left:40px\">\n<div class=\"wp-container-22 wp-block-column\" style=\"flex-basis:100%\">\n<p><strong>Convocatoria 2023:<\/strong>&nbsp;<a href=\"https:\/\/drive.google.com\/file\/d\/1Epb084O93aZLQFc4OfnPryBlCtRaNDCO\/view?usp=sharing\" target=\"_blank\" rel=\"noreferrer noopener\">Bases y condiciones para presentaci\u00f3n de proyectos de investigaci\u00f3n, FCV-UNA 2023.&nbsp;<em>Resoluci\u00f3n N\u00b0 342\/2023<\/em>.<\/a><\/p>\n<\/div>\n<\/div>\n\n\n\n<hr class=\"wp-block-separator has-alpha-channel-opacity is-style-wide\"\/>\n\n\n\n<div class=\"wp-container-25 wp-block-columns\" style=\"margin-top:40px;margin-bottom:0px;padding-left:40px\">\n<div class=\"wp-container-24 wp-block-column\" style=\"flex-basis:100%\">\n<h4 class=\"wp-elements-b15bc8683cff73e3e10fb778891fed72 wp-block-heading has-work-sans-font-family has-text-color has-link-color\" style=\"color:#921f53;font-size:25px;text-transform:uppercase\">Comit\u00e9 de \u00c9tica en Investigaci\u00f3n<\/h4>\n<\/div>\n<\/div>\n\n\n\n<div class=\"wp-container-27 wp-block-columns\" style=\"padding-left:40px\">\n<div class=\"wp-container-26 wp-block-column\" style=\"flex-basis:100%\">\n<p>Reglamento de \u00c9tica en Investigaci\u00f3n:&nbsp;<em><a href=\"https:\/\/drive.google.com\/file\/d\/1jL6FJz5jLzclf-bWKNeNOSlLJRAf0TbY\/view?usp=sharing\" target=\"_blank\" rel=\"noreferrer noopener\">Resoluci\u00f3n N\u00b0 201-00-2023<\/a><\/em><\/p>\n<\/div>\n<\/div>\n\n\n\n<div class=\"wp-container-29 wp-block-columns\" style=\"margin-top:0px;margin-bottom:0px;padding-left:40px\">\n<div class=\"wp-container-28 wp-block-column\" style=\"flex-basis:100%\">\n<p>Conformaci\u00f3n del Comit\u00e9 de \u00c9tica en Investigaci\u00f3n:<a rel=\"noreferrer noopener\" href=\"https:\/\/www.vet.una.py\/investigacion\/acta-no-16-a-s-no-16-09-06-2023-resolucion-202-00-2023-conformacion-cei\/\" target=\"_blank\">&nbsp;<\/a><em><a href=\"https:\/\/drive.google.com\/file\/d\/1-sG8b2LxLRsE9RxeCpPLzPj6fxX-EXpX\/view?usp=sharing\" target=\"_blank\" rel=\"noreferrer noopener\">Resoluci\u00f3n N\u00b0 202-00-2023<\/a><\/em><\/p>\n<\/div>\n<\/div>\n\n\n\n<div class=\"wp-container-31 wp-block-columns\" style=\"margin-top:0px;margin-bottom:0px;padding-left:40px\">\n<div class=\"wp-container-30 wp-block-column\" style=\"flex-basis:100%\">\n<p><em><strong>Anexos del Reglamento favor solicitar al correo: <a href=\"mailto:investigacion@vet.una.py\">investigacion@vet.una.py<\/a><\/strong><\/em><\/p>\n<\/div>\n<\/div>\n\n\n\n<hr class=\"wp-block-separator has-alpha-channel-opacity is-style-wide\"\/>\n\n\n\n<div class=\"wp-container-33 wp-block-columns\" style=\"margin-top:20px;margin-bottom:10px;padding-left:40px\">\n<div class=\"wp-container-32 wp-block-column\" style=\"flex-basis:100%\">\n<h4 class=\"wp-elements-3c1c0d621604ac545831182d3e284c66 wp-block-heading has-work-sans-font-family has-text-color has-link-color\" style=\"color:#921f53;font-size:25px;text-transform:uppercase\">Publicaci\u00f3n en la Revista Compendio de Ciencias Veterinarias<\/h4>\n<\/div>\n<\/div>\n\n\n\n<div class=\"wp-container-35 wp-block-columns\" style=\"padding-left:40px\">\n<div class=\"wp-container-34 wp-block-column\" style=\"flex-basis:100%\">\n<p class=\"wp-elements-9f0f96386111c07f5f144eb658ddca10 has-secondary-color has-text-color has-link-color\"><a href=\"https:\/\/revistascientificas.una.py\/index.php\/comp\/about\/submissions\" target=\"_blank\" rel=\"noreferrer noopener\">Compendio de Ciencias Veterinarias \u2013 Instrucciones a los autores<\/a><\/p>\n<\/div>\n<\/div>\n\n\n\n<div class=\"wp-container-37 wp-block-columns\" style=\"padding-left:40px\">\n<div class=\"wp-container-36 wp-block-column\" style=\"flex-basis:100%\">\n<p class=\"wp-elements-3f6ed3017d486a354fb5059fdd0198bc has-secondary-color has-text-color has-link-color\"><a href=\"https:\/\/docs.google.com\/document\/d\/159rnrpb6fdHQuVJPHHPklhx6ZhWlBa0L\/edit?usp=drive_link&amp;ouid=108207017000187802935&amp;rtpof=true&amp;sd=true\" target=\"_blank\" rel=\"noreferrer noopener\">Compendio de Ciencias Veterinarias \u2013 Modelo de Nota de Remisi\u00f3n de Articulo Cient\u00edfico<\/a><\/p>\n<\/div>\n<\/div>\n<\/div>\n<\/div>\n\n\n\n<p><\/p>\n","protected":false},"excerpt":{"rendered":"<p>Quienes somos Lineas de Investigaci\u00f3n Revista Reglamentos Proyectos Difusi\u00f3n Acceso a trabajos cient\u00edficos Aqu\u00ed les [&hellip;]<\/p>\n","protected":false},"author":4,"featured_media":2895,"parent":0,"menu_order":0,"comment_status":"closed","ping_status":"closed","template":"","meta":[],"_links":{"self":[{"href":"https:\/\/www.vet.una.py\/index.php?rest_route=\/wp\/v2\/pages\/2879"}],"collection":[{"href":"https:\/\/www.vet.una.py\/index.php?rest_route=\/wp\/v2\/pages"}],"about":[{"href":"https:\/\/www.vet.una.py\/index.php?rest_route=\/wp\/v2\/types\/page"}],"author":[{"embeddable":true,"href":"https:\/\/www.vet.una.py\/index.php?rest_route=\/wp\/v2\/users\/4"}],"replies":[{"embeddable":true,"href":"https:\/\/www.vet.una.py\/index.php?rest_route=%2Fwp%2Fv2%2Fcomments&post=2879"}],"version-history":[{"count":24,"href":"https:\/\/www.vet.una.py\/index.php?rest_route=\/wp\/v2\/pages\/2879\/revisions"}],"predecessor-version":[{"id":8151,"href":"https:\/\/www.vet.una.py\/index.php?rest_route=\/wp\/v2\/pages\/2879\/revisions\/8151"}],"wp:featuredmedia":[{"embeddable":true,"href":"https:\/\/www.vet.una.py\/index.php?rest_route=\/wp\/v2\/media\/2895"}],"wp:attachment":[{"href":"https:\/\/www.vet.una.py\/index.php?rest_route=%2Fwp%2Fv2%2Fmedia&parent=2879"}],"curies":[{"name":"wp","href":"https:\/\/api.w.org\/{rel}","templated":true}]}}