{"id":2458,"date":"2025-04-14T09:01:26","date_gmt":"2025-04-14T12:01:26","guid":{"rendered":"http:\/\/10.1.5.86\/?page_id=2458"},"modified":"2025-08-06T10:08:22","modified_gmt":"2025-08-06T13:08:22","slug":"difusion","status":"publish","type":"page","link":"https:\/\/www.vet.una.py\/?page_id=2458","title":{"rendered":"Difusi\u00f3n"},"content":{"rendered":"\n<div class=\"wp-container-16 wp-block-columns alignfull are-vertically-aligned-top\">\n<div class=\"wp-container-3 wp-block-column is-vertically-aligned-top\" style=\"flex-basis:15%\">\n<hr class=\"wp-block-separator has-alpha-channel-opacity is-style-wide\" style=\"margin-top:0;margin-bottom:0\"\/>\n\n\n\n<div class=\"wp-container-2 wp-block-group alignwide gutenify-section-30dc5800-0447-11ee-9f77-078cf27c462b\" style=\"padding-bottom:0px\">\n<div class=\"wp-container-1 is-vertical wp-block-group gutenify-section-30dc09e0-0447-11ee-9f77-078cf27c462b\" style=\"padding-top:0px;padding-right:0px;padding-bottom:0px;padding-left:0px\">\n<h2 class=\"wp-block-heading has-text-color has-link-color\" style=\"border-style:none;border-width:0px;color:#921f53;margin-top:var(--wp--preset--spacing--30);margin-right:0;margin-bottom:var(--wp--preset--spacing--30);margin-left:0;font-size:15px\"><a href=\"https:\/\/www.vet.una.py\/?page_id=2450\">Quienes somos<\/a><\/h2>\n\n\n\n<h2 class=\"wp-block-heading has-text-color has-link-color\" style=\"color:#921f53;margin-top:var(--wp--preset--spacing--30);margin-bottom:var(--wp--preset--spacing--30);font-size:15px\"><a href=\"https:\/\/www.vet.una.py\/?page_id=2452\">L\u00edneas de Investigaci\u00f3n<\/a><\/h2>\n\n\n\n<h2 class=\"wp-block-heading has-text-color has-link-color\" style=\"color:#921f53;margin-top:var(--wp--preset--spacing--30);margin-bottom:var(--wp--preset--spacing--30);font-size:15px\"><a href=\"https:\/\/www.vet.una.py\/?page_id=2454\">Revista<\/a><\/h2>\n\n\n\n<h2 class=\"wp-block-heading has-text-color has-link-color\" style=\"color:#921f53;margin-top:var(--wp--preset--spacing--30);margin-bottom:var(--wp--preset--spacing--30);font-size:15px\"><a href=\"https:\/\/www.vet.una.py\/?page_id=2879\">Reglamentos<\/a><\/h2>\n\n\n\n<h2 class=\"wp-block-heading has-text-color has-link-color\" style=\"color:#921f53;margin-top:var(--wp--preset--spacing--30);margin-right:0;margin-bottom:var(--wp--preset--spacing--30);margin-left:0;font-size:15px\"><a href=\"https:\/\/www.vet.una.py\/?page_id=2456\">Proyectos<\/a><\/h2>\n\n\n\n<h2 class=\"wp-block-heading has-text-color has-link-color\" style=\"color:#921f53;margin-top:var(--wp--preset--spacing--30);margin-bottom:var(--wp--preset--spacing--30);font-size:15px\"><a href=\"https:\/\/www.vet.una.py\/?page_id=2458\">Difusi\u00f3n<\/a><\/h2>\n<\/div>\n<\/div>\n\n\n\n<div style=\"height:12px\" aria-hidden=\"true\" class=\"wp-block-spacer\"><\/div>\n\n\n\n<hr class=\"wp-block-separator has-alpha-channel-opacity is-style-wide\" style=\"margin-top:0;margin-bottom:0\"\/>\n\n\n\n<h6 class=\"wp-elements-47a0d882bc74e78f89efd02131040046 wp-block-heading has-text-color has-link-color\" style=\"color:#921f53\">Acceso a trabajos cient\u00edficos<\/h6>\n\n\n\n<hr class=\"wp-block-separator has-alpha-channel-opacity is-style-wide\" style=\"margin-top:0;margin-bottom:0\"\/>\n\n\n\n<p style=\"font-size:13px;margin-top:var:preset|spacing|20;margin-bottom:var:preset|spacing|20\"><p style=\"margin-top:var(--wp--preset--spacing--20);margin-bottom:var(--wp--preset--spacing--20);font-size:13px\">Aqu\u00ed les presentamos enlaces de inter\u00e9s para realizar b\u00fasquedas de trabajos cient\u00edficos:<\/p><\/p>\n\n\n\n<ul class=\"wp-block-list\">\n\n<li class=\"wp-elements-a2b48db85ffa4b72f5db6aee5c882c14 has-secondary-color has-text-color has-link-color\" style=\"font-size:15px\"><a href=\"https:\/\/scholar.google.es\/\"><span style=\"text-decoration: underline;\">Google Acad\u00e9mico<\/span><\/a><\/li>\n\n\n<li class=\"wp-elements-d5d1d8bb4f6d2c780ca9f4af39e3532b has-secondary-color has-text-color has-link-color\" style=\"font-size:15px\"><a href=\"https:\/\/www.cnc.una.py\/opac\/\" data-type=\"link\" data-id=\"https:\/\/www.cnc.una.py\/opac\/\"><span style=\"text-decoration: underline;\">OPAC\/SGB Cat\u00e1logo bibliogr\u00e1fico de la UNA<\/span><\/a><\/li>\n\n\n<li class=\"wp-elements-86d3bca4cdcb1b1afc2685a955e9453a has-secondary-color has-text-color has-link-color\" style=\"font-size:15px\"><a href=\"https:\/\/scielo.iics.una.py\/cgi-bin\/wxis.exe\/iah\/?IsisScript=iah\/iah.xis&amp;base=article%5Edlibrary&amp;fmt=iso.pft&amp;lang=e\"><span style=\"text-decoration: underline;\">Scielo Paraguay<\/span><\/a><\/li>\n\n\n<li class=\"wp-elements-268896f8e47e2ee827f1dcd4ca45213b has-secondary-color has-text-color has-link-color\" style=\"font-size:15px\"><a href=\"https:\/\/cicco.conacyt.gov.py\/\"><span style=\"text-decoration: underline;\">CICCO Paraguay<\/span><\/a><\/li>\n\n<\/ul>\n\n\n\n<div style=\"height:12px\" aria-hidden=\"true\" class=\"wp-block-spacer\"><\/div>\n\n\n\n<h6 class=\"wp-elements-76bb0e57f33fbe445bd2d81846968906 wp-block-heading has-text-color has-link-color\" style=\"color:#921f53\">Becas<\/h6>\n\n\n\n<hr class=\"wp-block-separator has-alpha-channel-opacity is-style-wide\" style=\"margin-top:0;margin-bottom:0\"\/>\n\n\n\n<figure class=\"wp-block-image size-full\"><a href=\"https:\/\/cooperacion.stp.gov.py\/becas\/\" target=\"_blank\" rel=\"noreferrer noopener\"><img loading=\"lazy\" width=\"651\" height=\"109\" src=\"https:\/\/www.vet.una.py\/wp-content\/uploads\/2025\/04\/WhatsApp-Image-2025-04-21-at-08.56.04.jpeg\" alt=\"\" class=\"wp-image-2772\"\/><\/a><\/figure>\n\n\n\n<div style=\"height:12px\" aria-hidden=\"true\" class=\"wp-block-spacer\"><\/div>\n\n\n\n<h6 class=\"wp-elements-10e64e020133add1852e7ed3ab6fb8ff wp-block-heading has-text-color has-link-color\" style=\"color:#921f53\">CONACYT<\/h6>\n\n\n\n<hr class=\"wp-block-separator has-alpha-channel-opacity is-style-wide\" style=\"margin-top:0;margin-bottom:0\"\/>\n\n\n\n<figure class=\"wp-block-image size-full\"><a href=\"https:\/\/www.conacyt.gov.py\/\"><img loading=\"lazy\" width=\"545\" height=\"108\" src=\"https:\/\/www.vet.una.py\/wp-content\/uploads\/2025\/04\/WhatsApp-Image-2025-04-21-at-09.07.36.jpeg\" alt=\"\" class=\"wp-image-2777\"\/><\/a><\/figure>\n\n\n\n<div style=\"height:12px\" aria-hidden=\"true\" class=\"wp-block-spacer\"><\/div>\n\n\n\n<h6 class=\"wp-elements-9aa53547ece7f1a1cec269a8d4c22cec wp-block-heading has-text-color has-link-color\" style=\"color:#921f53\">Enlaces de Inter\u00e9s<\/h6>\n\n\n\n<hr class=\"wp-block-separator has-alpha-channel-opacity is-style-wide\" style=\"margin-top:0;margin-bottom:0\"\/>\n\n\n\n<ul class=\"wp-block-list\">\n\n<li class=\"wp-elements-ad7783cfd040a79e90cbf43f6177a964 has-secondary-color has-text-color has-link-color\" style=\"font-size:15px\"><a href=\"https:\/\/www.una.py\/\"><span style=\"text-decoration: underline;\">Universidad Nacional de Asunci\u00f3n<\/span><\/a><\/li>\n\n\n<li class=\"wp-elements-0f882c87d143797db9f5dd37c2eedf41 has-secondary-color has-text-color has-link-color\" style=\"font-size:15px\"><a href=\"https:\/\/www.conacyt.gov.py\/\"><span style=\"text-decoration: underline;\">Consejo Nacional de Ciencia y Tecnolog\u00eda<\/span><\/a><\/li>\n\n\n<li class=\"wp-elements-e8e982b513428f9596ac7fd81b7c8f75 has-secondary-color has-text-color has-link-color\" style=\"font-size:15px\"><a href=\"https:\/\/iica.int\/es\/\"><span style=\"text-decoration: underline;\">Instituto Interamericano de Cooperaci\u00f3n para la Agricultura<\/span><\/a><\/li>\n\n\n<li class=\"wp-elements-03f496e7cacd69c84a401f2e3dc6f976 has-secondary-color has-text-color has-link-color\" style=\"font-size:15px\"><a href=\"http:\/\/www.senacsa.gov.py\/\"><span style=\"text-decoration: underline;\">Servicio Nacional de Calidad y Salud Animal<\/span><\/a><\/li>\n\n\n<li class=\"wp-elements-39ced78f743534adc7e8a0e6b418fce6 has-secondary-color has-text-color has-link-color\" style=\"font-size:15px\"><a href=\"https:\/\/www.mag.gov.py\/\"><span style=\"text-decoration: underline;\">Ministerio de Agricultura y Ganader\u00eda<\/span><\/a><\/li>\n\n\n<li class=\"wp-elements-5464c41454f43f30bb7ac6b51cfaaa6d has-secondary-color has-text-color has-link-color\" style=\"font-size:15px\"><a href=\"https:\/\/www.arp.org.py\/\"><span style=\"text-decoration: underline;\">Asociaci\u00f3n Rural del Paraguay<\/span><\/a><\/li>\n\n\n<li class=\"wp-elements-ff8b81af11200aec74b9f460c904d4ff has-secondary-color has-text-color has-link-color\" style=\"font-size:15px\"><a href=\"https:\/\/www.fondogan.gov.py\/\"><span style=\"text-decoration: underline;\">Fondo Ganadero<\/span><\/a><\/li>\n\n<\/ul>\n\n\n\n<div style=\"height:12px\" aria-hidden=\"true\" class=\"wp-block-spacer\"><\/div>\n\n\n\n<h6 class=\"wp-elements-2d5eef91dfd15b25d049b4c72ede6d96 wp-block-heading has-text-color has-link-color\" style=\"color:#921f53\">Horario de Atenci\u00f3n<\/h6>\n\n\n\n<p style=\"font-size:15px;margin-top:0;margin-bottom:0\"><strong>Lunes a Viernes<\/strong><br>7:30 a 18:00 Hrs<\/p>\n<\/div>\n\n\n\n<div class=\"wp-container-15 wp-block-column is-vertically-aligned-top\" style=\"flex-basis:66.66%\">\n<div class=\"wp-container-5 wp-block-columns\" style=\"padding-left:40px\">\n<div class=\"wp-container-4 wp-block-column\" style=\"flex-basis:100%\">\n<h2 class=\"wp-elements-efe8f857b85178791d4e983e2dc22c2a wp-block-heading has-work-sans-font-family has-text-color has-link-color\" style=\"color:#921f53;font-size:25px\">Difusi\u00f3n de Resultados de Investigaci\u00f3n realizados por docentes e investigadores de la FCV-UNA.<\/h2>\n<\/div>\n<\/div>\n\n\n\n<div class=\"wp-container-10 wp-block-group\">\n<div class=\"wp-container-9 wp-block-columns\">\n<div class=\"wp-container-8 wp-block-column\">\n<div class=\"wp-container-7 wp-block-columns\" style=\"padding-left:40px\">\n<div class=\"wp-container-6 wp-block-column\" style=\"flex-basis:100%\">\n<p class=\"wp-elements-088ea86cc3a36d649b3f355de31389be has-black-color has-text-color has-link-color\"><a href=\"https:\/\/www.vet.una.py\/?page_id=4415\" target=\"_blank\" rel=\"noreferrer noopener\">Registro de publicaciones cient\u00edficas en revistas externas a la FCV-UNA, realizadas por docentes e investigadores de la Instituci\u00f3n.<\/a><\/p>\n<\/div>\n<\/div>\n<\/div>\n<\/div>\n<\/div>\n\n\n\n<div class=\"wp-container-12 wp-block-columns has-black-color has-text-color\" style=\"padding-left:40px\">\n<div class=\"wp-container-11 wp-block-column\" style=\"flex-basis:100%\">\n<p class=\"wp-elements-14905bb9b37070cc3a0e4ec43968c193 has-link-color\"><a rel=\"noreferrer noopener\" href=\"https:\/\/www.vet.una.py\/?page_id=4412\" target=\"_blank\">Registro de difusi\u00f3n en eventos cient\u00edficos.<\/a><\/p>\n<\/div>\n<\/div>\n\n\n\n<div class=\"wp-container-14 wp-block-columns\" style=\"padding-left:40px\">\n<div class=\"wp-container-13 wp-block-column\" style=\"flex-basis:100%\">\n<p class=\"wp-elements-6370e56148f2973bf9420b70f6f6dfec has-link-color\"><a href=\"https:\/\/revistascientificas.una.py\/index.php\/comp\/suplementos\" target=\"_blank\" rel=\"noreferrer noopener\">Apoyo de difusi\u00f3n a Eventos Cient\u00edficos de la FCV-UNA.<\/a><\/p>\n\n\n\n<p class=\"wp-elements-52c97cff2fd8069b2c8a19242c743966 has-link-color\"><a href=\"https:\/\/drive.google.com\/file\/d\/19WoNd_kqUWnPR2MTvcpUnteNFJJ7vpNy\/view\" target=\"_blank\" rel=\"noreferrer noopener\">Estad\u00edsticas de publicaciones y participaci\u00f3n de autores con Filiaci\u00f3n FCV-UNA \u2013 2016-2024.<\/a><\/p>\n<\/div>\n<\/div>\n<\/div>\n<\/div>\n\n\n\n<p><\/p>\n","protected":false},"excerpt":{"rendered":"<p>Quienes somos L\u00edneas de Investigaci\u00f3n Revista Reglamentos Proyectos Difusi\u00f3n Acceso a trabajos cient\u00edficos Aqu\u00ed les [&hellip;]<\/p>\n","protected":false},"author":4,"featured_media":2897,"parent":0,"menu_order":0,"comment_status":"closed","ping_status":"closed","template":"","meta":[],"_links":{"self":[{"href":"https:\/\/www.vet.una.py\/index.php?rest_route=\/wp\/v2\/pages\/2458"}],"collection":[{"href":"https:\/\/www.vet.una.py\/index.php?rest_route=\/wp\/v2\/pages"}],"about":[{"href":"https:\/\/www.vet.una.py\/index.php?rest_route=\/wp\/v2\/types\/page"}],"author":[{"embeddable":true,"href":"https:\/\/www.vet.una.py\/index.php?rest_route=\/wp\/v2\/users\/4"}],"replies":[{"embeddable":true,"href":"https:\/\/www.vet.una.py\/index.php?rest_route=%2Fwp%2Fv2%2Fcomments&post=2458"}],"version-history":[{"count":20,"href":"https:\/\/www.vet.una.py\/index.php?rest_route=\/wp\/v2\/pages\/2458\/revisions"}],"predecessor-version":[{"id":7787,"href":"https:\/\/www.vet.una.py\/index.php?rest_route=\/wp\/v2\/pages\/2458\/revisions\/7787"}],"wp:featuredmedia":[{"embeddable":true,"href":"https:\/\/www.vet.una.py\/index.php?rest_route=\/wp\/v2\/media\/2897"}],"wp:attachment":[{"href":"https:\/\/www.vet.una.py\/index.php?rest_route=%2Fwp%2Fv2%2Fmedia&parent=2458"}],"curies":[{"name":"wp","href":"https:\/\/api.w.org\/{rel}","templated":true}]}}