{"id":2454,"date":"2025-04-14T08:59:37","date_gmt":"2025-04-14T11:59:37","guid":{"rendered":"http:\/\/10.1.5.86\/?page_id=2454"},"modified":"2025-12-17T09:26:01","modified_gmt":"2025-12-17T12:26:01","slug":"revista","status":"publish","type":"page","link":"https:\/\/www.vet.una.py\/?page_id=2454","title":{"rendered":"Revista"},"content":{"rendered":"\n<div class=\"wp-container-47 wp-block-columns alignfull are-vertically-aligned-top\">\n<div class=\"wp-container-3 wp-block-column is-vertically-aligned-top\" style=\"flex-basis:15%\">\n<hr class=\"wp-block-separator has-alpha-channel-opacity is-style-wide\" style=\"margin-top:0;margin-bottom:0\"\/>\n\n\n\n<div class=\"wp-container-2 wp-block-group alignwide gutenify-section-30dc5800-0447-11ee-9f77-078cf27c462b\" style=\"padding-bottom:0px\">\n<div class=\"wp-container-1 is-vertical wp-block-group gutenify-section-30dc09e0-0447-11ee-9f77-078cf27c462b\" style=\"padding-top:0px;padding-right:0px;padding-bottom:0px;padding-left:0px\">\n<h2 class=\"wp-block-heading has-text-color has-link-color\" style=\"border-style:none;border-width:0px;color:#921f53;margin-top:var(--wp--preset--spacing--30);margin-right:0;margin-bottom:var(--wp--preset--spacing--30);margin-left:0;font-size:15px\"><a href=\"https:\/\/www.vet.una.py\/?page_id=2450\">Quienes somos<\/a><\/h2>\n\n\n\n<h2 class=\"wp-block-heading has-text-color has-link-color\" style=\"color:#921f53;margin-top:var(--wp--preset--spacing--30);margin-bottom:var(--wp--preset--spacing--30);font-size:15px\"><a href=\"https:\/\/www.vet.una.py\/?page_id=2452\">Lineas de Investigaci\u00f3n<\/a><\/h2>\n\n\n\n<h2 class=\"wp-block-heading has-text-color has-link-color\" style=\"color:#921f53;margin-top:var(--wp--preset--spacing--30);margin-bottom:var(--wp--preset--spacing--30);font-size:15px\"><a href=\"https:\/\/www.vet.una.py\/?page_id=2454\">Revista<\/a><\/h2>\n\n\n\n<h2 class=\"wp-block-heading has-text-color has-link-color\" style=\"color:#921f53;margin-top:var(--wp--preset--spacing--30);margin-bottom:var(--wp--preset--spacing--30);font-size:15px\"><a href=\"https:\/\/www.vet.una.py\/?page_id=2879\">Reglamentos<\/a><\/h2>\n\n\n\n<h2 class=\"wp-block-heading has-text-color has-link-color\" style=\"color:#921f53;margin-top:var(--wp--preset--spacing--30);margin-right:0;margin-bottom:var(--wp--preset--spacing--30);margin-left:0;font-size:15px\"><a href=\"https:\/\/www.vet.una.py\/?page_id=2456\">Proyectos<\/a><\/h2>\n\n\n\n<h2 class=\"wp-block-heading has-text-color has-link-color\" style=\"color:#921f53;margin-top:var(--wp--preset--spacing--30);margin-bottom:var(--wp--preset--spacing--30);font-size:15px\"><a href=\"https:\/\/www.vet.una.py\/?page_id=2458\">Difusi\u00f3n<\/a><\/h2>\n<\/div>\n<\/div>\n\n\n\n<div style=\"height:12px\" aria-hidden=\"true\" class=\"wp-block-spacer\"><\/div>\n\n\n\n<hr class=\"wp-block-separator has-alpha-channel-opacity is-style-wide\" style=\"margin-top:0;margin-bottom:0\"\/>\n\n\n\n<h6 class=\"wp-elements-47a0d882bc74e78f89efd02131040046 wp-block-heading has-text-color has-link-color\" style=\"color:#921f53\">Acceso a trabajos cient\u00edficos<\/h6>\n\n\n\n<hr class=\"wp-block-separator has-alpha-channel-opacity is-style-wide\" style=\"margin-top:0;margin-bottom:0\"\/>\n\n\n\n<p style=\"font-size:13px;margin-top:var:preset|spacing|20;margin-bottom:var:preset|spacing|20\"><p style=\"margin-top:var(--wp--preset--spacing--20);margin-bottom:var(--wp--preset--spacing--20);font-size:13px\">Aqu\u00ed les presentamos enlaces de inter\u00e9s para realizar b\u00fasquedas de trabajos cient\u00edficos:<\/p><\/p>\n\n\n\n<ul class=\"wp-block-list\">\n\n<li class=\"wp-elements-a2b48db85ffa4b72f5db6aee5c882c14 has-secondary-color has-text-color has-link-color\" style=\"font-size:15px\"><a href=\"https:\/\/scholar.google.es\/\"><span style=\"text-decoration: underline;\">Google Acad\u00e9mico<\/span><\/a><\/li>\n\n\n<li class=\"wp-elements-d5d1d8bb4f6d2c780ca9f4af39e3532b has-secondary-color has-text-color has-link-color\" style=\"font-size:15px\"><a href=\"https:\/\/www.cnc.una.py\/opac\/\" data-type=\"link\" data-id=\"https:\/\/www.cnc.una.py\/opac\/\"><span style=\"text-decoration: underline;\">OPAC\/SGB Cat\u00e1logo bibliogr\u00e1fico de la UNA<\/span><\/a><\/li>\n\n\n<li class=\"wp-elements-86d3bca4cdcb1b1afc2685a955e9453a has-secondary-color has-text-color has-link-color\" style=\"font-size:15px\"><a href=\"https:\/\/scielo.iics.una.py\/cgi-bin\/wxis.exe\/iah\/?IsisScript=iah\/iah.xis&amp;base=article%5Edlibrary&amp;fmt=iso.pft&amp;lang=e\"><span style=\"text-decoration: underline;\">Scielo Paraguay<\/span><\/a><\/li>\n\n\n<li class=\"wp-elements-268896f8e47e2ee827f1dcd4ca45213b has-secondary-color has-text-color has-link-color\" style=\"font-size:15px\"><a href=\"https:\/\/cicco.conacyt.gov.py\/\"><span style=\"text-decoration: underline;\">CICCO Paraguay<\/span><\/a><\/li>\n\n<\/ul>\n\n\n\n<div style=\"height:12px\" aria-hidden=\"true\" class=\"wp-block-spacer\"><\/div>\n\n\n\n<h6 class=\"wp-elements-76bb0e57f33fbe445bd2d81846968906 wp-block-heading has-text-color has-link-color\" style=\"color:#921f53\">Becas<\/h6>\n\n\n\n<hr class=\"wp-block-separator has-alpha-channel-opacity is-style-wide\" style=\"margin-top:0;margin-bottom:0\"\/>\n\n\n\n<figure class=\"wp-block-image size-full\"><a href=\"https:\/\/cooperacion.stp.gov.py\/becas\/\" target=\"_blank\" rel=\"noreferrer noopener\"><img loading=\"lazy\" width=\"651\" height=\"109\" src=\"https:\/\/www.vet.una.py\/wp-content\/uploads\/2025\/04\/WhatsApp-Image-2025-04-21-at-08.56.04.jpeg\" alt=\"\" class=\"wp-image-2772\"\/><\/a><\/figure>\n\n\n\n<div style=\"height:12px\" aria-hidden=\"true\" class=\"wp-block-spacer\"><\/div>\n\n\n\n<h6 class=\"wp-elements-10e64e020133add1852e7ed3ab6fb8ff wp-block-heading has-text-color has-link-color\" style=\"color:#921f53\">CONACYT<\/h6>\n\n\n\n<hr class=\"wp-block-separator has-alpha-channel-opacity is-style-wide\" style=\"margin-top:0;margin-bottom:0\"\/>\n\n\n\n<figure class=\"wp-block-image size-full\"><a href=\"https:\/\/www.conacyt.gov.py\/\"><img loading=\"lazy\" width=\"545\" height=\"108\" src=\"https:\/\/www.vet.una.py\/wp-content\/uploads\/2025\/04\/WhatsApp-Image-2025-04-21-at-09.07.36.jpeg\" alt=\"\" class=\"wp-image-2777\"\/><\/a><\/figure>\n\n\n\n<div style=\"height:12px\" aria-hidden=\"true\" class=\"wp-block-spacer\"><\/div>\n\n\n\n<h6 class=\"wp-elements-9aa53547ece7f1a1cec269a8d4c22cec wp-block-heading has-text-color has-link-color\" style=\"color:#921f53\">Enlaces de Inter\u00e9s<\/h6>\n\n\n\n<hr class=\"wp-block-separator has-alpha-channel-opacity is-style-wide\" style=\"margin-top:0;margin-bottom:0\"\/>\n\n\n\n<ul class=\"wp-block-list\">\n\n<li class=\"wp-elements-ad7783cfd040a79e90cbf43f6177a964 has-secondary-color has-text-color has-link-color\" style=\"font-size:15px\"><a href=\"https:\/\/www.una.py\/\"><span style=\"text-decoration: underline;\">Universidad Nacional de Asunci\u00f3n<\/span><\/a><\/li>\n\n\n<li class=\"wp-elements-0f882c87d143797db9f5dd37c2eedf41 has-secondary-color has-text-color has-link-color\" style=\"font-size:15px\"><a href=\"https:\/\/www.conacyt.gov.py\/\"><span style=\"text-decoration: underline;\">Consejo Nacional de Ciencia y Tecnolog\u00eda<\/span><\/a><\/li>\n\n\n<li class=\"wp-elements-e8e982b513428f9596ac7fd81b7c8f75 has-secondary-color has-text-color has-link-color\" style=\"font-size:15px\"><a href=\"https:\/\/iica.int\/es\/\"><span style=\"text-decoration: underline;\">Instituto Interamericano de Cooperaci\u00f3n para la Agricultura<\/span><\/a><\/li>\n\n\n<li class=\"wp-elements-03f496e7cacd69c84a401f2e3dc6f976 has-secondary-color has-text-color has-link-color\" style=\"font-size:15px\"><a href=\"http:\/\/www.senacsa.gov.py\/\"><span style=\"text-decoration: underline;\">Servicio Nacional de Calidad y Salud Animal<\/span><\/a><\/li>\n\n\n<li class=\"wp-elements-39ced78f743534adc7e8a0e6b418fce6 has-secondary-color has-text-color has-link-color\" style=\"font-size:15px\"><a href=\"https:\/\/www.mag.gov.py\/\"><span style=\"text-decoration: underline;\">Ministerio de Agricultura y Ganader\u00eda<\/span><\/a><\/li>\n\n\n<li class=\"wp-elements-5464c41454f43f30bb7ac6b51cfaaa6d has-secondary-color has-text-color has-link-color\" style=\"font-size:15px\"><a href=\"https:\/\/www.arp.org.py\/\"><span style=\"text-decoration: underline;\">Asociaci\u00f3n Rural del Paraguay<\/span><\/a><\/li>\n\n\n<li class=\"wp-elements-ff8b81af11200aec74b9f460c904d4ff has-secondary-color has-text-color has-link-color\" style=\"font-size:15px\"><a href=\"https:\/\/www.fondogan.gov.py\/\"><span style=\"text-decoration: underline;\">Fondo Ganadero<\/span><\/a><\/li>\n\n<\/ul>\n\n\n\n<div style=\"height:12px\" aria-hidden=\"true\" class=\"wp-block-spacer\"><\/div>\n\n\n\n<h6 class=\"wp-elements-2d5eef91dfd15b25d049b4c72ede6d96 wp-block-heading has-text-color has-link-color\" style=\"color:#921f53\">Horario de Atenci\u00f3n<\/h6>\n\n\n\n<p style=\"font-size:15px;margin-top:0;margin-bottom:0\"><strong>Lunes a Viernes<\/strong><br>7:30 a 18:00 Hrs<\/p>\n<\/div>\n\n\n\n<div class=\"wp-container-46 wp-block-column is-vertically-aligned-top\" style=\"flex-basis:66.66%\">\n<div class=\"wp-container-19 wp-block-columns\" style=\"padding-top:40px;padding-right:40px;padding-bottom:40px;padding-left:40px\">\n<div class=\"wp-container-18 wp-block-column\" style=\"flex-basis:100%\">\n<div class=\"wp-container-17 wp-block-columns\" style=\"margin-top:0px;margin-bottom:0px\">\n<div class=\"wp-container-16 wp-block-column\" style=\"flex-basis:100%\">\n<div class=\"wp-container-15 wp-block-columns\">\n<div class=\"wp-container-14 wp-block-column\" style=\"flex-basis:100%\">\n<div class=\"wp-container-13 wp-block-columns\">\n<div class=\"wp-container-12 wp-block-column\" style=\"flex-basis:100%\">\n<div class=\"wp-container-11 wp-block-columns\">\n<div class=\"wp-container-10 wp-block-column\" style=\"flex-basis:100%\">\n<div class=\"wp-container-9 wp-block-columns\" style=\"border-radius:10px\">\n<div class=\"wp-container-8 wp-block-column\" style=\"flex-basis:100%\">\n<div class=\"wp-container-7 wp-block-columns\">\n<div class=\"wp-container-6 wp-block-column\" style=\"flex-basis:100%\">\n<div class=\"wp-container-5 wp-block-columns\">\n<div class=\"wp-container-4 wp-block-column\" style=\"flex-basis:100%\">\n<h2 class=\"wp-elements-f0ab1bdc610ef29a19e949a8ecc6ca35 has-text-align-left wp-block-heading has-work-sans-font-family has-text-color has-link-color\" style=\"color:#921f53;font-size:22px;text-transform:capitalize\">COMPENDIO DE CIENCIAS VETERINARIAS \u2013 Compend. cienc. vet.<\/h2>\n<\/div>\n<\/div>\n<\/div>\n<\/div>\n<\/div>\n<\/div>\n<\/div>\n<\/div>\n<\/div>\n<\/div>\n<\/div>\n<\/div>\n<\/div>\n<\/div>\n<\/div>\n<\/div>\n\n\n\n<figure class=\"wp-block-image aligncenter size-full\"><a href=\"https:\/\/revistascientificas.una.py\/index.php\/comp\"><img loading=\"lazy\" width=\"215\" height=\"300\" src=\"https:\/\/www.vet.una.py\/wp-content\/uploads\/2025\/04\/ccv-portada-215x300-1.png\" alt=\"\" class=\"wp-image-2822\"\/><\/a><\/figure>\n\n\n\n<div class=\"wp-container-28 wp-block-columns\">\n<div class=\"wp-container-27 wp-block-column\" style=\"flex-basis:100%\">\n<div class=\"wp-container-26 wp-block-columns\" style=\"margin-top:0px;margin-bottom:0px\">\n<div class=\"wp-container-25 wp-block-column\" style=\"flex-basis:100%\">\n<div class=\"wp-container-24 wp-block-columns\">\n<div class=\"wp-container-23 wp-block-column\" style=\"flex-basis:100%\">\n<div class=\"wp-container-22 wp-block-group\">\n<div class=\"wp-container-21 wp-block-columns\" style=\"padding-left:40px\">\n<div class=\"wp-container-20 wp-block-column\" style=\"flex-basis:100%\">\n<p>La Revista \u201cCOMPENDIO DE CIENCIAS VETERINARIAS\u201d es una publicaci\u00f3n de car\u00e1cter semestral, editada por la Direcci\u00f3n de Investigaci\u00f3n Cient\u00edfica y Tecnol\u00f3gica de la Facultad de Ciencias Veterinarias de la Universidad Nacional Asunci\u00f3n, Paraguay. Publicada en formato impreso (a\u00f1o 2011 al 2017) y electr\u00f3nico de distribuci\u00f3n gratuita. <\/p>\n<\/div>\n<\/div>\n<\/div>\n<\/div>\n<\/div>\n<\/div>\n<\/div>\n<\/div>\n<\/div>\n\n\n\n<div class=\"wp-container-33 wp-block-columns\">\n<div class=\"wp-container-32 wp-block-column\" style=\"flex-basis:100%\">\n<div class=\"wp-container-31 wp-block-group\">\n<div class=\"wp-container-30 wp-block-columns\" style=\"padding-left:40px\">\n<div class=\"wp-container-29 wp-block-column\" style=\"flex-basis:100%\">\n<p>La Misi\u00f3n de la Revista es la difusi\u00f3n de los trabajos de investigaci\u00f3n cient\u00edfica y tecnol\u00f3gica del \u00e1rea de las Ciencias Veterinarias, e informaciones afines, realizadas en el marco del respeto al bienestar animal.<\/p>\n<\/div>\n<\/div>\n<\/div>\n<\/div>\n<\/div>\n\n\n\n<div class=\"wp-container-36 wp-block-group\">\n<div class=\"wp-container-35 wp-block-columns\" style=\"padding-left:40px\">\n<div class=\"wp-container-34 wp-block-column\" style=\"flex-basis:100%\">\n<p>La Visi\u00f3n de la Revista es desarrollarse como referente de consulta del \u00e1rea de las Ciencias Veterinarias a nivel nacional e internacional; promoviendo as\u00ed, los valores \u00e9ticos en las Ciencias Veterinarias y propugnando el cumplimiento de los fines de la Universidad Nacional de Asunci\u00f3n en pos del progreso de la Investigaci\u00f3n Cient\u00edfica y Tecnol\u00f3gica para el engrandecimiento del Paraguay. <\/p>\n<\/div>\n<\/div>\n<\/div>\n\n\n\n<div class=\"wp-container-39 wp-block-group\">\n<div class=\"wp-container-38 wp-block-columns\" style=\"padding-left:40px\">\n<div class=\"wp-container-37 wp-block-column\" style=\"flex-basis:100%\">\n<p>El idioma oficial es el espa\u00f1ol, contando con una traducci\u00f3n al ingl\u00e9s de los res\u00famenes. Tambi\u00e9n se aceptar\u00e1n trabajos en ingl\u00e9s y portugu\u00e9s.<\/p>\n<\/div>\n<\/div>\n<\/div>\n\n\n\n<div class=\"wp-container-41 wp-block-columns\" style=\"margin-top:60px;padding-left:40px\">\n<div class=\"wp-container-40 wp-block-column\" style=\"flex-basis:100%\">\n<h2 class=\"wp-elements-f697d319f3be55ec147827682712e0d8 wp-block-heading has-work-sans-font-family has-text-color has-link-color\" style=\"color:#921f53;font-size:25px;text-transform:uppercase\"><a href=\"https:\/\/revistascientificas.una.py\/index.php\/comp\/about\/editorialTeam\" target=\"_blank\" rel=\"noreferrer noopener\">Equipo editorial<\/a><\/h2>\n<\/div>\n<\/div>\n\n\n\n<hr class=\"wp-block-separator has-alpha-channel-opacity is-style-wide\" style=\"margin-top:0;margin-bottom:0\"\/>\n\n\n\n<div class=\"wp-container-43 wp-block-columns\" style=\"margin-top:20px;padding-left:40px\">\n<div class=\"wp-container-42 wp-block-column\" style=\"flex-basis:100%\">\n<h4 class=\"wp-elements-7c9ef2ec33ada4870c410f6a229ad971 wp-block-heading has-work-sans-font-family has-text-color has-link-color\" style=\"color:#921f53;font-size:20px\">INDEXACI\u00d3N DE COMPENDIO DE CIENCIAS VETERINARIAS<\/h4>\n<\/div>\n<\/div>\n\n\n\n<div class=\"wp-container-45 wp-block-columns\" style=\"padding-left:40px\">\n<div class=\"wp-container-44 wp-block-column\" style=\"flex-basis:100%\">\n<p><strong>La Revista se encuentra indexada en:<\/strong><\/p>\n<\/div>\n<\/div>\n\n\n\n<figure class=\"wp-block-image aligncenter size-full\"><a href=\"https:\/\/revistascientificas.una.py\/index.php\/comp\/\"><img loading=\"lazy\" width=\"544\" height=\"207\" src=\"https:\/\/www.vet.una.py\/wp-content\/uploads\/2025\/04\/logo-ccv-revistas-una.png\" alt=\"\" class=\"wp-image-2824\"><\/a><figcaption class=\"wp-element-caption\"><a href=\"https:\/\/revistascientificas.una.py\/index.php\/comp\/\" data-type=\"link\" data-id=\"https:\/\/revistascientificas.una.py\/index.php\/comp\/\">Acceda aqu\u00ed a Compend. cienc. vet. en el Repositorio de Revistas Cient\u00edficas de la UNA.<br><\/a><\/figcaption><\/figure>\n\n\n\n<figure class=\"wp-block-image aligncenter size-full\"><a href=\"https:\/\/scholar.google.com\/citations?hl=es&amp;user=cxdLnEMAAAAJ\"><img loading=\"lazy\" width=\"477\" height=\"64\" src=\"https:\/\/www.vet.una.py\/wp-content\/uploads\/2025\/04\/scholar_logo_64dp.png\" alt=\"\" class=\"wp-image-2826\"\/><\/a><\/figure>\n\n\n\n<figure class=\"wp-block-image aligncenter size-full\"><a href=\"https:\/\/scielo.iics.una.py\/scielo.php?script=sci_serial&amp;pid=2226-1761&amp;lng=es&amp;nrm=iso\"><img loading=\"lazy\" width=\"199\" height=\"120\" src=\"https:\/\/www.vet.una.py\/wp-content\/uploads\/2025\/04\/scielopy.jpg\" alt=\"\" class=\"wp-image-2827\"\/><\/a><\/figure>\n\n\n\n<figure class=\"wp-block-image aligncenter size-full is-resized\"><a href=\"https:\/\/latindex.org\/latindex\/Solr\/Busqueda?idModBus=1&amp;buscar=COMPENDIO+DE+CIENCIAS+VETERINARIAS&amp;submit=Buscar\" target=\"_blank\" rel=\"noreferrer noopener\"><img loading=\"lazy\" src=\"https:\/\/www.vet.una.py\/wp-content\/uploads\/2025\/12\/latindex-catalogo20.png\" alt=\"\" class=\"wp-image-9618\" width=\"300\" height=\"153\" srcset=\"https:\/\/www.vet.una.py\/wp-content\/uploads\/2025\/12\/latindex-catalogo20.png 600w, https:\/\/www.vet.una.py\/wp-content\/uploads\/2025\/12\/latindex-catalogo20-300x154.png 300w\" sizes=\"(max-width: 300px) 100vw, 300px\" \/><\/a><\/figure>\n\n\n\n<figure class=\"wp-block-image aligncenter size-full\"><img loading=\"lazy\" width=\"300\" height=\"93\" src=\"https:\/\/www.vet.una.py\/wp-content\/uploads\/2025\/04\/road-issn-300x93-1.png\" alt=\"\" class=\"wp-image-2833\"\/><\/figure>\n<\/div>\n<\/div>\n\n\n\n<figure class=\"wp-block-image aligncenter size-full\"><a href=\"https:\/\/portal.issn.org\/?q=api\/search&amp;search[]=MUST=allissnbis=%222226-1761%22&amp;role[]=11&amp;search_id=16581173\"><img loading=\"lazy\" width=\"350\" height=\"66\" src=\"https:\/\/www.vet.una.py\/wp-content\/uploads\/2025\/04\/issnlogo.png\" alt=\"\" class=\"wp-image-2835\"\/><\/a><\/figure>\n\n\n\n<figure class=\"wp-block-image aligncenter size-full is-resized\"><a href=\"https:\/\/revistascientificas.una.py\/index.php\/comp\"><img loading=\"lazy\" width=\"260\" height=\"180\" src=\"https:\/\/www.vet.una.py\/wp-content\/uploads\/2025\/04\/ojslogo-1.jpg\" alt=\"\" class=\"wp-image-2836\" style=\"width:192px;height:auto\"><\/a><\/figure>\n\n\n\n<figure class=\"wp-block-image aligncenter size-full is-resized\"><a href=\"https:\/\/www.base-search.net\/Search\/%20Results?type=all&amp;lookfor=Compendio+de+Ciencias+Veterinarias&amp;ling=1&amp;oaboost=1&amp;name=&amp;thes=&amp;refid=dcreses&amp;newsearch=1\"><img loading=\"lazy\" width=\"622\" height=\"248\" src=\"https:\/\/www.vet.una.py\/wp-content\/uploads\/2025\/04\/base_logo-622x248-1.png\" alt=\"\" class=\"wp-image-2839\" style=\"width:376px;height:auto\"><\/a><\/figure>\n\n\n\n<figure class=\"wp-block-image aligncenter size-full is-resized\"><a href=\"https:\/\/login.ezproxy-cicco.conacyt.gov.py\/login?qurl=https:\/\/www.cabdirect.org%2fcabdirect%2fsearch%2f%3fq%3ddo%253a%2522Compendio%2520de%2520Ciencias%2520Veterinarias%2522\"><img loading=\"lazy\" width=\"176\" height=\"60\" src=\"https:\/\/www.vet.una.py\/wp-content\/uploads\/2025\/04\/cabi-logo_OK2.png\" alt=\"\" class=\"wp-image-2844\" style=\"width:223px;height:auto\"><\/a><\/figure>\n\n\n\n<figure class=\"wp-block-image aligncenter size-full\"><a href=\"https:\/\/portal.revistas.bvs.br\/journals\"><img loading=\"lazy\" width=\"97\" height=\"109\" src=\"https:\/\/www.vet.una.py\/wp-content\/uploads\/2025\/04\/bvsLOGO.png\" alt=\"\" class=\"wp-image-2845\"\/><\/a><\/figure>\n\n\n\n<figure class=\"wp-block-image aligncenter size-full is-resized\"><a href=\"https:\/\/livre.cnen.gov.br\/Inicial.asp\"><img loading=\"lazy\" width=\"134\" height=\"71\" src=\"https:\/\/www.vet.una.py\/wp-content\/uploads\/2025\/04\/logo-livre.png\" alt=\"\" class=\"wp-image-2846\" style=\"width:160px;height:auto\"><\/a><\/figure>\n\n\n\n<figure class=\"wp-block-image aligncenter size-full\"><a href=\"https:\/\/doaj.org\/toc\/2226-1761?source=%7B%22query%22%3A%7B%22filtered%22%3A%7B%22filter%22%3A%7B%22bool%22%3A%7B%22must%22%3A%5B%7B%22terms%22%3A%7B%22index.issn.exact%22%3A%5B%222225-5214%22%2C%222226-1761%22%5D%7D%7D%5D%7D%7D%2C%22query%22%3A%7B%22match_all%22%3A%7B%7D%7D%7D%7D%2C%22size%22%3A100%2C%22sort%22%3A%5B%7B%22created_date%22%3A%7B%22order%22%3A%22desc%22%7D%7D%5D%2C%22_source%22%3A%7B%7D%7D\"><img loading=\"lazy\" width=\"326\" height=\"155\" src=\"https:\/\/www.vet.una.py\/wp-content\/uploads\/2025\/04\/doaj.png\" alt=\"\" class=\"wp-image-2847\"\/><\/a><\/figure>\n\n\n\n<figure class=\"wp-block-image aligncenter size-full is-resized\"><a href=\"https:\/\/search.crossref.org\/?q=compend.cienc.vet&amp;from_ui=yes\"><img loading=\"lazy\" width=\"300\" height=\"195\" src=\"https:\/\/www.vet.una.py\/wp-content\/uploads\/2025\/04\/crossref-logo-landscape-100-1-300x195-1.png\" alt=\"\" class=\"wp-image-2848\" style=\"width:202px;height:auto\"><\/a><\/figure>\n\n\n\n<figure class=\"wp-block-image aligncenter size-full\"><a href=\"https:\/\/www.vet.una.py\/investigacion\/wp-content\/uploads\/2022\/02\/doi-1.jpg\"><img loading=\"lazy\" width=\"211\" height=\"150\" src=\"https:\/\/www.vet.una.py\/wp-content\/uploads\/2025\/04\/doi-1.jpg\" alt=\"\" class=\"wp-image-2849\"\/><\/a><\/figure>\n\n\n\n<figure class=\"wp-block-image aligncenter size-full\"><a href=\"https:\/\/www.sidalc.net\/search\/\"><img loading=\"lazy\" width=\"300\" height=\"85\" src=\"https:\/\/www.vet.una.py\/wp-content\/uploads\/2025\/04\/sidalc-logo-300x85-1.png\" alt=\"\" class=\"wp-image-2850\"\/><\/a><\/figure>\n\n\n\n<figure class=\"wp-block-image aligncenter size-full\"><a href=\"https:\/\/www.ebsco.com\/es\"><img loading=\"lazy\" width=\"300\" height=\"110\" src=\"https:\/\/www.vet.una.py\/wp-content\/uploads\/2025\/04\/EBSCOlogo-1-300x110-1.png\" alt=\"\" class=\"wp-image-2852\"\/><\/a><\/figure>\n\n\n\n<hr class=\"wp-block-separator has-alpha-channel-opacity is-style-wide\"\/>\n\n\n\n<h2 class=\"wp-elements-14c1f4a9463a85f8807b8e95d6bbfa1f wp-block-heading has-work-sans-font-family has-text-color has-link-color\" style=\"color:#921f53;font-size:25px\">PUBLICACIONES &#8211; COMPENDIO DE CIENCIAS VETERINARIAS<\/h2>\n\n\n\n<h2 class=\"wp-block-heading has-work-sans-font-family\" style=\"font-size:18px\">Acceda aqu\u00ed a la Versi\u00f3n Electr\u00f3nica de la Revista<\/h2>\n\n\n\n<p class=\"wp-elements-18ecd6ac562c7ab3846968569bf10912 has-secondary-color has-text-color has-link-color\"><a href=\"https:\/\/revistascientificas.una.py\/index.php\/comp\" target=\"_blank\" rel=\"noreferrer noopener\">Enlace al sitio Repositorio de Revistas Cient\u00edficas de la UNA.<\/a><\/p>\n\n\n\n<p class=\"wp-elements-636f5b0515008d4f768e2c9d8ccbe171 has-secondary-color has-text-color has-link-color\"><a href=\"http:\/\/scielo.iics.una.py\/scielo.php?script=sci_serial&amp;pid=2226-1761&amp;lng=es&amp;nrm=iso%EF%BB%BF\" target=\"_blank\" rel=\"noreferrer noopener\">Enlace a sitio Scielo Py \u2013 desde Compend. Cienc. Vet. 2013 Vol 3 N\u00b0 1<\/a><\/p>\n\n\n\n<hr class=\"wp-block-separator has-alpha-channel-opacity\"\/>\n\n\n\n<h2 class=\"wp-elements-3b3c2989a8f27361bf0b799e7fa0249a wp-block-heading has-work-sans-font-family has-text-color has-link-color\" style=\"color:#921f53;font-size:25px\">ARCHIVOS &#8211; COMPENDIO DE CIENCIAS VETERINARIAS<\/h2>\n\n\n\n<p class=\"wp-elements-9f0f96386111c07f5f144eb658ddca10 has-secondary-color has-text-color has-link-color\"><a href=\"https:\/\/revistascientificas.una.py\/index.php\/comp\/about\/submissions\" target=\"_blank\" rel=\"noreferrer noopener\">Compendio de Ciencias Veterinarias \u2013 Instrucciones a los autores<\/a><\/p>\n\n\n\n<p class=\"wp-elements-3f6ed3017d486a354fb5059fdd0198bc has-secondary-color has-text-color has-link-color\"><a href=\"https:\/\/docs.google.com\/document\/d\/159rnrpb6fdHQuVJPHHPklhx6ZhWlBa0L\/edit?usp=drive_link&amp;ouid=108207017000187802935&amp;rtpof=true&amp;sd=true\" target=\"_blank\" rel=\"noreferrer noopener\">Compendio de Ciencias Veterinarias \u2013 Modelo de Nota de Remisi\u00f3n de Articulo Cient\u00edfico<\/a><\/p>\n\n\n\n<p class=\"wp-elements-684f8ed7266b17e6cd44fb77c9a51b75 has-secondary-color has-text-color has-link-color\"><a href=\"https:\/\/drive.google.com\/file\/d\/10kwxSJE5rMgwfZ0jMOKl2vQp4oddzolE\/view?usp=sharing\" target=\"_blank\" rel=\"noreferrer noopener\">Compendio de Ciencias Veterinarias \u2013 RES 473-2022 COMITE EDITORIAL REVISTA COMPENDIO DE CIENCIAS VETERINARIAS<\/a><\/p>\n\n\n\n<hr class=\"wp-block-separator has-alpha-channel-opacity\"\/>\n\n\n\n<hr class=\"wp-block-separator has-alpha-channel-opacity\"\/>\n","protected":false},"excerpt":{"rendered":"<p>Quienes somos Lineas de Investigaci\u00f3n Revista Reglamentos Proyectos Difusi\u00f3n Acceso a trabajos cient\u00edficos Aqu\u00ed les [&hellip;]<\/p>\n","protected":false},"author":4,"featured_media":2866,"parent":0,"menu_order":0,"comment_status":"closed","ping_status":"closed","template":"","meta":[],"_links":{"self":[{"href":"https:\/\/www.vet.una.py\/index.php?rest_route=\/wp\/v2\/pages\/2454"}],"collection":[{"href":"https:\/\/www.vet.una.py\/index.php?rest_route=\/wp\/v2\/pages"}],"about":[{"href":"https:\/\/www.vet.una.py\/index.php?rest_route=\/wp\/v2\/types\/page"}],"author":[{"embeddable":true,"href":"https:\/\/www.vet.una.py\/index.php?rest_route=\/wp\/v2\/users\/4"}],"replies":[{"embeddable":true,"href":"https:\/\/www.vet.una.py\/index.php?rest_route=%2Fwp%2Fv2%2Fcomments&post=2454"}],"version-history":[{"count":27,"href":"https:\/\/www.vet.una.py\/index.php?rest_route=\/wp\/v2\/pages\/2454\/revisions"}],"predecessor-version":[{"id":9619,"href":"https:\/\/www.vet.una.py\/index.php?rest_route=\/wp\/v2\/pages\/2454\/revisions\/9619"}],"wp:featuredmedia":[{"embeddable":true,"href":"https:\/\/www.vet.una.py\/index.php?rest_route=\/wp\/v2\/media\/2866"}],"wp:attachment":[{"href":"https:\/\/www.vet.una.py\/index.php?rest_route=%2Fwp%2Fv2%2Fmedia&parent=2454"}],"curies":[{"name":"wp","href":"https:\/\/api.w.org\/{rel}","templated":true}]}}