{"id":2450,"date":"2025-04-14T08:58:33","date_gmt":"2025-04-14T11:58:33","guid":{"rendered":"http:\/\/10.1.5.86\/?page_id=2450"},"modified":"2025-07-11T11:26:34","modified_gmt":"2025-07-11T14:26:34","slug":"quienes-somos","status":"publish","type":"page","link":"https:\/\/www.vet.una.py\/?page_id=2450","title":{"rendered":"Quienes Somos"},"content":{"rendered":"\n<div class=\"wp-container-11 wp-block-columns alignfull\">\n<div class=\"wp-container-3 wp-block-column is-vertically-aligned-top\" style=\"flex-basis:15%\">\n<hr class=\"wp-block-separator has-alpha-channel-opacity is-style-wide\" style=\"margin-top:0;margin-bottom:0\"\/>\n\n\n\n<div class=\"wp-container-2 wp-block-group alignwide gutenify-section-30dc5800-0447-11ee-9f77-078cf27c462b\" style=\"padding-bottom:0px\">\n<div class=\"wp-container-1 is-vertical wp-block-group gutenify-section-30dc09e0-0447-11ee-9f77-078cf27c462b\" style=\"padding-top:0px;padding-right:0px;padding-bottom:0px;padding-left:0px\">\n<h2 class=\"wp-block-heading has-text-color has-link-color\" style=\"border-style:none;border-width:0px;color:#921f53;margin-top:var(--wp--preset--spacing--30);margin-right:0;margin-bottom:var(--wp--preset--spacing--30);margin-left:0;font-size:15px\"><a href=\"https:\/\/www.vet.una.py\/?page_id=2450\">Quienes somos<\/a><\/h2>\n\n\n\n<h2 class=\"wp-block-heading has-text-color has-link-color\" style=\"color:#921f53;margin-top:var(--wp--preset--spacing--30);margin-bottom:var(--wp--preset--spacing--30);font-size:15px\"><a href=\"https:\/\/www.vet.una.py\/?page_id=2452\">Lineas de Investigaci\u00f3n<\/a><\/h2>\n\n\n\n<h2 class=\"wp-block-heading has-text-color has-link-color\" style=\"color:#921f53;margin-top:var(--wp--preset--spacing--30);margin-bottom:var(--wp--preset--spacing--30);font-size:15px\"><a href=\"https:\/\/www.vet.una.py\/?page_id=2454\">Revista<\/a><\/h2>\n\n\n\n<h2 class=\"wp-block-heading has-text-color has-link-color\" style=\"color:#921f53;margin-top:var(--wp--preset--spacing--30);margin-bottom:var(--wp--preset--spacing--30);font-size:15px\"><a href=\"https:\/\/www.vet.una.py\/?page_id=2879\">Reglamentos<\/a><\/h2>\n\n\n\n<h2 class=\"wp-block-heading has-text-color has-link-color\" style=\"color:#921f53;margin-top:var(--wp--preset--spacing--30);margin-right:0;margin-bottom:var(--wp--preset--spacing--30);margin-left:0;font-size:15px\"><a href=\"https:\/\/www.vet.una.py\/?page_id=2456\">Proyectos<\/a><\/h2>\n\n\n\n<h2 class=\"wp-block-heading has-text-color has-link-color\" style=\"color:#921f53;margin-top:var(--wp--preset--spacing--30);margin-bottom:var(--wp--preset--spacing--30);font-size:15px\"><a href=\"https:\/\/www.vet.una.py\/?page_id=2458\">Difusi\u00f3n<\/a><\/h2>\n<\/div>\n<\/div>\n\n\n\n<div style=\"height:12px\" aria-hidden=\"true\" class=\"wp-block-spacer\"><\/div>\n\n\n\n<hr class=\"wp-block-separator has-alpha-channel-opacity is-style-wide\" style=\"margin-top:0;margin-bottom:0\"\/>\n\n\n\n<h6 class=\"wp-elements-47a0d882bc74e78f89efd02131040046 wp-block-heading has-text-color has-link-color\" style=\"color:#921f53\">Acceso a trabajos cient\u00edficos<\/h6>\n\n\n\n<hr class=\"wp-block-separator has-alpha-channel-opacity is-style-wide\" style=\"margin-top:0;margin-bottom:0\"\/>\n\n\n\n<p style=\"font-size:13px;margin-top:var:preset|spacing|20;margin-bottom:var:preset|spacing|20\"><p style=\"margin-top:var(--wp--preset--spacing--20);margin-bottom:var(--wp--preset--spacing--20);font-size:13px\">Aqu\u00ed les presentamos enlaces de inter\u00e9s para realizar b\u00fasquedas de trabajos cient\u00edficos:<\/p><\/p>\n\n\n\n<ul class=\"wp-block-list\">\n\n<li class=\"wp-elements-a2b48db85ffa4b72f5db6aee5c882c14 has-secondary-color has-text-color has-link-color\" style=\"font-size:15px\"><a href=\"https:\/\/scholar.google.es\/\"><span style=\"text-decoration: underline;\">Google Acad\u00e9mico<\/span><\/a><\/li>\n\n\n<li class=\"wp-elements-d5d1d8bb4f6d2c780ca9f4af39e3532b has-secondary-color has-text-color has-link-color\" style=\"font-size:15px\"><a href=\"https:\/\/www.cnc.una.py\/opac\/\" data-type=\"link\" data-id=\"https:\/\/www.cnc.una.py\/opac\/\"><span style=\"text-decoration: underline;\">OPAC\/SGB Cat\u00e1logo bibliogr\u00e1fico de la UNA<\/span><\/a><\/li>\n\n\n<li class=\"wp-elements-86d3bca4cdcb1b1afc2685a955e9453a has-secondary-color has-text-color has-link-color\" style=\"font-size:15px\"><a href=\"https:\/\/scielo.iics.una.py\/cgi-bin\/wxis.exe\/iah\/?IsisScript=iah\/iah.xis&amp;base=article%5Edlibrary&amp;fmt=iso.pft&amp;lang=e\"><span style=\"text-decoration: underline;\">Scielo Paraguay<\/span><\/a><\/li>\n\n\n<li class=\"wp-elements-268896f8e47e2ee827f1dcd4ca45213b has-secondary-color has-text-color has-link-color\" style=\"font-size:15px\"><a href=\"https:\/\/cicco.conacyt.gov.py\/\"><span style=\"text-decoration: underline;\">CICCO Paraguay<\/span><\/a><\/li>\n\n<\/ul>\n\n\n\n<div style=\"height:12px\" aria-hidden=\"true\" class=\"wp-block-spacer\"><\/div>\n\n\n\n<h6 class=\"wp-elements-76bb0e57f33fbe445bd2d81846968906 wp-block-heading has-text-color has-link-color\" style=\"color:#921f53\">Becas<\/h6>\n\n\n\n<hr class=\"wp-block-separator has-alpha-channel-opacity is-style-wide\" style=\"margin-top:0;margin-bottom:0\"\/>\n\n\n\n<figure class=\"wp-block-image size-full\"><a href=\"https:\/\/cooperacion.stp.gov.py\/becas\/\" target=\"_blank\" rel=\"noreferrer noopener\"><img loading=\"lazy\" width=\"651\" height=\"109\" src=\"https:\/\/www.vet.una.py\/wp-content\/uploads\/2025\/04\/WhatsApp-Image-2025-04-21-at-08.56.04.jpeg\" alt=\"\" class=\"wp-image-2772\"\/><\/a><\/figure>\n\n\n\n<div style=\"height:12px\" aria-hidden=\"true\" class=\"wp-block-spacer\"><\/div>\n\n\n\n<h6 class=\"wp-elements-10e64e020133add1852e7ed3ab6fb8ff wp-block-heading has-text-color has-link-color\" style=\"color:#921f53\">CONACYT<\/h6>\n\n\n\n<hr class=\"wp-block-separator has-alpha-channel-opacity is-style-wide\" style=\"margin-top:0;margin-bottom:0\"\/>\n\n\n\n<figure class=\"wp-block-image size-full\"><a href=\"https:\/\/www.conacyt.gov.py\/\"><img loading=\"lazy\" width=\"545\" height=\"108\" src=\"https:\/\/www.vet.una.py\/wp-content\/uploads\/2025\/04\/WhatsApp-Image-2025-04-21-at-09.07.36.jpeg\" alt=\"\" class=\"wp-image-2777\"\/><\/a><\/figure>\n\n\n\n<div style=\"height:12px\" aria-hidden=\"true\" class=\"wp-block-spacer\"><\/div>\n\n\n\n<h6 class=\"wp-elements-9aa53547ece7f1a1cec269a8d4c22cec wp-block-heading has-text-color has-link-color\" style=\"color:#921f53\">Enlaces de Inter\u00e9s<\/h6>\n\n\n\n<hr class=\"wp-block-separator has-alpha-channel-opacity is-style-wide\" style=\"margin-top:0;margin-bottom:0\"\/>\n\n\n\n<ul class=\"wp-block-list\">\n\n<li class=\"wp-elements-ad7783cfd040a79e90cbf43f6177a964 has-secondary-color has-text-color has-link-color\" style=\"font-size:15px\"><a href=\"https:\/\/www.una.py\/\"><span style=\"text-decoration: underline;\">Universidad Nacional de Asunci\u00f3n<\/span><\/a><\/li>\n\n\n<li class=\"wp-elements-0f882c87d143797db9f5dd37c2eedf41 has-secondary-color has-text-color has-link-color\" style=\"font-size:15px\"><a href=\"https:\/\/www.conacyt.gov.py\/\"><span style=\"text-decoration: underline;\">Consejo Nacional de Ciencia y Tecnolog\u00eda<\/span><\/a><\/li>\n\n\n<li class=\"wp-elements-e8e982b513428f9596ac7fd81b7c8f75 has-secondary-color has-text-color has-link-color\" style=\"font-size:15px\"><a href=\"https:\/\/iica.int\/es\/\"><span style=\"text-decoration: underline;\">Instituto Interamericano de Cooperaci\u00f3n para la Agricultura<\/span><\/a><\/li>\n\n\n<li class=\"wp-elements-03f496e7cacd69c84a401f2e3dc6f976 has-secondary-color has-text-color has-link-color\" style=\"font-size:15px\"><a href=\"http:\/\/www.senacsa.gov.py\/\"><span style=\"text-decoration: underline;\">Servicio Nacional de Calidad y Salud Animal<\/span><\/a><\/li>\n\n\n<li class=\"wp-elements-39ced78f743534adc7e8a0e6b418fce6 has-secondary-color has-text-color has-link-color\" style=\"font-size:15px\"><a href=\"https:\/\/www.mag.gov.py\/\"><span style=\"text-decoration: underline;\">Ministerio de Agricultura y Ganader\u00eda<\/span><\/a><\/li>\n\n\n<li class=\"wp-elements-5464c41454f43f30bb7ac6b51cfaaa6d has-secondary-color has-text-color has-link-color\" style=\"font-size:15px\"><a href=\"https:\/\/www.arp.org.py\/\"><span style=\"text-decoration: underline;\">Asociaci\u00f3n Rural del Paraguay<\/span><\/a><\/li>\n\n\n<li class=\"wp-elements-ff8b81af11200aec74b9f460c904d4ff has-secondary-color has-text-color has-link-color\" style=\"font-size:15px\"><a href=\"https:\/\/www.fondogan.gov.py\/\"><span style=\"text-decoration: underline;\">Fondo Ganadero<\/span><\/a><\/li>\n\n<\/ul>\n\n\n\n<div style=\"height:12px\" aria-hidden=\"true\" class=\"wp-block-spacer\"><\/div>\n\n\n\n<h6 class=\"wp-elements-2d5eef91dfd15b25d049b4c72ede6d96 wp-block-heading has-text-color has-link-color\" style=\"color:#921f53\">Horario de Atenci\u00f3n<\/h6>\n\n\n\n<p style=\"font-size:15px;margin-top:0;margin-bottom:0\"><strong>Lunes a Viernes<\/strong><br>7:30 a 18:00 Hrs<\/p>\n<\/div>\n\n\n\n<div class=\"wp-container-10 wp-block-column is-vertically-aligned-top has-black-color has-text-color\" style=\"padding-top:40px;padding-right:40px;padding-bottom:40px;padding-left:40px;flex-basis:66.66%\">\n<div class=\"wp-container-4 wp-block-group\">\n<p>La&nbsp;<strong>Direcci\u00f3n de Investigaci\u00f3n Cient\u00edfica y Tecnol\u00f3gica (DICT)<\/strong>&nbsp;es la responsable de la organizaci\u00f3n, coordinaci\u00f3n, asesoramiento, registro y seguimiento sistem\u00e1tico de todas las actividades de investigaci\u00f3n, desarrollo y transferencia de tecnolog\u00eda, llevadas a cabo en la&nbsp;<strong>Facultad de Ciencias Veterinarias de la Universidad Nacional de Asunci\u00f3n<\/strong>, Sedes San Lorenzo, Concepci\u00f3n, Misiones, Caazap\u00e1 y San Estanislao.<\/p>\n<\/div>\n\n\n\n<h2 class=\"wp-elements-c47ca826c7f53201b29001ca631edb00 wp-block-heading has-work-sans-font-family has-text-color has-link-color\" style=\"color:#921f53;font-size:25px;text-transform:uppercase\">Misi\u00f3n:<\/h2>\n\n\n\n<div class=\"wp-container-5 wp-block-group\">\n<p class=\"has-black-color has-text-color\">Promover el desarrollo de la investigaci\u00f3n, desarrollo tecnol\u00f3gico e innovaci\u00f3n (I+D+I) con criterios de calidad, \u00e9tica y pertinencia, comprometidos con la transmisi\u00f3n de conocimientos a trav\u00e9s de la ense\u00f1anza; en las \u00e1reas de competencia de las Ciencias Veterinarias considerando los valores socioculturales tales como el bienestar animal, la conservaci\u00f3n del medio ambiente y biodiversidad; contribuyendo as\u00ed a la seguridad alimentaria y al desarrollo nacional y regional.<\/p>\n<\/div>\n\n\n\n<h2 class=\"wp-elements-2ff6633c42f4d434d198d9c8758a53fb wp-block-heading has-work-sans-font-family has-text-color has-link-color\" style=\"color:#921f53;font-size:25px;text-transform:uppercase\">Visi\u00f3n:<\/h2>\n\n\n\n<p class=\"has-black-color has-text-color\">Establecerse como un referente nacional e internacional en Investigaci\u00f3n Cient\u00edfica y Tecnol\u00f3gica en las Ciencias Veterinarias, con el fin de liderar los trabajos de investigaci\u00f3n, impulsando el desarrollo sostenible con un sistema integrado, sin\u00e9rgico, transparente y comprometidos con el bienestar de la sociedad.<\/p>\n\n\n\n<details class=\"wp-block-details has-text-color has-link-color\" style=\"color:#921f53\"><summary>OBJETIVOS DEL DICT<\/summary>\n<p style=\"margin-top:0;margin-bottom:0\">Los objetivos de la Direcci\u00f3n de Investigaci\u00f3n Cient\u00edfica y Tecnol\u00f3gica de la Facultad de Ciencias Veterinarias se encuentran en concordancia con el \u201cPlan Nacional de Desarrollo Paraguay 2030\u201d, y con los lineamientos expresados por el Consejo Nacional de Ciencia y Tecnolog\u00eda CONACYT en los que se consideran las necesidades actuales del pa\u00eds, y se busca dar respuesta a los desaf\u00edos nacionales a trav\u00e9s de la ciencia, la investigaci\u00f3n, el desarrollo tecnol\u00f3gico y la innovaci\u00f3n; y en particular, a contribuir al desarrollo sostenible, la inclusi\u00f3n social y la competitividad del pa\u00eds.<\/p>\n<ul style=\"margin-top:var(--wp--preset--spacing--30);margin-bottom:var(--wp--preset--spacing--30)\" class=\"wp-block-list\">\n<li style=\"margin-top:0;margin-bottom:0;font-style:normal;font-weight:200\">As\u00ed tambi\u00e9n la Direcci\u00f3n de Investigaci\u00f3n Cient\u00edfica y Tecnol\u00f3gica de la Facultad de Ciencias Veterinarias busca promover la cultura cient\u00edfica tecnol\u00f3gica y de innovaci\u00f3n en la comunidad acad\u00e9mica de la Facultad de Ciencias Veterinarias.<\/li>\n<li style=\"margin-top:0;margin-bottom:0;font-style:normal;font-weight:200\">Fomentar la investigaci\u00f3n, en sus diferentes modalidades, a fin de generar conocimiento, y considerando el avance t\u00e9cnico permanente a nivel global, busca formar y sostener capacidades din\u00e1micas para la incorporaci\u00f3n de nuevos conocimientos originados de manera local y en el exterior.<\/li>\n<li style=\"margin-top:0;margin-bottom:0;font-style:normal;font-weight:200\">Revisar, actualizar, y evaluar las \u00e1reas y las l\u00edneas de Investigaci\u00f3n institucionales buscando ordenar las \u00e1reas de investigaci\u00f3n que se desarrollan en la instituci\u00f3n.<\/li>\n<li style=\"margin-top:0;margin-bottom:0;font-style:normal;font-weight:200\">Apoyar a los investigadores y llevar un registro de los trabajos de investigaci\u00f3n, incluyendo las Tesis de Grado y Postgrado.<\/li>\n<li style=\"margin-top:0;margin-bottom:0;font-style:normal;font-weight:200\">Integrar las actividades de investigaci\u00f3n de la Sede San Lorenzo con las distintas Sedes de la FCV-UNA del interior del pa\u00eds; de tal forma a interactuar y generar investigaciones acordes a la realidad local y a sus requerimientos sociales.<\/li>\n<li style=\"margin-top:0;margin-bottom:0;font-style:normal;font-weight:200\">Impulsar la difusi\u00f3n y divulgaci\u00f3n de la informaci\u00f3n y producci\u00f3n cient\u00edfica generada por los resultados de los trabajos de investigaci\u00f3n institucionales de manera sistem\u00e1tica y en coordinaci\u00f3n con la Direcci\u00f3n Acad\u00e9mica y la Direcci\u00f3n de Extensi\u00f3n de la FCV-UNA, a trav\u00e9s de publicaciones en medios escritos, audiovisuales, digitales, electr\u00f3nicos y exposiciones orales en eventos cient\u00edficos nacionales e internacionales.<\/li>\n<li style=\"margin-top:0;margin-bottom:0;font-style:normal;font-weight:200\">Coordinar con los responsables o Directores de Proyectos, en base a los reglamentos establecidos, y aprobados en los \u00f3rganos de gobierno correspondientes, y los organismos de financiaci\u00f3n; la elaboraci\u00f3n, presentaci\u00f3n, seguimiento, evaluaci\u00f3n y difusi\u00f3n de los Proyectos de Investigaci\u00f3n.<\/li>\n<\/ul>\n<\/details>\n\n\n\n<p class=\"has-text-align-right\" style=\"font-size:10px\"><em>Manual de Organizaci\u00f3n y Funciones de la DICT \u2013 Resoluci\u00f3n N\u00b0 485-00-2022 Acta N\u00b0 25 (A.S. N\u00b0 25 09\/09\/2022) del Consejo Directivo.<\/em><br><br><\/p>\n\n\n\n<figure class=\"wp-block-image size-full\"><img loading=\"lazy\" width=\"2308\" height=\"1859\" src=\"https:\/\/www.vet.una.py\/wp-content\/uploads\/2025\/04\/111.jpeg\" alt=\"\" class=\"wp-image-2804\"\/><\/figure>\n\n\n\n<h2 class=\"wp-elements-faf556d75b6a13e4053822629f61ffc7 wp-block-heading has-work-sans-font-family has-text-color has-link-color\" style=\"color:#921f53;font-size:25px\">INTEGRANTES DE LA DICT<\/h2>\n\n\n\n<p class=\"has-black-color has-text-color\">Acceda a los CV resumidos de los integrantes de la DICT<\/p>\n\n\n\n<div class=\"wp-container-9 wp-block-columns\">\n<div class=\"wp-container-8 wp-block-column\" style=\"flex-basis:100%\">\n<figure class=\"wp-container-7 wp-block-gallery-6 wp-block-gallery has-nested-images columns-4 is-cropped\">\n<figure class=\"wp-block-image size-large\"><img loading=\"lazy\" width=\"192\" height=\"257\" src=\"https:\/\/www.vet.una.py\/wp-content\/uploads\/2025\/04\/fotorozuna.jpg\" alt=\"\" class=\"wp-image-2805\"\/><\/figure>\n\n\n\n<figure class=\"wp-block-image size-large\"><img loading=\"lazy\" width=\"620\" height=\"610\" src=\"https:\/\/www.vet.una.py\/wp-content\/uploads\/2025\/04\/fotomrodriguez.jpg\" alt=\"\" class=\"wp-image-2806\"\/><\/figure>\n\n\n\n<figure class=\"wp-block-image size-large\"><img loading=\"lazy\" width=\"303\" height=\"447\" src=\"https:\/\/www.vet.una.py\/wp-content\/uploads\/2025\/04\/fotoaszwako.jpg\" alt=\"\" class=\"wp-image-2807\"\/><\/figure>\n\n\n\n<figure class=\"wp-block-image size-large\"><img loading=\"lazy\" width=\"980\" height=\"1383\" src=\"https:\/\/www.vet.una.py\/wp-content\/uploads\/2025\/04\/fotomtomassi.jpg\" alt=\"\" class=\"wp-image-2808\"\/><\/figure>\n\n\n\n<figure class=\"wp-block-image size-large\"><a href=\"https:\/\/drive.google.com\/file\/d\/1m6Pq8ZTnSLiWx3GM2cAHQgRlOvyJZW4j\/view?usp=drive_link\"><img src=\"https:\/\/www.vet.una.py\/wp-content\/uploads\/2025\/04\/fotorgomez.png\" alt=\"\"\/><\/a><\/figure>\n\n\n\n<figure class=\"wp-block-image size-thumbnail\"><img loading=\"lazy\" width=\"150\" height=\"150\" src=\"https:\/\/www.vet.una.py\/wp-content\/uploads\/2025\/07\/dsosa-1-150x150.jpg\" alt=\"\" class=\"wp-image-6432\"\/><\/figure>\n\n\n\n<figure class=\"wp-block-image size-large\"><img loading=\"lazy\" width=\"943\" height=\"1164\" src=\"https:\/\/www.vet.una.py\/wp-content\/uploads\/2025\/04\/fotonfunes.jpg\" alt=\"\" class=\"wp-image-2810\"\/><\/figure>\n\n\n\n<figure class=\"wp-block-image size-large\"><img loading=\"lazy\" width=\"960\" height=\"1168\" src=\"https:\/\/www.vet.una.py\/wp-content\/uploads\/2025\/04\/fotolcaceres.jpg\" alt=\"330&quot;&quot;\" class=\"wp-image-2811\"\/><\/figure>\n<\/figure>\n<\/div>\n<\/div>\n\n\n\n<h2 class=\"wp-elements-0c5ac04cc34c8088adcba2209a807bc4 wp-block-heading has-work-sans-font-family has-text-color has-link-color\" style=\"color:#921f53;font-size:25px;text-transform:uppercase\">Contactos<\/h2>\n\n\n\n<p class=\"has-black-color has-text-color\">Prof. Dra. Ren\u00e9e Ozuna Wood \u2013&nbsp;<a href=\"mailto:reneozuna@vet.una.py\">reneozuna@vet.una.py<\/a><\/p>\n\n\n\n<p style=\"margin-top:var:preset|spacing|20;margin-bottom:var:preset|spacing|20\"><p style=\"margin-top:var(--wp--preset--spacing--20);margin-bottom:var(--wp--preset--spacing--20)\">Prof. Dra. Mar\u00eda In\u00e9s Rodr\u00edguez \u2013<a href=\"mailto:mrodirguez@vet.una.py\">mrodriguez@vet.una.py<\/a><\/p><\/p>\n\n\n\n<p style=\"margin-top:var:preset|spacing|20;margin-bottom:var:preset|spacing|20\"><p style=\"margin-top:var(--wp--preset--spacing--20);margin-bottom:var(--wp--preset--spacing--20)\">Prof. Dr. Alexander Szwako \u2013<a href=\"mailto:aszwako@vet.una.py\">aszwako@vet.una.py<\/a><\/p><\/p>\n\n\n\n<p style=\"margin-top:var:preset|spacing|20;margin-bottom:var:preset|spacing|20\"><p style=\"margin-top:var(--wp--preset--spacing--20);margin-bottom:var(--wp--preset--spacing--20)\">Dra. Melissa Tomassi \u2013&nbsp;<a href=\"mailto:mtomassi@vet.una.py\">mtomassi@vet.una.py<\/a><\/p><\/p>\n\n\n\n<p style=\"margin-top:var:preset|spacing|20;margin-bottom:var:preset|spacing|20\"><p style=\"margin-top:var(--wp--preset--spacing--20);margin-bottom:var(--wp--preset--spacing--20)\">Dra. Raquel Elizabeth G\u00f3mez G\u00f3mez \u2013&nbsp;<a href=\"mailto:raquel.gomez@vet.una.py\">raquel.gomez@vet.una.py<\/a><\/p><\/p>\n\n\n\n<p style=\"margin-top:var:preset|spacing|20;margin-bottom:var:preset|spacing|20\"><p style=\"margin-top:var(--wp--preset--spacing--20);margin-bottom:var(--wp--preset--spacing--20)\">Dr. Diego Sosa Campuzano \u2013&nbsp;<a href=\"mailto:dsosa@vet.una.py\">dsosa@vet.una.py<\/a><\/p><\/p>\n\n\n\n<p style=\"margin-top:var:preset|spacing|20;margin-bottom:var:preset|spacing|20\"><p style=\"margin-top:var(--wp--preset--spacing--20);margin-bottom:var(--wp--preset--spacing--20)\">Sr. Domingo Branda \u2013<a href=\"mailto:dbranda@vet.una.py\">dbranda@vet.una.py<\/a><\/p><\/p>\n\n\n\n<p style=\"margin-top:var:preset|spacing|20;margin-bottom:var:preset|spacing|20\"><p style=\"margin-top:var(--wp--preset--spacing--20);margin-bottom:var(--wp--preset--spacing--20)\">Lic. Nilsa Funes \u2013&nbsp;<a href=\"mailto:nfunes@vet.una.py\">nfunes@vet.una.py<\/a><\/p><\/p>\n\n\n\n<p style=\"margin-top:var:preset|spacing|20;margin-bottom:var:preset|spacing|20\"><p style=\"margin-top:var(--wp--preset--spacing--20);margin-bottom:var(--wp--preset--spacing--20)\">Lic. Lilian C\u00e1ceres \u2013&nbsp;<a href=\"mailto:lcaceres@vet.una.py\">lcaceres@vet.una.py<\/a><\/p><\/p>\n<\/div>\n<\/div>\n","protected":false},"excerpt":{"rendered":"<p>Quienes somos Lineas de Investigaci\u00f3n Revista Reglamentos Proyectos Difusi\u00f3n Acceso a trabajos cient\u00edficos Aqu\u00ed les [&hellip;]<\/p>\n","protected":false},"author":4,"featured_media":2860,"parent":0,"menu_order":0,"comment_status":"closed","ping_status":"closed","template":"","meta":[],"_links":{"self":[{"href":"https:\/\/www.vet.una.py\/index.php?rest_route=\/wp\/v2\/pages\/2450"}],"collection":[{"href":"https:\/\/www.vet.una.py\/index.php?rest_route=\/wp\/v2\/pages"}],"about":[{"href":"https:\/\/www.vet.una.py\/index.php?rest_route=\/wp\/v2\/types\/page"}],"author":[{"embeddable":true,"href":"https:\/\/www.vet.una.py\/index.php?rest_route=\/wp\/v2\/users\/4"}],"replies":[{"embeddable":true,"href":"https:\/\/www.vet.una.py\/index.php?rest_route=%2Fwp%2Fv2%2Fcomments&post=2450"}],"version-history":[{"count":40,"href":"https:\/\/www.vet.una.py\/index.php?rest_route=\/wp\/v2\/pages\/2450\/revisions"}],"predecessor-version":[{"id":6450,"href":"https:\/\/www.vet.una.py\/index.php?rest_route=\/wp\/v2\/pages\/2450\/revisions\/6450"}],"wp:featuredmedia":[{"embeddable":true,"href":"https:\/\/www.vet.una.py\/index.php?rest_route=\/wp\/v2\/media\/2860"}],"wp:attachment":[{"href":"https:\/\/www.vet.una.py\/index.php?rest_route=%2Fwp%2Fv2%2Fmedia&parent=2450"}],"curies":[{"name":"wp","href":"https:\/\/api.w.org\/{rel}","templated":true}]}}