{"id":2316,"date":"2025-04-10T10:30:39","date_gmt":"2025-04-10T13:30:39","guid":{"rendered":"http:\/\/10.1.5.86\/?page_id=2316"},"modified":"2025-07-14T10:22:11","modified_gmt":"2025-07-14T13:22:11","slug":"laboratorios","status":"publish","type":"page","link":"https:\/\/www.vet.una.py\/?page_id=2316","title":{"rendered":"Laboratorios"},"content":{"rendered":"\n<div style=\"height:2px\" aria-hidden=\"true\" class=\"wp-block-spacer\"><\/div>\n\n\n\n<h3 class=\"wp-elements-0d130e4e0270e7c287fbae55abf2d478 has-text-align-left wp-block-heading has-work-sans-font-family has-text-color has-link-color\" style=\"color:#952f53;font-size:25px\">LABORATORIOS DE LA FACULTAD DE CIENCIAS VETERINARIAS &#8211; UNA<\/h3>\n\n\n\n<p>La Facultad de Ciencias Veterinarias de la Universidad Nacional de Asunci\u00f3n cuenta con diversos laboratorios especializados que desempe\u00f1an un rol fundamental en el diagn\u00f3stico, la investigaci\u00f3n, la docencia y la extensi\u00f3n. Estos laboratorios brindan apoyo a las actividades acad\u00e9micas y cient\u00edficas, adem\u00e1s de ofrecer servicios a la comunidad. A continuaci\u00f3n, se detallan los principales laboratorios:<\/p>\n\n\n\n<ul class=\"has-foreground-color has-text-color\"><li>Laboratorio de la Divisi\u00f3n de Patolog\u00eda y Cl\u00ednica<\/li><\/ul>\n\n\n\n<p>En este laboratorio se realizan an\u00e1lisis como hemogramas y otros estudios complementarios para el diagn\u00f3stico cl\u00ednico de los animales que acuden al Hospital Veterinario.<\/p>\n\n\n\n<ul class=\"has-foreground-color has-text-color\"><li>Laboratorio del Departamento de Ciencias Patol\u00f3gicas<\/li><\/ul>\n\n\n\n<p>Aqu\u00ed se llevan a cabo necropsias de los cad\u00e1veres que llegan a la facultad y se aplican t\u00e9cnicas de diagn\u00f3stico como la histolog\u00eda, la histopatolog\u00eda y el frotis sangu\u00edneo, fundamentales para la investigaci\u00f3n de enfermedades.<\/p>\n\n\n\n<ul class=\"has-foreground-color has-text-color\"><li>Laboratorio del Departamento de Bromatolog\u00eda, Nutrici\u00f3n y Alimentaci\u00f3n Animal<\/li><\/ul>\n\n\n\n<p>En este espacio se realizan an\u00e1lisis bromatol\u00f3gicos de los alimentos destinados a la producci\u00f3n animal, garantizando la calidad y la seguridad en la nutrici\u00f3n animal.<\/p>\n\n\n\n<figure class=\"wp-container-2 wp-block-gallery-1 wp-block-gallery has-nested-images columns-4 is-cropped\">\n<figure class=\"wp-block-image size-large\"><img loading=\"lazy\" width=\"812\" height=\"1024\" data-id=\"5822\"  src=\"https:\/\/www.vet.una.py\/wp-content\/uploads\/2025\/07\/1-10-812x1024.png\" alt=\"\" class=\"wp-image-5822\" srcset=\"https:\/\/www.vet.una.py\/wp-content\/uploads\/2025\/07\/1-10-812x1024.png 812w, https:\/\/www.vet.una.py\/wp-content\/uploads\/2025\/07\/1-10-238x300.png 238w, https:\/\/www.vet.una.py\/wp-content\/uploads\/2025\/07\/1-10-768x969.png 768w, https:\/\/www.vet.una.py\/wp-content\/uploads\/2025\/07\/1-10-1217x1536.png 1217w, https:\/\/www.vet.una.py\/wp-content\/uploads\/2025\/07\/1-10.png 1268w\" sizes=\"(max-width: 812px) 100vw, 812px\" \/><\/figure>\n\n\n\n<figure class=\"wp-block-image size-large\"><img loading=\"lazy\" width=\"1268\" height=\"1600\" data-id=\"5819\"  src=\"https:\/\/www.vet.una.py\/wp-content\/uploads\/2025\/07\/12-1.png\" alt=\"\" class=\"wp-image-5819\" srcset=\"https:\/\/www.vet.una.py\/wp-content\/uploads\/2025\/07\/12-1.png 1268w, https:\/\/www.vet.una.py\/wp-content\/uploads\/2025\/07\/12-1-238x300.png 238w, https:\/\/www.vet.una.py\/wp-content\/uploads\/2025\/07\/12-1-812x1024.png 812w, https:\/\/www.vet.una.py\/wp-content\/uploads\/2025\/07\/12-1-768x969.png 768w, https:\/\/www.vet.una.py\/wp-content\/uploads\/2025\/07\/12-1-1217x1536.png 1217w\" sizes=\"(max-width: 1268px) 100vw, 1268px\" \/><\/figure>\n\n\n\n<figure class=\"wp-block-image size-large\"><img loading=\"lazy\" width=\"1268\" height=\"1600\" data-id=\"5818\"  src=\"https:\/\/www.vet.una.py\/wp-content\/uploads\/2025\/07\/1-9.png\" alt=\"\" class=\"wp-image-5818\" srcset=\"https:\/\/www.vet.una.py\/wp-content\/uploads\/2025\/07\/1-9.png 1268w, https:\/\/www.vet.una.py\/wp-content\/uploads\/2025\/07\/1-9-238x300.png 238w, https:\/\/www.vet.una.py\/wp-content\/uploads\/2025\/07\/1-9-812x1024.png 812w, https:\/\/www.vet.una.py\/wp-content\/uploads\/2025\/07\/1-9-768x969.png 768w, https:\/\/www.vet.una.py\/wp-content\/uploads\/2025\/07\/1-9-1217x1536.png 1217w\" sizes=\"(max-width: 1268px) 100vw, 1268px\" \/><\/figure>\n\n\n\n<figure class=\"wp-block-image size-large\"><img loading=\"lazy\" width=\"1268\" height=\"1600\" data-id=\"6511\"  src=\"https:\/\/www.vet.una.py\/wp-content\/uploads\/2025\/07\/3-12.png\" alt=\"\" class=\"wp-image-6511\" srcset=\"https:\/\/www.vet.una.py\/wp-content\/uploads\/2025\/07\/3-12.png 1268w, https:\/\/www.vet.una.py\/wp-content\/uploads\/2025\/07\/3-12-238x300.png 238w, https:\/\/www.vet.una.py\/wp-content\/uploads\/2025\/07\/3-12-812x1024.png 812w, https:\/\/www.vet.una.py\/wp-content\/uploads\/2025\/07\/3-12-768x969.png 768w, https:\/\/www.vet.una.py\/wp-content\/uploads\/2025\/07\/3-12-1217x1536.png 1217w\" sizes=\"(max-width: 1268px) 100vw, 1268px\" \/><\/figure>\n<\/figure>\n\n\n\n<ul class=\"has-foreground-color has-text-color\"><li>Laboratorio del Departamento de Microbiolog\u00eda e Inmunolog\u00eda<\/li><\/ul>\n\n\n\n<p>Se efect\u00faan diagn\u00f3sticos a trav\u00e9s del cultivo microbiol\u00f3gico, pruebas de antibiograma y determinaciones serol\u00f3gicas para la identificaci\u00f3n de enfermedades infecciosas y contagiosas en animales.<\/p>\n\n\n\n<ul class=\"has-foreground-color has-text-color\"><li>Laboratorio de la Divisi\u00f3n de Biotecnolog\u00eda Animal<\/li><\/ul>\n\n\n\n<p>Este laboratorio se especializa en t\u00e9cnicas avanzadas como la Reacci\u00f3n en Cadena de la Polimerasa (PCR), que permite detectar con precisi\u00f3n el ADN espec\u00edfico de los pat\u00f3genos responsables de enfermedades infecciosas.<\/p>\n\n\n\n<ul class=\"has-foreground-color has-text-color\"><li>Laboratorio del Departamento de Industria Pecuaria<\/li><\/ul>\n\n\n\n<p>Se realizan an\u00e1lisis de control y estudios f\u00edsico-qu\u00edmicos de productos l\u00e1cteos, asegurando la calidad de los alimentos de origen animal.<\/p>\n\n\n\n<figure class=\"wp-container-4 wp-block-gallery-3 wp-block-gallery has-nested-images columns-4 is-cropped\">\n<figure class=\"wp-block-image size-large\"><img loading=\"lazy\" width=\"1268\" height=\"1600\" data-id=\"6482\"  src=\"https:\/\/www.vet.una.py\/wp-content\/uploads\/2025\/07\/5-6.png\" alt=\"\" class=\"wp-image-6482\" srcset=\"https:\/\/www.vet.una.py\/wp-content\/uploads\/2025\/07\/5-6.png 1268w, https:\/\/www.vet.una.py\/wp-content\/uploads\/2025\/07\/5-6-238x300.png 238w, https:\/\/www.vet.una.py\/wp-content\/uploads\/2025\/07\/5-6-812x1024.png 812w, https:\/\/www.vet.una.py\/wp-content\/uploads\/2025\/07\/5-6-768x969.png 768w, https:\/\/www.vet.una.py\/wp-content\/uploads\/2025\/07\/5-6-1217x1536.png 1217w\" sizes=\"(max-width: 1268px) 100vw, 1268px\" \/><\/figure>\n\n\n\n<figure class=\"wp-block-image size-large\"><img loading=\"lazy\" width=\"2560\" height=\"1920\" data-id=\"5349\"  src=\"https:\/\/www.vet.una.py\/wp-content\/uploads\/2025\/07\/WhatsApp-Image-2025-05-12-at-8.06.46-AM-scaled.jpeg\" alt=\"\" class=\"wp-image-5349\" srcset=\"https:\/\/www.vet.una.py\/wp-content\/uploads\/2025\/07\/WhatsApp-Image-2025-05-12-at-8.06.46-AM-scaled.jpeg 2560w, https:\/\/www.vet.una.py\/wp-content\/uploads\/2025\/07\/WhatsApp-Image-2025-05-12-at-8.06.46-AM-300x225.jpeg 300w, https:\/\/www.vet.una.py\/wp-content\/uploads\/2025\/07\/WhatsApp-Image-2025-05-12-at-8.06.46-AM-1024x768.jpeg 1024w, https:\/\/www.vet.una.py\/wp-content\/uploads\/2025\/07\/WhatsApp-Image-2025-05-12-at-8.06.46-AM-768x576.jpeg 768w, https:\/\/www.vet.una.py\/wp-content\/uploads\/2025\/07\/WhatsApp-Image-2025-05-12-at-8.06.46-AM-1536x1152.jpeg 1536w, https:\/\/www.vet.una.py\/wp-content\/uploads\/2025\/07\/WhatsApp-Image-2025-05-12-at-8.06.46-AM-2048x1536.jpeg 2048w\" sizes=\"(max-width: 2560px) 100vw, 2560px\" \/><\/figure>\n\n\n\n<figure class=\"wp-block-image size-large\"><img loading=\"lazy\" width=\"2560\" height=\"1920\" data-id=\"5348\"  src=\"https:\/\/www.vet.una.py\/wp-content\/uploads\/2025\/07\/WhatsApp-Image-2025-05-12-at-8.06.48-AM-1-scaled.jpeg\" alt=\"\" class=\"wp-image-5348\" srcset=\"https:\/\/www.vet.una.py\/wp-content\/uploads\/2025\/07\/WhatsApp-Image-2025-05-12-at-8.06.48-AM-1-scaled.jpeg 2560w, https:\/\/www.vet.una.py\/wp-content\/uploads\/2025\/07\/WhatsApp-Image-2025-05-12-at-8.06.48-AM-1-300x225.jpeg 300w, https:\/\/www.vet.una.py\/wp-content\/uploads\/2025\/07\/WhatsApp-Image-2025-05-12-at-8.06.48-AM-1-1024x768.jpeg 1024w, https:\/\/www.vet.una.py\/wp-content\/uploads\/2025\/07\/WhatsApp-Image-2025-05-12-at-8.06.48-AM-1-768x576.jpeg 768w, https:\/\/www.vet.una.py\/wp-content\/uploads\/2025\/07\/WhatsApp-Image-2025-05-12-at-8.06.48-AM-1-1536x1152.jpeg 1536w, https:\/\/www.vet.una.py\/wp-content\/uploads\/2025\/07\/WhatsApp-Image-2025-05-12-at-8.06.48-AM-1-2048x1536.jpeg 2048w\" sizes=\"(max-width: 2560px) 100vw, 2560px\" \/><\/figure>\n\n\n\n<figure class=\"wp-block-image size-large\"><img loading=\"lazy\" width=\"812\" height=\"1024\" data-id=\"6531\"  src=\"https:\/\/www.vet.una.py\/wp-content\/uploads\/2025\/07\/plantilla-para-web-19-812x1024.png\" alt=\"\" class=\"wp-image-6531\" srcset=\"https:\/\/www.vet.una.py\/wp-content\/uploads\/2025\/07\/plantilla-para-web-19-812x1024.png 812w, https:\/\/www.vet.una.py\/wp-content\/uploads\/2025\/07\/plantilla-para-web-19-238x300.png 238w, https:\/\/www.vet.una.py\/wp-content\/uploads\/2025\/07\/plantilla-para-web-19-768x969.png 768w, https:\/\/www.vet.una.py\/wp-content\/uploads\/2025\/07\/plantilla-para-web-19-1217x1536.png 1217w, https:\/\/www.vet.una.py\/wp-content\/uploads\/2025\/07\/plantilla-para-web-19.png 1268w\" sizes=\"(max-width: 812px) 100vw, 812px\" \/><\/figure>\n<\/figure>\n\n\n\n<ul class=\"has-foreground-color has-text-color\"><li>Laboratorio del Departamento de Parasitolog\u00eda<\/li><\/ul>\n\n\n\n<p>En este laboratorio se desarrollan t\u00e9cnicas de diagn\u00f3stico para la identificaci\u00f3n de par\u00e1sitos que afectan tanto a animales dom\u00e9sticos como a los de producci\u00f3n, contribuyendo a la sanidad animal.<\/p>\n\n\n\n<ul class=\"has-foreground-color has-text-color\"><li>Laboratorio de la Divisi\u00f3n de Diagn\u00f3stico de Enfermedades y An\u00e1lisis de Calidad del Agua<\/li><\/ul>\n\n\n\n<p>Se llevan a cabo diagn\u00f3sticos de enfermedades en peces y otros animales acu\u00e1ticos, as\u00ed como evaluaciones f\u00edsico-qu\u00edmicas del agua destinada a la acuicultura, garantizando la salud de los ecosistemas acu\u00e1ticos.<\/p>\n\n\n\n<ul class=\"has-foreground-color has-text-color\"><li>Laboratorio del Departamento de Reproducci\u00f3n Animal<\/li><\/ul>\n\n\n\n<p>En este espacio se realizan ensayos y t\u00e9cnicas avanzadas como el an\u00e1lisis de calidad seminal y la fertilizaci\u00f3n in vitro, contribuyendo al desarrollo de la reproducci\u00f3n animal.<\/p>\n\n\n\n<figure class=\"wp-container-6 wp-block-gallery-5 wp-block-gallery has-nested-images columns-4 is-cropped\">\n<figure class=\"wp-block-image size-large\"><img loading=\"lazy\" width=\"1268\" height=\"1600\" data-id=\"6305\"  src=\"https:\/\/www.vet.una.py\/wp-content\/uploads\/2025\/07\/33.png\" alt=\"\" class=\"wp-image-6305\" srcset=\"https:\/\/www.vet.una.py\/wp-content\/uploads\/2025\/07\/33.png 1268w, https:\/\/www.vet.una.py\/wp-content\/uploads\/2025\/07\/33-238x300.png 238w, https:\/\/www.vet.una.py\/wp-content\/uploads\/2025\/07\/33-812x1024.png 812w, https:\/\/www.vet.una.py\/wp-content\/uploads\/2025\/07\/33-768x969.png 768w, https:\/\/www.vet.una.py\/wp-content\/uploads\/2025\/07\/33-1217x1536.png 1217w\" sizes=\"(max-width: 1268px) 100vw, 1268px\" \/><\/figure>\n\n\n\n<figure class=\"wp-block-image size-large\"><img loading=\"lazy\" width=\"1268\" height=\"1600\" data-id=\"5828\"  src=\"https:\/\/www.vet.una.py\/wp-content\/uploads\/2025\/07\/10-2.png\" alt=\"\" class=\"wp-image-5828\" srcset=\"https:\/\/www.vet.una.py\/wp-content\/uploads\/2025\/07\/10-2.png 1268w, https:\/\/www.vet.una.py\/wp-content\/uploads\/2025\/07\/10-2-238x300.png 238w, https:\/\/www.vet.una.py\/wp-content\/uploads\/2025\/07\/10-2-812x1024.png 812w, https:\/\/www.vet.una.py\/wp-content\/uploads\/2025\/07\/10-2-768x969.png 768w, https:\/\/www.vet.una.py\/wp-content\/uploads\/2025\/07\/10-2-1217x1536.png 1217w\" sizes=\"(max-width: 1268px) 100vw, 1268px\" \/><\/figure>\n\n\n\n<figure class=\"wp-block-image size-large\"><img loading=\"lazy\" width=\"900\" height=\"1600\" data-id=\"6521\"  src=\"https:\/\/www.vet.una.py\/wp-content\/uploads\/2025\/07\/3-2.jpg\" alt=\"\" class=\"wp-image-6521\" srcset=\"https:\/\/www.vet.una.py\/wp-content\/uploads\/2025\/07\/3-2.jpg 900w, https:\/\/www.vet.una.py\/wp-content\/uploads\/2025\/07\/3-2-169x300.jpg 169w, https:\/\/www.vet.una.py\/wp-content\/uploads\/2025\/07\/3-2-576x1024.jpg 576w, https:\/\/www.vet.una.py\/wp-content\/uploads\/2025\/07\/3-2-768x1365.jpg 768w, https:\/\/www.vet.una.py\/wp-content\/uploads\/2025\/07\/3-2-864x1536.jpg 864w\" sizes=\"(max-width: 900px) 100vw, 900px\" \/><\/figure>\n\n\n\n<figure class=\"wp-block-image size-large\"><img loading=\"lazy\" width=\"1268\" height=\"1600\" data-id=\"5825\"  src=\"https:\/\/www.vet.una.py\/wp-content\/uploads\/2025\/07\/6-2.png\" alt=\"\" class=\"wp-image-5825\" srcset=\"https:\/\/www.vet.una.py\/wp-content\/uploads\/2025\/07\/6-2.png 1268w, https:\/\/www.vet.una.py\/wp-content\/uploads\/2025\/07\/6-2-238x300.png 238w, https:\/\/www.vet.una.py\/wp-content\/uploads\/2025\/07\/6-2-812x1024.png 812w, https:\/\/www.vet.una.py\/wp-content\/uploads\/2025\/07\/6-2-768x969.png 768w, https:\/\/www.vet.una.py\/wp-content\/uploads\/2025\/07\/6-2-1217x1536.png 1217w\" sizes=\"(max-width: 1268px) 100vw, 1268px\" \/><\/figure>\n<\/figure>\n\n\n\n<ul class=\"has-foreground-color has-text-color\"><li>Laboratorio del Departamento de Gen\u00e9tica<\/li><\/ul>\n\n\n\n<p>Dedicado principalmente a la investigaci\u00f3n en gen\u00e9tica animal, este laboratorio realiza estudios que contribuyen al avance del conocimiento en esta \u00e1rea.<\/p>\n\n\n\n<h3 class=\"wp-elements-5fc781ced329af0d0dc446a49b213e33 wp-block-heading has-work-sans-font-family has-text-color has-link-color\" style=\"color:#952f53;font-size:25px;text-transform:uppercase\">Funciones Acad\u00e9micas, de Investigaci\u00f3n y Extensi\u00f3n<\/h3>\n\n\n\n<p>Adem\u00e1s de sus funciones diagn\u00f3sticas, todos los laboratorios cumplen un rol esencial en la formaci\u00f3n acad\u00e9mica, ya que en ellos se desarrollan trabajos pr\u00e1cticos vinculados a las c\u00e1tedras correspondientes. Asimismo, se llevan a cabo investigaciones que incluyen trabajos de fin de grado, tesis de posgrado y proyectos financiados por organismos como la Universidad Nacional de Asunci\u00f3n y el Consejo Nacional de Ciencia y Tecnolog\u00eda (CONACYT).<\/p>\n\n\n\n<p>En el \u00e1mbito de la extensi\u00f3n, estos laboratorios tambi\u00e9n prestan servicios especializados a la comunidad, fortaleciendo el v\u00ednculo entre la universidad y la sociedad.<\/p>\n\n\n\n<div style=\"height:30px\" aria-hidden=\"true\" class=\"wp-block-spacer\"><\/div>\n","protected":false},"excerpt":{"rendered":"<p>LABORATORIOS DE LA FACULTAD DE CIENCIAS VETERINARIAS &#8211; UNA La Facultad de Ciencias Veterinarias de [&hellip;]<\/p>\n","protected":false},"author":1,"featured_media":2870,"parent":0,"menu_order":0,"comment_status":"closed","ping_status":"closed","template":"","meta":[],"_links":{"self":[{"href":"https:\/\/www.vet.una.py\/index.php?rest_route=\/wp\/v2\/pages\/2316"}],"collection":[{"href":"https:\/\/www.vet.una.py\/index.php?rest_route=\/wp\/v2\/pages"}],"about":[{"href":"https:\/\/www.vet.una.py\/index.php?rest_route=\/wp\/v2\/types\/page"}],"author":[{"embeddable":true,"href":"https:\/\/www.vet.una.py\/index.php?rest_route=\/wp\/v2\/users\/1"}],"replies":[{"embeddable":true,"href":"https:\/\/www.vet.una.py\/index.php?rest_route=%2Fwp%2Fv2%2Fcomments&post=2316"}],"version-history":[{"count":49,"href":"https:\/\/www.vet.una.py\/index.php?rest_route=\/wp\/v2\/pages\/2316\/revisions"}],"predecessor-version":[{"id":6533,"href":"https:\/\/www.vet.una.py\/index.php?rest_route=\/wp\/v2\/pages\/2316\/revisions\/6533"}],"wp:featuredmedia":[{"embeddable":true,"href":"https:\/\/www.vet.una.py\/index.php?rest_route=\/wp\/v2\/media\/2870"}],"wp:attachment":[{"href":"https:\/\/www.vet.una.py\/index.php?rest_route=%2Fwp%2Fv2%2Fmedia&parent=2316"}],"curies":[{"name":"wp","href":"https:\/\/api.w.org\/{rel}","templated":true}]}}