{"id":1979,"date":"2025-04-07T10:33:15","date_gmt":"2025-04-07T13:33:15","guid":{"rendered":"http:\/\/10.1.5.86\/?page_id=1979"},"modified":"2025-08-22T11:45:09","modified_gmt":"2025-08-22T14:45:09","slug":"bibliotecas-virtuales","status":"publish","type":"page","link":"https:\/\/www.vet.una.py\/?page_id=1979","title":{"rendered":"Bibliotecas Virtuales"},"content":{"rendered":"\n<figure class=\"wp-container-2 wp-block-gallery-1 wp-block-gallery has-nested-images columns-6 is-cropped\">\n<figure class=\"wp-block-image size-large\"><a href=\"https:\/\/www.vet.una.py\/?page_id=501\"><img loading=\"lazy\" width=\"776\" height=\"279\" data-id=\"1574\"  src=\"https:\/\/www.vet.una.py\/wp-content\/uploads\/2025\/03\/inicio-1.png\" alt=\"\" class=\"wp-image-1574\"\/><\/a><\/figure>\n\n\n\n<figure class=\"wp-block-image size-full\"><a href=\"https:\/\/www.cnc.una.py\/opac\/\"><img loading=\"lazy\" width=\"774\" height=\"276\" data-id=\"2026\"  src=\"https:\/\/www.vet.una.py\/wp-content\/uploads\/2025\/04\/OPAC-SGB-1.png\" alt=\"\" class=\"wp-image-2026\"\/><\/a><\/figure>\n\n\n\n<figure class=\"wp-block-image size-full\"><a href=\"https:\/\/www.vet.una.py\/?page_id=1979\"><img loading=\"lazy\" width=\"774\" height=\"277\" data-id=\"1998\"  src=\"https:\/\/www.vet.una.py\/wp-content\/uploads\/2025\/04\/bibliotecas-virtuales.png\" alt=\"\" class=\"wp-image-1998\"\/><\/a><\/figure>\n\n\n\n<figure class=\"wp-block-image size-full\"><a href=\"https:\/\/www.vet.una.py\/?page_id=1983\"><img loading=\"lazy\" width=\"774\" height=\"277\" data-id=\"1999\"  src=\"https:\/\/www.vet.una.py\/wp-content\/uploads\/2025\/04\/catalogos.png\" alt=\"\" class=\"wp-image-1999\"\/><\/a><\/figure>\n\n\n\n<figure class=\"wp-block-image size-large\"><a href=\"https:\/\/www.vet.una.py\/?page_id=1986\"><img loading=\"lazy\" width=\"774\" height=\"277\" data-id=\"2002\"  src=\"https:\/\/www.vet.una.py\/wp-content\/uploads\/2025\/04\/revistas-electronicas.png\" alt=\"\" class=\"wp-image-2002\"\/><\/a><\/figure>\n\n\n\n<figure class=\"wp-block-image size-full\"><a href=\"https:\/\/www.vet.una.py\/?page_id=1994\"><img loading=\"lazy\" width=\"773\" height=\"277\" data-id=\"2001\"  src=\"https:\/\/www.vet.una.py\/wp-content\/uploads\/2025\/04\/servicios.png\" alt=\"\" class=\"wp-image-2001\"\/><\/a><\/figure>\n<\/figure>\n\n\n\n<div class=\"wp-container-5 wp-block-columns alignwide\">\n<div class=\"wp-container-3 wp-block-column\" style=\"flex-basis:10%\">\n<h6 class=\"wp-block-heading\">Categor\u00eda<\/h6>\n\n\n\n<hr class=\"wp-block-separator has-alpha-channel-opacity is-style-wide\" style=\"margin-top:0;margin-bottom:0\"\/>\n\n\n\n<p style=\"font-size:15px;margin-top:0;margin-bottom:0\"><a href=\"https:\/\/www.vet.una.py\/?page_id=2064&amp;page=2\">Tesis de Grado<\/a><\/p>\n\n\n\n<p style=\"font-size:15px;margin-top:0;margin-bottom:0\"><a href=\"https:\/\/www.vet.una.py\/?page_id=2076\">Tesis de Posgrado<\/a><\/p>\n\n\n\n<p style=\"font-size:15px;margin-top:0;margin-bottom:0\">Libros<\/p>\n\n\n\n<p style=\"font-size:15px;margin-top:0;margin-bottom:0\">Revistas<\/p>\n\n\n\n<div style=\"height:12px\" aria-hidden=\"true\" class=\"wp-block-spacer\"><\/div>\n\n\n\n<h6 class=\"wp-block-heading\">Enlaces de inter\u00e9s<\/h6>\n\n\n\n<hr class=\"wp-block-separator has-alpha-channel-opacity is-style-wide\" style=\"margin-top:0;margin-bottom:0\"\/>\n\n\n\n<p style=\"font-size:15px;margin-top:0;margin-bottom:0\"><a href=\"https:\/\/cicco.conacyt.gov.py\/\">CICCO<\/a><\/p>\n\n\n\n<p style=\"font-size:15px;margin-top:0;margin-bottom:0\"><a href=\"https:\/\/biblioteca.una.py\/\">Libros Online<\/a><\/p>\n\n\n\n<p style=\"font-size:15px;margin-top:0;margin-bottom:0\"><a href=\"http:\/\/revaconacyt.org\/\">ReVAConacyt<\/a><\/p>\n\n\n\n<p style=\"font-size:15px;margin-top:0;margin-bottom:0\"><a href=\"https:\/\/revistascientificas.una.py\/\">Revista Cient\u00edfico-T\u00e9cnicas de la UNA<\/a><\/p>\n\n\n\n<div style=\"height:12px\" aria-hidden=\"true\" class=\"wp-block-spacer\"><\/div>\n\n\n\n<h6 class=\"wp-block-heading\">Horario de Atenci\u00f3n<\/h6>\n\n\n\n<p style=\"font-size:15px;margin-top:0;margin-bottom:0\"><strong>Lunes a Viernes<\/strong><br>7:30 a 18:00 Hrs<\/p>\n<\/div>\n\n\n\n<div class=\"wp-container-4 wp-block-column\" style=\"flex-basis:66.66%\">\n<h2 class=\"wp-elements-b6638d48e6a4df99ad12d92d77162fc2 has-link-color\" style=\"font-size:20px\"><a href=\"https:\/\/www.digitaliapublishing.com\/\">DIGITALIA HISP\u00c1NICA<\/a><\/h2>\n\n\n\n<p><strong>Digitalia Hisp\u00e1nica<\/strong>\u00a0es una base de datos multidisciplinaria de libros electr\u00f3nicos en espa\u00f1ol QUE ofrece servicios a bibliotecas, instituciones y empresas de todo el mundo.<\/p>\n\n\n\n<h2 class=\"wp-elements-fcf3b73be9e43a194b220dc30b7dab60 wp-block-heading has-work-sans-font-family has-text-color has-link-color\" style=\"color:#912f53;font-size:20px;text-transform:uppercase\"><a style=\"font-weight: bold;\" rel=\"noreferrer noopener\" href=\"https:\/\/cicco.conacyt.gov.py\/\" target=\"_blank\">CONACYT- CICCO:&nbsp; Centro de Informaci\u00f3n Cient\u00edfica del CONACYT<\/a><\/h2>\n\n\n\n<p><strong><a href=\"https:\/\/cicco.conacyt.gov.py\/\" target=\"_blank\" rel=\"noreferrer noopener\">CICCO<\/a><\/strong> ofrece acceso a informaci\u00f3n cient\u00edfica y tecnol\u00f3gica en formato electr\u00f3nico que incluye revistas y libros, en formato electr\u00f3nico, producidos por las editoriales m\u00e1s prestigiosas accesibles a trav\u00e9s de las siguientes bases de datos: Web of Science, Sage, Willey, Ebsco host, Springer, IEEE, Oxford, ScienceDirect, Knovel, Plum analytics, Scopus, CABI.&nbsp;<\/p>\n\n\n\n<hr class=\"wp-block-separator aligncenter has-alpha-channel-opacity\"\/>\n\n\n\n<h2 class=\"wp-elements-90566d0b6920c8b889a96b70e97be78d wp-block-heading has-work-sans-font-family has-text-color has-link-color\" style=\"color:#912f53;font-size:20px\"><a href=\"https:\/\/www.ebsco.com\/es\">EBSCO<\/a><\/h2>\n\n\n\n<p><strong>EBSCO <\/strong>es una Base de Datos que ofrece textos completos, \u00edndices y publicaciones peri\u00f3dicas acad\u00e9micas que cubren diferentes \u00e1reas de las ciencias y humanidades.&nbsp;<\/p>\n\n\n\n<p>Sus colecciones est\u00e1n disponibles a trav\u00e9s de EBSCOhost, que es un sistema en l\u00ednea que combina un contenido de gran calidad en una p\u00e1gina atractiva, con herramientas \u00fanicas de b\u00fasqueda y recuperaci\u00f3n de informaci\u00f3n. Los resultados de las b\u00fasquedas ofrecen enlaces a los textos completos de los art\u00edculos.<\/p>\n\n\n\n<hr class=\"wp-block-separator has-alpha-channel-opacity\"\/>\n\n\n\n<h2 class=\"wp-elements-63ef91f1b0c62fb19afd7bbd494a6b8a wp-block-heading has-work-sans-font-family has-text-color has-link-color\" style=\"color:#912f53;font-size:20px;text-transform:uppercase\"><a href=\"http:\/\/bvsalud.org\/\">Biblioteca Virtual en Salud- BVS<\/a><\/h2>\n\n\n\n<p><strong>BIBLIOTECA VIRTUAL EN SALUD &#8211; BVS<\/strong> ofrece informaci\u00f3n cient\u00edfico\u2013t\u00e9cnica en el \u00e1rea de Salud, en forma de res\u00famenes y\/o texto completo.<\/p>\n\n\n\n<hr class=\"wp-block-separator has-alpha-channel-opacity\"\/>\n\n\n\n<h2 class=\"wp-elements-281594a7a28d9c87b09c939e079e60f2 wp-block-heading has-work-sans-font-family has-text-color has-link-color\" style=\"color:#912f53;font-size:20px;text-transform:uppercase\"><a href=\"http:\/\/www.bvs.org.py\/\"><\/a><a href=\"http:\/\/bvsalud.org\/\">Biblioteca Virtual en Salud<\/a> \u2013 PARAGUAY<\/h2>\n\n\n\n<p><strong>BIBLIOTECA VIRTUAL EN SALUD \u2013 PARAGUAY<\/strong> ofrece informaci\u00f3n cient\u00edfico\u2013t\u00e9cnica en el \u00e1rea de Salud, en forma de res\u00famenes y\/o texto completo.<\/p>\n\n\n\n<hr class=\"wp-block-separator has-alpha-channel-opacity\"\/>\n\n\n\n<h2 class=\"wp-elements-2135e2b1ebf0873fb94f05b3ee92c307 wp-block-heading has-work-sans-font-family has-text-color has-link-color\" style=\"color:#912f53;font-size:20px;text-transform:uppercase\"><a href=\"http:\/\/www.scielo.org\/php\/index.php?lang=es\">Scientific Electronic Library Online<\/a> <a href=\"http:\/\/www.scielo.org\/php\/index.php?lang=es\">\u2013 SciELO<\/a><\/h2>\n\n\n\n<p><strong>SCIENTIFIC ELECTRONIC LIBRARY ONLINE \u2013 SciELO<\/strong> es un modelo para la publicaci\u00f3n electr\u00f3nica cooperativa de revistas cient\u00edficas en Internet. Especialmente desarrollado para responder a las necesidades de la comunicaci\u00f3n cient\u00edfica en los pa\u00edses en desarrollo y particularmente de Am\u00e9rica Latina y el Caribe, el modelo proporciona una soluci\u00f3n eficiente para asegurar la visibilidad y el acceso universal a su literatura cient\u00edfica, contribuyendo para la superaci\u00f3n del fen\u00f3meno conocido como &#8216;ciencia perdida&#8217;. Adem\u00e1s, el Modelo SciELO contiene procedimientos integrados para la medida del uso y del impacto de las revistas cient\u00edficas. Contiene aproximadamente 1.000 revistas, 29.000 n\u00fameros, 430.000 art\u00edculos y 9.300.00 citas en las siguientes \u00e1reas: ciencias agr\u00edcolas, ciencias biol\u00f3gicas, ciencias de la salud, ciencias exactas y de la tierra, ciencias sociales aplicadas, humanidades, ingenier\u00eda.<\/p>\n\n\n\n<hr class=\"wp-block-separator has-alpha-channel-opacity\"\/>\n\n\n\n<h2 class=\"wp-elements-419ba5a7ab025dd75f17d83050808e26 wp-block-heading has-work-sans-font-family has-text-color has-link-color\" style=\"color:#912f53;font-size:20px;text-transform:uppercase\"><a href=\"http:\/\/scielo.iics.una.py\/\">SciELO PARAGUAY<\/a><\/h2>\n\n\n\n<p><strong>SciELO PARAGUAY<\/strong> es una biblioteca virtual que permite acceder al texto completo de una colecci\u00f3n seleccionada de revistas cient\u00edficas publicadas en Paraguay.<\/p>\n\n\n\n<hr class=\"wp-block-separator has-alpha-channel-opacity\"\/>\n\n\n\n<h2 class=\"wp-elements-8b2ad0dd8098f5b9e840db93504cd075 wp-block-heading has-work-sans-font-family has-text-color has-link-color\" style=\"color:#912f53;font-size:20px;text-transform:uppercase\"><a href=\"https:\/\/medlineplus.gov\/spanish\/\" data-type=\"URL\" data-id=\"https:\/\/medlineplus.gov\/spanish\/\">MEDLINE<\/a><\/h2>\n\n\n\n<p><strong>MEDLINE <\/strong>es una base de datos de bibliogr\u00e1fica producida por la Biblioteca Nacional de Medicina de los Estados Unidos. Recoge referencias bibliogr\u00e1ficas de los art\u00edculos publicados en unas 4.800 revistas m\u00e9dicas desde 1966. Actualmente re\u00fane m\u00e1s de 15.000.000 citas y est\u00e1n en marcha un proceso para la carga paulatina de citas anteriores a 1966. Cada registro de MEDLINE es la referencia bibliogr\u00e1fica de un art\u00edculo cient\u00edfico publicado en una revista m\u00e9dica, con los datos bibliogr\u00e1ficos b\u00e1sicos de un art\u00edculo (T\u00edtulo, autores, nombre de la revista, a\u00f1o de publicaci\u00f3n).<\/p>\n\n\n\n<hr class=\"wp-block-separator has-alpha-channel-opacity\"\/>\n\n\n\n<h2 class=\"wp-elements-952e1f4a3f78d98a7ee59d83f0430cd9 wp-block-heading has-work-sans-font-family has-text-color has-link-color\" style=\"color:#912f53;font-size:20px;text-transform:uppercase\"><a href=\"http:\/\/www.bibliotecacochrane.com\/\">Biblioteca COHRANE<\/a><\/h2>\n\n\n\n<p><strong>BIBLIOTECA COCHRANE<\/strong> es una colecci\u00f3n de bases de datos sobre ensayos cl\u00ednicos controlados en medicina y otras \u00e1reas de la salud relacionadas con la informaci\u00f3n que alberga el Centro Cochrane Iberoamericano. La disponibilidad de la Biblioteca Cochrane Plus en espa\u00f1ol supone la eliminaci\u00f3n un importante obst\u00e1culo para quienes no dominan el ingl\u00e9s. Entre sus contenidos destaca la base de datos de revisiones sistem\u00e1ticas Cochrane, con textos completos traducidos al espa\u00f1ol y otras bases de datos exclusivas, con contenidos en espa\u00f1ol.<\/p>\n\n\n\n<hr class=\"wp-block-separator has-alpha-channel-opacity\"\/>\n\n\n\n<h2 class=\"wp-elements-6c103bb9c4cd69b961836f7afe066706 wp-block-heading has-work-sans-font-family has-text-color has-link-color\" style=\"color:#912f53;font-size:20px;text-transform:uppercase\"><a href=\"http:\/\/lilacs.bvsalud.org\/es\/\">Literatura Latinoamericana y del Caribe de Ciencias de la Salud &#8211; LILACS<\/a><\/h2>\n\n\n\n<p><strong>LITERATURA LATINOAMERICANA Y DEL CARIBE DE CIENCIAS DE LA SALUD &#8211; LILACS<\/strong> es el m\u00e1s importante y abarcador \u00edndice de la literatura cient\u00edfica y t\u00e9cnica en Salud de Am\u00e9rica Latina y de Caribe. Desde hace 27 a\u00f1os contribuye al aumento de la visibilidad, del acceso y de la calidad de la informaci\u00f3n en la Regi\u00f3n. Llega a m\u00e1s de 600.000 registros y contiene 516.434 art\u00edculos de cerca de 856 revistas m\u00e1s prestigiosas de la salud, de los cuales alrededor de 730 actualmente indizadas. Tambi\u00e9n contiene otros documentos como tesis, cap\u00edtulos de libros, actas de congresos y conferencias, informes t\u00e9cnicos y cient\u00edficos y publicaciones gubernamentales.<\/p>\n\n\n\n<hr class=\"wp-block-separator has-alpha-channel-opacity\"\/>\n\n\n\n<h2 class=\"wp-elements-13217cdf432b6cbbad13101b5953f251 wp-block-heading has-work-sans-font-family has-text-color has-link-color\" style=\"color:#912f53;font-size:20px;text-transform:uppercase\"><a href=\"https:\/\/dialnet.unirioja.es\/\">DIALNET<\/a><\/h2>\n\n\n\n<p><strong>DIALNET <\/strong>es un portal integrador de recursos (revistas, libros, tesis,&#8230;) y se constituye en una de las principales bases de datos de contenidos hispanos. Facilita, el acceso a numerosos contenidos a texto completo y el acceso a servicios bibliogr\u00e1ficos y documentales de valor a\u00f1adido, tales como: b\u00fasquedas avanzadas ; selecci\u00f3n art\u00edculos a partir de las b\u00fasquedas ; exportaci\u00f3n de los documentos ; interacci\u00f3n de los usuarios con su Biblioteca.<\/p>\n\n\n\n<hr class=\"wp-block-separator has-alpha-channel-opacity\"\/>\n\n\n\n<h2 class=\"wp-elements-8c3c4da5d83371a09ba489239b6c2be4 wp-block-heading has-work-sans-font-family has-text-color has-link-color\" style=\"color:#912f53;font-size:20px;text-transform:uppercase\"><a href=\"http:\/\/www.kerwa.ucr.ac.cr\/\">REPOSITORIO K\u00c9RW\u00c1<\/a><\/h2>\n\n\n\n<p><strong>REPOSITORIO K\u00c9RW\u00c1<\/strong> desde julio de 2010 almacena, difunde y preserva la producci\u00f3n cient\u00edfica y acad\u00e9mica de la Universidad de Costa Rica. Ofrece acceso abierto a libros, documentos t\u00e9cnicos y de trabajo; art\u00edculos, tesis, registros de audio y v\u00eddeo, informes de investigaci\u00f3n, entre otros, distribuidos en las siguientes colecciones : Artes y letras, Ciencias agroalimentarias, Ciencias b\u00e1sicas, Ciencias sociales, Ingenier\u00eda y Salud.<\/p>\n\n\n\n<hr class=\"wp-block-separator has-alpha-channel-opacity\"\/>\n\n\n\n<h2 class=\"wp-elements-02b2bae195e66bd63bddaeea6dae5e63 wp-block-heading has-work-sans-font-family has-text-color has-link-color\" style=\"color:#912f53;font-size:20px;text-transform:uppercase\"><a href=\"https:\/\/revistas.ucr.ac.cr\/\">Revistas Acad\u00e9micas de la Universidad de Costa Rica<\/a><\/h2>\n\n\n\n<p><strong>REVISTAS ACAD\u00c9MICAS DE LA UNIVERSIDAD DE COSTA RICA<\/strong> re\u00fane todas las revistas de esta Universidad de Costa Rica, las cuales son de acceso abierto. Usted podr\u00e1 acceder al texto completo gratuitamente. Este portal fue dise\u00f1ado por el equipo del proyecto UCRIndex con el fin de contribuir en la difusi\u00f3n de la ciencia que se publica en Costa Rica. Los t\u00edtulos de las revistas abarcan diversas \u00e1reas del conocimiento como: Educaci\u00f3n, ciencias agrarias, arquitectura, matem\u00e1tica, ingenier\u00eda, econom\u00eda, biolog\u00eda, enfermer\u00eda, etc.<\/p>\n\n\n\n<hr class=\"wp-block-separator has-alpha-channel-opacity\"\/>\n\n\n\n<h2 class=\"wp-elements-de2e608344cda5f5af05cc46cca32821 wp-block-heading has-work-sans-font-family has-text-color has-link-color\" style=\"color:#912f53;font-size:20px;text-transform:uppercase\"><a href=\"https:\/\/doaj.org\/\">Directory of Open Access Journals \u2013 DOAJ<\/a><\/h2>\n\n\n\n<p><strong>DIRECTORY OF OPEN ACCESS JOURNALS \u2013 DOAJ<\/strong> es un directorio que provee acceso a revistas cient\u00edficas y acad\u00e9micas de acceso abierto, que se someten a un espec\u00edfico y exigente sistema de calidad, sin l\u00edmites en cuanto a la lengua y\/o materia. Fue fundado por el Open Society Institute &#8211; Budapest y es actualmente el directorio m\u00e1s amplio en Internet de revistas open access. Reside en las bibliotecas de la Universidad de Lund y est\u00e1 financiado por The Scholarly Publishing and Academic Resources Coalition &#8211; SPARC. El objetivo del directorio es incrementar la visibilidad y fomentar el uso de la literatura cient\u00edfica a trav\u00e9s de las revistas de acceso abierto. Incluye aproximadamente 2.597 t\u00edtulos de revistas y 128.598 art\u00edculos.<\/p>\n\n\n\n<hr class=\"wp-block-separator has-alpha-channel-opacity\"\/>\n\n\n\n<h2 class=\"wp-elements-2b1e2d4a0bd0914c156819ddfd63e507 wp-block-heading has-work-sans-font-family has-text-color has-link-color\" style=\"color:#912f53;font-size:20px;text-transform:uppercase\"><a href=\"http:\/\/eprints.ucm.es\/\">E-Prints Complutense<\/a><\/h2>\n\n\n\n<p><strong>E-PRINTS COMPLUTENSE<\/strong> es el Archivo institucional en acceso abierto desarrollado por la Biblioteca de la Universidad Complutense de Madrid, con documentaciones de producci\u00f3n intelectual de la Universidad. Con ese archivo institucional, se propone difundir y preservar la investigaci\u00f3n, as\u00ed como mejorar su organizaci\u00f3n, acceso y distribuci\u00f3n.<\/p>\n\n\n\n<hr class=\"wp-block-separator has-alpha-channel-opacity\"\/>\n\n\n\n<h2 class=\"wp-elements-e5b1bd70308055db2c3c67bc172044e9 wp-block-heading has-work-sans-font-family has-text-color has-link-color\" style=\"color:#912f53;font-size:20px;text-transform:uppercase\"><a href=\"http:\/\/www.fao.org\/agora\/es\/\">AGORA<\/a><\/h2>\n\n\n\n<p><strong>AGORA <\/strong>ofrece informaci\u00f3n cient\u00edfico\u2013t\u00e9cnica en los campos de la alimentaci\u00f3n, agricultura, ciencia medioambiental y relativas ciencias sociales. Da acceso a 1278 publicaciones a instituciones en 107 pa\u00edses.<\/p>\n\n\n\n<hr class=\"wp-block-separator has-alpha-channel-opacity\"\/>\n\n\n\n<h2 class=\"wp-elements-3d70621358ca3e70717435d088008505 wp-block-heading has-work-sans-font-family has-text-color has-link-color\" style=\"color:#912f53;font-size:20px;text-transform:uppercase\"><a href=\"http:\/\/oare.oaresciences.org\/content\/en\/journals.php\">OARE<\/a><\/h2>\n\n\n\n<p><strong>OARE <\/strong>es una alianza p\u00fablico-privada auspiciada por el Programa de las Naciones Unidas para el Medio Ambiente (PNUMA), Yale University y destacadas editoriales cient\u00edficas y tecnol\u00f3gicas, que permite a los pa\u00edses en desarrollo acceder a una de las colecciones m\u00e1s vastas de literatura en las ciencias ambientales del mundo facilitando el acceso al texto completo de art\u00edculos, bases de datos y otros recursos cient\u00edficos.<\/p>\n\n\n\n<hr class=\"wp-block-separator has-alpha-channel-opacity\"\/>\n\n\n\n<h2 class=\"wp-elements-039d3125fbca108509dc363b91440595 wp-block-heading has-work-sans-font-family has-text-color has-link-color\" style=\"color:#912f53;font-size:20px;text-transform:uppercase\"><a href=\"https:\/\/agriperfiles.agri-d.net\/search\" data-type=\"URL\" data-id=\"https:\/\/agriperfiles.agri-d.net\/search\">SIDALC<\/a><\/h2>\n\n\n\n<p><strong>SIDALC <\/strong>es un Sistema de Informaci\u00f3n y Documentaci\u00f3n Agropecuaria de las Am\u00e9ricas. Esta constituida por la metabase de datos agr\u00edcola denominada Agri2000, bajo la responsabilidad de la Biblioteca Conmemorativa Orton (IICA\/CATIE); El sistema considera adem\u00e1s otros recursos como Cat\u00e1logos internacionales ; Librer\u00eda virtual ; Sistemas de informaci\u00f3n agropecuaria ; Servicios de informaci\u00f3n especializados que proveen informaci\u00f3n agropecuaria en los \u00e1mbitos nacional, regional y hemisf\u00e9rico.<\/p>\n\n\n\n<hr class=\"wp-block-separator has-alpha-channel-opacity\"\/>\n\n\n\n<h2 class=\"wp-elements-db51957a3ea0ae5f4845bf76781087c8 wp-block-heading has-work-sans-font-family has-text-color has-link-color\" style=\"color:#912f53;font-size:20px;text-transform:uppercase\"><a href=\"http:\/\/www.cervantesvirtual.com\/\">Biblioteca Virtual Miguel de Cervantes<\/a><\/h2>\n\n\n\n<p><strong>La Biblioteca Virtual Miguel de Cervantes<\/strong> es un fondo bibliogr\u00e1fico con obras de literatura, historia, ciencias, etc., de libre acceso. Incluye trabajos de investigaci\u00f3n, cat\u00e1logo en otras lenguas y bibliotecas del mundo. Proporciona la mayor colecci\u00f3n de fondos bibliogr\u00e1ficos hisp\u00e1nicos en Internet.<\/p>\n\n\n\n<hr class=\"wp-block-separator has-alpha-channel-opacity\"\/>\n\n\n\n<h2 class=\"wp-elements-b7137ea0646f63298fc429074dcf4a5c wp-block-heading has-work-sans-font-family has-text-color has-link-color\" style=\"color:#912f53;font-size:20px;text-transform:uppercase\"><a href=\"http:\/\/www.fudepa.org\/Biblioteca\/sobre.aspx\">Biblioteca Digital sobre Migraciones e Interculturalidad<\/a><\/h2>\n\n\n\n<p><strong>BIBLIOTECA DIGITAL SOBRE MIGRACIONES E INTERCULTU RALIDA<\/strong>D es una fuente de informaci\u00f3n que pretende reunir toda la documentaci\u00f3n que existe sobre migraciones e interculturalidad, poniendo las nuevas tecnolog\u00edas de la informaci\u00f3n y la comunicaci\u00f3n al servicio del conocimiento de esta realidad, lo que contribuir\u00e1 a conseguir la tolerancia e integraci\u00f3n social que estos colectivos requieren y a consolidar una sociedad cada d\u00eda m\u00e1s democr\u00e1tica y solidaria.<\/p>\n\n\n\n<hr class=\"wp-block-separator has-alpha-channel-opacity\"\/>\n\n\n\n<h2 class=\"wp-elements-929e928b6c9f2a887faafffd3da33d6a wp-block-heading has-work-sans-font-family has-text-color has-link-color\" style=\"color:#912f53;font-size:20px;text-transform:uppercase\"><a href=\"http:\/\/www.recercat.cat\/\">Dip\u00f3sit de la Recerca de Catalunya &#8211; RECERCAT<\/a><\/h2>\n\n\n\n<p><strong>Dip\u00f3sit de la Recerca de Catalunya &#8211; RECERCAT<\/strong> es un repositorio cooperativo en el que se puede consultar la literatura de investigaci\u00f3n de las universidades y centros de investigaci\u00f3n de Catalunya, como art\u00edculos, trabajos de investigaci\u00f3n\/fin de m\u00e1ster, trabajos\/proyectos fin de carrera, ponencias de congresos, informes, documentos de trabajo, etc. Los documentos se pueden introducir directamente en RECERCAT o bien a trav\u00e9s de los repositorios de las instituciones.<\/p>\n\n\n\n<hr class=\"wp-block-separator has-alpha-channel-opacity\"\/>\n\n\n\n<h2 class=\"wp-elements-f018eb3bcf2ba8b620e822813acf5ed4 has-text-color has-link-color\" style=\"color:#921f53;font-size:20px\"><a href=\"https:\/\/pubmed.ncbi.nlm.nih.gov\/\">PubMed | NATIONAL LIBRARY OF MEDICINE<\/a><\/h2>\n\n\n\n<p>PubMed\u00ae comprende m\u00e1s de 38 millones de citas de literatura biom\u00e9dica de MEDLINE, revistas de ciencias de la vida y libros en l\u00ednea. Las citas pueden incluir enlaces al texto completo de PubMed Central y de los sitios web de los editores.<\/p>\n\n\n\n<hr class=\"wp-block-separator has-alpha-channel-opacity\"\/>\n\n\n\n<h2 class=\"wp-elements-b286305c6b613a7b80c2e14360f99694 has-link-color\" style=\"font-size:20px\"><a href=\"https:\/\/eric.ed.gov\/\">ERIC | INSTITUTE OF EDUCATION SCIENCES<\/a><\/h2>\n\n\n\n<p>ERIC es una base de datos de investigaci\u00f3n e informaci\u00f3n educativa completa, f\u00e1cil de usar, con capacidad de b\u00fasqueda y basada en internet, que contiene tanto citas bibliogr\u00e1ficas como textos completos. Est\u00e1 patrocinada por el Instituto de Ciencias de la Educaci\u00f3n (Institute of Education Sciences), que forma parte del Departamento de Educaci\u00f3n de EE. UU.<\/p>\n\n\n\n<hr class=\"wp-block-separator has-alpha-channel-opacity\"\/>\n\n\n\n<h2 class=\"wp-elements-175bc1482d62d49062b04b81f762eecf has-link-color\" style=\"font-size:20px\"><a href=\"https:\/\/myvetlibrary.com\/\">SERVET &#8211; BIBLIOTECA DIGITAL DE VETERINARIA<\/a><\/h2>\n\n\n\n<p>SERVET, de MyVetLibrary es una biblioteca digital veterinaria donde puedes activar y acceder a publicaciones digitales. Puedes leer los libros en l\u00ednea o descargarlos en tu dispositivo m\u00f3vil<\/p>\n\n\n\n<hr class=\"wp-block-separator has-alpha-channel-opacity\"\/>\n\n\n\n<h2 class=\"wp-elements-18d48b7bef7922358cc7a72581faadb4 has-link-color\" style=\"font-size:20px\"><a href=\"https:\/\/www.bvs-vet.org.br\/es\/\">BIBLIOTECA VIRTUAL EM SA\u00daDE | MEDICINA VETERIN\u00c1RIA E ZOOTECNIA<\/a><\/h2>\n\n\n\n<p>La Biblioteca Virtual en Salud de Medicina Veterinaria y Zootecnia (BVS-Vet) es una biblioteca virtual que re\u00fane informaci\u00f3n cient\u00edfica y t\u00e9cnica en estas \u00e1reas. Ofrece acceso a un calendario de eventos, terminolog\u00edas, indicadores de revistas, y b\u00fasquedas espec\u00edficas de tesis, disertaciones y art\u00edculos indexados. Adem\u00e1s, enlaza con otras bases de datos como LILACS, MEDLINE y PubMed.<\/p>\n\n\n\n<hr class=\"wp-block-separator has-alpha-channel-opacity\"\/>\n\n\n\n<h2 class=\"wp-elements-53a74de494328417130a15e3c2156b24 has-link-color\" style=\"font-size:20px\"><a href=\"https:\/\/der.una.py\/institucional\/bibliotecas\/virtuales\">BIBLIOTECAS VIRTUALES DE LA UNIVERSIDAD NACIONAL DE ASUNCI\u00d3N (UNA)<\/a><\/h2>\n\n\n\n<p>La UNA (Universidad Nacional de Asunci\u00f3n) funciona como un portal que re\u00fane diversas bibliotecas virtuales y recursos acad\u00e9micos. Desde aqu\u00ed puedes acceder a cat\u00e1logos bibliogr\u00e1ficos, tesis de grado y posgrado, revistas cient\u00edficas, bases de datos acad\u00e9micas, y una amplia colecci\u00f3n de libros electr\u00f3nicos de m\u00faltiples editoriales y redes de investigaci\u00f3n de Am\u00e9rica Latina y el Caribe.<\/p>\n<\/div>\n<\/div>\n\n\n\n<div style=\"height:41px\" aria-hidden=\"true\" class=\"wp-block-spacer\"><\/div>\n","protected":false},"excerpt":{"rendered":"<p>Categor\u00eda Tesis de Grado Tesis de Posgrado Libros Revistas Enlaces de inter\u00e9s CICCO Libros Online [&hellip;]<\/p>\n","protected":false},"author":4,"featured_media":2024,"parent":0,"menu_order":0,"comment_status":"closed","ping_status":"closed","template":"","meta":[],"_links":{"self":[{"href":"https:\/\/www.vet.una.py\/index.php?rest_route=\/wp\/v2\/pages\/1979"}],"collection":[{"href":"https:\/\/www.vet.una.py\/index.php?rest_route=\/wp\/v2\/pages"}],"about":[{"href":"https:\/\/www.vet.una.py\/index.php?rest_route=\/wp\/v2\/types\/page"}],"author":[{"embeddable":true,"href":"https:\/\/www.vet.una.py\/index.php?rest_route=\/wp\/v2\/users\/4"}],"replies":[{"embeddable":true,"href":"https:\/\/www.vet.una.py\/index.php?rest_route=%2Fwp%2Fv2%2Fcomments&post=1979"}],"version-history":[{"count":50,"href":"https:\/\/www.vet.una.py\/index.php?rest_route=\/wp\/v2\/pages\/1979\/revisions"}],"predecessor-version":[{"id":8062,"href":"https:\/\/www.vet.una.py\/index.php?rest_route=\/wp\/v2\/pages\/1979\/revisions\/8062"}],"wp:featuredmedia":[{"embeddable":true,"href":"https:\/\/www.vet.una.py\/index.php?rest_route=\/wp\/v2\/media\/2024"}],"wp:attachment":[{"href":"https:\/\/www.vet.una.py\/index.php?rest_route=%2Fwp%2Fv2%2Fmedia&parent=1979"}],"curies":[{"name":"wp","href":"https:\/\/api.w.org\/{rel}","templated":true}]}}