{"id":1329,"date":"2025-03-13T11:32:59","date_gmt":"2025-03-13T14:32:59","guid":{"rendered":"http:\/\/10.1.5.86\/?page_id=1329"},"modified":"2026-03-05T08:47:06","modified_gmt":"2026-03-05T11:47:06","slug":"contactos","status":"publish","type":"page","link":"https:\/\/www.vet.una.py\/?page_id=1329","title":{"rendered":"Contactos"},"content":{"rendered":"\n<div style=\"height:1px\" aria-hidden=\"true\" class=\"wp-block-spacer\"><\/div>\n\n\n\n<hr class=\"wp-block-separator has-alpha-channel-opacity\"\/>\n\n\n\n<p class=\"wp-elements-998ec23d791af0bf3d6e4c9bf0643a50 has-text-align-left has-text-color has-link-color\" style=\"color:#921f53;margin-top:0;margin-bottom:0\"><strong>Secretar\u00eda de la Facultad<\/strong><\/p>\n\n\n\n<p style=\"margin-top:0;margin-bottom:0\"><strong>Secretaria de facultad:<\/strong> Prof. Dra. Patricia Raquel Valenzano Ozuna<\/p>\n\n\n\n<p style=\"margin-top:0;margin-bottom:0\"><strong>Correo electr\u00f3nico: <\/strong><a href=\"mailto:veterin@vet.una.py\">veterin@vet.una.py<\/a><\/p>\n\n\n\n<p class=\"wp-elements-6daefa902bb79c161ec57918cdd331bb has-text-color has-link-color\" style=\"color:#921f53\"><strong>Direcci\u00f3n de Talento Humano<\/strong><\/p>\n\n\n\n<p style=\"margin-top:0;margin-bottom:0\"><strong>Directora:<\/strong> Prof. Dra. Mirtha Concepci\u00f3n Valenzuela<\/p>\n\n\n\n<p style=\"margin-top:0;margin-bottom:0\"><strong>Correo electr\u00f3nico:<\/strong> <a href=\"mailto:rrhh@vet.una.py\">rrhh@vet.una.py<\/a><\/p>\n\n\n\n<p class=\"wp-elements-ad9365a79b08472a7568c3a005249537 has-text-color has-link-color\" style=\"color:#921f53\"><strong>Direcci\u00f3n Acad\u00e9mica<\/strong><\/p>\n\n\n\n<p style=\"margin-top:0;margin-bottom:0\"><strong>Directora:<\/strong> Prof. Dra. Mar\u00eda Celina \u00c1lvarez<\/p>\n\n\n\n<p style=\"margin-top:0;margin-bottom:0\"><strong>Correo electr\u00f3nico: <\/strong><a href=\"mailto:academic@vet.una.py\">academic@vet.una.py<\/a><\/p>\n\n\n\n<p style=\"margin-top:0;margin-bottom:0\"><strong>Tel\u00e9fono:<\/strong> 0962 330 946<\/p>\n\n\n\n<p class=\"wp-elements-2521f46afadcf09b55c43825f9f16f82 has-text-color has-link-color\" style=\"color:#921f53\"><strong>Direcci\u00f3n de Postgrado<\/strong><\/p>\n\n\n\n<p style=\"margin-top:0;margin-bottom:0\"><strong>Director: <\/strong>Prof. Dr. Roger Gonz\u00e1lez Vatteone<\/p>\n\n\n\n<p style=\"margin-top:0;margin-bottom:0\"><strong>Correo electr\u00f3nico:<\/strong> <a href=\"mailto:postgrado@vet.una.py\">postgrado@vet.una.py<\/a><\/p>\n\n\n\n<p class=\"wp-elements-fecc1ab3ac9ea855bdd138e0eccc87fd has-text-color has-link-color\" style=\"color:#921f53\"><strong>Departamento de Cl\u00ednicas Veterinarias \u2013 Hospital veterinario<\/strong><\/p>\n\n\n\n<p style=\"margin-top:0;margin-bottom:0\"><strong>Jefa de Departamento:<\/strong> Prof. Dra. Claudia Mart\u00ednez<\/p>\n\n\n\n<p style=\"margin-top:0;margin-bottom:0\"><strong>Correo electr\u00f3nico:<\/strong>&nbsp;<a href=\"mailto:hospital@vet.una.py\">hospital@vet.una.py<\/a><\/p>\n\n\n\n<p style=\"margin-top:0;margin-bottom:0\"><strong>Tel\u00e9fono: <\/strong>0981 526 326<\/p>\n\n\n\n<p class=\"wp-elements-3c603cc50b9407c468dcc8206114313f has-text-color has-link-color\" style=\"color:#921f53\"><strong>Biblioteca y Centro de Documentaci\u00f3n e Informaci\u00f3n<\/strong><\/p>\n\n\n\n<p style=\"margin-top:0;margin-bottom:0\"><strong>Jefa de Biblioteca: <\/strong>Lic. Laura Amarilla.<\/p>\n\n\n\n<p style=\"margin-top:0;margin-bottom:0\"><strong>Correo electr\u00f3nico:<\/strong> <a href=\"mailto:biblio@vet.una.py\">biblio@vet.una.py<\/a><\/p>\n\n\n\n<p class=\"wp-elements-d72403b3f4c56419ac70734477257fa1 has-text-color has-link-color\" style=\"color:#921f53\"><strong>Direcci\u00f3n de Extensi\u00f3n Universitaria<\/strong><\/p>\n\n\n\n<p style=\"margin-top:0;margin-bottom:0\"><strong>Directora:<\/strong> Dra. Mar\u00eda Liz Faccioli.<\/p>\n\n\n\n<p style=\"margin-top:0;margin-bottom:0\"><strong>Correo electr\u00f3nico:<\/strong> <a href=\"mailto:extension@vet.una.py\">extension@vet.una.py<\/a><\/p>\n\n\n\n<p class=\"wp-elements-6a657c5ea6aa93b3ce6302c27f21abfb has-text-color has-link-color\" style=\"color:#921f53\"><strong>Departamento de Bromatolog\u00eda, Nutrici\u00f3n y Alimentaci\u00f3n Animal<\/strong><\/p>\n\n\n\n<p style=\"margin-top:0;margin-bottom:0\"><strong>Jefa de Departamento:<\/strong> Dra. Celia Legal de Gonz\u00e1lez, MSc.<\/p>\n\n\n\n<p style=\"margin-top:0;margin-bottom:0\"><strong>Correo electr\u00f3nico:<\/strong> <a href=\"mailto:nutricionanimal@vet.una.py\">nutricionanimal@vet.una.py<\/a> \/ <a href=\"mailto:clegal@vet.una.py\">clegal@vet.una.py<\/a><\/p>\n\n\n\n<p class=\"wp-elements-065440fa9dbb61f556bb00b1d482c59e has-text-color has-link-color\" style=\"color:#921f53\"><strong>Departamento de Ciencias Fisiol\u00f3gicas<\/strong><\/p>\n\n\n\n<p style=\"margin-top:0;margin-bottom:0\"><strong>Jefe de Departamento:<\/strong> Prof. Dr. Oscar Ortega P\u00e9rez<\/p>\n\n\n\n<p style=\"margin-top:0;margin-bottom:0\"><strong>Correo electr\u00f3nico:<\/strong> <a href=\"mailto:sl_cienciasfisiologicas@vet.una.py\">sl_cienciasfisiologicas@vet.una.py<\/a><\/p>\n\n\n\n<p class=\"wp-elements-20e0a09382f04987ef2b8981b1329452 has-text-color has-link-color\" style=\"color:#921f53\"><strong>Departamento de Ciencias Morfol\u00f3gicas<\/strong><\/p>\n\n\n\n<p style=\"margin-top:0;margin-bottom:0\"><strong>Jefe del Departamento:<\/strong> Dr. Natalio Andr\u00e9s Mesa Oliveira<\/p>\n\n\n\n<p style=\"margin-top:0;margin-bottom:0\"><strong>Correo electr\u00f3nico:<\/strong> <a href=\"mailto:sl_cienciasmorfologicas@vet.una.py\">sl_cienciasmorfologicas@vet.una.py<\/a><\/p>\n\n\n\n<p class=\"wp-elements-ee4cb52751101a354ba4c6fe5f9b00fc has-text-color has-link-color\" style=\"color:#921f53\"><strong>Departamento de Ciencias Patol\u00f3gicas<\/strong><\/p>\n\n\n\n<p style=\"margin-top:0;margin-bottom:0\"><strong>Jefa de Departamento:<\/strong> Prof. Dra. Leila Gertrudis Maidana Moreno<\/p>\n\n\n\n<p style=\"margin-top:0;margin-bottom:0\"><strong>Correo electr\u00f3nico:<\/strong> <a href=\"mailto:patologia@vet.una.py\">patologia@vet.una.py<\/a><\/p>\n\n\n\n<p class=\"wp-elements-613e00e4f8b4d83517d66113a7bef07f has-text-color has-link-color\" style=\"color:#921f53\"><strong>Departamento de Parasitolog\u00eda<\/strong><\/p>\n\n\n\n<p style=\"margin-top:0;margin-bottom:0\"><strong>Jefe de Departamento: <\/strong>Dra. Cinthia Baruja Duarte<\/p>\n\n\n\n<p style=\"margin-top:0;margin-bottom:0\"><strong>Correo electr\u00f3nico:<\/strong> <a href=\"mailto:sl_parasitologia@vet.una.py\">sl_parasitologia@vet.una.py<\/a><\/p>\n\n\n\n<p class=\"wp-elements-520b23cd0c0801ede9c0373ed23f1dd1 has-text-color has-link-color\" style=\"color:#921f53\"><strong>Departamento de Gen\u00e9tica y Zootecnia<\/strong><\/p>\n\n\n\n<p style=\"margin-top:0;margin-bottom:0\"><strong>Jefa de Departamento: <\/strong>Dra. Liz Aurora Castro Rojas, M.Sc.<\/p>\n\n\n\n<p style=\"margin-top:0;margin-bottom:0\"><strong>Correo electr\u00f3nico: <\/strong><a href=\"mailto:genetica@vet.una.py\">genetica@vet.una.py<\/a><\/p>\n\n\n\n<p class=\"wp-elements-ec2f7b6debcc988a71751e3731941bd9 has-text-color has-link-color\" style=\"color:#921f53\"><strong>Departamento de Industrias Pecuarias<\/strong><\/p>\n\n\n\n<p style=\"margin-top:0;margin-bottom:0\"><strong>Jefe de Departamento:<\/strong> Dr. Rafael D\u00edaz<\/p>\n\n\n\n<p style=\"margin-top:0;margin-bottom:0\"><strong>Correo electr\u00f3nico:<\/strong> <a href=\"mailto:pecuarias@vet.una.py\">pecuarias@vet.una.py<\/a><\/p>\n\n\n\n<p class=\"wp-elements-3cb6a17668296976e2fad6591c717179 has-text-color has-link-color\" style=\"color:#921f53\"><strong>Departamento de Microbiolog\u00eda e inmunolog\u00eda<\/strong><\/p>\n\n\n\n<p style=\"margin-top:0;margin-bottom:0\"><strong>Jefa de Departamento:<\/strong> Prof. Dra. Luz Carolina Cardozo Bogado<\/p>\n\n\n\n<p style=\"margin-top:0;margin-bottom:0\"><strong>Correo electr\u00f3nico:<\/strong> <a href=\"mailto:microbiologia@vet.una.py\">microbiologia@vet.una.py<\/a> \/ <a href=\"mailto:lcardozo@vet.una.py\">lcardozo@vet.una.py<\/a><\/p>\n\n\n\n<p class=\"wp-elements-b3baf0fad88f9d0c37980cef3714aa8a has-text-color has-link-color\" style=\"color:#921f53\"><strong>Departamento de Pesca y Acuicultura<\/strong><\/p>\n\n\n\n<p style=\"margin-top:0;margin-bottom:0\"><strong>Jefe de Departamento: <\/strong>Dr. Rodrigo Celedonio Romero Rol\u00f3n, Msc<\/p>\n\n\n\n<p style=\"margin-top:0;margin-bottom:0\"><strong>Correo electr\u00f3nico:<\/strong> <a href=\"mailto:pesca_acuicultura@vet.una.py\">pesca_acuicultura@vet.una.py<\/a><\/p>\n\n\n\n<p class=\"wp-elements-4436c3a32127da7ced1ae58c236d0863 has-text-color has-link-color\" style=\"color:#921f53\"><strong>Departamento de Recursos Faun\u00edsticos y Medio Natural<\/strong><\/p>\n\n\n\n<p style=\"margin-top:0;margin-bottom:0\"><strong>Jefa de Departamento: <\/strong>Prof. Dra. Adelaida Quintana Ru\u00edz D\u00edaz<\/p>\n\n\n\n<p style=\"margin-top:0;margin-bottom:0\"><strong>Correo electr\u00f3nico:<\/strong> <a href=\"mailto:fauna@vet.una.py\">fauna@vet.una.py<\/a><\/p>\n\n\n\n<p class=\"wp-elements-0de1911483a4fa6b5300870fb418d019 has-text-color has-link-color\" style=\"color:#921f53\"><strong>Departamento de Reproducci\u00f3n Animal<\/strong><\/p>\n\n\n\n<p style=\"margin-top:0;margin-bottom:0\"><strong>Jefe de Departamento: <\/strong>Prof. Dr. Julio C\u00e9sar Ovelar Rebollo<\/p>\n\n\n\n<p style=\"margin-top:0;margin-bottom:0\"><strong>Correo electr\u00f3nico: <\/strong><a href=\"mailto:reproduccion@vet.una.py\">reproduccion@vet.una.py<\/a><\/p>\n\n\n\n<p style=\"margin-top:0;margin-bottom:0\">Tel\u00e9fono: 021 591 361<\/p>\n\n\n\n<p class=\"wp-elements-84e36f4019e2c4fbb7eb54aef2f69fa9 has-text-color has-link-color\" style=\"color:#921f53\"><strong>Departamento de Salud P\u00fablica<\/strong><\/p>\n\n\n\n<p style=\"margin-top:0;margin-bottom:0\"><strong>Jefa de Departamento:<\/strong> Dra. Sara Maribel Ram\u00edrez de Acu\u00f1a<\/p>\n\n\n\n<p style=\"margin-top:0;margin-bottom:0\"><strong>Correo electr\u00f3nico:<\/strong> <a href=\"mailto:saludpublica@vet.una.py\">sl_saludpublica@vet.una.py<\/a><\/p>\n\n\n\n<p class=\"wp-elements-a2b40fd377176efaba8cd8a62c058880 has-text-color has-link-color\" style=\"color:#921f53\"><strong>Departamento de Producci\u00f3n de Alimentos Balanceados<\/strong><\/p>\n\n\n\n<p style=\"margin-top:0;margin-bottom:0\"><strong>Jefe de Departamento:<\/strong> Prof. Dr. Juan Carlos D\u00e1valos<\/p>\n\n\n\n<p style=\"margin-top:0;margin-bottom:0\"><strong>Correo electr\u00f3nico:<\/strong> <a href=\"mailto:fabricadealimentos@vet.una.py\">fabricadealimentos@vet.una.py<\/a><\/p>\n\n\n\n<p style=\"margin-top:0;margin-bottom:0\"><strong>Tel\u00e9fono:<\/strong> 021 570 163<\/p>\n\n\n\n<p class=\"wp-elements-37dce6f967c213f0c0548f85d59a840e has-text-color has-link-color\" style=\"color:#921f53\"><strong>Departamento de Producci\u00f3n Animal<\/strong><\/p>\n\n\n\n<p style=\"margin-top:0;margin-bottom:0\"><strong>Jefe de Departamento: <\/strong>Dr. Jos\u00e9 Mariano Riveros C\u00e1ceres<\/p>\n\n\n\n<p style=\"margin-top:0;margin-bottom:0\"><strong>Correo Electr\u00f3nico:<\/strong> <a href=\"mailto:jriveros@vet.una.py\">jriveros@vet.una.py<\/a><\/p>\n\n\n\n<p class=\"wp-elements-04bc857ce4b964c1c602b56fc398e214 has-text-color has-link-color\" style=\"color:#921f53\"><strong>Divisi\u00f3n Ganado Bovino de Leche<\/strong><\/p>\n\n\n\n<p style=\"margin-top:0;margin-bottom:0\"><strong>Jefe de Divisi\u00f3n: <\/strong>Dr. Jos\u00e9 Mariano Riveros C\u00e1ceres<\/p>\n\n\n\n<p style=\"margin-top:0;margin-bottom:0\"><strong>Correo Electr\u00f3nico:<\/strong> <a href=\"mailto:jriveros@vet.una.py\">jriveros@vet.una.py<\/a><\/p>\n\n\n\n<p class=\"wp-elements-4b647d0ebbe30dc7d4a6f3789c587c9b has-text-color has-link-color\" style=\"color:#921f53\"><strong>Divisi\u00f3n Ganado Equino<\/strong><\/p>\n\n\n\n<p style=\"margin-top:0;margin-bottom:0\"><strong>Jefa de Divisi\u00f3n: <\/strong>Prof. Dra. Katia Miranda<\/p>\n\n\n\n<p style=\"margin-top:0;margin-bottom:0\"><strong>Correo Electr\u00f3nico: <\/strong><a href=\"mailto:ganadoequino@vet.una.py\">ganadoequino@vet.una.py<\/a><\/p>\n\n\n\n<p style=\"margin-top:0;margin-bottom:0\"><strong>Tel\u00e9fono:<\/strong> 0981 386946<\/p>\n\n\n\n<p class=\"wp-elements-92a8d70b5d7e42209b07c9da1fc2911f has-text-color has-link-color\" style=\"color:#921f53\"><strong>Divisi\u00f3n Ganado Caprino y Ovino<\/strong><\/p>\n\n\n\n<p style=\"margin-top:0;margin-bottom:0\"><strong>Jefe de Divisi\u00f3n:<\/strong> Dr. C\u00e9sar Morales<\/p>\n\n\n\n<p style=\"margin-top:0;margin-bottom:0\"><strong>Correo Electr\u00f3nico: <\/strong><a href=\"mailto:ovicap@vet.una.py\">ovicap@vet.una.py<\/a> &#8211; <a href=\"mailto:cmorales@vet.una.py\">cmorales@vet.una.py<\/a><\/p>\n\n\n\n<p style=\"margin-top:0;margin-bottom:0\"><strong>Tel\u00e9fono:<\/strong> 0981 119456<\/p>\n\n\n\n<p class=\"wp-elements-5c17ec7a0a571c0950f23b306cde3dbf has-text-color has-link-color\" style=\"color:#921f53\"><strong>Divisi\u00f3n Ganado Porcino<\/strong><\/p>\n\n\n\n<p style=\"margin-top:0;margin-bottom:0\"><strong>Jefe de Divisi\u00f3n: <\/strong>Prof. Dr. Javier C. Kanazawa<\/p>\n\n\n\n<p style=\"margin-top:0;margin-bottom:0\"><strong>Correo Electr\u00f3nico: <\/strong><a href=\"mailto:dgporcino@vet.una.py\">dgporcino@vet.una.py<\/a><\/p>\n\n\n\n<p class=\"wp-elements-9b812db65e6455a65227e2835c92505d has-text-color has-link-color\" style=\"color:#921f53\"><strong>Divisi\u00f3n Avicultura<\/strong><\/p>\n\n\n\n<p style=\"margin-top:0;margin-bottom:0\"><strong>Jefe de Divisi\u00f3n:<\/strong> Dr. Walter Mereles<\/p>\n\n\n\n<p style=\"margin-top:0;margin-bottom:0\"><strong>Correo Electr\u00f3nico:<\/strong> <a href=\"mailto:Avicultura@vet.una.py\">Avicultura@vet.una.py<\/a><\/p>\n\n\n\n<p style=\"margin-top:0;margin-bottom:0\"><strong>Tel\u00e9fono:<\/strong> 0991 282746<\/p>\n\n\n\n<p class=\"wp-elements-4bc933caac5af0b7c9749c9063e1ac59 has-text-color has-link-color\" style=\"color:#921f53\"><strong>Divisi\u00f3n Cunicultura<\/strong><\/p>\n\n\n\n<p style=\"margin-top:0;margin-bottom:0\"><strong>Jefe de Divisi\u00f3n: <\/strong>Dr. Oscar G\u00f3mez<\/p>\n\n\n\n<p style=\"margin-top:0;margin-bottom:0\"><strong>Correo Electr\u00f3nico: <\/strong><a href=\"mailto:ogomez@vet.una.py\">ogomez@vet.una.py<\/a><\/p>\n\n\n\n<p style=\"margin-top:0;margin-bottom:0\"><strong>Tel\u00e9fono:<\/strong> 0981 948638<\/p>\n\n\n\n<p class=\"wp-elements-8abbc643603231dfb4e2d6e6af930ec9 has-text-color has-link-color\" style=\"color:#921f53\"><strong>Divisi\u00f3n Apicultura<\/strong><\/p>\n\n\n\n<p style=\"margin-top:0;margin-bottom:0\"><strong>Jefe de Divisi\u00f3n: <\/strong>Dr. Carlos G\u00f3mez<\/p>\n\n\n\n<p style=\"margin-top:0;margin-bottom:0\"><strong>Correo Electr\u00f3nico:<\/strong> <a href=\"mailto:apicultura@vet.una.py\">apicultura@vet.una.py<\/a> \/ <a href=\"mailto:cgomez@vet.una.py\">cgomez@vet.una.py<\/a><\/p>\n\n\n\n<h3 class=\"wp-elements-e75a1462559a73230a06be1116be222d has-text-align-left wp-block-heading has-work-sans-font-family has-text-color has-link-color\" style=\"color:#921f53;font-size:25px\">FILIALES DEL INTERIOR<\/h3>\n\n\n\n<p class=\"wp-elements-fd20c0636d8a02461886b5265b405eee has-text-color has-link-color\" style=\"color:#921f53\"><strong>CAAZAP\u00c1<\/strong><\/p>\n\n\n\n<p style=\"margin-top:0;margin-bottom:0\"><strong>Correo electr\u00f3nico:<\/strong>&nbsp;caazapa@vet.una.py<br><strong>Tel\u00e9fonos de contacto:<\/strong>&nbsp;(0981) 237 175 \u2013 (0981) 945 722<\/p>\n\n\n\n<p class=\"wp-elements-53fe898a5043aab06773fec1bae22511 has-text-color has-link-color\" style=\"color:#921f53\"><strong>CONCEPCI\u00d3N<\/strong><\/p>\n\n\n\n<p style=\"margin-top:0;margin-bottom:0\"><strong>Correo electr\u00f3nico:<\/strong> concepcion@vet.una.py <br><strong>Tel\u00e9fono:&nbsp;<\/strong>0971 807545 (Prof. Dr. Nelson Edgar Robledo Lugo)<\/p>\n\n\n\n<p class=\"wp-elements-92703ab67d20a932a1f5038205d9bad5 has-text-color has-link-color\" style=\"color:#921f53\"><strong>SAN JUAN BAUTISTA MISIONES<\/strong><\/p>\n\n\n\n<p style=\"margin-top:0;margin-bottom:0\"><strong>Correo electr\u00f3nico:<\/strong> misiones@vet.una.py<\/p>\n\n\n\n<p class=\"wp-elements-a7155be54121f657aeaa062222603cd0 has-text-color has-link-color\" style=\"color:#921f53\"><strong>SAN ESTANISLAO<\/strong><\/p>\n\n\n\n<p style=\"margin-top:0;margin-bottom:0\"><strong>Correo electr\u00f3nico<\/strong>: santanifcv@vet.una.py<br><strong>Tel\u00e9fono<\/strong>: (0343) 421804<br><strong>Celular<\/strong>: 0983 628398 (Prof. Dr. Armando Rojas Santacruz)<\/p>\n\n\n\n<p><\/p>\n\n\n\n<div style=\"height:30px\" aria-hidden=\"true\" class=\"wp-block-spacer\"><\/div>\n","protected":false},"excerpt":{"rendered":"<p>Secretar\u00eda de la Facultad Secretaria de facultad: Prof. Dra. Patricia Raquel Valenzano Ozuna Correo electr\u00f3nico: [&hellip;]<\/p>\n","protected":false},"author":4,"featured_media":1937,"parent":0,"menu_order":0,"comment_status":"closed","ping_status":"closed","template":"","meta":[],"_links":{"self":[{"href":"https:\/\/www.vet.una.py\/index.php?rest_route=\/wp\/v2\/pages\/1329"}],"collection":[{"href":"https:\/\/www.vet.una.py\/index.php?rest_route=\/wp\/v2\/pages"}],"about":[{"href":"https:\/\/www.vet.una.py\/index.php?rest_route=\/wp\/v2\/types\/page"}],"author":[{"embeddable":true,"href":"https:\/\/www.vet.una.py\/index.php?rest_route=\/wp\/v2\/users\/4"}],"replies":[{"embeddable":true,"href":"https:\/\/www.vet.una.py\/index.php?rest_route=%2Fwp%2Fv2%2Fcomments&post=1329"}],"version-history":[{"count":33,"href":"https:\/\/www.vet.una.py\/index.php?rest_route=\/wp\/v2\/pages\/1329\/revisions"}],"predecessor-version":[{"id":9950,"href":"https:\/\/www.vet.una.py\/index.php?rest_route=\/wp\/v2\/pages\/1329\/revisions\/9950"}],"wp:featuredmedia":[{"embeddable":true,"href":"https:\/\/www.vet.una.py\/index.php?rest_route=\/wp\/v2\/media\/1937"}],"wp:attachment":[{"href":"https:\/\/www.vet.una.py\/index.php?rest_route=%2Fwp%2Fv2%2Fmedia&parent=1329"}],"curies":[{"name":"wp","href":"https:\/\/api.w.org\/{rel}","templated":true}]}}