{"id":1311,"date":"2025-03-13T11:06:29","date_gmt":"2025-03-13T14:06:29","guid":{"rendered":"http:\/\/10.1.5.86\/?page_id=1311"},"modified":"2025-07-21T09:11:37","modified_gmt":"2025-07-21T12:11:37","slug":"postgrado","status":"publish","type":"page","link":"https:\/\/www.vet.una.py\/?page_id=1311","title":{"rendered":"Postgrado"},"content":{"rendered":"\n<div style=\"height:1px\" aria-hidden=\"true\" class=\"wp-block-spacer\"><\/div>\n\n\n\n<div style=\"height:1px\" aria-hidden=\"true\" class=\"wp-block-spacer\"><\/div>\n\n\n\n<h2 class=\"wp-elements-d43392c576a8626fc6dbd0dd5efa8f95 has-text-align-left wp-block-heading has-work-sans-font-family has-text-color has-link-color\" style=\"color:#921f53;font-size:25px;line-height:0\">MISI\u00d3N Y VISI\u00d3N<\/h2>\n\n\n\n<p>La Direcci\u00f3n de Postgrado de la Facultad de Ciencias Veterinarias de la Universidad Nacional de Asunci\u00f3n, tiene como Misi\u00f3n buscar la excelencia en la formaci\u00f3n acad\u00e9mica permanente de sus profesionales, orientando dicha formaci\u00f3n en la investigaci\u00f3n continua, la interacci\u00f3n y el uso de las tecnolog\u00edas para el desarrollo econ\u00f3mico, pol\u00edtico y social a nivel nacional. Es una estructura que gerencia todas las actividades de Postgrado llevadas a cabo en beneficio de sus egresados.<\/p>\n\n\n\n<p>Su visi\u00f3n ser una Direcci\u00f3n de alta calidad acad\u00e9mica en las Ciencias Veterinarias en el Paraguay, con compromiso social, promoviendo el conocimiento en diversas ramas de las ciencias veterinaria.<\/p>\n\n\n\n<p><\/p>\n\n\n\n<h3 class=\"wp-elements-5ef7aa013bd7436cb2e8e5de75fdbfc3 wp-block-heading has-work-sans-font-family has-text-color has-link-color\" style=\"color:#921f53;font-size:25px;line-height:0\">OBJETIVOS DE LA DIRECCI\u00d3N<\/h3>\n\n\n\n<ul style=\"font-style:normal;font-weight:200\"><li>Proporcionar una formaci\u00f3n acad\u00e9mica superior en las \u00e1reas de competencia de las Ciencias Veterinarias.<\/li><li>Promover y generar actividades en las distintas \u00e1reas de las Ciencias Veterinarias para el desarrollo de las ciencias, tecnolog\u00eda e innovaci\u00f3n.<\/li><li>Formar profesionales en las Ciencias Veterinarias y \u00e1reas afines competentes para llevar a cabo adelante programas de desarrollo de la salud p\u00fablica veterinaria, protegiendo el bienestar animal, la producci\u00f3n animal, la industrializaci\u00f3n de productos derivados de la explotaci\u00f3n animal.<\/li><\/ul>\n\n\n\n<div style=\"height:12px\" aria-hidden=\"true\" class=\"wp-block-spacer\"><\/div>\n\n\n\n<h3 class=\"wp-elements-1f64b6c45bffe54a8805bd910b698169 wp-block-heading has-work-sans-font-family has-text-color has-link-color\" style=\"color:#921f53;font-size:20px;line-height:0\">INTEGRANTES<\/h3>\n\n\n\n<h4 class=\"wp-elements-4b4fd7abefde4c406b02de3deec52bb4 wp-block-heading has-work-sans-font-family has-foreground-color has-text-color has-link-color\" style=\"font-size:20px;line-height:0\">Director<\/h4>\n\n\n\n<ul class=\"wp-block-list\" style=\"font-style:normal;font-weight:200;line-height:0\"><li>Prof. Dr. Roger Gonz\u00e1lez Vatteone, M Sc.<\/li><\/ul>\n\n\n\n<div style=\"height:1px\" aria-hidden=\"true\" class=\"wp-block-spacer\"><\/div>\n\n\n\n<h4 class=\"wp-elements-97725e47b1b3f7b4dc01f5b9a70e4dfb wp-block-heading has-work-sans-font-family has-foreground-color has-text-color has-link-color\" style=\"font-size:20px;line-height:0\">Secretar\u00eda de Direcci\u00f3n<\/h4>\n\n\n\n<ul class=\"wp-block-list\" style=\"font-style:normal;font-weight:200;line-height:1.5\"><li>Dra. Esp. Mar\u00eda Jos\u00e9 Caballero Rol\u00f3n<\/li><li>Lic. Esp. Ynes Josefina Baz\u00e1n Molinas<\/li><\/ul>\n\n\n\n<div style=\"height:1px\" aria-hidden=\"true\" class=\"wp-block-spacer\"><\/div>\n\n\n\n<h4 class=\"wp-elements-23e096012d71cdc248aac5e25ad8fb98 wp-block-heading has-work-sans-font-family has-foreground-color has-text-color has-link-color\" style=\"font-size:20px;line-height:0\">Servicios Generales<\/h4>\n\n\n\n<ul style=\"font-style:normal;font-weight:200\"><li>Sra. Elizabeth Aguilera Barrios<\/li><li>Lic. Jenny Zunilda Cristaldo<\/li><li>Sra. Gloria Gavil\u00e1n.<\/li><\/ul>\n\n\n\n<div style=\"height:1px\" aria-hidden=\"true\" class=\"wp-block-spacer\"><\/div>\n\n\n\n<h4 class=\"wp-elements-609fd719ef86479ae8deb775948975a9 wp-block-heading has-work-sans-font-family has-foreground-color has-text-color has-link-color\" style=\"font-size:20px;line-height:0\">Departamento de Programas de Postgrado<\/h4>\n\n\n\n<ul style=\"font-style:normal;font-weight:200\"><li>Prof. Dra. Marta Beatriz Lara N\u00fa\u00f1ez, M Sc<\/li><\/ul>\n\n\n\n<div style=\"height:1px\" aria-hidden=\"true\" class=\"wp-block-spacer\"><\/div>\n\n\n\n<h4 class=\"wp-elements-b866bdaea4774d6ffbb53064ad444752 wp-block-heading has-work-sans-font-family has-foreground-color has-text-color has-link-color\" style=\"font-size:20px;line-height:0\">Coordinaci\u00f3n de Tesis de Postgrado<\/h4>\n\n\n\n<ul style=\"font-style:normal;font-weight:200\"><li>Prof. Dra. Edith Liliana Maldonado Ahner, M Sc<\/li><\/ul>\n\n\n\n<div style=\"height:1px\" aria-hidden=\"true\" class=\"wp-block-spacer\"><\/div>\n\n\n\n<h3 class=\"wp-elements-a43bc01cb440b21a6a1ca3944eae4bd7 wp-block-heading has-work-sans-font-family has-foreground-color has-text-color has-link-color\" style=\"font-size:20px\">Departamento de Registros Acad\u00e9micos de Postgrado<\/h3>\n\n\n\n<h4>Documentaci\u00f3n y archivos.<\/h4>\n\n\n\n<ul style=\"font-style:normal;font-weight:200;line-height:0\"><li>Sra. Olga M\u00e9ndez<\/li><\/ul>\n\n\n\n<div style=\"height:1px\" aria-hidden=\"true\" class=\"wp-block-spacer\"><\/div>\n\n\n\n<h4>Registros Acad\u00e9micos.<\/h4>\n\n\n\n<ul style=\"font-style:normal;font-weight:200;line-height:0\"><li>Dra. Esp. Mar\u00eda Jos\u00e9 Caballero Rol\u00f3n<\/li><\/ul>\n\n\n\n<div style=\"height:1px\" aria-hidden=\"true\" class=\"wp-block-spacer\"><\/div>\n\n\n\n<p class=\"has-foreground-color has-text-color\"><strong>Comisi\u00f3n de Tesis de Postgrado: <\/strong>Dicha comisi\u00f3n est\u00e1 conformada por diferentes Docentes de la Carrera, con Titulo equivalente de Postgrado, encargados de evaluar temas concernientes a los Programas de Postgrado (PPG).<\/p>\n\n\n\n<h2 class=\"wp-elements-a25912b868adb7d8e04a8368fd873699 wp-block-heading has-work-sans-font-family has-text-color has-link-color\" style=\"color:#921f53;font-size:25px\">CONTACTO<\/h2>\n\n\n\n<p style=\"font-size:15px\"><strong>Correo electr\u00f3nico:<\/strong> postgrado@vet.una.py<\/p>\n\n\n\n<figure class=\"wp-block-image aligncenter size-full is-resized\"><a href=\"https:\/\/www.vet.una.py\/?page_id=2515\"><img loading=\"lazy\" width=\"1030\" height=\"274\" src=\"https:\/\/www.vet.una.py\/wp-content\/uploads\/2025\/04\/Agregar-un-titulo-1350-x-1080-px-4.png\" alt=\"\" class=\"wp-image-2502\" style=\"width:391px;height:auto\"><\/a><\/figure>\n\n\n\n<p><\/p>\n","protected":false},"excerpt":{"rendered":"<p>MISI\u00d3N Y VISI\u00d3N La Direcci\u00f3n de Postgrado de la Facultad de Ciencias Veterinarias de la [&hellip;]<\/p>\n","protected":false},"author":4,"featured_media":1398,"parent":0,"menu_order":0,"comment_status":"closed","ping_status":"closed","template":"","meta":[],"_links":{"self":[{"href":"https:\/\/www.vet.una.py\/index.php?rest_route=\/wp\/v2\/pages\/1311"}],"collection":[{"href":"https:\/\/www.vet.una.py\/index.php?rest_route=\/wp\/v2\/pages"}],"about":[{"href":"https:\/\/www.vet.una.py\/index.php?rest_route=\/wp\/v2\/types\/page"}],"author":[{"embeddable":true,"href":"https:\/\/www.vet.una.py\/index.php?rest_route=\/wp\/v2\/users\/4"}],"replies":[{"embeddable":true,"href":"https:\/\/www.vet.una.py\/index.php?rest_route=%2Fwp%2Fv2%2Fcomments&post=1311"}],"version-history":[{"count":42,"href":"https:\/\/www.vet.una.py\/index.php?rest_route=\/wp\/v2\/pages\/1311\/revisions"}],"predecessor-version":[{"id":7043,"href":"https:\/\/www.vet.una.py\/index.php?rest_route=\/wp\/v2\/pages\/1311\/revisions\/7043"}],"wp:featuredmedia":[{"embeddable":true,"href":"https:\/\/www.vet.una.py\/index.php?rest_route=\/wp\/v2\/media\/1398"}],"wp:attachment":[{"href":"https:\/\/www.vet.una.py\/index.php?rest_route=%2Fwp%2Fv2%2Fmedia&parent=1311"}],"curies":[{"name":"wp","href":"https:\/\/api.w.org\/{rel}","templated":true}]}}